{"id":988801,"date":"2025-11-20T20:18:47","date_gmt":"2025-11-20T20:18:47","guid":{"rendered":"https:\/\/onyxcenterdev.wpenginepowered.com\/transparenzgesetz\/"},"modified":"2025-12-04T20:30:05","modified_gmt":"2025-12-04T20:30:05","slug":"transparenzgesetz","status":"publish","type":"page","link":"https:\/\/onyxcentersource.com\/de\/transparenzgesetz\/","title":{"rendered":"Transparenzgesetz"},"content":{"rendered":"\t\t<div data-elementor-type=\"wp-page\" data-elementor-id=\"988801\" class=\"elementor elementor-988801 elementor-988121\" data-elementor-post-type=\"page\">\n\t\t\t\t<div class=\"elementor-element elementor-element-1d9a684 e-flex e-con-boxed e-con e-parent\" data-id=\"1d9a684\" data-element_type=\"container\">\n\t\t\t\t\t<div class=\"e-con-inner\">\n\t\t<div class=\"elementor-element elementor-element-89eb5db e-flex e-con-boxed e-con e-child\" data-id=\"89eb5db\" data-element_type=\"container\" data-settings=\"{&quot;background_background&quot;:&quot;gradient&quot;}\">\n\t\t\t\t\t<div class=\"e-con-inner\">\n\t\t<div class=\"elementor-element elementor-element-2dc0cf7 e-flex e-con-boxed e-con e-child\" data-id=\"2dc0cf7\" data-element_type=\"container\">\n\t\t\t\t\t<div class=\"e-con-inner\">\n\t\t<div class=\"elementor-element elementor-element-d02b08e e-con-full e-flex e-con e-child\" data-id=\"d02b08e\" data-element_type=\"container\">\n\t\t\t\t<div class=\"elementor-element elementor-element-df28f64 elementor-widget elementor-widget-heading\" data-id=\"df28f64\" data-element_type=\"widget\" data-widget_type=\"heading.default\">\n\t\t\t\t<div class=\"elementor-widget-container\">\n\t\t\t\t\t<span class=\"elementor-heading-title elementor-size-default\">Transparenzgesetz<\/span>\t\t\t\t<\/div>\n\t\t\t\t<\/div>\n\t\t\t\t<div class=\"elementor-element elementor-element-05ac261 elementor-widget elementor-widget-heading\" data-id=\"05ac261\" data-element_type=\"widget\" data-widget_type=\"heading.default\">\n\t\t\t\t<div class=\"elementor-widget-container\">\n\t\t\t\t\t<h1 class=\"elementor-heading-title elementor-size-default\">Transparenzgesetz<\/h1>\t\t\t\t<\/div>\n\t\t\t\t<\/div>\n\t\t\t\t<\/div>\n\t\t<div class=\"elementor-element elementor-element-ec7541a e-flex e-con-boxed e-con e-child\" data-id=\"ec7541a\" data-element_type=\"container\">\n\t\t\t\t\t<div class=\"e-con-inner\">\n\t\t\t\t<div class=\"elementor-element elementor-element-4ce2cc4 elementor-widget elementor-widget-heading\" data-id=\"4ce2cc4\" data-element_type=\"widget\" data-widget_type=\"heading.default\">\n\t\t\t\t<div class=\"elementor-widget-container\">\n\t\t\t\t\t<h2 class=\"elementor-heading-title elementor-size-default\">EINLEITUNG<\/h2>\t\t\t\t<\/div>\n\t\t\t\t<\/div>\n\t\t\t\t<div class=\"elementor-element elementor-element-9aca551 elementor-widget elementor-widget-text-editor\" data-id=\"9aca551\" data-element_type=\"widget\" data-widget_type=\"text-editor.default\">\n\t\t\t\t<div class=\"elementor-widget-container\">\n\t\t\t\t\t\t\t\t\t<p>Das Gesetz \u00fcber die Transparenz von Unternehmen und die Arbeit an grundlegenden Menschenrechten und menschenw\u00fcrdigen Arbeitsbedingungen (das \u201e<strong>Transparenzgesetz\u201c<\/strong>) trat am 1. Juli 2022 in Kraft. Diese Erkl\u00e4rung ist der Bericht von Onyx Norway Holding AS und ihrer Tochtergesellschaft Onyx CenterSource AS (im Folgenden \u201eOnyx\u201c genannt) \u00fcber die Sorgfaltspr\u00fcfungen gem\u00e4\u00df \u00a7 5 des Transparenzgesetzes. <\/p><p>Die Erkl\u00e4rung umfasst die Sorgfaltspr\u00fcfungen, die wir f\u00fcr den Zeitraum vom 1. Juli 2023 bis zum 1. Juni 2024 durchgef\u00fchrt haben.<\/p><p>Die Erkl\u00e4rung wird in englischer Sprache ver\u00f6ffentlicht, vgl. \u00a7 3-4 (3) des Rechnungslegungsgesetzes.<\/p>\t\t\t\t\t\t\t\t<\/div>\n\t\t\t\t<\/div>\n\t\t\t\t<div class=\"elementor-element elementor-element-852a467 elementor-widget elementor-widget-heading\" data-id=\"852a467\" data-element_type=\"widget\" data-widget_type=\"heading.default\">\n\t\t\t\t<div class=\"elementor-widget-container\">\n\t\t\t\t\t<h2 class=\"elementor-heading-title elementor-size-default\">ORGANISATION UND T\u00c4TIGKEITSBEREICH<\/h2>\t\t\t\t<\/div>\n\t\t\t\t<\/div>\n\t\t\t\t<div class=\"elementor-element elementor-element-fd8bd18 elementor-widget elementor-widget-text-editor\" data-id=\"fd8bd18\" data-element_type=\"widget\" data-widget_type=\"text-editor.default\">\n\t\t\t\t<div class=\"elementor-widget-container\">\n\t\t\t\t\t\t\t\t\t<p>Onyx CenterSource AS (OCS) ist der f\u00fchrende Anbieter von Dienstleistungen zur Provisionsabstimmung, der Reiseb\u00fcros in mehreren L\u00e4ndern vertritt.<\/p><p>OCS ist ein professionelles E-Provisionen-Unternehmen, das eine zentrale L\u00f6sung zur Provisionsverfolgung, -abstimmung und -zahlung f\u00fcr Reisemanagementunternehmen, Reiseb\u00fcros, Online-Reiseb\u00fcros und andere Unterkunftsvermittler anbietet. Wird ein Hotelaufenthalt \u00fcber ein Reiseb\u00fcro gebucht, ist es in der Branche \u00fcblich, dass das Reiseb\u00fcro Anspruch auf eine Provision f\u00fcr die Vermittlung hat, basierend auf dem Hotelzimmerumsatz. Die Provision wird nach dem tats\u00e4chlichen Aufenthalt des Gastes im Hotel f\u00e4llig. OCS bietet eine fortschrittliche Softwarel\u00f6sung und Dienstleistungen zur Koordination dieses Prozesses f\u00fcr Reiseb\u00fcros an.   <\/p><p>Die Geschichte von OCS reicht bis in die sp\u00e4ten 1990er Jahre zur\u00fcck, als die Gr\u00fcnder feststellten, dass Reiseb\u00fcros Schwierigkeiten bei der Eintreibung von Provisionen von Hotels hatten. Die Reiseb\u00fcros koordinieren eine gro\u00dfe Anzahl von Hotels in zahlreichen Gerichtsbarkeiten, und der administrative Aufwand f\u00fchrte zu geringeren Provisionseinnahmen. Es gab keine L\u00f6sung, diesen Prozess auf dem Markt zu vereinfachen, und nachdem diese Marktl\u00fccke erkannt wurde, entstand 1999 die Net Trans Services AS.  <\/p><p>Net Trans Services AS expandierte durch die Gr\u00fcndung einer Tochtergesellschaft auf den Philippinen und die Er\u00f6ffnung ihres B\u00fcros in Manila im Jahr 2002. Im September 2014 wurde Net Trans Services AS von Onyx \u00fcbernommen. <\/p><p>Das aus Norwegen angebotene Produkt hei\u00dft RecoverPro, das \u00fcber ein selbst entwickeltes System namens AC (Active Commission) betrieben wird. Dieses Produkt hilft Reiseb\u00fcros, die ihnen von Hotels zustehenden Provisionen abzugleichen. <\/p>\t\t\t\t\t\t\t\t<\/div>\n\t\t\t\t<\/div>\n\t\t\t\t<div class=\"elementor-element elementor-element-7a264fd elementor-widget elementor-widget-heading\" data-id=\"7a264fd\" data-element_type=\"widget\" data-widget_type=\"heading.default\">\n\t\t\t\t<div class=\"elementor-widget-container\">\n\t\t\t\t\t<h2 class=\"elementor-heading-title elementor-size-default\">RICHTLINIEN UND ROUTINEN<\/h2>\t\t\t\t<\/div>\n\t\t\t\t<\/div>\n\t\t\t\t<div class=\"elementor-element elementor-element-1929719 elementor-widget elementor-widget-text-editor\" data-id=\"1929719\" data-element_type=\"widget\" data-widget_type=\"text-editor.default\">\n\t\t\t\t<div class=\"elementor-widget-container\">\n\t\t\t\t\t\t\t\t\t<p>Onyx verf\u00fcgt seit mehreren Jahren \u00fcber einen Verhaltenskodex, der f\u00fcr Mitarbeiter in unserem Intranet gilt. Onyx CenterSource steht f\u00fcr Ehrlichkeit, offene Kommunikation, Fairness und Vertrauensw\u00fcrdigkeit. Diese hohen Gesch\u00e4ftsstandards sind Teil unseres Leitprinzips und dienen als Grundlage f\u00fcr unseren Verhaltenskodex. Der Verhaltenskodex und das Mitarbeiterhandbuch, in dem unsere grundlegenden Besch\u00e4ftigungsverfahren, -richtlinien und -praktiken beschrieben sind, wurden allen zug\u00e4nglich gemacht.   <\/p><p>Alle Mitarbeiter sind verpflichtet, sich mit diesen Dokumenten vertraut zu machen und die Best\u00e4tigungserkl\u00e4rung zu unterzeichnen und an die Personalabteilung zur\u00fcckzusenden.<\/p>\t\t\t\t\t\t\t\t<\/div>\n\t\t\t\t<\/div>\n\t\t\t\t<div class=\"elementor-element elementor-element-70285e8 elementor-widget elementor-widget-heading\" data-id=\"70285e8\" data-element_type=\"widget\" data-widget_type=\"heading.default\">\n\t\t\t\t<div class=\"elementor-widget-container\">\n\t\t\t\t\t<h2 class=\"elementor-heading-title elementor-size-default\">DIE SORGFLALTSPR\u00dcFUNGEN<\/h2>\t\t\t\t<\/div>\n\t\t\t\t<\/div>\n\t\t\t\t<div class=\"elementor-element elementor-element-f1de8da elementor-widget elementor-widget-text-editor\" data-id=\"f1de8da\" data-element_type=\"widget\" data-widget_type=\"text-editor.default\">\n\t\t\t\t<div class=\"elementor-widget-container\">\n\t\t\t\t\t\t\t\t\t<ul><li>Unsere Sorgfaltspr\u00fcfung begann mit einer umfassenden Analyse und Informationssammlung f\u00fcr unser Gesch\u00e4ft, unsere Lieferanten und Gesch\u00e4ftspartner. Ziel war es, die Bereiche zu identifizieren, die das h\u00f6chste Risiko negativer Auswirkungen auf grundlegende Menschenrechte und menschenw\u00fcrdige Arbeitsbedingungen bergen. <br><br><\/li><li>Wir erhielten eine vollst\u00e4ndige Liste von Lieferanten und Gesch\u00e4ftspartnern (im Folgenden zusammenfassend \u201e<strong>Lieferanten<\/strong>\u201c) w\u00e4hrend des relevanten Zeitraums. Diese \u00dcbersicht wurde durch die Beschaffung von Listen der Lieferanten erstellt, an die wir w\u00e4hrend des Zeitraums Zahlungen geleistet haben.<br><br><\/li><li>Nachdem die Gesamtzahl der Lieferanten ermittelt worden war, wurde eine Bewertung vorgenommen, welche Lieferanten in der weiteren Kartierung nachverfolgt werden sollten.<br><br><\/li><li>Die Lieferantenliste wurde dann nach Kriterien wie der H\u00f6he der Zahlungen von uns, Branche (Gruppe und Produktkategorie), Geografie (Produktionsort und Herkunftsort), ob der Lieferant selbst unter das Transparenzgesetz f\u00e4llt, ob der Lieferant individuell war (Einmalk\u00e4ufe und Lieferanten, zu denen wir keine Beziehung mehr unterhalten, wurden entfernt) weiter eingeschr\u00e4nkt.<br><br><\/li><li>Ziel der Einschr\u00e4nkung war es, einen Ausgangspunkt f\u00fcr die weitere Kartierung zu schaffen. Bei der weiteren Kartierung haben wir zun\u00e4chst \u00f6ffentlich zug\u00e4ngliche Informationen \u00fcber das Risiko von Verletzungen grundlegender Menschenrechte und menschenw\u00fcrdiger Arbeitsbedingungen im Zusammenhang mit der Geografie und Branche der relevanten Lieferanten gepr\u00fcft. <br><br><\/li><li>Wir stellten fest, dass die Lieferanten, mit sehr wenigen Ausnahmen, gro\u00dfe Unternehmen sind. Die Mehrheit dieser Lieferanten unterliegt ebenfalls dem Transparenzgesetz oder verf\u00fcgt \u00fcber eigene Richtlinien, die Nachhaltigkeit, Vielfalt, Ethik usw. widerspiegeln. <br><br><\/li><li>Wir haben in unseren Sorgfaltspr\u00fcfungen im Jahr 2024 keine tats\u00e4chlichen negativen Auswirkungen oder wesentlichen Risiken negativer Auswirkungen durch unsere Sorgfaltspr\u00fcfung festgestellt. Wir haben daher keine konkreten Ma\u00dfnahmen ergriffen, um relevante negative Auswirkungen oder erhebliche Risiken negativer Auswirkungen zu stoppen, die das Unternehmen durch seine Sorgfaltspr\u00fcfungen aufgedeckt hat.<\/li><\/ul><div> <\/div><div> <\/div>\t\t\t\t\t\t\t\t<\/div>\n\t\t\t\t<\/div>\n\t\t\t\t<div class=\"elementor-element elementor-element-d29af46 elementor-widget elementor-widget-text-editor\" data-id=\"d29af46\" data-element_type=\"widget\" data-widget_type=\"text-editor.default\">\n\t\t\t\t<div class=\"elementor-widget-container\">\n\t\t\t\t\t\t\t\t\t<p>Genehmigt vom Verwaltungsrat der Onyx CenterSource AS am 17. Juni 2024<\/p>\t\t\t\t\t\t\t\t<\/div>\n\t\t\t\t<\/div>\n\t\t\t\t\t<\/div>\n\t\t\t\t<\/div>\n\t\t\t\t\t<\/div>\n\t\t\t\t<\/div>\n\t\t\t\t\t<\/div>\n\t\t\t\t<\/div>\n\t\t\t\t\t<\/div>\n\t\t\t\t<\/div>\n\t\t\t\t<\/div>\n\t\t","protected":false},"excerpt":{"rendered":"<p>Transparenzgesetz Transparenzgesetz EINLEITUNG Das Gesetz \u00fcber die Transparenz von Unternehmen und die Arbeit an grundlegenden Menschenrechten und menschenw\u00fcrdigen Arbeitsbedingungen (das \u201eTransparenzgesetz\u201c) trat am 1. Juli 2022 in Kraft. Diese Erkl\u00e4rung ist der Bericht von Onyx Norway Holding AS und ihrer Tochtergesellschaft Onyx CenterSource AS (im Folgenden \u201eOnyx\u201c genannt) \u00fcber die Sorgfaltspr\u00fcfungen gem\u00e4\u00df \u00a7 5 des&#8230;<\/p>\n","protected":false},"author":2,"featured_media":0,"parent":0,"menu_order":0,"comment_status":"closed","ping_status":"closed","template":"","meta":{"_acf_changed":false,"footnotes":""},"class_list":["post-988801","page","type-page","status-publish","hentry"],"acf":[],"yoast_head":"<!-- This site is optimized with the Yoast SEO Premium plugin v26.5 (Yoast SEO v27.0) - https:\/\/yoast.com\/product\/yoast-seo-premium-wordpress\/ -->\n<title>Transparenzgesetz - Onyx CenterSource\u2122<\/title>\n<meta name=\"robots\" content=\"index, follow, max-snippet:-1, max-image-preview:large, max-video-preview:-1\" \/>\n<link rel=\"canonical\" href=\"https:\/\/onyxcentersource.com\/de\/transparenzgesetz\/\" \/>\n<meta property=\"og:locale\" content=\"de_DE\" \/>\n<meta property=\"og:type\" content=\"article\" \/>\n<meta property=\"og:title\" content=\"Transparenzgesetz\" \/>\n<meta property=\"og:description\" content=\"Transparenzgesetz Transparenzgesetz EINLEITUNG Das Gesetz \u00fcber die Transparenz von Unternehmen und die Arbeit an grundlegenden Menschenrechten und menschenw\u00fcrdigen Arbeitsbedingungen (das \u201eTransparenzgesetz\u201c) trat am 1. Juli 2022 in Kraft. Diese Erkl\u00e4rung ist der Bericht von Onyx Norway Holding AS und ihrer Tochtergesellschaft Onyx CenterSource AS (im Folgenden \u201eOnyx\u201c genannt) \u00fcber die Sorgfaltspr\u00fcfungen gem\u00e4\u00df \u00a7 5 des...\" \/>\n<meta property=\"og:url\" content=\"https:\/\/onyxcentersource.com\/de\/transparenzgesetz\/\" \/>\n<meta property=\"og:site_name\" content=\"Onyx CenterSource\u2122\" \/>\n<meta property=\"article:modified_time\" content=\"2025-12-04T20:30:05+00:00\" \/>\n<meta name=\"twitter:card\" content=\"summary_large_image\" \/>\n<meta name=\"twitter:label1\" content=\"Gesch\u00e4tzte Lesezeit\" \/>\n\t<meta name=\"twitter:data1\" content=\"4\u00a0Minuten\" \/>\n<script type=\"application\/ld+json\" class=\"yoast-schema-graph\">{\"@context\":\"https:\/\/schema.org\",\"@graph\":[{\"@type\":\"WebPage\",\"@id\":\"https:\/\/onyxcentersource.com\/de\/transparenzgesetz\/\",\"url\":\"https:\/\/onyxcentersource.com\/de\/transparenzgesetz\/\",\"name\":\"Transparenzgesetz - Onyx CenterSource\u2122\",\"isPartOf\":{\"@id\":\"https:\/\/onyxcentersource.com\/de\/#website\"},\"datePublished\":\"2025-11-20T20:18:47+00:00\",\"dateModified\":\"2025-12-04T20:30:05+00:00\",\"breadcrumb\":{\"@id\":\"https:\/\/onyxcentersource.com\/de\/transparenzgesetz\/#breadcrumb\"},\"inLanguage\":\"de\",\"potentialAction\":[{\"@type\":\"ReadAction\",\"target\":[\"https:\/\/onyxcentersource.com\/de\/transparenzgesetz\/\"]}]},{\"@type\":\"BreadcrumbList\",\"@id\":\"https:\/\/onyxcentersource.com\/de\/transparenzgesetz\/#breadcrumb\",\"itemListElement\":[{\"@type\":\"ListItem\",\"position\":1,\"name\":\"Home\",\"item\":\"https:\/\/onyxcentersource.com\/de\/startseite\/\"},{\"@type\":\"ListItem\",\"position\":2,\"name\":\"Transparenzgesetz\"}]},{\"@type\":\"WebSite\",\"@id\":\"https:\/\/onyxcentersource.com\/de\/#website\",\"url\":\"https:\/\/onyxcentersource.com\/de\/\",\"name\":\"Onyx CenterSource\u2122\",\"description\":\"\",\"publisher\":{\"@id\":\"https:\/\/onyxcentersource.com\/de\/#organization\"},\"potentialAction\":[{\"@type\":\"SearchAction\",\"target\":{\"@type\":\"EntryPoint\",\"urlTemplate\":\"https:\/\/onyxcentersource.com\/de\/?s={search_term_string}\"},\"query-input\":{\"@type\":\"PropertyValueSpecification\",\"valueRequired\":true,\"valueName\":\"search_term_string\"}}],\"inLanguage\":\"de\"},{\"@type\":\"Organization\",\"@id\":\"https:\/\/onyxcentersource.com\/de\/#organization\",\"name\":\"Onyx CenterSource\u2122\",\"url\":\"https:\/\/onyxcentersource.com\/de\/\",\"logo\":{\"@type\":\"ImageObject\",\"inLanguage\":\"de\",\"@id\":\"https:\/\/onyxcentersource.com\/de\/#\/schema\/logo\/image\/\",\"url\":\"https:\/\/onyxcentersource.com\/wp-content\/uploads\/2025\/12\/Onyx-Logo-Horizontal-scaled-e1765564060227.png\",\"contentUrl\":\"https:\/\/onyxcentersource.com\/wp-content\/uploads\/2025\/12\/Onyx-Logo-Horizontal-scaled-e1765564060227.png\",\"width\":370,\"height\":115,\"caption\":\"Onyx CenterSource\u2122\"},\"image\":{\"@id\":\"https:\/\/onyxcentersource.com\/de\/#\/schema\/logo\/image\/\"}}]}<\/script>\n<!-- \/ Yoast SEO Premium plugin. -->","yoast_head_json":{"title":"Transparenzgesetz - Onyx CenterSource\u2122","robots":{"index":"index","follow":"follow","max-snippet":"max-snippet:-1","max-image-preview":"max-image-preview:large","max-video-preview":"max-video-preview:-1"},"canonical":"https:\/\/onyxcentersource.com\/de\/transparenzgesetz\/","og_locale":"de_DE","og_type":"article","og_title":"Transparenzgesetz","og_description":"Transparenzgesetz Transparenzgesetz EINLEITUNG Das Gesetz \u00fcber die Transparenz von Unternehmen und die Arbeit an grundlegenden Menschenrechten und menschenw\u00fcrdigen Arbeitsbedingungen (das \u201eTransparenzgesetz\u201c) trat am 1. Juli 2022 in Kraft. Diese Erkl\u00e4rung ist der Bericht von Onyx Norway Holding AS und ihrer Tochtergesellschaft Onyx CenterSource AS (im Folgenden \u201eOnyx\u201c genannt) \u00fcber die Sorgfaltspr\u00fcfungen gem\u00e4\u00df \u00a7 5 des...","og_url":"https:\/\/onyxcentersource.com\/de\/transparenzgesetz\/","og_site_name":"Onyx CenterSource\u2122","article_modified_time":"2025-12-04T20:30:05+00:00","twitter_card":"summary_large_image","twitter_misc":{"Gesch\u00e4tzte Lesezeit":"4\u00a0Minuten"},"schema":{"@context":"https:\/\/schema.org","@graph":[{"@type":"WebPage","@id":"https:\/\/onyxcentersource.com\/de\/transparenzgesetz\/","url":"https:\/\/onyxcentersource.com\/de\/transparenzgesetz\/","name":"Transparenzgesetz - Onyx CenterSource\u2122","isPartOf":{"@id":"https:\/\/onyxcentersource.com\/de\/#website"},"datePublished":"2025-11-20T20:18:47+00:00","dateModified":"2025-12-04T20:30:05+00:00","breadcrumb":{"@id":"https:\/\/onyxcentersource.com\/de\/transparenzgesetz\/#breadcrumb"},"inLanguage":"de","potentialAction":[{"@type":"ReadAction","target":["https:\/\/onyxcentersource.com\/de\/transparenzgesetz\/"]}]},{"@type":"BreadcrumbList","@id":"https:\/\/onyxcentersource.com\/de\/transparenzgesetz\/#breadcrumb","itemListElement":[{"@type":"ListItem","position":1,"name":"Home","item":"https:\/\/onyxcentersource.com\/de\/startseite\/"},{"@type":"ListItem","position":2,"name":"Transparenzgesetz"}]},{"@type":"WebSite","@id":"https:\/\/onyxcentersource.com\/de\/#website","url":"https:\/\/onyxcentersource.com\/de\/","name":"Onyx CenterSource\u2122","description":"","publisher":{"@id":"https:\/\/onyxcentersource.com\/de\/#organization"},"potentialAction":[{"@type":"SearchAction","target":{"@type":"EntryPoint","urlTemplate":"https:\/\/onyxcentersource.com\/de\/?s={search_term_string}"},"query-input":{"@type":"PropertyValueSpecification","valueRequired":true,"valueName":"search_term_string"}}],"inLanguage":"de"},{"@type":"Organization","@id":"https:\/\/onyxcentersource.com\/de\/#organization","name":"Onyx CenterSource\u2122","url":"https:\/\/onyxcentersource.com\/de\/","logo":{"@type":"ImageObject","inLanguage":"de","@id":"https:\/\/onyxcentersource.com\/de\/#\/schema\/logo\/image\/","url":"https:\/\/onyxcentersource.com\/wp-content\/uploads\/2025\/12\/Onyx-Logo-Horizontal-scaled-e1765564060227.png","contentUrl":"https:\/\/onyxcentersource.com\/wp-content\/uploads\/2025\/12\/Onyx-Logo-Horizontal-scaled-e1765564060227.png","width":370,"height":115,"caption":"Onyx CenterSource\u2122"},"image":{"@id":"https:\/\/onyxcentersource.com\/de\/#\/schema\/logo\/image\/"}}]}},"featured_image_src":null,"featured_image_src_square":null,"_links":{"self":[{"href":"https:\/\/onyxcentersource.com\/de\/wp-json\/wp\/v2\/pages\/988801","targetHints":{"allow":["GET"]}}],"collection":[{"href":"https:\/\/onyxcentersource.com\/de\/wp-json\/wp\/v2\/pages"}],"about":[{"href":"https:\/\/onyxcentersource.com\/de\/wp-json\/wp\/v2\/types\/page"}],"author":[{"embeddable":true,"href":"https:\/\/onyxcentersource.com\/de\/wp-json\/wp\/v2\/users\/2"}],"replies":[{"embeddable":true,"href":"https:\/\/onyxcentersource.com\/de\/wp-json\/wp\/v2\/comments?post=988801"}],"version-history":[{"count":0,"href":"https:\/\/onyxcentersource.com\/de\/wp-json\/wp\/v2\/pages\/988801\/revisions"}],"wp:attachment":[{"href":"https:\/\/onyxcentersource.com\/de\/wp-json\/wp\/v2\/media?parent=988801"}],"curies":[{"name":"wp","href":"https:\/\/api.w.org\/{rel}","templated":true}]}}