{"id":988821,"date":"2025-11-20T20:18:31","date_gmt":"2025-11-20T20:18:31","guid":{"rendered":"https:\/\/onyxcenterdev.wpenginepowered.com\/hinweisgeberinformationen\/"},"modified":"2025-12-04T20:26:04","modified_gmt":"2025-12-04T20:26:04","slug":"hinweisgeberinformationen","status":"publish","type":"page","link":"https:\/\/onyxcentersource.com\/de\/hinweisgeberinformationen\/","title":{"rendered":"Hinweisgeberinformationen"},"content":{"rendered":"\t\t<div data-elementor-type=\"wp-page\" data-elementor-id=\"988821\" class=\"elementor elementor-988821 elementor-988118\" data-elementor-post-type=\"page\">\n\t\t\t\t<div class=\"elementor-element elementor-element-1d9a684 e-flex e-con-boxed e-con e-parent\" data-id=\"1d9a684\" data-element_type=\"container\">\n\t\t\t\t\t<div class=\"e-con-inner\">\n\t\t<div class=\"elementor-element elementor-element-89eb5db e-flex e-con-boxed e-con e-child\" data-id=\"89eb5db\" data-element_type=\"container\" data-settings=\"{&quot;background_background&quot;:&quot;gradient&quot;}\">\n\t\t\t\t\t<div class=\"e-con-inner\">\n\t\t<div class=\"elementor-element elementor-element-2dc0cf7 e-flex e-con-boxed e-con e-child\" data-id=\"2dc0cf7\" data-element_type=\"container\">\n\t\t\t\t\t<div class=\"e-con-inner\">\n\t\t<div class=\"elementor-element elementor-element-d02b08e e-con-full e-flex e-con e-child\" data-id=\"d02b08e\" data-element_type=\"container\">\n\t\t\t\t<div class=\"elementor-element elementor-element-df28f64 elementor-widget elementor-widget-heading\" data-id=\"df28f64\" data-element_type=\"widget\" data-widget_type=\"heading.default\">\n\t\t\t\t<div class=\"elementor-widget-container\">\n\t\t\t\t\t<span class=\"elementor-heading-title elementor-size-default\">Hinweisgeberinformationen<\/span>\t\t\t\t<\/div>\n\t\t\t\t<\/div>\n\t\t\t\t<div class=\"elementor-element elementor-element-05ac261 elementor-widget elementor-widget-heading\" data-id=\"05ac261\" data-element_type=\"widget\" data-widget_type=\"heading.default\">\n\t\t\t\t<div class=\"elementor-widget-container\">\n\t\t\t\t\t<h1 class=\"elementor-heading-title elementor-size-default\">Hinweisgeberinformationen<\/h1>\t\t\t\t<\/div>\n\t\t\t\t<\/div>\n\t\t\t\t<\/div>\n\t\t<div class=\"elementor-element elementor-element-ec7541a e-flex e-con-boxed e-con e-child\" data-id=\"ec7541a\" data-element_type=\"container\">\n\t\t\t\t\t<div class=\"e-con-inner\">\n\t\t\t\t<div class=\"elementor-element elementor-element-9aca551 elementor-widget elementor-widget-text-editor\" data-id=\"9aca551\" data-element_type=\"widget\" data-widget_type=\"text-editor.default\">\n\t\t\t\t<div class=\"elementor-widget-container\">\n\t\t\t\t\t\t\t\t\t<p><em>Der Datenverantwortliche ist PEGASUS BUSINESS INTELLIGENCE LP, dba Onyx CenterSource und seine verbundenen Unternehmen (\u201eOnyx\u201c). Die Daten werden verarbeitet, um Ihre Kommunikation zu verwalten und die gemeldeten Fakten zu untersuchen. Unter den gesetzlichen Bedingungen haben Sie das Recht auf Zugang, Berichtigung und L\u00f6schung der Daten, auf Einschr\u00e4nkung ihrer Verarbeitung, auf Widerspruch dagegen und auf ihre \u00dcbertragbarkeit. Weitere Informationen zur Verarbeitung Ihrer personenbezogenen Daten finden Sie in der Datenschutzrichtlinie des Internen Informationskanals.<\/em><br><em><\/em><br><em>Um einen Vorfall zu melden, gehen Sie bitte zu <\/em><em><a class=\"c-link\" href=\"http:\/\/www.lighthouse-services.com\/onyxcentersource\" target=\"_blank\" rel=\"noopener noreferrer\" data-stringify-link=\"http:\/\/www.lighthouse-services.com\/onyxcentersource\" data-sk=\"tooltip_parent\">Syntrio Anonymous Reporting<\/a><\/em><em> oder rufen Sie die nationalen und internationalen 24\/7\/365 Melde-Hotlines unter Verwendung der folgenden Anweisungen an:<\/em><\/p>\n<p>1. Stellen Sie sicher, dass Sie eine Amtsleitung haben.<\/p>\n<p>2. Geben Sie den <a href=\"https:\/\/www.business.att.com\/collateral\/access.html\">Zugangscode<\/a> f\u00fcr das Land und\/oder das Telefonsystem ein, von dem aus Sie anrufen. Sie h\u00f6ren dann ein \u201eBong\u201c. <\/p>\n<p>3. Eine englischsprachige Sprachansage fragt nach der Nummer, die Sie anrufen.<\/p>\n<p>4. Geben Sie unsere geb\u00fchrenfreie Nummer ein: 800-603-2869. Es ist nicht erforderlich, eine \u201e1\u201c vor der geb\u00fchrenfreien Nummer zu w\u00e4hlen. <\/p>\n<p>5. Sie sind jetzt mit der Hotline verbunden.<\/p>\n<p>6. Eine Lighthouse-Begr\u00fc\u00dfung wird in <a href=\"https:\/\/www.lighthouse-services.com\/documentlink\/Automated%20in-language%20greetings%2010-31-2019.pdf\">mehreren Sprachen<\/a> abgespielt. W\u00e4hlen Sie aus den vorab aufgezeichneten Sprachansagen oder dr\u00fccken Sie 000 und teilen Sie dem englischen Operator die Sprache mit, die Sie sprechen (vorzugsweise auf Englisch). Ein Dolmetscher wird dann in 2-3 Minuten dem Anruf beitreten. Der Lighthouse-Operator wird Sie mit Unterst\u00fctzung des Dolmetschers befragen.   <\/p>\t\t\t\t\t\t\t\t<\/div>\n\t\t\t\t<\/div>\n\t\t\t\t\t<\/div>\n\t\t\t\t<\/div>\n\t\t\t\t\t<\/div>\n\t\t\t\t<\/div>\n\t\t\t\t\t<\/div>\n\t\t\t\t<\/div>\n\t\t\t\t\t<\/div>\n\t\t\t\t<\/div>\n\t\t\t\t<\/div>\n\t\t","protected":false},"excerpt":{"rendered":"<p>Hinweisgeberinformationen Hinweisgeberinformationen Der Datenverantwortliche ist PEGASUS BUSINESS INTELLIGENCE LP, dba Onyx CenterSource und seine verbundenen Unternehmen (\u201eOnyx\u201c). Die Daten werden verarbeitet, um Ihre Kommunikation zu verwalten und die gemeldeten Fakten zu untersuchen. Unter den gesetzlichen Bedingungen haben Sie das Recht auf Zugang, Berichtigung und L\u00f6schung der Daten, auf Einschr\u00e4nkung ihrer Verarbeitung, auf Widerspruch dagegen und&#8230;<\/p>\n","protected":false},"author":2,"featured_media":0,"parent":0,"menu_order":0,"comment_status":"closed","ping_status":"closed","template":"","meta":{"_acf_changed":false,"_relevanssi_hide_post":"","_relevanssi_hide_content":"","_relevanssi_pin_for_all":"","_relevanssi_pin_keywords":"","_relevanssi_unpin_keywords":"","_relevanssi_related_keywords":"","_relevanssi_related_include_ids":"","_relevanssi_related_exclude_ids":"","_relevanssi_related_no_append":"","_relevanssi_related_not_related":"","_relevanssi_related_posts":"","_relevanssi_noindex_reason":"","footnotes":""},"class_list":["post-988821","page","type-page","status-publish","hentry"],"acf":[],"yoast_head":"<!-- This site is optimized with the Yoast SEO Premium plugin v26.5 (Yoast SEO v27.4) - https:\/\/yoast.com\/product\/yoast-seo-premium-wordpress\/ -->\n<title>Hinweisgeberinformationen - Onyx CenterSource\u2122<\/title>\n<meta name=\"robots\" content=\"index, follow, max-snippet:-1, max-image-preview:large, max-video-preview:-1\" \/>\n<link rel=\"canonical\" href=\"https:\/\/onyxcentersource.com\/de\/hinweisgeberinformationen\/\" \/>\n<meta property=\"og:locale\" content=\"de_DE\" \/>\n<meta property=\"og:type\" content=\"article\" \/>\n<meta property=\"og:title\" content=\"Hinweisgeberinformationen\" \/>\n<meta property=\"og:description\" content=\"Hinweisgeberinformationen Hinweisgeberinformationen Der Datenverantwortliche ist PEGASUS BUSINESS INTELLIGENCE LP, dba Onyx CenterSource und seine verbundenen Unternehmen (\u201eOnyx\u201c). Die Daten werden verarbeitet, um Ihre Kommunikation zu verwalten und die gemeldeten Fakten zu untersuchen. Unter den gesetzlichen Bedingungen haben Sie das Recht auf Zugang, Berichtigung und L\u00f6schung der Daten, auf Einschr\u00e4nkung ihrer Verarbeitung, auf Widerspruch dagegen und...\" \/>\n<meta property=\"og:url\" content=\"https:\/\/onyxcentersource.com\/de\/hinweisgeberinformationen\/\" \/>\n<meta property=\"og:site_name\" content=\"Onyx CenterSource\u2122\" \/>\n<meta property=\"article:modified_time\" content=\"2025-12-04T20:26:04+00:00\" \/>\n<meta name=\"twitter:card\" content=\"summary_large_image\" \/>\n<meta name=\"twitter:label1\" content=\"Gesch\u00e4tzte Lesezeit\" \/>\n\t<meta name=\"twitter:data1\" content=\"1\u00a0Minute\" \/>\n<script type=\"application\/ld+json\" class=\"yoast-schema-graph\">{\"@context\":\"https:\\\/\\\/schema.org\",\"@graph\":[{\"@type\":\"WebPage\",\"@id\":\"https:\\\/\\\/onyxcentersource.com\\\/de\\\/hinweisgeberinformationen\\\/\",\"url\":\"https:\\\/\\\/onyxcentersource.com\\\/de\\\/hinweisgeberinformationen\\\/\",\"name\":\"Hinweisgeberinformationen - Onyx CenterSource\u2122\",\"isPartOf\":{\"@id\":\"https:\\\/\\\/onyxcentersource.com\\\/de\\\/#website\"},\"datePublished\":\"2025-11-20T20:18:31+00:00\",\"dateModified\":\"2025-12-04T20:26:04+00:00\",\"breadcrumb\":{\"@id\":\"https:\\\/\\\/onyxcentersource.com\\\/de\\\/hinweisgeberinformationen\\\/#breadcrumb\"},\"inLanguage\":\"de\",\"potentialAction\":[{\"@type\":\"ReadAction\",\"target\":[\"https:\\\/\\\/onyxcentersource.com\\\/de\\\/hinweisgeberinformationen\\\/\"]}]},{\"@type\":\"BreadcrumbList\",\"@id\":\"https:\\\/\\\/onyxcentersource.com\\\/de\\\/hinweisgeberinformationen\\\/#breadcrumb\",\"itemListElement\":[{\"@type\":\"ListItem\",\"position\":1,\"name\":\"Home\",\"item\":\"https:\\\/\\\/onyxcentersource.com\\\/de\\\/startseite\\\/\"},{\"@type\":\"ListItem\",\"position\":2,\"name\":\"Hinweisgeberinformationen\"}]},{\"@type\":\"WebSite\",\"@id\":\"https:\\\/\\\/onyxcentersource.com\\\/de\\\/#website\",\"url\":\"https:\\\/\\\/onyxcentersource.com\\\/de\\\/\",\"name\":\"Onyx CenterSource\u2122\",\"description\":\"\",\"publisher\":{\"@id\":\"https:\\\/\\\/onyxcentersource.com\\\/de\\\/#organization\"},\"potentialAction\":[{\"@type\":\"SearchAction\",\"target\":{\"@type\":\"EntryPoint\",\"urlTemplate\":\"https:\\\/\\\/onyxcentersource.com\\\/de\\\/?s={search_term_string}\"},\"query-input\":{\"@type\":\"PropertyValueSpecification\",\"valueRequired\":true,\"valueName\":\"search_term_string\"}}],\"inLanguage\":\"de\"},{\"@type\":\"Organization\",\"@id\":\"https:\\\/\\\/onyxcentersource.com\\\/de\\\/#organization\",\"name\":\"Onyx CenterSource\u2122\",\"url\":\"https:\\\/\\\/onyxcentersource.com\\\/de\\\/\",\"logo\":{\"@type\":\"ImageObject\",\"inLanguage\":\"de\",\"@id\":\"https:\\\/\\\/onyxcentersource.com\\\/de\\\/#\\\/schema\\\/logo\\\/image\\\/\",\"url\":\"https:\\\/\\\/onyxcentersource.com\\\/wp-content\\\/uploads\\\/2025\\\/12\\\/Onyx-Logo-Horizontal-scaled-e1765564060227.png\",\"contentUrl\":\"https:\\\/\\\/onyxcentersource.com\\\/wp-content\\\/uploads\\\/2025\\\/12\\\/Onyx-Logo-Horizontal-scaled-e1765564060227.png\",\"width\":2560,\"height\":983,\"caption\":\"Onyx CenterSource\u2122\"},\"image\":{\"@id\":\"https:\\\/\\\/onyxcentersource.com\\\/de\\\/#\\\/schema\\\/logo\\\/image\\\/\"}}]}<\/script>\n<!-- \/ Yoast SEO Premium plugin. -->","yoast_head_json":{"title":"Hinweisgeberinformationen - Onyx CenterSource\u2122","robots":{"index":"index","follow":"follow","max-snippet":"max-snippet:-1","max-image-preview":"max-image-preview:large","max-video-preview":"max-video-preview:-1"},"canonical":"https:\/\/onyxcentersource.com\/de\/hinweisgeberinformationen\/","og_locale":"de_DE","og_type":"article","og_title":"Hinweisgeberinformationen","og_description":"Hinweisgeberinformationen Hinweisgeberinformationen Der Datenverantwortliche ist PEGASUS BUSINESS INTELLIGENCE LP, dba Onyx CenterSource und seine verbundenen Unternehmen (\u201eOnyx\u201c). Die Daten werden verarbeitet, um Ihre Kommunikation zu verwalten und die gemeldeten Fakten zu untersuchen. Unter den gesetzlichen Bedingungen haben Sie das Recht auf Zugang, Berichtigung und L\u00f6schung der Daten, auf Einschr\u00e4nkung ihrer Verarbeitung, auf Widerspruch dagegen und...","og_url":"https:\/\/onyxcentersource.com\/de\/hinweisgeberinformationen\/","og_site_name":"Onyx CenterSource\u2122","article_modified_time":"2025-12-04T20:26:04+00:00","twitter_card":"summary_large_image","twitter_misc":{"Gesch\u00e4tzte Lesezeit":"1\u00a0Minute"},"schema":{"@context":"https:\/\/schema.org","@graph":[{"@type":"WebPage","@id":"https:\/\/onyxcentersource.com\/de\/hinweisgeberinformationen\/","url":"https:\/\/onyxcentersource.com\/de\/hinweisgeberinformationen\/","name":"Hinweisgeberinformationen - Onyx CenterSource\u2122","isPartOf":{"@id":"https:\/\/onyxcentersource.com\/de\/#website"},"datePublished":"2025-11-20T20:18:31+00:00","dateModified":"2025-12-04T20:26:04+00:00","breadcrumb":{"@id":"https:\/\/onyxcentersource.com\/de\/hinweisgeberinformationen\/#breadcrumb"},"inLanguage":"de","potentialAction":[{"@type":"ReadAction","target":["https:\/\/onyxcentersource.com\/de\/hinweisgeberinformationen\/"]}]},{"@type":"BreadcrumbList","@id":"https:\/\/onyxcentersource.com\/de\/hinweisgeberinformationen\/#breadcrumb","itemListElement":[{"@type":"ListItem","position":1,"name":"Home","item":"https:\/\/onyxcentersource.com\/de\/startseite\/"},{"@type":"ListItem","position":2,"name":"Hinweisgeberinformationen"}]},{"@type":"WebSite","@id":"https:\/\/onyxcentersource.com\/de\/#website","url":"https:\/\/onyxcentersource.com\/de\/","name":"Onyx CenterSource\u2122","description":"","publisher":{"@id":"https:\/\/onyxcentersource.com\/de\/#organization"},"potentialAction":[{"@type":"SearchAction","target":{"@type":"EntryPoint","urlTemplate":"https:\/\/onyxcentersource.com\/de\/?s={search_term_string}"},"query-input":{"@type":"PropertyValueSpecification","valueRequired":true,"valueName":"search_term_string"}}],"inLanguage":"de"},{"@type":"Organization","@id":"https:\/\/onyxcentersource.com\/de\/#organization","name":"Onyx CenterSource\u2122","url":"https:\/\/onyxcentersource.com\/de\/","logo":{"@type":"ImageObject","inLanguage":"de","@id":"https:\/\/onyxcentersource.com\/de\/#\/schema\/logo\/image\/","url":"https:\/\/onyxcentersource.com\/wp-content\/uploads\/2025\/12\/Onyx-Logo-Horizontal-scaled-e1765564060227.png","contentUrl":"https:\/\/onyxcentersource.com\/wp-content\/uploads\/2025\/12\/Onyx-Logo-Horizontal-scaled-e1765564060227.png","width":2560,"height":983,"caption":"Onyx CenterSource\u2122"},"image":{"@id":"https:\/\/onyxcentersource.com\/de\/#\/schema\/logo\/image\/"}}]}},"featured_image_src":null,"featured_image_src_square":null,"_links":{"self":[{"href":"https:\/\/onyxcentersource.com\/de\/wp-json\/wp\/v2\/pages\/988821","targetHints":{"allow":["GET"]}}],"collection":[{"href":"https:\/\/onyxcentersource.com\/de\/wp-json\/wp\/v2\/pages"}],"about":[{"href":"https:\/\/onyxcentersource.com\/de\/wp-json\/wp\/v2\/types\/page"}],"author":[{"embeddable":true,"href":"https:\/\/onyxcentersource.com\/de\/wp-json\/wp\/v2\/users\/2"}],"replies":[{"embeddable":true,"href":"https:\/\/onyxcentersource.com\/de\/wp-json\/wp\/v2\/comments?post=988821"}],"version-history":[{"count":0,"href":"https:\/\/onyxcentersource.com\/de\/wp-json\/wp\/v2\/pages\/988821\/revisions"}],"wp:attachment":[{"href":"https:\/\/onyxcentersource.com\/de\/wp-json\/wp\/v2\/media?parent=988821"}],"curies":[{"name":"wp","href":"https:\/\/api.w.org\/{rel}","templated":true}]}}