{"id":988834,"date":"2025-11-19T20:16:22","date_gmt":"2025-11-19T20:16:22","guid":{"rendered":"https:\/\/onyxcenterdev.wpenginepowered.com\/rechtliche-hinweise\/"},"modified":"2025-12-09T22:08:46","modified_gmt":"2025-12-09T22:08:46","slug":"rechtliche-hinweise","status":"publish","type":"page","link":"https:\/\/onyxcentersource.com\/de\/rechtliche-hinweise\/","title":{"rendered":"Rechtliche Hinweise"},"content":{"rendered":"\t\t<div data-elementor-type=\"wp-page\" data-elementor-id=\"988834\" class=\"elementor elementor-988834 elementor-988116\" data-elementor-post-type=\"page\">\n\t\t\t\t<div class=\"elementor-element elementor-element-1d9a684 e-flex e-con-boxed e-con e-parent\" data-id=\"1d9a684\" data-element_type=\"container\">\n\t\t\t\t\t<div class=\"e-con-inner\">\n\t\t<div class=\"elementor-element elementor-element-89eb5db e-flex e-con-boxed e-con e-child\" data-id=\"89eb5db\" data-element_type=\"container\" data-settings=\"{&quot;background_background&quot;:&quot;gradient&quot;}\">\n\t\t\t\t\t<div class=\"e-con-inner\">\n\t\t<div class=\"elementor-element elementor-element-2dc0cf7 e-flex e-con-boxed e-con e-child\" data-id=\"2dc0cf7\" data-element_type=\"container\">\n\t\t\t\t\t<div class=\"e-con-inner\">\n\t\t<div class=\"elementor-element elementor-element-d02b08e e-con-full e-flex e-con e-child\" data-id=\"d02b08e\" data-element_type=\"container\">\n\t\t\t\t<div class=\"elementor-element elementor-element-df28f64 elementor-widget elementor-widget-heading\" data-id=\"df28f64\" data-element_type=\"widget\" data-widget_type=\"heading.default\">\n\t\t\t\t<div class=\"elementor-widget-container\">\n\t\t\t\t\t<span class=\"elementor-heading-title elementor-size-default\">Rechtliche Hinweise<\/span>\t\t\t\t<\/div>\n\t\t\t\t<\/div>\n\t\t\t\t<div class=\"elementor-element elementor-element-05ac261 elementor-widget elementor-widget-heading\" data-id=\"05ac261\" data-element_type=\"widget\" data-widget_type=\"heading.default\">\n\t\t\t\t<div class=\"elementor-widget-container\">\n\t\t\t\t\t<h1 class=\"elementor-heading-title elementor-size-default\">Rechtliche Hinweise<\/h1>\t\t\t\t<\/div>\n\t\t\t\t<\/div>\n\t\t\t\t<\/div>\n\t\t<div class=\"elementor-element elementor-element-ec7541a e-flex e-con-boxed e-con e-child\" data-id=\"ec7541a\" data-element_type=\"container\">\n\t\t\t\t\t<div class=\"e-con-inner\">\n\t\t\t\t<div class=\"elementor-element elementor-element-4ce2cc4 elementor-widget elementor-widget-heading\" data-id=\"4ce2cc4\" data-element_type=\"widget\" data-widget_type=\"heading.default\">\n\t\t\t\t<div class=\"elementor-widget-container\">\n\t\t\t\t\t<h2 class=\"elementor-heading-title elementor-size-default\">1.- Rechtliche Angaben und Kontaktinformationen<\/h2>\t\t\t\t<\/div>\n\t\t\t\t<\/div>\n\t\t\t\t<div class=\"elementor-element elementor-element-9aca551 elementor-widget elementor-widget-text-editor\" data-id=\"9aca551\" data-element_type=\"widget\" data-widget_type=\"text-editor.default\">\n\t\t\t\t<div class=\"elementor-widget-container\">\n\t\t\t\t\t\t\t\t\t<p><strong>PEGASUS BUSINESS INTELLIGENCE, LP.<\/strong><br>Two Lincoln Centre, 5420 LBJ Freeway<br>Suite 900, Dallas, TX 75240 Vereinigte Staaten<br>Kontakttelefon: (+1) (214) 396 3280<br>Unternehmen, eingetragen im Bundesstaat Delaware, Vereinigte Staaten.<br>Steueridentifikationsnummer: 75-2738581<\/p><p><strong>ONYX CENTERSOURCE SPAIN, S.A.<\/strong><br>INSUR Bldg. Diego Mart\u00ednez Barrio 10, 5. Etage<br>41013 Sevilla, Spanien<br>Kontakttelefon: (+34) 955 031 400<br>Unternehmen, eingetragen im Handelsregister von Sevilla, Spanien.<br>Steueridentifikationsnummer: A-41996679 <\/p><p><strong>ONYX CENTERSOURCE AS<\/strong><br>Tr\u00e6leborgodden 6,<br>3112 T\u00f8nsberg, Norwegen<br>Kontakttelefon: (+47) 33 34 96 00<br>Unternehmen, eingetragen im Unternehmensregister in Norwegen.<br>Steueridentifikationsnummer: 883-430-972<\/p><p><strong>ONYX CENTERSOURCE (UK) LIMITED<\/strong><br>4 More London Riverside,<br>SE1 2AU London, England<br>Unternehmen, eingetragen im Companies House im Vereinigten K\u00f6nigreich.<br>Steueridentifikationsnummer: 172211837<\/p><p>Webadresse: <a href=\"\/\" target=\"_blank\" rel=\"noopener\">https:\/\/www.onyxcentersource.com\/<\/a><br>Ben\u00f6tigen Sie Hilfe: <a style=\"font-family: inherit; font-size: inherit; font-style: inherit; font-variant-ligatures: inherit; font-variant-caps: inherit; font-weight: inherit;\" href=\"https:\/\/onyxcentersource.com\/de\/kontaktieren-sie-uns\/\" target=\"_blank\" rel=\"noopener\">https:\/\/www.onyxcentersource.com\/contact-us\/<\/a><\/p>\t\t\t\t\t\t\t\t<\/div>\n\t\t\t\t<\/div>\n\t\t\t\t<div class=\"elementor-element elementor-element-852a467 elementor-widget elementor-widget-heading\" data-id=\"852a467\" data-element_type=\"widget\" data-widget_type=\"heading.default\">\n\t\t\t\t<div class=\"elementor-widget-container\">\n\t\t\t\t\t<h2 class=\"elementor-heading-title elementor-size-default\">2.- Zweck der rechtlichen Hinweise<\/h2>\t\t\t\t<\/div>\n\t\t\t\t<\/div>\n\t\t\t\t<div class=\"elementor-element elementor-element-fd8bd18 elementor-widget elementor-widget-text-editor\" data-id=\"fd8bd18\" data-element_type=\"widget\" data-widget_type=\"text-editor.default\">\n\t\t\t\t<div class=\"elementor-widget-container\">\n\t\t\t\t\t\t\t\t\t<p>Ziel dieser Website ist es, Benutzerinformationen und -zustimmungen zum Zweck der Verteilung eines kostenlosen E-Books zu kritischen Trends in der Hotelbranche zu sammeln, das von Pegasus Business Intelligence LP und ihren verbundenen Unternehmen (\u201eOnyx\u201c) angeboten wird.<\/p><p>Bitte lesen Sie diese rechtlichen Hinweise sorgf\u00e4ltig durch, bevor Sie die Website nutzen. Durch die Nutzung unserer Website erkl\u00e4ren Sie sich mit den auf der Website enthaltenen allgemeinen Bedingungen einverstanden und stimmen zu, diese einzuhalten. Sollten Sie diesen nicht zustimmen, bitten wir Sie, von der Nutzung dieser Website abzusehen. Beachten Sie auch, dass die Website, die Dienste und diese allgemeinen Bedingungen ge\u00e4ndert werden k\u00f6nnen, daher wird empfohlen, diese regelm\u00e4\u00dfig zu lesen. Alle \u00c4nderungen werden auf dieser Website ver\u00f6ffentlicht, treten dann in Kraft und werden sofort angewendet.    <\/p>\t\t\t\t\t\t\t\t<\/div>\n\t\t\t\t<\/div>\n\t\t\t\t\t<\/div>\n\t\t\t\t<\/div>\n\t\t\t\t\t<\/div>\n\t\t\t\t<\/div>\n\t\t\t\t\t<\/div>\n\t\t\t\t<\/div>\n\t\t\t\t\t<\/div>\n\t\t\t\t<\/div>\n\t\t\t\t<\/div>\n\t\t","protected":false},"excerpt":{"rendered":"<p>Rechtliche Hinweise Rechtliche Hinweise 1.- Rechtliche Angaben und Kontaktinformationen PEGASUS BUSINESS INTELLIGENCE, LP.Two Lincoln Centre, 5420 LBJ FreewaySuite 900, Dallas, TX 75240 Vereinigte StaatenKontakttelefon: (+1) (214) 396 3280Unternehmen, eingetragen im Bundesstaat Delaware, Vereinigte Staaten.Steueridentifikationsnummer: 75-2738581 ONYX CENTERSOURCE SPAIN, S.A.INSUR Bldg. Diego Mart\u00ednez Barrio 10, 5. Etage41013 Sevilla, SpanienKontakttelefon: (+34) 955 031 400Unternehmen, eingetragen im Handelsregister&#8230;<\/p>\n","protected":false},"author":2,"featured_media":0,"parent":0,"menu_order":0,"comment_status":"closed","ping_status":"closed","template":"","meta":{"_acf_changed":false,"footnotes":""},"class_list":["post-988834","page","type-page","status-publish","hentry"],"acf":[],"yoast_head":"<!-- This site is optimized with the Yoast SEO Premium plugin v26.5 (Yoast SEO v27.0) - https:\/\/yoast.com\/product\/yoast-seo-premium-wordpress\/ -->\n<title>Rechtliche Hinweise - Onyx CenterSource\u2122<\/title>\n<meta name=\"robots\" content=\"index, follow, max-snippet:-1, max-image-preview:large, max-video-preview:-1\" \/>\n<link rel=\"canonical\" href=\"https:\/\/onyxcentersource.com\/de\/rechtliche-hinweise\/\" \/>\n<meta property=\"og:locale\" content=\"de_DE\" \/>\n<meta property=\"og:type\" content=\"article\" \/>\n<meta property=\"og:title\" content=\"Rechtliche Hinweise\" \/>\n<meta property=\"og:description\" content=\"Rechtliche Hinweise Rechtliche Hinweise 1.- Rechtliche Angaben und Kontaktinformationen PEGASUS BUSINESS INTELLIGENCE, LP.Two Lincoln Centre, 5420 LBJ FreewaySuite 900, Dallas, TX 75240 Vereinigte StaatenKontakttelefon: (+1) (214) 396 3280Unternehmen, eingetragen im Bundesstaat Delaware, Vereinigte Staaten.Steueridentifikationsnummer: 75-2738581 ONYX CENTERSOURCE SPAIN, S.A.INSUR Bldg. Diego Mart\u00ednez Barrio 10, 5. Etage41013 Sevilla, SpanienKontakttelefon: (+34) 955 031 400Unternehmen, eingetragen im Handelsregister...\" \/>\n<meta property=\"og:url\" content=\"https:\/\/onyxcentersource.com\/de\/rechtliche-hinweise\/\" \/>\n<meta property=\"og:site_name\" content=\"Onyx CenterSource\u2122\" \/>\n<meta property=\"article:modified_time\" content=\"2025-12-09T22:08:46+00:00\" \/>\n<meta name=\"twitter:card\" content=\"summary_large_image\" \/>\n<meta name=\"twitter:label1\" content=\"Gesch\u00e4tzte Lesezeit\" \/>\n\t<meta name=\"twitter:data1\" content=\"1\u00a0Minute\" \/>\n<script type=\"application\/ld+json\" class=\"yoast-schema-graph\">{\"@context\":\"https:\/\/schema.org\",\"@graph\":[{\"@type\":\"WebPage\",\"@id\":\"https:\/\/onyxcentersource.com\/de\/rechtliche-hinweise\/\",\"url\":\"https:\/\/onyxcentersource.com\/de\/rechtliche-hinweise\/\",\"name\":\"Rechtliche Hinweise - Onyx CenterSource\u2122\",\"isPartOf\":{\"@id\":\"https:\/\/onyxcentersource.com\/de\/#website\"},\"datePublished\":\"2025-11-19T20:16:22+00:00\",\"dateModified\":\"2025-12-09T22:08:46+00:00\",\"breadcrumb\":{\"@id\":\"https:\/\/onyxcentersource.com\/de\/rechtliche-hinweise\/#breadcrumb\"},\"inLanguage\":\"de\",\"potentialAction\":[{\"@type\":\"ReadAction\",\"target\":[\"https:\/\/onyxcentersource.com\/de\/rechtliche-hinweise\/\"]}]},{\"@type\":\"BreadcrumbList\",\"@id\":\"https:\/\/onyxcentersource.com\/de\/rechtliche-hinweise\/#breadcrumb\",\"itemListElement\":[{\"@type\":\"ListItem\",\"position\":1,\"name\":\"Home\",\"item\":\"https:\/\/onyxcentersource.com\/de\/startseite\/\"},{\"@type\":\"ListItem\",\"position\":2,\"name\":\"Rechtliche Hinweise\"}]},{\"@type\":\"WebSite\",\"@id\":\"https:\/\/onyxcentersource.com\/de\/#website\",\"url\":\"https:\/\/onyxcentersource.com\/de\/\",\"name\":\"Onyx CenterSource\u2122\",\"description\":\"\",\"publisher\":{\"@id\":\"https:\/\/onyxcentersource.com\/de\/#organization\"},\"potentialAction\":[{\"@type\":\"SearchAction\",\"target\":{\"@type\":\"EntryPoint\",\"urlTemplate\":\"https:\/\/onyxcentersource.com\/de\/?s={search_term_string}\"},\"query-input\":{\"@type\":\"PropertyValueSpecification\",\"valueRequired\":true,\"valueName\":\"search_term_string\"}}],\"inLanguage\":\"de\"},{\"@type\":\"Organization\",\"@id\":\"https:\/\/onyxcentersource.com\/de\/#organization\",\"name\":\"Onyx CenterSource\u2122\",\"url\":\"https:\/\/onyxcentersource.com\/de\/\",\"logo\":{\"@type\":\"ImageObject\",\"inLanguage\":\"de\",\"@id\":\"https:\/\/onyxcentersource.com\/de\/#\/schema\/logo\/image\/\",\"url\":\"https:\/\/onyxcentersource.com\/wp-content\/uploads\/2025\/12\/Onyx-Logo-Horizontal-scaled-e1765564060227.png\",\"contentUrl\":\"https:\/\/onyxcentersource.com\/wp-content\/uploads\/2025\/12\/Onyx-Logo-Horizontal-scaled-e1765564060227.png\",\"width\":370,\"height\":115,\"caption\":\"Onyx CenterSource\u2122\"},\"image\":{\"@id\":\"https:\/\/onyxcentersource.com\/de\/#\/schema\/logo\/image\/\"}}]}<\/script>\n<!-- \/ Yoast SEO Premium plugin. -->","yoast_head_json":{"title":"Rechtliche Hinweise - Onyx CenterSource\u2122","robots":{"index":"index","follow":"follow","max-snippet":"max-snippet:-1","max-image-preview":"max-image-preview:large","max-video-preview":"max-video-preview:-1"},"canonical":"https:\/\/onyxcentersource.com\/de\/rechtliche-hinweise\/","og_locale":"de_DE","og_type":"article","og_title":"Rechtliche Hinweise","og_description":"Rechtliche Hinweise Rechtliche Hinweise 1.- Rechtliche Angaben und Kontaktinformationen PEGASUS BUSINESS INTELLIGENCE, LP.Two Lincoln Centre, 5420 LBJ FreewaySuite 900, Dallas, TX 75240 Vereinigte StaatenKontakttelefon: (+1) (214) 396 3280Unternehmen, eingetragen im Bundesstaat Delaware, Vereinigte Staaten.Steueridentifikationsnummer: 75-2738581 ONYX CENTERSOURCE SPAIN, S.A.INSUR Bldg. Diego Mart\u00ednez Barrio 10, 5. Etage41013 Sevilla, SpanienKontakttelefon: (+34) 955 031 400Unternehmen, eingetragen im Handelsregister...","og_url":"https:\/\/onyxcentersource.com\/de\/rechtliche-hinweise\/","og_site_name":"Onyx CenterSource\u2122","article_modified_time":"2025-12-09T22:08:46+00:00","twitter_card":"summary_large_image","twitter_misc":{"Gesch\u00e4tzte Lesezeit":"1\u00a0Minute"},"schema":{"@context":"https:\/\/schema.org","@graph":[{"@type":"WebPage","@id":"https:\/\/onyxcentersource.com\/de\/rechtliche-hinweise\/","url":"https:\/\/onyxcentersource.com\/de\/rechtliche-hinweise\/","name":"Rechtliche Hinweise - Onyx CenterSource\u2122","isPartOf":{"@id":"https:\/\/onyxcentersource.com\/de\/#website"},"datePublished":"2025-11-19T20:16:22+00:00","dateModified":"2025-12-09T22:08:46+00:00","breadcrumb":{"@id":"https:\/\/onyxcentersource.com\/de\/rechtliche-hinweise\/#breadcrumb"},"inLanguage":"de","potentialAction":[{"@type":"ReadAction","target":["https:\/\/onyxcentersource.com\/de\/rechtliche-hinweise\/"]}]},{"@type":"BreadcrumbList","@id":"https:\/\/onyxcentersource.com\/de\/rechtliche-hinweise\/#breadcrumb","itemListElement":[{"@type":"ListItem","position":1,"name":"Home","item":"https:\/\/onyxcentersource.com\/de\/startseite\/"},{"@type":"ListItem","position":2,"name":"Rechtliche Hinweise"}]},{"@type":"WebSite","@id":"https:\/\/onyxcentersource.com\/de\/#website","url":"https:\/\/onyxcentersource.com\/de\/","name":"Onyx CenterSource\u2122","description":"","publisher":{"@id":"https:\/\/onyxcentersource.com\/de\/#organization"},"potentialAction":[{"@type":"SearchAction","target":{"@type":"EntryPoint","urlTemplate":"https:\/\/onyxcentersource.com\/de\/?s={search_term_string}"},"query-input":{"@type":"PropertyValueSpecification","valueRequired":true,"valueName":"search_term_string"}}],"inLanguage":"de"},{"@type":"Organization","@id":"https:\/\/onyxcentersource.com\/de\/#organization","name":"Onyx CenterSource\u2122","url":"https:\/\/onyxcentersource.com\/de\/","logo":{"@type":"ImageObject","inLanguage":"de","@id":"https:\/\/onyxcentersource.com\/de\/#\/schema\/logo\/image\/","url":"https:\/\/onyxcentersource.com\/wp-content\/uploads\/2025\/12\/Onyx-Logo-Horizontal-scaled-e1765564060227.png","contentUrl":"https:\/\/onyxcentersource.com\/wp-content\/uploads\/2025\/12\/Onyx-Logo-Horizontal-scaled-e1765564060227.png","width":370,"height":115,"caption":"Onyx CenterSource\u2122"},"image":{"@id":"https:\/\/onyxcentersource.com\/de\/#\/schema\/logo\/image\/"}}]}},"featured_image_src":null,"featured_image_src_square":null,"_links":{"self":[{"href":"https:\/\/onyxcentersource.com\/de\/wp-json\/wp\/v2\/pages\/988834","targetHints":{"allow":["GET"]}}],"collection":[{"href":"https:\/\/onyxcentersource.com\/de\/wp-json\/wp\/v2\/pages"}],"about":[{"href":"https:\/\/onyxcentersource.com\/de\/wp-json\/wp\/v2\/types\/page"}],"author":[{"embeddable":true,"href":"https:\/\/onyxcentersource.com\/de\/wp-json\/wp\/v2\/users\/2"}],"replies":[{"embeddable":true,"href":"https:\/\/onyxcentersource.com\/de\/wp-json\/wp\/v2\/comments?post=988834"}],"version-history":[{"count":0,"href":"https:\/\/onyxcentersource.com\/de\/wp-json\/wp\/v2\/pages\/988834\/revisions"}],"wp:attachment":[{"href":"https:\/\/onyxcentersource.com\/de\/wp-json\/wp\/v2\/media?parent=988834"}],"curies":[{"name":"wp","href":"https:\/\/api.w.org\/{rel}","templated":true}]}}