{"id":992466,"date":"2025-11-20T20:18:37","date_gmt":"2025-11-20T20:18:37","guid":{"rendered":"https:\/\/onyxcenterdev.wpenginepowered.com\/allgemeine-geschaeftsbedingungen\/"},"modified":"2025-12-04T20:43:19","modified_gmt":"2025-12-04T20:43:19","slug":"allgemeine-geschaeftsbedingungen","status":"publish","type":"page","link":"https:\/\/onyxcentersource.com\/de\/allgemeine-geschaeftsbedingungen\/","title":{"rendered":"Allgemeine Gesch\u00e4ftsbedingungen"},"content":{"rendered":"\t\t<div data-elementor-type=\"wp-page\" data-elementor-id=\"992466\" class=\"elementor elementor-992466 elementor-988119\" data-elementor-post-type=\"page\">\n\t\t\t\t<div class=\"elementor-element elementor-element-1d9a684 e-flex e-con-boxed e-con e-parent\" data-id=\"1d9a684\" data-element_type=\"container\">\n\t\t\t\t\t<div class=\"e-con-inner\">\n\t\t<div class=\"elementor-element elementor-element-89eb5db e-flex e-con-boxed e-con e-child\" data-id=\"89eb5db\" data-element_type=\"container\" data-settings=\"{&quot;background_background&quot;:&quot;gradient&quot;}\">\n\t\t\t\t\t<div class=\"e-con-inner\">\n\t\t<div class=\"elementor-element elementor-element-2dc0cf7 e-flex e-con-boxed e-con e-child\" data-id=\"2dc0cf7\" data-element_type=\"container\">\n\t\t\t\t\t<div class=\"e-con-inner\">\n\t\t<div class=\"elementor-element elementor-element-d02b08e e-con-full e-flex e-con e-child\" data-id=\"d02b08e\" data-element_type=\"container\">\n\t\t\t\t<div class=\"elementor-element elementor-element-df28f64 elementor-widget elementor-widget-heading\" data-id=\"df28f64\" data-element_type=\"widget\" data-widget_type=\"heading.default\">\n\t\t\t\t<div class=\"elementor-widget-container\">\n\t\t\t\t\t<span class=\"elementor-heading-title elementor-size-default\">Allgemeine Gesch\u00e4ftsbedingungen<\/span>\t\t\t\t<\/div>\n\t\t\t\t<\/div>\n\t\t\t\t<div class=\"elementor-element elementor-element-05ac261 elementor-widget elementor-widget-heading\" data-id=\"05ac261\" data-element_type=\"widget\" data-widget_type=\"heading.default\">\n\t\t\t\t<div class=\"elementor-widget-container\">\n\t\t\t\t\t<h1 class=\"elementor-heading-title elementor-size-default\">Nutzungsbedingungen der Website<\/h1>\t\t\t\t<\/div>\n\t\t\t\t<\/div>\n\t\t\t\t<\/div>\n\t\t<div class=\"elementor-element elementor-element-ec7541a e-flex e-con-boxed e-con e-child\" data-id=\"ec7541a\" data-element_type=\"container\">\n\t\t\t\t\t<div class=\"e-con-inner\">\n\t\t\t\t<div class=\"elementor-element elementor-element-9aca551 elementor-widget elementor-widget-text-editor\" data-id=\"9aca551\" data-element_type=\"widget\" data-widget_type=\"text-editor.default\">\n\t\t\t\t<div class=\"elementor-widget-container\">\n\t\t\t\t\t\t\t\t\t<p>Diese Nutzungsbedingungen der Website (diese \u201e<b>Bedingungen<\/b>\u201c) regeln die Nutzung und den Zugriff auf die Website unter <a href=\"https:\/\/onyxcentersource.com\/\">onyxcentersource.com<\/a> und alle zugeh\u00f6rigen Seiten (die \u201e<b>Seite<\/b>\u201c). Diese Bedingungen bilden eine verbindliche und rechtskr\u00e4ftige Vereinbarung zwischen Ihnen (zusammen mit der Organisation, in deren Namen Sie diese Website besuchen, falls vorhanden, \u201e<b>Sie<\/b>\u201c oder \u201e<b>Ihr(e)<\/b>\u201c) und Pegasus Business Intelligence, LP d\/b\/a Onyx CenterSource und ihren verbundenen Unternehmen, einschlie\u00dflich, aber nicht beschr\u00e4nkt auf Onyx CenterSource Spain, S.A. und Onyx CenterSource AS (zusammen \u201e<b>Onyx<\/b>\u201c), die Eigent\u00fcmerin der Seite ist und diese betreibt. Durch den Zugriff auf die Seite und deren Nutzung erkl\u00e4ren Sie sich ausdr\u00fccklich mit diesen Bedingungen einverstanden. Wenn Sie nicht damit einverstanden sind, an diese Bedingungen gebunden zu sein, m\u00fcssen Sie die Nutzung der Seite unverz\u00fcglich einstellen.   <\/p><ol><li><strong>Andere Vereinbarungen<\/strong>. Diese Bedingungen regeln Ihre Nutzung und Ihren Zugriff auf die Seite. Ungeachtet des Vorstehenden gilt, wenn Sie Vertragspartei eines separaten Vertrags mit Onyx sind, beispielsweise als Kunde der Dienstleistungen von Onyx, dieser Vertrag in Bezug auf den jeweiligen Vertragsgegenstand.  <br><br><\/li><li><strong>\u00c4nderung.<\/strong> Onyx kann diese Bedingungen von Zeit zu Zeit \u00e4ndern. In diesem Fall kann auf der Seite ein Hinweis angebracht werden, der Sie dar\u00fcber informiert, dass \u00c4nderungen vorgenommen wurden. Ihre fortgesetzte Nutzung der Seite nach der Ver\u00f6ffentlichung einer neuen Version dieser Bedingungen stellt Ihre Zustimmung dar, an die jeweils aktuelle ver\u00f6ffentlichte Version dieser Bedingungen gebunden zu sein. Onyx kann die Seite oder Teile davon, Funktionen oder Funktionalit\u00e4ten davon sowie alle darin enthaltenen Informationen und Materialien jederzeit mit oder ohne Vorank\u00fcndigung \u00e4ndern oder entfernen. Onyx \u00fcbernimmt keine Haftung f\u00fcr solche \u00c4nderungen oder Entfernungen.    <br><br><\/li><li><strong>Lizenz<\/strong>. \u201eInhalt\u201c bezeichnet alle Informationen, Daten, Texte, Software, Musik, T\u00f6ne, Fotos, Grafiken, Videos, Nachrichten oder andere Materialien, die auf der Seite angezeigt, verwendet oder anderweitig integriert werden und die das ausschlie\u00dfliche Eigentum von Onyx sind oder, gegebenenfalls, die notwendigen Rechte besitzt, die der Drittanbieter f\u00fcr ihre Nutzung gew\u00e4hrt hat. Onyx gew\u00e4hrt Ihnen eine beschr\u00e4nkte, widerrufliche, pers\u00f6nliche, nicht-exklusive, nicht \u00fcbertragbare Lizenz f\u00fcr den Zugriff auf die Seite und den Inhalt und deren Nutzung f\u00fcr Ihren pers\u00f6nlichen, informativen, nicht-kommerziellen Gebrauch, vorausgesetzt, Sie nutzen sie in \u00dcbereinstimmung mit diesen Bedingungen und den geltenden Vorschriften. <br><br><\/li><li><strong>Beschr\u00e4nkungen und verbotene Nutzungen.<\/strong> Sie d\u00fcrfen die Seite und den Inhalt nur f\u00fcr rechtm\u00e4\u00dfige Zwecke und in \u00dcbereinstimmung mit diesen Bedingungen nutzen. Insbesondere d\u00fcrfen Sie nicht: (i) Marken, Urheberrechtsvermerke oder andere Hinweise in Inhalten entfernen; (ii) Inhalte reproduzieren, herunterladen (mit Ausnahme des Page-Cachings), modifizieren, ver\u00f6ffentlichen, verteilen, \u00fcbertragen, verbreiten, senden, \u00fcbertragen, lizenzieren, verkaufen, vermieten, verleasen, anpassen, davon abgeleitete Werke erstellen, \u00f6ffentlich anzeigen oder auff\u00fchren oder in irgendeiner Weise verwerten; (iii) Framing-Techniken verwenden, um Inhalte einzuschlie\u00dfen; (iv) Inhalte disassemblieren, dekompilieren oder zur\u00fcckentwickeln; (v) versuchen, Teile der Seite zu hacken oder Verschl\u00fcsselungstechnologien oder Sicherheitsma\u00dfnahmen, die von uns implementiert wurden, zu umgehen oder zu \u00fcberwinden; (vi) den Betrieb der Seite oder der mit der Seite verbundenen oder in Verbindung mit der Seite betriebenen Server oder Netzwerke st\u00f6ren oder unterbrechen; (vii) gegen geltende lokale, bundesstaatliche, nationale oder internationale Gesetze versto\u00dfen; (viii) mehr als einmal innerhalb von drei Sekunden eine Anfrage an Transaktionsserver stellen; (ix) Viren, Trojaner, W\u00fcrmer oder anderes Material einf\u00fchren, das sch\u00e4dlich oder technologisch sch\u00e4dlich ist und die normale Nutzung der Seite verhindert; oder (xi) Inhalte mit anderen Mitteln oder Verfahren zu erhalten oder zu versuchen, Inhalte zu erhalten, als denjenigen, die f\u00fcr diesen Zweck zur Verf\u00fcgung gestellt wurden oder auf der Seite, auf der sich die Inhalte befinden, ausdr\u00fccklich angegeben sind, oder im Allgemeinen solchen, die im Internet \u00fcblicherweise verwendet werden, weil sie kein Risiko einer Besch\u00e4digung oder Deaktivierung der Seite und\/oder des Inhalts bergen.<br><br><\/li><li><strong>Laufzeit.<\/strong> Diese Bedingungen bleiben in vollem Umfang in Kraft, bis sie von Onyx jederzeit mit oder ohne Vorank\u00fcndigung gek\u00fcndigt werden. Ohne Einschr\u00e4nkung des Vorstehenden kann Onyx Ihren Zugriff auf die Seite aus beliebigem Grund oder ohne Angabe von Gr\u00fcnden sofort beenden oder aussetzen. Die Ihnen in Abschnitt 3 gew\u00e4hrte Lizenz erlischt automatisch, wenn Sie gegen diese Bedingungen versto\u00dfen.  <br><br><\/li><li><strong>Eigentum.<\/strong> Die Seite und alle Inhalte, einschlie\u00dflich aller darin enthaltenen Marken und Urheberrechte, sind Eigentum von Onyx oder seinen Lizenzgebern. Nichts hierin darf so ausgelegt werden, dass es Ihnen ein Recht, einen Titel oder ein Interesse an der Seite oder dem Inhalt einr\u00e4umt. <br><br><\/li><li><strong>Haftungsausschl\u00fcsse<strong>.<\/strong><\/strong><ol><li>Die Seite und der Inhalt dienen nur zu Informationszwecken. Das Vertrauen auf Informationen, die von der Seite bereitgestellt werden, erfolgt ausschlie\u00dflich auf Ihr eigenes Risiko. Die Seite oder der Inhalt k\u00f6nnen Links zu Seiten Dritter oder Kontaktinformationen f\u00fcr Drittanbieter von Dienstleistungen (zusammenfassend als \u201eDrittanbieter\u201c) enthalten. Onyx ist nicht verantwortlich f\u00fcr den Inhalt, die Richtigkeit oder die Meinungen, die von Drittanbietern ge\u00e4u\u00dfert werden, und solche Drittanbieter werden in keiner Weise von Onyx auf Richtigkeit oder Vollst\u00e4ndigkeit untersucht, \u00fcberwacht oder \u00fcberpr\u00fcft. Die Aufnahme von Links auf die Seite impliziert keine Billigung oder Bef\u00fcrwortung der verlinkten Website. Wenn Sie auf diese Drittanbieter zugreifen oder diese kontaktieren, tun Sie dies auf eigenes Risiko.     <br><br><\/li><li>Onyx ist nicht verantwortlich f\u00fcr Probleme oder technische St\u00f6rungen von elektronischen Netzwerken oder Leitungen, Servern, Software oder \u00dcbertragungsfehler aufgrund von technischen Problemen oder \u00dcberlastung des Datenverkehrs im Internet oder auf der Seite, einschlie\u00dflich Verletzungen oder Sch\u00e4den am Computer einer Person, die aus der Teilnahme oder dem Herunterladen von Materialien im Zusammenhang mit der Seite resultieren. Unter keinen Umst\u00e4nden ist Onyx verantwortlich f\u00fcr Verluste oder Sch\u00e4den, einschlie\u00dflich Personensch\u00e4den oder Tod, die aus der Nutzung der Seite oder aus Inhalten resultieren. <br><br><\/li><li>Die Seite und der Inhalt werden \u201ewie besehen\u201c und \u201ewie verf\u00fcgbar\u201c bereitgestellt, und Onyx lehnt ausdr\u00fccklich alle ausdr\u00fccklichen oder stillschweigenden Gew\u00e4hrleistungen ab, einschlie\u00dflich, aber nicht beschr\u00e4nkt auf Gew\u00e4hrleistungen der Eignung f\u00fcr einen bestimmten Zweck, der Marktg\u00e4ngigkeit, des Eigentums oder der Nichtverletzung von Rechten Dritter. Onyx kann keine bestimmten Ergebnisse aus der Nutzung der Seite oder von Drittanbietern garantieren und verspricht diese auch nicht. <br><br><\/li><li>Datenschutz- und Cookie-Richtlinie. Diese Seite und der Inhalt unterliegen unserer <a href=\"https:\/\/onyxcentersource.com\/de\/datenschutzrichtlinie\/\">Datenschutzrichtlinie<\/a> und <a href=\"https:\/\/onyxcentersource.com\/de\/cookie-richtlinie\/\">Cookie-Richtlinie<\/a>. <br><br><\/li><li>Internationale Nutzung und Sprache. Die Seite kann f\u00fcr Benutzer in anderen L\u00e4ndern als den Vereinigten Staaten verf\u00fcgbar sein. Der Benutzer ist allein daf\u00fcr verantwortlich, die Gesetze der L\u00e4nder einzuhalten, aus denen er die Seite und den Inhalt nutzt. F\u00fcr den Fall, dass diese Bedingungen in bestimmte Sprachen \u00fcbersetzt werden, um sicherzustellen, dass sie von allen unseren Benutzern gelesen und verstanden werden k\u00f6nnen, sind Sie sich bewusst und akzeptieren, dass immer die englische Version Vorrang hat, falls Widerspr\u00fcche zwischen den verschiedenen Versionen bestehen sollten.   <br><br><\/li><li>Haftungsbeschr\u00e4nkung. In keinem Fall haftet Onyx Ihnen oder Dritten gegen\u00fcber f\u00fcr indirekte, Folge-, exemplarische, zuf\u00e4llige, besondere oder strafende Sch\u00e4den, einschlie\u00dflich entgangener Gewinne, die sich aus Ihrer Nutzung der Seite oder des Inhalts ergeben, selbst wenn Onyx auf die M\u00f6glichkeit solcher Sch\u00e4den hingewiesen wurde. Ungeachtet anderslautender Bestimmungen hierin \u00fcbersteigt die gesamte kumulative Haftung von Onyx Ihnen gegen\u00fcber aus irgendeinem Klagegrund in keinem Fall einhundert Dollar (100 US-Dollar) oder den Betrag, den Sie gegebenenfalls an Onyx gezahlt haben. <\/li><\/ol><\/li><li><strong>Geltendes Recht und Beilegung von Streitigkeiten.<\/strong> Wenn es eine Streitigkeit in Bezug auf die SEITE ODER DEN INHALT gibt, stimmen Sie zu, dass die Streitigkeit den Gesetzen des Staates Texas unterliegt, ohne R\u00fccksicht auf kollisionsrechtliche Bestimmungen, und Sie stimmen der ausschlie\u00dflichen pers\u00f6nlichen Zust\u00e4ndigkeit und dem Gerichtsstand der Staats- und Bundesgerichte IN DALLAS COUNTY, TEXAS, zu. Jede Partei kann verlangen, dass Streitigkeiten im Zusammenhang mit der Seite durch ein Schiedsverfahren unter Anwendung der Streitbeilegungsverfahren der American Arbitration Association (AAA) beigelegt werden, vorausgesetzt, dass das Vorstehende keine Partei daran hindert, vor einem zust\u00e4ndigen Gericht einen Unterlassungsanspruch geltend zu machen, oder die geltenden Gesetze Ihres Wohnsitzlandes andere zust\u00e4ndige Gerichte bestimmen. <br><br><\/li><li><strong>Schadloshaltung.<\/strong> Sie erkl\u00e4ren sich damit einverstanden, Onyx, seine Tochtergesellschaften und verbundenen Unternehmen sowie ihre jeweiligen leitenden Angestellten, Vertreter, Partner und Mitarbeiter von allen Anspr\u00fcchen freizustellen und schadlos zu halten, einschlie\u00dflich angemessener Anwaltskosten, die von Dritten aufgrund oder infolge Ihrer Nutzung der Seite unter Versto\u00df gegen diese Bedingungen erhoben werden.<br><br><\/li><li><strong>Sonstiges.<\/strong>  Sofern in Abschnitt 1 nicht anders angegeben, stellen diese Bedingungen die gesamte Vereinbarung zwischen den Parteien in Bezug auf die Nutzung der Seite oder des Inhalts dar und ersetzen alle vorherigen Vereinbarungen in Bezug auf die Seite oder den Inhalt. Das Vers\u00e4umnis einer Partei, ein Recht oder eine Bestimmung dieser Bedingungen auszu\u00fcben oder durchzusetzen, gilt nicht als Verzicht auf dieses Recht oder diese Bestimmung. Wenn eine Bestimmung dieser Bedingungen rechtswidrig, nichtig oder nicht durchsetzbar ist, gilt diese Bestimmung als von diesen Bedingungen abtrennbar und ber\u00fchrt nicht die G\u00fcltigkeit und Durchsetzbarkeit der \u00fcbrigen Bestimmungen. Wenn Sie Fragen zur Seite oder zu diesen Bedingungen haben, wenden Sie sich bitte \u00fcber die folgende E-Mail-Adresse an Onyx: privacy@onyxcentersource.com   <\/li><\/ol>\t\t\t\t\t\t\t\t<\/div>\n\t\t\t\t<\/div>\n\t\t\t\t\t<\/div>\n\t\t\t\t<\/div>\n\t\t\t\t\t<\/div>\n\t\t\t\t<\/div>\n\t\t\t\t\t<\/div>\n\t\t\t\t<\/div>\n\t\t\t\t\t<\/div>\n\t\t\t\t<\/div>\n\t\t\t\t<\/div>\n\t\t","protected":false},"excerpt":{"rendered":"<p>Allgemeine Gesch\u00e4ftsbedingungen Nutzungsbedingungen der Website Diese Nutzungsbedingungen der Website (diese \u201eBedingungen\u201c) regeln die Nutzung und den Zugriff auf die Website unter onyxcentersource.com und alle zugeh\u00f6rigen Seiten (die \u201eSeite\u201c). Diese Bedingungen bilden eine verbindliche und rechtskr\u00e4ftige Vereinbarung zwischen Ihnen (zusammen mit der Organisation, in deren Namen Sie diese Website besuchen, falls vorhanden, \u201eSie\u201c oder \u201eIhr(e)\u201c) und&#8230;<\/p>\n","protected":false},"author":2,"featured_media":0,"parent":0,"menu_order":0,"comment_status":"closed","ping_status":"closed","template":"","meta":{"_acf_changed":false,"footnotes":""},"class_list":["post-992466","page","type-page","status-publish","hentry"],"acf":[],"yoast_head":"<!-- This site is optimized with the Yoast SEO Premium plugin v26.5 (Yoast SEO v27.0) - https:\/\/yoast.com\/product\/yoast-seo-premium-wordpress\/ -->\n<title>Allgemeine Gesch\u00e4ftsbedingungen - Onyx CenterSource\u2122<\/title>\n<meta name=\"robots\" content=\"index, follow, max-snippet:-1, max-image-preview:large, max-video-preview:-1\" \/>\n<link rel=\"canonical\" href=\"https:\/\/onyxcentersource.com\/de\/allgemeine-geschaeftsbedingungen\/\" \/>\n<meta property=\"og:locale\" content=\"de_DE\" \/>\n<meta property=\"og:type\" content=\"article\" \/>\n<meta property=\"og:title\" content=\"Allgemeine Gesch\u00e4ftsbedingungen\" \/>\n<meta property=\"og:description\" content=\"Allgemeine Gesch\u00e4ftsbedingungen Nutzungsbedingungen der Website Diese Nutzungsbedingungen der Website (diese \u201eBedingungen\u201c) regeln die Nutzung und den Zugriff auf die Website unter onyxcentersource.com und alle zugeh\u00f6rigen Seiten (die \u201eSeite\u201c). Diese Bedingungen bilden eine verbindliche und rechtskr\u00e4ftige Vereinbarung zwischen Ihnen (zusammen mit der Organisation, in deren Namen Sie diese Website besuchen, falls vorhanden, \u201eSie\u201c oder \u201eIhr(e)\u201c) und...\" \/>\n<meta property=\"og:url\" content=\"https:\/\/onyxcentersource.com\/de\/allgemeine-geschaeftsbedingungen\/\" \/>\n<meta property=\"og:site_name\" content=\"Onyx CenterSource\u2122\" \/>\n<meta property=\"article:modified_time\" content=\"2025-12-04T20:43:19+00:00\" \/>\n<meta name=\"twitter:card\" content=\"summary_large_image\" \/>\n<meta name=\"twitter:label1\" content=\"Gesch\u00e4tzte Lesezeit\" \/>\n\t<meta name=\"twitter:data1\" content=\"7\u00a0Minuten\" \/>\n<script type=\"application\/ld+json\" class=\"yoast-schema-graph\">{\"@context\":\"https:\/\/schema.org\",\"@graph\":[{\"@type\":\"WebPage\",\"@id\":\"https:\/\/onyxcentersource.com\/de\/allgemeine-geschaeftsbedingungen\/\",\"url\":\"https:\/\/onyxcentersource.com\/de\/allgemeine-geschaeftsbedingungen\/\",\"name\":\"Allgemeine Gesch\u00e4ftsbedingungen - Onyx CenterSource\u2122\",\"isPartOf\":{\"@id\":\"https:\/\/onyxcentersource.com\/de\/#website\"},\"datePublished\":\"2025-11-20T20:18:37+00:00\",\"dateModified\":\"2025-12-04T20:43:19+00:00\",\"breadcrumb\":{\"@id\":\"https:\/\/onyxcentersource.com\/de\/allgemeine-geschaeftsbedingungen\/#breadcrumb\"},\"inLanguage\":\"de\",\"potentialAction\":[{\"@type\":\"ReadAction\",\"target\":[\"https:\/\/onyxcentersource.com\/de\/allgemeine-geschaeftsbedingungen\/\"]}]},{\"@type\":\"BreadcrumbList\",\"@id\":\"https:\/\/onyxcentersource.com\/de\/allgemeine-geschaeftsbedingungen\/#breadcrumb\",\"itemListElement\":[{\"@type\":\"ListItem\",\"position\":1,\"name\":\"Home\",\"item\":\"https:\/\/onyxcentersource.com\/de\/startseite\/\"},{\"@type\":\"ListItem\",\"position\":2,\"name\":\"Allgemeine Gesch\u00e4ftsbedingungen\"}]},{\"@type\":\"WebSite\",\"@id\":\"https:\/\/onyxcentersource.com\/de\/#website\",\"url\":\"https:\/\/onyxcentersource.com\/de\/\",\"name\":\"Onyx CenterSource\u2122\",\"description\":\"\",\"publisher\":{\"@id\":\"https:\/\/onyxcentersource.com\/de\/#organization\"},\"potentialAction\":[{\"@type\":\"SearchAction\",\"target\":{\"@type\":\"EntryPoint\",\"urlTemplate\":\"https:\/\/onyxcentersource.com\/de\/?s={search_term_string}\"},\"query-input\":{\"@type\":\"PropertyValueSpecification\",\"valueRequired\":true,\"valueName\":\"search_term_string\"}}],\"inLanguage\":\"de\"},{\"@type\":\"Organization\",\"@id\":\"https:\/\/onyxcentersource.com\/de\/#organization\",\"name\":\"Onyx CenterSource\u2122\",\"url\":\"https:\/\/onyxcentersource.com\/de\/\",\"logo\":{\"@type\":\"ImageObject\",\"inLanguage\":\"de\",\"@id\":\"https:\/\/onyxcentersource.com\/de\/#\/schema\/logo\/image\/\",\"url\":\"https:\/\/onyxcentersource.com\/wp-content\/uploads\/2025\/12\/Onyx-Logo-Horizontal-scaled-e1765564060227.png\",\"contentUrl\":\"https:\/\/onyxcentersource.com\/wp-content\/uploads\/2025\/12\/Onyx-Logo-Horizontal-scaled-e1765564060227.png\",\"width\":370,\"height\":115,\"caption\":\"Onyx CenterSource\u2122\"},\"image\":{\"@id\":\"https:\/\/onyxcentersource.com\/de\/#\/schema\/logo\/image\/\"}}]}<\/script>\n<!-- \/ Yoast SEO Premium plugin. -->","yoast_head_json":{"title":"Allgemeine Gesch\u00e4ftsbedingungen - Onyx CenterSource\u2122","robots":{"index":"index","follow":"follow","max-snippet":"max-snippet:-1","max-image-preview":"max-image-preview:large","max-video-preview":"max-video-preview:-1"},"canonical":"https:\/\/onyxcentersource.com\/de\/allgemeine-geschaeftsbedingungen\/","og_locale":"de_DE","og_type":"article","og_title":"Allgemeine Gesch\u00e4ftsbedingungen","og_description":"Allgemeine Gesch\u00e4ftsbedingungen Nutzungsbedingungen der Website Diese Nutzungsbedingungen der Website (diese \u201eBedingungen\u201c) regeln die Nutzung und den Zugriff auf die Website unter onyxcentersource.com und alle zugeh\u00f6rigen Seiten (die \u201eSeite\u201c). Diese Bedingungen bilden eine verbindliche und rechtskr\u00e4ftige Vereinbarung zwischen Ihnen (zusammen mit der Organisation, in deren Namen Sie diese Website besuchen, falls vorhanden, \u201eSie\u201c oder \u201eIhr(e)\u201c) und...","og_url":"https:\/\/onyxcentersource.com\/de\/allgemeine-geschaeftsbedingungen\/","og_site_name":"Onyx CenterSource\u2122","article_modified_time":"2025-12-04T20:43:19+00:00","twitter_card":"summary_large_image","twitter_misc":{"Gesch\u00e4tzte Lesezeit":"7\u00a0Minuten"},"schema":{"@context":"https:\/\/schema.org","@graph":[{"@type":"WebPage","@id":"https:\/\/onyxcentersource.com\/de\/allgemeine-geschaeftsbedingungen\/","url":"https:\/\/onyxcentersource.com\/de\/allgemeine-geschaeftsbedingungen\/","name":"Allgemeine Gesch\u00e4ftsbedingungen - Onyx CenterSource\u2122","isPartOf":{"@id":"https:\/\/onyxcentersource.com\/de\/#website"},"datePublished":"2025-11-20T20:18:37+00:00","dateModified":"2025-12-04T20:43:19+00:00","breadcrumb":{"@id":"https:\/\/onyxcentersource.com\/de\/allgemeine-geschaeftsbedingungen\/#breadcrumb"},"inLanguage":"de","potentialAction":[{"@type":"ReadAction","target":["https:\/\/onyxcentersource.com\/de\/allgemeine-geschaeftsbedingungen\/"]}]},{"@type":"BreadcrumbList","@id":"https:\/\/onyxcentersource.com\/de\/allgemeine-geschaeftsbedingungen\/#breadcrumb","itemListElement":[{"@type":"ListItem","position":1,"name":"Home","item":"https:\/\/onyxcentersource.com\/de\/startseite\/"},{"@type":"ListItem","position":2,"name":"Allgemeine Gesch\u00e4ftsbedingungen"}]},{"@type":"WebSite","@id":"https:\/\/onyxcentersource.com\/de\/#website","url":"https:\/\/onyxcentersource.com\/de\/","name":"Onyx CenterSource\u2122","description":"","publisher":{"@id":"https:\/\/onyxcentersource.com\/de\/#organization"},"potentialAction":[{"@type":"SearchAction","target":{"@type":"EntryPoint","urlTemplate":"https:\/\/onyxcentersource.com\/de\/?s={search_term_string}"},"query-input":{"@type":"PropertyValueSpecification","valueRequired":true,"valueName":"search_term_string"}}],"inLanguage":"de"},{"@type":"Organization","@id":"https:\/\/onyxcentersource.com\/de\/#organization","name":"Onyx CenterSource\u2122","url":"https:\/\/onyxcentersource.com\/de\/","logo":{"@type":"ImageObject","inLanguage":"de","@id":"https:\/\/onyxcentersource.com\/de\/#\/schema\/logo\/image\/","url":"https:\/\/onyxcentersource.com\/wp-content\/uploads\/2025\/12\/Onyx-Logo-Horizontal-scaled-e1765564060227.png","contentUrl":"https:\/\/onyxcentersource.com\/wp-content\/uploads\/2025\/12\/Onyx-Logo-Horizontal-scaled-e1765564060227.png","width":370,"height":115,"caption":"Onyx CenterSource\u2122"},"image":{"@id":"https:\/\/onyxcentersource.com\/de\/#\/schema\/logo\/image\/"}}]}},"featured_image_src":null,"featured_image_src_square":null,"_links":{"self":[{"href":"https:\/\/onyxcentersource.com\/de\/wp-json\/wp\/v2\/pages\/992466","targetHints":{"allow":["GET"]}}],"collection":[{"href":"https:\/\/onyxcentersource.com\/de\/wp-json\/wp\/v2\/pages"}],"about":[{"href":"https:\/\/onyxcentersource.com\/de\/wp-json\/wp\/v2\/types\/page"}],"author":[{"embeddable":true,"href":"https:\/\/onyxcentersource.com\/de\/wp-json\/wp\/v2\/users\/2"}],"replies":[{"embeddable":true,"href":"https:\/\/onyxcentersource.com\/de\/wp-json\/wp\/v2\/comments?post=992466"}],"version-history":[{"count":0,"href":"https:\/\/onyxcentersource.com\/de\/wp-json\/wp\/v2\/pages\/992466\/revisions"}],"wp:attachment":[{"href":"https:\/\/onyxcentersource.com\/de\/wp-json\/wp\/v2\/media?parent=992466"}],"curies":[{"name":"wp","href":"https:\/\/api.w.org\/{rel}","templated":true}]}}