{"id":993125,"date":"2025-11-20T20:18:18","date_gmt":"2025-11-20T20:18:18","guid":{"rendered":"https:\/\/onyxcenterdev.wpenginepowered.com\/cookie-richtlinie\/"},"modified":"2025-12-04T20:43:03","modified_gmt":"2025-12-04T20:43:03","slug":"cookie-richtlinie","status":"publish","type":"page","link":"https:\/\/onyxcentersource.com\/de\/cookie-richtlinie\/","title":{"rendered":"Cookie-Richtlinie"},"content":{"rendered":"\t\t<div data-elementor-type=\"wp-page\" data-elementor-id=\"993125\" class=\"elementor elementor-993125 elementor-988117\" data-elementor-post-type=\"page\">\n\t\t\t\t<div class=\"elementor-element elementor-element-1d9a684 e-flex e-con-boxed e-con e-parent\" data-id=\"1d9a684\" data-element_type=\"container\">\n\t\t\t\t\t<div class=\"e-con-inner\">\n\t\t<div class=\"elementor-element elementor-element-89eb5db e-flex e-con-boxed e-con e-child\" data-id=\"89eb5db\" data-element_type=\"container\" data-settings=\"{&quot;background_background&quot;:&quot;gradient&quot;}\">\n\t\t\t\t\t<div class=\"e-con-inner\">\n\t\t<div class=\"elementor-element elementor-element-2dc0cf7 e-flex e-con-boxed e-con e-child\" data-id=\"2dc0cf7\" data-element_type=\"container\">\n\t\t\t\t\t<div class=\"e-con-inner\">\n\t\t<div class=\"elementor-element elementor-element-d02b08e e-con-full e-flex e-con e-child\" data-id=\"d02b08e\" data-element_type=\"container\">\n\t\t\t\t<div class=\"elementor-element elementor-element-df28f64 elementor-widget elementor-widget-heading\" data-id=\"df28f64\" data-element_type=\"widget\" data-widget_type=\"heading.default\">\n\t\t\t\t<div class=\"elementor-widget-container\">\n\t\t\t\t\t<span class=\"elementor-heading-title elementor-size-default\">Cookie-Richtlinie<\/span>\t\t\t\t<\/div>\n\t\t\t\t<\/div>\n\t\t\t\t<div class=\"elementor-element elementor-element-05ac261 elementor-widget elementor-widget-heading\" data-id=\"05ac261\" data-element_type=\"widget\" data-widget_type=\"heading.default\">\n\t\t\t\t<div class=\"elementor-widget-container\">\n\t\t\t\t\t<h1 class=\"elementor-heading-title elementor-size-default\">Cookie-Richtlinie<\/h1>\t\t\t\t<\/div>\n\t\t\t\t<\/div>\n\t\t\t\t<\/div>\n\t\t<div class=\"elementor-element elementor-element-ec7541a e-flex e-con-boxed e-con e-child\" data-id=\"ec7541a\" data-element_type=\"container\">\n\t\t\t\t\t<div class=\"e-con-inner\">\n\t\t\t\t<div class=\"elementor-element elementor-element-9aca551 elementor-widget elementor-widget-text-editor\" data-id=\"9aca551\" data-element_type=\"widget\" data-widget_type=\"text-editor.default\">\n\t\t\t\t<div class=\"elementor-widget-container\">\n\t\t\t\t\t\t\t\t\t<p><strong><em>Letzte Aktualisierung: 05. Februar 2025<\/em><\/strong><\/p><p class=\"p1\"><span class=\"s1\">Diese Richtlinie beschreibt, wie und warum die Pegasus Business Intelligence, LP d\/b\/a Onyx CenterSource und ihre verbundenen Unternehmen, einschlie\u00dflich, aber nicht beschr\u00e4nkt auf Onyx CenterSource Spain, S.A., Onyx CenterSource (UK) Limited und Onyx CenterSource AS (zusammen \u201eOnyx\u201c, \u201ewir\u201c oder \u201euns\u201c) Cookies auf dieser Website verwenden: <a href=\"https:\/\/www.onyxcentersource.com\/\"><span class=\"s2\"><b>https:\/\/www.onyxcentersource.com\/<\/b><\/span><\/a>.<\/span><\/p><p><strong>Was sind Cookies<\/strong><\/p><p class=\"p1\"><span class=\"s1\">Ein Cookie ist ein kleines Datenelement (Textdatei), das eine Website oder App \u2013 wenn sie von einem Nutzer besucht wird \u2013 Ihren Browser bittet, auf Ihrem Ger\u00e4t zu speichern, um Informationen \u00fcber Sie zu speichern, wie z. B. Ihre Sprachpr\u00e4ferenz oder Ihren letzten Besuch auf unserer Website. Diese Cookies werden von uns gesetzt und werden Erstanbieter-Cookies genannt. <\/span><\/p><p class=\"p1\"><span class=\"s1\">Wir verwenden auch Drittanbieter-Cookies \u2013 dabei handelt es sich um Cookies, die von einer anderen Domain als der von Ihnen besuchten Website oder einer von uns nicht betriebenen Domain gesetzt werden \u2013 zum Beispiel zur Analyse des Datenverkehrs auf unserer Website oder f\u00fcr<\/span><span class=\"s2\"> unsere Werbe- und Marketingma\u00dfnahmen<\/span><span class=\"s1\">.<\/span><\/p><p><strong>Wie wir Cookies verwenden<\/strong><\/p><p class=\"p1\"><span class=\"s1\">Unsere Website verwendet zwei Arten von Cookies: persistente Cookies und Session-Cookies. <b>Persistente<\/b> Cookies sind Cookies, die f\u00fcr einen bestimmten Zeitraum (wie in der nachstehenden Tabelle angegeben) auf Ihrem Ger\u00e4t verbleiben oder bis Sie sie manuell l\u00f6schen oder ihnen widersprechen. <b>Session-Cookies<\/b> sind Cookies, die am Ende der Browsersitzung ablaufen (z. B. wenn Sie unsere Website verlassen und Ihren Browser schlie\u00dfen).<\/span><\/p><p class=\"p1\"><span class=\"s1\">Wir verwenden <b>unbedingt erforderliche<\/b> Cookies, um (i) Sie als wiederkehrenden Nutzer unserer Website zu erkennen, (ii) unsere Website, App und unseren Dienst zu sichern und (iii) Ihre Cookie-Einstellungen zu speichern, damit Ihnen unser Banner nicht mehrmals angezeigt wird.   <\/span><\/p><p class=\"p1\"><span class=\"s1\">Wir verwenden <b>nicht essenzielle (nicht unbedingt erforderliche) Cookies<\/b>, um das Verkehrsaufkommen und andere Metriken bez\u00fcglich Ihrer Nutzung der Communities auf unserer Website zu beobachten und zu analysieren, was uns hilft, unsere Website und Dienste sowie Ihr gesamtes Nutzererlebnis zu verbessern. Wir verwenden nicht essenzielle Cookies nur, wenn wir Ihre Zustimmung haben (siehe unten). <\/span><\/p><p class=\"p1\"><span class=\"s1\">Wie oben erl\u00e4utert, k\u00f6nnen Cookies <b>Erstanbieter-<\/b> oder <b>Drittanbieter-Cookies<\/b> sein, d.h. sie werden von uns (Erstanbieter) oder von einer anderen Partei (Drittanbieter) betrieben. Bitte beachten Sie, dass Interaktionen mit den Drittanbieter-Cookies auf unserer Website den Datenschutz- und Cookie-Richtlinien des Drittanbieters unterliegen. Weitere Informationen zu den Drittanbietern, die Cookies auf unserer Website verwenden, finden Sie in der nachstehenden <a href=\"https:\/\/www.onyxcentersource.com\/cookie-policy\/#table_list2\"><span class=\"s2\"><b>[Liste]<\/b><\/span><\/a>.  <\/span><\/p><p class=\"p1\"><span class=\"s1\">Weitere Informationen zu den von uns verwendeten Cookie-Typen finden Sie unten.<\/span><\/p><p><strong>Cookies verwalten<\/strong><\/p><p class=\"p1\"><span class=\"s1\">Bei Ihrem ersten Besuch auf unseren Websites sehen Sie auf der Startseite ein Cookie-Banner, das Sie dar\u00fcber informiert, warum Cookies verwendet werden, und Sie um Ihre Zustimmung zu jedem nicht essenziellen Cookie bittet, wenn Sie deren Verwendung durch uns zustimmen.<\/span><\/p><p class=\"p1\"><span class=\"s1\">Sie k\u00f6nnen Ihre Cookie-Einstellungen \u00fcber das Cookie-Banner \u00e4ndern, wo Sie die M\u00f6glichkeit haben, der Verwendung nicht essenzieller Cookies auf Ihrem Ger\u00e4t zuzustimmen oder diese abzulehnen. Sie k\u00f6nnen Ihre Cookie-Einstellungen jedoch jederzeit aktualisieren, indem Sie auf die Schaltfl\u00e4che unten klicken: <br><\/span><\/p><p><button id=\"ot-sdk-btn\" class=\"ot-sdk-show-settings\">Cookie-Einstellungen<\/button><\/p><p class=\"p1\"><span class=\"s1\">Bitte beachten Sie, dass Sie unbedingt erforderliche Cookies nicht deaktivieren k\u00f6nnen, da diese die Funktionalit\u00e4t unserer Website und Ihre F\u00e4higkeit, bestimmte Merkmale und Funktionen zu nutzen, beeintr\u00e4chtigen.<\/span><\/p><p class=\"p1\"><span class=\"s1\">Sie k\u00f6nnen Cookies auch \u00fcber Ihre Browsereinstellungen anpassen oder blockieren, was Ihnen erm\u00f6glicht, die Installation aller oder eines Teils der Cookies beim Surfen im Internet abzulehnen. Die meisten Browser bieten die M\u00f6glichkeit, \u00fcber die Existenz von Cookies zu informieren oder diese automatisch abzulehnen. Um weitere Informationen zur Anpassung dieser Einstellungen zu erhalten, besuchen und lesen Sie bitte die von jedem Browser bereitgestellten Informationen.   <\/span><\/p><p><strong id=\"table_list2\">Verwendete Cookie-Typen<\/strong><\/p><p class=\"p1\"><b>Cookie-Liste<\/b><\/p><p class=\"p3\">Diese Website sammelt Informationen von Ihnen durch die Installation der folgenden Cookies auf Ihrem Ger\u00e4t oder Browser. Genauer gesagt verwenden wir Cookies und andere Tracking-Technologien f\u00fcr die folgenden Zwecke: <\/p><p class=\"p4\"><b>Performance-Cookies<\/b><\/p><p class=\"p5\">Diese Cookies erm\u00f6glichen es uns, Besuche und Traffic-Quellen zu z\u00e4hlen, um die Leistung unserer Website zu messen und zu verbessern. Sie helfen uns zu erkennen, welche Seiten am beliebtesten und am wenigsten beliebt sind und wie sich Besucher auf der Website bewegen. Alle Informationen, die diese Cookies sammeln, werden aggregiert und sind daher anonym. Wenn Sie diese Cookies nicht zulassen, wissen wir nicht, wann Sie unsere Website besucht haben, und k\u00f6nnen deren Leistung nicht \u00fcberwachen.   <\/p><p><img decoding=\"async\" class=\"aligncenter size-full wp-image-25182\" src=\"https:\/\/www.onyxcentersource.com\/wp-content\/uploads\/2025\/02\/1.png\"><\/p><p><span style=\"font-size: medium;\"><b>Funktionale Cookies<\/b><\/span><\/p><p>Diese Cookies erm\u00f6glichen es der Website, erweiterte Funktionalit\u00e4t und Personalisierung bereitzustellen. Sie k\u00f6nnen von uns oder von Drittanbietern gesetzt werden, deren Dienste wir unseren Seiten hinzugef\u00fcgt haben. Wenn Sie diese Cookies nicht zulassen, funktionieren einige oder alle dieser Dienste m\u00f6glicherweise nicht richtig.  <\/p><p><img decoding=\"async\" class=\"aligncenter size-full wp-image-25191 lazyloaded\" style=\"--smush-placeholder-width: 930px; --smush-placeholder-aspect-ratio: 930\/746;\" src=\"https:\/\/www.onyxcentersource.com\/wp-content\/uploads\/2025\/02\/2.png\"><\/p><p><span style=\"font-size: medium;\"><b>Targeting-Cookies<\/b><\/span><\/p><p>Diese Cookies k\u00f6nnen \u00fcber unsere Website von unseren Werbepartnern gesetzt werden. Sie k\u00f6nnen von diesen Unternehmen verwendet werden, um ein Profil Ihrer Interessen zu erstellen und Ihnen relevante Werbung auf anderen Websites anzuzeigen. Sie speichern keine direkt pers\u00f6nlichen Informationen, basieren aber auf der eindeutigen Identifizierung Ihres Browsers und Internetger\u00e4ts. Wenn Sie diese Cookies nicht zulassen, erhalten Sie weniger zielgerichtete Werbung.   <\/p><p><img fetchpriority=\"high\" decoding=\"async\" class=\"aligncenter size-full wp-image-25200 lazyload\" style=\"--smush-placeholder-width: 932px; --smush-placeholder-aspect-ratio: 932\/446;\" src=\"https:\/\/www.onyxcentersource.com\/wp-content\/uploads\/2025\/02\/3.png\" alt=\"\" width=\"932\" height=\"446\"><\/p><p><span style=\"font-size: medium;\"><b>Unbedingt erforderliche Cookies<\/b><\/span><\/p><p>Diese Cookies sind f\u00fcr die Funktion der Website notwendig und k\u00f6nnen in unseren Systemen nicht deaktiviert werden. Sie werden normalerweise nur als Reaktion auf von Ihnen vorgenommene Aktionen gesetzt, die einer Dienstanfrage gleichkommen, wie z. B. das Festlegen Ihrer Datenschutzeinstellungen, das Anmelden oder das Ausf\u00fcllen von Formularen. Sie k\u00f6nnen Ihren Browser so einstellen, dass er diese Cookies blockiert oder Sie dar\u00fcber benachrichtigt, aber einige Teile der Website funktionieren dann m\u00f6glicherweise nicht. Diese Cookies speichern keine pers\u00f6nlich identifizierbaren Informationen.   <\/p><p><img decoding=\"async\" class=\"aligncenter size-full wp-image-25209 lazyload\" style=\"--smush-placeholder-width: 929px; --smush-placeholder-aspect-ratio: 929\/271;\" src=\"https:\/\/www.onyxcentersource.com\/wp-content\/uploads\/2025\/02\/4.png\" alt=\"\" width=\"929\" height=\"271\"><\/p><p><span style=\"font-size: medium;\"><b>Aktualisierung der Cookie-Richtlinie<\/b><\/span><\/p><p><span style=\"font-size: medium;\">Onyx beh\u00e4lt sich das Recht vor, diese Cookie-Richtlinie nach eigenem Ermessen zu \u00e4ndern oder zu ersetzen. Benutzern wird empfohlen, diese Cookie-Richtlinie regelm\u00e4\u00dfig zu \u00fcberpr\u00fcfen, um ordnungsgem\u00e4\u00df \u00fcber die auf der Website verwendeten Cookies, deren Zweck und Dauer informiert zu sein. <\/span><\/p><p><span style=\"font-size: medium;\"><b>Schutz personenbezogener Daten<\/b><\/span><\/p><p><a name=\"OpenAt\"><\/a> <span style=\"font-size: medium;\">Onyx kann durch das automatische Erfassen von Informationen von der Website mittels Cookies personenbezogene Daten von Ihnen sammeln, die sich auf Ihr Computerger\u00e4t, die Nutzung der Website oder Ihr Surfverhalten auf der Website beziehen. Diese Informationen k\u00f6nnen Daten bez\u00fcglich Sprache, Schl\u00fcsselw\u00f6rtern, Datum, Uhrzeit, Verweildauer auf bestimmten Seitentypen, IP-Adresse, Werbe-ID, welchem Abschnitt der Seite Sie besucht haben und \u00e4hnliche Informationen zur Nutzung der Website umfassen. Wir k\u00f6nnen solche Informationen mithilfe von Cookies sammeln, wie in dieser Cookie-Richtlinie detailliert beschrieben.  <\/span><\/p><p><span style=\"font-size: medium;\">In diesem Sinne gelten f\u00fcr Informationen, die Nutzer identifizieren oder identifizierbar machen, die Bestimmungen der Datenschutzrichtlinie. Weitere Informationen dar\u00fcber, wie wir personenbezogene Daten durch die Verwendung von Cookies verarbeiten, finden Sie in unserer [<\/span><a href=\"https:\/\/www.onyxcentersource.com\/privacy-policy\/\"><span style=\"font-size: medium;\"><u><b>Datenschutzerkl\u00e4rung<\/b><\/u><\/span><\/a><span style=\"font-size: medium;\">].<\/span><\/p><p><span style=\"font-size: medium;\"><b>Kontaktieren Sie uns<\/b><\/span><\/p><p><span style=\"font-size: medium;\">Wenn Sie Fragen oder Anmerkungen zu unserer Cookie-Richtlinie haben oder Ihre Rechte als betroffene Person aus\u00fcben m\u00f6chten, kontaktieren Sie uns bitte unter <\/span><a href=\"mailto:privacy@onyxcentersource.com\"><span style=\"font-size: medium;\"><u><b>privacy@onyxcentersource.com<\/b><\/u><\/span><\/a><span style=\"font-size: medium;\">. <\/span> <\/p>\t\t\t\t\t\t\t\t<\/div>\n\t\t\t\t<\/div>\n\t\t\t\t\t<\/div>\n\t\t\t\t<\/div>\n\t\t\t\t\t<\/div>\n\t\t\t\t<\/div>\n\t\t\t\t\t<\/div>\n\t\t\t\t<\/div>\n\t\t\t\t\t<\/div>\n\t\t\t\t<\/div>\n\t\t\t\t<\/div>\n\t\t","protected":false},"excerpt":{"rendered":"<p>Cookie-Richtlinie Cookie-Richtlinie Letzte Aktualisierung: 05. Februar 2025 Diese Richtlinie beschreibt, wie und warum die Pegasus Business Intelligence, LP d\/b\/a Onyx CenterSource und ihre verbundenen Unternehmen, einschlie\u00dflich, aber nicht beschr\u00e4nkt auf Onyx CenterSource Spain, S.A., Onyx CenterSource (UK) Limited und Onyx CenterSource AS (zusammen \u201eOnyx\u201c, \u201ewir\u201c oder \u201euns\u201c) Cookies auf dieser Website verwenden: https:\/\/www.onyxcentersource.com\/. Was sind&#8230;<\/p>\n","protected":false},"author":2,"featured_media":0,"parent":0,"menu_order":0,"comment_status":"closed","ping_status":"closed","template":"","meta":{"_acf_changed":false,"footnotes":""},"class_list":["post-993125","page","type-page","status-publish","hentry"],"acf":[],"yoast_head":"<!-- This site is optimized with the Yoast SEO Premium plugin v26.5 (Yoast SEO v27.0) - https:\/\/yoast.com\/product\/yoast-seo-premium-wordpress\/ -->\n<title>Cookie-Richtlinie - Onyx CenterSource\u2122<\/title>\n<meta name=\"robots\" content=\"index, follow, max-snippet:-1, max-image-preview:large, max-video-preview:-1\" \/>\n<link rel=\"canonical\" href=\"https:\/\/onyxcentersource.com\/de\/cookie-richtlinie\/\" \/>\n<meta property=\"og:locale\" content=\"de_DE\" \/>\n<meta property=\"og:type\" content=\"article\" \/>\n<meta property=\"og:title\" content=\"Cookie-Richtlinie\" \/>\n<meta property=\"og:description\" content=\"Cookie-Richtlinie Cookie-Richtlinie Letzte Aktualisierung: 05. Februar 2025 Diese Richtlinie beschreibt, wie und warum die Pegasus Business Intelligence, LP d\/b\/a Onyx CenterSource und ihre verbundenen Unternehmen, einschlie\u00dflich, aber nicht beschr\u00e4nkt auf Onyx CenterSource Spain, S.A., Onyx CenterSource (UK) Limited und Onyx CenterSource AS (zusammen \u201eOnyx\u201c, \u201ewir\u201c oder \u201euns\u201c) Cookies auf dieser Website verwenden: https:\/\/www.onyxcentersource.com\/. Was sind...\" \/>\n<meta property=\"og:url\" content=\"https:\/\/onyxcentersource.com\/de\/cookie-richtlinie\/\" \/>\n<meta property=\"og:site_name\" content=\"Onyx CenterSource\u2122\" \/>\n<meta property=\"article:modified_time\" content=\"2025-12-04T20:43:03+00:00\" \/>\n<meta name=\"twitter:card\" content=\"summary_large_image\" \/>\n<meta name=\"twitter:label1\" content=\"Gesch\u00e4tzte Lesezeit\" \/>\n\t<meta name=\"twitter:data1\" content=\"5\u00a0Minuten\" \/>\n<script type=\"application\/ld+json\" class=\"yoast-schema-graph\">{\"@context\":\"https:\/\/schema.org\",\"@graph\":[{\"@type\":\"WebPage\",\"@id\":\"https:\/\/onyxcentersource.com\/de\/cookie-richtlinie\/\",\"url\":\"https:\/\/onyxcentersource.com\/de\/cookie-richtlinie\/\",\"name\":\"Cookie-Richtlinie - Onyx CenterSource\u2122\",\"isPartOf\":{\"@id\":\"https:\/\/onyxcentersource.com\/de\/#website\"},\"primaryImageOfPage\":{\"@id\":\"https:\/\/onyxcentersource.com\/de\/cookie-richtlinie\/#primaryimage\"},\"image\":{\"@id\":\"https:\/\/onyxcentersource.com\/de\/cookie-richtlinie\/#primaryimage\"},\"thumbnailUrl\":\"https:\/\/www.onyxcentersource.com\/wp-content\/uploads\/2025\/02\/1.png\",\"datePublished\":\"2025-11-20T20:18:18+00:00\",\"dateModified\":\"2025-12-04T20:43:03+00:00\",\"breadcrumb\":{\"@id\":\"https:\/\/onyxcentersource.com\/de\/cookie-richtlinie\/#breadcrumb\"},\"inLanguage\":\"de\",\"potentialAction\":[{\"@type\":\"ReadAction\",\"target\":[\"https:\/\/onyxcentersource.com\/de\/cookie-richtlinie\/\"]}]},{\"@type\":\"ImageObject\",\"inLanguage\":\"de\",\"@id\":\"https:\/\/onyxcentersource.com\/de\/cookie-richtlinie\/#primaryimage\",\"url\":\"https:\/\/www.onyxcentersource.com\/wp-content\/uploads\/2025\/02\/1.png\",\"contentUrl\":\"https:\/\/www.onyxcentersource.com\/wp-content\/uploads\/2025\/02\/1.png\"},{\"@type\":\"BreadcrumbList\",\"@id\":\"https:\/\/onyxcentersource.com\/de\/cookie-richtlinie\/#breadcrumb\",\"itemListElement\":[{\"@type\":\"ListItem\",\"position\":1,\"name\":\"Home\",\"item\":\"https:\/\/onyxcentersource.com\/de\/startseite\/\"},{\"@type\":\"ListItem\",\"position\":2,\"name\":\"Cookie-Richtlinie\"}]},{\"@type\":\"WebSite\",\"@id\":\"https:\/\/onyxcentersource.com\/de\/#website\",\"url\":\"https:\/\/onyxcentersource.com\/de\/\",\"name\":\"Onyx CenterSource\u2122\",\"description\":\"\",\"publisher\":{\"@id\":\"https:\/\/onyxcentersource.com\/de\/#organization\"},\"potentialAction\":[{\"@type\":\"SearchAction\",\"target\":{\"@type\":\"EntryPoint\",\"urlTemplate\":\"https:\/\/onyxcentersource.com\/de\/?s={search_term_string}\"},\"query-input\":{\"@type\":\"PropertyValueSpecification\",\"valueRequired\":true,\"valueName\":\"search_term_string\"}}],\"inLanguage\":\"de\"},{\"@type\":\"Organization\",\"@id\":\"https:\/\/onyxcentersource.com\/de\/#organization\",\"name\":\"Onyx CenterSource\u2122\",\"url\":\"https:\/\/onyxcentersource.com\/de\/\",\"logo\":{\"@type\":\"ImageObject\",\"inLanguage\":\"de\",\"@id\":\"https:\/\/onyxcentersource.com\/de\/#\/schema\/logo\/image\/\",\"url\":\"https:\/\/onyxcentersource.com\/wp-content\/uploads\/2025\/12\/Onyx-Logo-Horizontal-scaled-e1765564060227.png\",\"contentUrl\":\"https:\/\/onyxcentersource.com\/wp-content\/uploads\/2025\/12\/Onyx-Logo-Horizontal-scaled-e1765564060227.png\",\"width\":370,\"height\":115,\"caption\":\"Onyx CenterSource\u2122\"},\"image\":{\"@id\":\"https:\/\/onyxcentersource.com\/de\/#\/schema\/logo\/image\/\"}}]}<\/script>\n<!-- \/ Yoast SEO Premium plugin. -->","yoast_head_json":{"title":"Cookie-Richtlinie - Onyx CenterSource\u2122","robots":{"index":"index","follow":"follow","max-snippet":"max-snippet:-1","max-image-preview":"max-image-preview:large","max-video-preview":"max-video-preview:-1"},"canonical":"https:\/\/onyxcentersource.com\/de\/cookie-richtlinie\/","og_locale":"de_DE","og_type":"article","og_title":"Cookie-Richtlinie","og_description":"Cookie-Richtlinie Cookie-Richtlinie Letzte Aktualisierung: 05. Februar 2025 Diese Richtlinie beschreibt, wie und warum die Pegasus Business Intelligence, LP d\/b\/a Onyx CenterSource und ihre verbundenen Unternehmen, einschlie\u00dflich, aber nicht beschr\u00e4nkt auf Onyx CenterSource Spain, S.A., Onyx CenterSource (UK) Limited und Onyx CenterSource AS (zusammen \u201eOnyx\u201c, \u201ewir\u201c oder \u201euns\u201c) Cookies auf dieser Website verwenden: https:\/\/www.onyxcentersource.com\/. Was sind...","og_url":"https:\/\/onyxcentersource.com\/de\/cookie-richtlinie\/","og_site_name":"Onyx CenterSource\u2122","article_modified_time":"2025-12-04T20:43:03+00:00","twitter_card":"summary_large_image","twitter_misc":{"Gesch\u00e4tzte Lesezeit":"5\u00a0Minuten"},"schema":{"@context":"https:\/\/schema.org","@graph":[{"@type":"WebPage","@id":"https:\/\/onyxcentersource.com\/de\/cookie-richtlinie\/","url":"https:\/\/onyxcentersource.com\/de\/cookie-richtlinie\/","name":"Cookie-Richtlinie - Onyx CenterSource\u2122","isPartOf":{"@id":"https:\/\/onyxcentersource.com\/de\/#website"},"primaryImageOfPage":{"@id":"https:\/\/onyxcentersource.com\/de\/cookie-richtlinie\/#primaryimage"},"image":{"@id":"https:\/\/onyxcentersource.com\/de\/cookie-richtlinie\/#primaryimage"},"thumbnailUrl":"https:\/\/www.onyxcentersource.com\/wp-content\/uploads\/2025\/02\/1.png","datePublished":"2025-11-20T20:18:18+00:00","dateModified":"2025-12-04T20:43:03+00:00","breadcrumb":{"@id":"https:\/\/onyxcentersource.com\/de\/cookie-richtlinie\/#breadcrumb"},"inLanguage":"de","potentialAction":[{"@type":"ReadAction","target":["https:\/\/onyxcentersource.com\/de\/cookie-richtlinie\/"]}]},{"@type":"ImageObject","inLanguage":"de","@id":"https:\/\/onyxcentersource.com\/de\/cookie-richtlinie\/#primaryimage","url":"https:\/\/www.onyxcentersource.com\/wp-content\/uploads\/2025\/02\/1.png","contentUrl":"https:\/\/www.onyxcentersource.com\/wp-content\/uploads\/2025\/02\/1.png"},{"@type":"BreadcrumbList","@id":"https:\/\/onyxcentersource.com\/de\/cookie-richtlinie\/#breadcrumb","itemListElement":[{"@type":"ListItem","position":1,"name":"Home","item":"https:\/\/onyxcentersource.com\/de\/startseite\/"},{"@type":"ListItem","position":2,"name":"Cookie-Richtlinie"}]},{"@type":"WebSite","@id":"https:\/\/onyxcentersource.com\/de\/#website","url":"https:\/\/onyxcentersource.com\/de\/","name":"Onyx CenterSource\u2122","description":"","publisher":{"@id":"https:\/\/onyxcentersource.com\/de\/#organization"},"potentialAction":[{"@type":"SearchAction","target":{"@type":"EntryPoint","urlTemplate":"https:\/\/onyxcentersource.com\/de\/?s={search_term_string}"},"query-input":{"@type":"PropertyValueSpecification","valueRequired":true,"valueName":"search_term_string"}}],"inLanguage":"de"},{"@type":"Organization","@id":"https:\/\/onyxcentersource.com\/de\/#organization","name":"Onyx CenterSource\u2122","url":"https:\/\/onyxcentersource.com\/de\/","logo":{"@type":"ImageObject","inLanguage":"de","@id":"https:\/\/onyxcentersource.com\/de\/#\/schema\/logo\/image\/","url":"https:\/\/onyxcentersource.com\/wp-content\/uploads\/2025\/12\/Onyx-Logo-Horizontal-scaled-e1765564060227.png","contentUrl":"https:\/\/onyxcentersource.com\/wp-content\/uploads\/2025\/12\/Onyx-Logo-Horizontal-scaled-e1765564060227.png","width":370,"height":115,"caption":"Onyx CenterSource\u2122"},"image":{"@id":"https:\/\/onyxcentersource.com\/de\/#\/schema\/logo\/image\/"}}]}},"featured_image_src":null,"featured_image_src_square":null,"_links":{"self":[{"href":"https:\/\/onyxcentersource.com\/de\/wp-json\/wp\/v2\/pages\/993125","targetHints":{"allow":["GET"]}}],"collection":[{"href":"https:\/\/onyxcentersource.com\/de\/wp-json\/wp\/v2\/pages"}],"about":[{"href":"https:\/\/onyxcentersource.com\/de\/wp-json\/wp\/v2\/types\/page"}],"author":[{"embeddable":true,"href":"https:\/\/onyxcentersource.com\/de\/wp-json\/wp\/v2\/users\/2"}],"replies":[{"embeddable":true,"href":"https:\/\/onyxcentersource.com\/de\/wp-json\/wp\/v2\/comments?post=993125"}],"version-history":[{"count":0,"href":"https:\/\/onyxcentersource.com\/de\/wp-json\/wp\/v2\/pages\/993125\/revisions"}],"wp:attachment":[{"href":"https:\/\/onyxcentersource.com\/de\/wp-json\/wp\/v2\/media?parent=993125"}],"curies":[{"name":"wp","href":"https:\/\/api.w.org\/{rel}","templated":true}]}}