{"id":988350,"date":"2025-11-19T20:16:22","date_gmt":"2025-11-19T20:16:22","guid":{"rendered":"https:\/\/onyxcenterdev.wpenginepowered.com\/aviso-legal\/"},"modified":"2025-12-09T22:08:47","modified_gmt":"2025-12-09T22:08:47","slug":"aviso-legal","status":"publish","type":"page","link":"https:\/\/onyxcentersource.com\/es\/aviso-legal\/","title":{"rendered":"Aviso legal"},"content":{"rendered":"\t\t<div data-elementor-type=\"wp-page\" data-elementor-id=\"988350\" class=\"elementor elementor-988350 elementor-988116\" data-elementor-post-type=\"page\">\n\t\t\t\t<div class=\"elementor-element elementor-element-1d9a684 e-flex e-con-boxed e-con e-parent\" data-id=\"1d9a684\" data-element_type=\"container\">\n\t\t\t\t\t<div class=\"e-con-inner\">\n\t\t<div class=\"elementor-element elementor-element-89eb5db e-flex e-con-boxed e-con e-child\" data-id=\"89eb5db\" data-element_type=\"container\" data-settings=\"{&quot;background_background&quot;:&quot;gradient&quot;}\">\n\t\t\t\t\t<div class=\"e-con-inner\">\n\t\t<div class=\"elementor-element elementor-element-2dc0cf7 e-flex e-con-boxed e-con e-child\" data-id=\"2dc0cf7\" data-element_type=\"container\">\n\t\t\t\t\t<div class=\"e-con-inner\">\n\t\t<div class=\"elementor-element elementor-element-d02b08e e-con-full e-flex e-con e-child\" data-id=\"d02b08e\" data-element_type=\"container\">\n\t\t\t\t<div class=\"elementor-element elementor-element-df28f64 elementor-widget elementor-widget-heading\" data-id=\"df28f64\" data-element_type=\"widget\" data-widget_type=\"heading.default\">\n\t\t\t\t<div class=\"elementor-widget-container\">\n\t\t\t\t\t<span class=\"elementor-heading-title elementor-size-default\">Aviso legal<\/span>\t\t\t\t<\/div>\n\t\t\t\t<\/div>\n\t\t\t\t<div class=\"elementor-element elementor-element-05ac261 elementor-widget elementor-widget-heading\" data-id=\"05ac261\" data-element_type=\"widget\" data-widget_type=\"heading.default\">\n\t\t\t\t<div class=\"elementor-widget-container\">\n\t\t\t\t\t<h1 class=\"elementor-heading-title elementor-size-default\">Aviso legal<\/h1>\t\t\t\t<\/div>\n\t\t\t\t<\/div>\n\t\t\t\t<\/div>\n\t\t<div class=\"elementor-element elementor-element-ec7541a e-flex e-con-boxed e-con e-child\" data-id=\"ec7541a\" data-element_type=\"container\">\n\t\t\t\t\t<div class=\"e-con-inner\">\n\t\t\t\t<div class=\"elementor-element elementor-element-4ce2cc4 elementor-widget elementor-widget-heading\" data-id=\"4ce2cc4\" data-element_type=\"widget\" data-widget_type=\"heading.default\">\n\t\t\t\t<div class=\"elementor-widget-container\">\n\t\t\t\t\t<h2 class=\"elementor-heading-title elementor-size-default\">1.- Identificaci\u00f3n legal e informaci\u00f3n de contacto<\/h2>\t\t\t\t<\/div>\n\t\t\t\t<\/div>\n\t\t\t\t<div class=\"elementor-element elementor-element-9aca551 elementor-widget elementor-widget-text-editor\" data-id=\"9aca551\" data-element_type=\"widget\" data-widget_type=\"text-editor.default\">\n\t\t\t\t<div class=\"elementor-widget-container\">\n\t\t\t\t\t\t\t\t\t<p><strong>PEGASUS BUSINESS INTELLIGENCE, LP.<\/strong><br>Two Lincoln Centre, 5420 LBJ Freeway<br>Suite 900, Dallas, TX 75240 Estados Unidos<br>Tel\u00e9fono de contacto: (+1) (214) 396 3280<br>Empresa registrada en el estado de Delaware, Estados Unidos.<br>N\u00famero de identificaci\u00f3n fiscal: 75-2738581<\/p><p><strong>ONYX CENTERSOURCE SPAIN, S.A.<\/strong><br>Edificio INSUR Diego Mart\u00ednez Barrio 10, 5\u00aa planta<br>41013 Sevilla, Espa\u00f1a<br>Tel\u00e9fono de contacto: (+34) 955 031 400<br>Empresa inscrita en el Registro Mercantil de Sevilla, Espa\u00f1a.<br>N\u00famero de identificaci\u00f3n fiscal: A-41996679<\/p><p><strong>ONYX CENTERSOURCE AS<\/strong><br>Tr\u00e6leborgodden 6,<br>3112 T\u00f8nsberg, Noruega<br>Tel\u00e9fono de contacto: (+47) 33 34 96 00<br>Empresa inscrita en el Registro de Empresas de Noruega.<br>N\u00famero de identificaci\u00f3n fiscal: 883-430-972<\/p><p><strong>ONYX CENTERSOURCE (UK) LIMITED<\/strong><br>4 More London Riverside,<br>SE1 2AU Londres, Inglaterra<br>Empresa inscrita en el Registro de Empresas del Reino Unido.<br>N\u00famero de identificaci\u00f3n fiscal: 172211837<\/p><p>Direcci\u00f3n web: <a href=\"\/\" target=\"_blank\" rel=\"noopener\">https:\/\/www.onyxcentersource.com\/<\/a><br>\u00bfNecesita ayuda?: <a style=\"font-family: inherit; font-size: inherit; font-style: inherit; font-variant-ligatures: inherit; font-variant-caps: inherit; font-weight: inherit;\" href=\"https:\/\/onyxcentersource.com\/es\/contactenos\/\" target=\"_blank\" rel=\"noopener\">https:\/\/www.onyxcentersource.com\/contact-us\/<\/a><\/p>\t\t\t\t\t\t\t\t<\/div>\n\t\t\t\t<\/div>\n\t\t\t\t<div class=\"elementor-element elementor-element-852a467 elementor-widget elementor-widget-heading\" data-id=\"852a467\" data-element_type=\"widget\" data-widget_type=\"heading.default\">\n\t\t\t\t<div class=\"elementor-widget-container\">\n\t\t\t\t\t<h2 class=\"elementor-heading-title elementor-size-default\">2.- Finalidad del aviso legal<\/h2>\t\t\t\t<\/div>\n\t\t\t\t<\/div>\n\t\t\t\t<div class=\"elementor-element elementor-element-fd8bd18 elementor-widget elementor-widget-text-editor\" data-id=\"fd8bd18\" data-element_type=\"widget\" data-widget_type=\"text-editor.default\">\n\t\t\t\t<div class=\"elementor-widget-container\">\n\t\t\t\t\t\t\t\t\t<p>El objetivo de este sitio web es recopilar informaci\u00f3n del usuario y su consentimiento con el fin de distribuir un libro electr\u00f3nico gratuito sobre las tendencias cr\u00edticas en el sector de la hosteler\u00eda ofrecido por Pegasus Business Intelligence LP y sus filiales (\u00abOnyx\u00bb).<\/p><p>Lea atentamente este aviso legal antes de empezar a utilizar el sitio web. Al utilizar nuestro sitio web, indica que acepta las condiciones generales incluidas en el sitio web y que est\u00e1 de acuerdo en cumplirlas. Si no est\u00e1 de acuerdo con ellas, abst\u00e9ngase de utilizar este sitio web. Tenga en cuenta tambi\u00e9n que el sitio web, los servicios y estas condiciones generales pueden ser modificados, por lo que se recomienda leerlas peri\u00f3dicamente. Cualquier modificaci\u00f3n se publicar\u00e1 en este sitio, donde entrar\u00e1 en vigor y se aplicar\u00e1 inmediatamente.<\/p>\t\t\t\t\t\t\t\t<\/div>\n\t\t\t\t<\/div>\n\t\t\t\t\t<\/div>\n\t\t\t\t<\/div>\n\t\t\t\t\t<\/div>\n\t\t\t\t<\/div>\n\t\t\t\t\t<\/div>\n\t\t\t\t<\/div>\n\t\t\t\t\t<\/div>\n\t\t\t\t<\/div>\n\t\t\t\t<\/div>\n\t\t","protected":false},"excerpt":{"rendered":"<p>Aviso legal Aviso legal 1.- Identificaci\u00f3n legal e informaci\u00f3n de contacto PEGASUS BUSINESS INTELLIGENCE, LP.Two Lincoln Centre, 5420 LBJ FreewaySuite 900, Dallas, TX 75240 Estados UnidosTel\u00e9fono de contacto: (+1) (214) 396 3280Empresa registrada en el estado de Delaware, Estados Unidos.N\u00famero de identificaci\u00f3n fiscal: 75-2738581 ONYX CENTERSOURCE SPAIN, S.A.Edificio INSUR Diego Mart\u00ednez Barrio 10, 5\u00aa planta41013&#8230;<\/p>\n","protected":false},"author":2,"featured_media":0,"parent":0,"menu_order":0,"comment_status":"closed","ping_status":"closed","template":"","meta":{"_acf_changed":false,"footnotes":""},"class_list":["post-988350","page","type-page","status-publish","hentry"],"acf":[],"yoast_head":"<!-- This site is optimized with the Yoast SEO Premium plugin v26.5 (Yoast SEO v27.0) - https:\/\/yoast.com\/product\/yoast-seo-premium-wordpress\/ -->\n<title>Aviso legal - Onyx CenterSource\u2122<\/title>\n<meta name=\"robots\" content=\"index, follow, max-snippet:-1, max-image-preview:large, max-video-preview:-1\" \/>\n<link rel=\"canonical\" href=\"https:\/\/onyxcentersource.com\/es\/aviso-legal\/\" \/>\n<meta property=\"og:locale\" content=\"es_ES\" \/>\n<meta property=\"og:type\" content=\"article\" \/>\n<meta property=\"og:title\" content=\"Aviso legal\" \/>\n<meta property=\"og:description\" content=\"Aviso legal Aviso legal 1.- Identificaci\u00f3n legal e informaci\u00f3n de contacto PEGASUS BUSINESS INTELLIGENCE, LP.Two Lincoln Centre, 5420 LBJ FreewaySuite 900, Dallas, TX 75240 Estados UnidosTel\u00e9fono de contacto: (+1) (214) 396 3280Empresa registrada en el estado de Delaware, Estados Unidos.N\u00famero de identificaci\u00f3n fiscal: 75-2738581 ONYX CENTERSOURCE SPAIN, S.A.Edificio INSUR Diego Mart\u00ednez Barrio 10, 5\u00aa planta41013...\" \/>\n<meta property=\"og:url\" content=\"https:\/\/onyxcentersource.com\/es\/aviso-legal\/\" \/>\n<meta property=\"og:site_name\" content=\"Onyx CenterSource\u2122\" \/>\n<meta property=\"article:modified_time\" content=\"2025-12-09T22:08:47+00:00\" \/>\n<meta name=\"twitter:card\" content=\"summary_large_image\" \/>\n<meta name=\"twitter:label1\" content=\"Tiempo de lectura\" \/>\n\t<meta name=\"twitter:data1\" content=\"1 minuto\" \/>\n<script type=\"application\/ld+json\" class=\"yoast-schema-graph\">{\"@context\":\"https:\/\/schema.org\",\"@graph\":[{\"@type\":\"WebPage\",\"@id\":\"https:\/\/onyxcentersource.com\/es\/aviso-legal\/\",\"url\":\"https:\/\/onyxcentersource.com\/es\/aviso-legal\/\",\"name\":\"Aviso legal - Onyx CenterSource\u2122\",\"isPartOf\":{\"@id\":\"https:\/\/onyxcentersource.com\/es\/#website\"},\"datePublished\":\"2025-11-19T20:16:22+00:00\",\"dateModified\":\"2025-12-09T22:08:47+00:00\",\"breadcrumb\":{\"@id\":\"https:\/\/onyxcentersource.com\/es\/aviso-legal\/#breadcrumb\"},\"inLanguage\":\"es\",\"potentialAction\":[{\"@type\":\"ReadAction\",\"target\":[\"https:\/\/onyxcentersource.com\/es\/aviso-legal\/\"]}]},{\"@type\":\"BreadcrumbList\",\"@id\":\"https:\/\/onyxcentersource.com\/es\/aviso-legal\/#breadcrumb\",\"itemListElement\":[{\"@type\":\"ListItem\",\"position\":1,\"name\":\"Home\",\"item\":\"https:\/\/onyxcentersource.com\/es\/inicio\/\"},{\"@type\":\"ListItem\",\"position\":2,\"name\":\"Aviso legal\"}]},{\"@type\":\"WebSite\",\"@id\":\"https:\/\/onyxcentersource.com\/es\/#website\",\"url\":\"https:\/\/onyxcentersource.com\/es\/\",\"name\":\"Onyx CenterSource\u2122\",\"description\":\"\",\"publisher\":{\"@id\":\"https:\/\/onyxcentersource.com\/es\/#organization\"},\"potentialAction\":[{\"@type\":\"SearchAction\",\"target\":{\"@type\":\"EntryPoint\",\"urlTemplate\":\"https:\/\/onyxcentersource.com\/es\/?s={search_term_string}\"},\"query-input\":{\"@type\":\"PropertyValueSpecification\",\"valueRequired\":true,\"valueName\":\"search_term_string\"}}],\"inLanguage\":\"es\"},{\"@type\":\"Organization\",\"@id\":\"https:\/\/onyxcentersource.com\/es\/#organization\",\"name\":\"Onyx CenterSource\u2122\",\"url\":\"https:\/\/onyxcentersource.com\/es\/\",\"logo\":{\"@type\":\"ImageObject\",\"inLanguage\":\"es\",\"@id\":\"https:\/\/onyxcentersource.com\/es\/#\/schema\/logo\/image\/\",\"url\":\"https:\/\/onyxcentersource.com\/wp-content\/uploads\/2025\/12\/Onyx-Logo-Horizontal-scaled-e1765564060227.png\",\"contentUrl\":\"https:\/\/onyxcentersource.com\/wp-content\/uploads\/2025\/12\/Onyx-Logo-Horizontal-scaled-e1765564060227.png\",\"width\":370,\"height\":115,\"caption\":\"Onyx CenterSource\u2122\"},\"image\":{\"@id\":\"https:\/\/onyxcentersource.com\/es\/#\/schema\/logo\/image\/\"}}]}<\/script>\n<!-- \/ Yoast SEO Premium plugin. -->","yoast_head_json":{"title":"Aviso legal - Onyx CenterSource\u2122","robots":{"index":"index","follow":"follow","max-snippet":"max-snippet:-1","max-image-preview":"max-image-preview:large","max-video-preview":"max-video-preview:-1"},"canonical":"https:\/\/onyxcentersource.com\/es\/aviso-legal\/","og_locale":"es_ES","og_type":"article","og_title":"Aviso legal","og_description":"Aviso legal Aviso legal 1.- Identificaci\u00f3n legal e informaci\u00f3n de contacto PEGASUS BUSINESS INTELLIGENCE, LP.Two Lincoln Centre, 5420 LBJ FreewaySuite 900, Dallas, TX 75240 Estados UnidosTel\u00e9fono de contacto: (+1) (214) 396 3280Empresa registrada en el estado de Delaware, Estados Unidos.N\u00famero de identificaci\u00f3n fiscal: 75-2738581 ONYX CENTERSOURCE SPAIN, S.A.Edificio INSUR Diego Mart\u00ednez Barrio 10, 5\u00aa planta41013...","og_url":"https:\/\/onyxcentersource.com\/es\/aviso-legal\/","og_site_name":"Onyx CenterSource\u2122","article_modified_time":"2025-12-09T22:08:47+00:00","twitter_card":"summary_large_image","twitter_misc":{"Tiempo de lectura":"1 minuto"},"schema":{"@context":"https:\/\/schema.org","@graph":[{"@type":"WebPage","@id":"https:\/\/onyxcentersource.com\/es\/aviso-legal\/","url":"https:\/\/onyxcentersource.com\/es\/aviso-legal\/","name":"Aviso legal - Onyx CenterSource\u2122","isPartOf":{"@id":"https:\/\/onyxcentersource.com\/es\/#website"},"datePublished":"2025-11-19T20:16:22+00:00","dateModified":"2025-12-09T22:08:47+00:00","breadcrumb":{"@id":"https:\/\/onyxcentersource.com\/es\/aviso-legal\/#breadcrumb"},"inLanguage":"es","potentialAction":[{"@type":"ReadAction","target":["https:\/\/onyxcentersource.com\/es\/aviso-legal\/"]}]},{"@type":"BreadcrumbList","@id":"https:\/\/onyxcentersource.com\/es\/aviso-legal\/#breadcrumb","itemListElement":[{"@type":"ListItem","position":1,"name":"Home","item":"https:\/\/onyxcentersource.com\/es\/inicio\/"},{"@type":"ListItem","position":2,"name":"Aviso legal"}]},{"@type":"WebSite","@id":"https:\/\/onyxcentersource.com\/es\/#website","url":"https:\/\/onyxcentersource.com\/es\/","name":"Onyx CenterSource\u2122","description":"","publisher":{"@id":"https:\/\/onyxcentersource.com\/es\/#organization"},"potentialAction":[{"@type":"SearchAction","target":{"@type":"EntryPoint","urlTemplate":"https:\/\/onyxcentersource.com\/es\/?s={search_term_string}"},"query-input":{"@type":"PropertyValueSpecification","valueRequired":true,"valueName":"search_term_string"}}],"inLanguage":"es"},{"@type":"Organization","@id":"https:\/\/onyxcentersource.com\/es\/#organization","name":"Onyx CenterSource\u2122","url":"https:\/\/onyxcentersource.com\/es\/","logo":{"@type":"ImageObject","inLanguage":"es","@id":"https:\/\/onyxcentersource.com\/es\/#\/schema\/logo\/image\/","url":"https:\/\/onyxcentersource.com\/wp-content\/uploads\/2025\/12\/Onyx-Logo-Horizontal-scaled-e1765564060227.png","contentUrl":"https:\/\/onyxcentersource.com\/wp-content\/uploads\/2025\/12\/Onyx-Logo-Horizontal-scaled-e1765564060227.png","width":370,"height":115,"caption":"Onyx CenterSource\u2122"},"image":{"@id":"https:\/\/onyxcentersource.com\/es\/#\/schema\/logo\/image\/"}}]}},"featured_image_src":null,"featured_image_src_square":null,"_links":{"self":[{"href":"https:\/\/onyxcentersource.com\/es\/wp-json\/wp\/v2\/pages\/988350","targetHints":{"allow":["GET"]}}],"collection":[{"href":"https:\/\/onyxcentersource.com\/es\/wp-json\/wp\/v2\/pages"}],"about":[{"href":"https:\/\/onyxcentersource.com\/es\/wp-json\/wp\/v2\/types\/page"}],"author":[{"embeddable":true,"href":"https:\/\/onyxcentersource.com\/es\/wp-json\/wp\/v2\/users\/2"}],"replies":[{"embeddable":true,"href":"https:\/\/onyxcentersource.com\/es\/wp-json\/wp\/v2\/comments?post=988350"}],"version-history":[{"count":0,"href":"https:\/\/onyxcentersource.com\/es\/wp-json\/wp\/v2\/pages\/988350\/revisions"}],"wp:attachment":[{"href":"https:\/\/onyxcentersource.com\/es\/wp-json\/wp\/v2\/media?parent=988350"}],"curies":[{"name":"wp","href":"https:\/\/api.w.org\/{rel}","templated":true}]}}