{"id":988416,"date":"2025-11-20T20:18:31","date_gmt":"2025-11-20T20:18:31","guid":{"rendered":"https:\/\/onyxcenterdev.wpenginepowered.com\/informacion-para-denunciantes\/"},"modified":"2025-12-03T19:06:21","modified_gmt":"2025-12-03T19:06:21","slug":"informacion-para-denunciantes","status":"publish","type":"page","link":"https:\/\/onyxcentersource.com\/es\/informacion-para-denunciantes\/","title":{"rendered":"Informaci\u00f3n para denunciantes"},"content":{"rendered":"\t\t<div data-elementor-type=\"wp-page\" data-elementor-id=\"988416\" class=\"elementor elementor-988416 elementor-988118\" data-elementor-post-type=\"page\">\n\t\t\t\t<div class=\"elementor-element elementor-element-1d9a684 e-flex e-con-boxed e-con e-parent\" data-id=\"1d9a684\" data-element_type=\"container\">\n\t\t\t\t\t<div class=\"e-con-inner\">\n\t\t<div class=\"elementor-element elementor-element-89eb5db e-flex e-con-boxed e-con e-child\" data-id=\"89eb5db\" data-element_type=\"container\" data-settings=\"{&quot;background_background&quot;:&quot;gradient&quot;}\">\n\t\t\t\t\t<div class=\"e-con-inner\">\n\t\t<div class=\"elementor-element elementor-element-2dc0cf7 e-flex e-con-boxed e-con e-child\" data-id=\"2dc0cf7\" data-element_type=\"container\">\n\t\t\t\t\t<div class=\"e-con-inner\">\n\t\t<div class=\"elementor-element elementor-element-d02b08e e-con-full e-flex e-con e-child\" data-id=\"d02b08e\" data-element_type=\"container\">\n\t\t\t\t<div class=\"elementor-element elementor-element-df28f64 elementor-widget elementor-widget-heading\" data-id=\"df28f64\" data-element_type=\"widget\" data-widget_type=\"heading.default\">\n\t\t\t\t<div class=\"elementor-widget-container\">\n\t\t\t\t\t<span class=\"elementor-heading-title elementor-size-default\">Informaci\u00f3n para denunciantes<\/span>\t\t\t\t<\/div>\n\t\t\t\t<\/div>\n\t\t\t\t<div class=\"elementor-element elementor-element-05ac261 elementor-widget elementor-widget-heading\" data-id=\"05ac261\" data-element_type=\"widget\" data-widget_type=\"heading.default\">\n\t\t\t\t<div class=\"elementor-widget-container\">\n\t\t\t\t\t<h1 class=\"elementor-heading-title elementor-size-default\">Informaci\u00f3n para denunciantes<\/h1>\t\t\t\t<\/div>\n\t\t\t\t<\/div>\n\t\t\t\t<\/div>\n\t\t<div class=\"elementor-element elementor-element-ec7541a e-flex e-con-boxed e-con e-child\" data-id=\"ec7541a\" data-element_type=\"container\">\n\t\t\t\t\t<div class=\"e-con-inner\">\n\t\t\t\t<div class=\"elementor-element elementor-element-9aca551 elementor-widget elementor-widget-text-editor\" data-id=\"9aca551\" data-element_type=\"widget\" data-widget_type=\"text-editor.default\">\n\t\t\t\t<div class=\"elementor-widget-container\">\n\t\t\t\t\t\t\t\t\t<p><em>El responsable del tratamiento de los datos es PEGASUS BUSINESS INTELLIGENCE LP, dba Onyx CenterSource y sus filiales (\u00abOnyx\u00bb). Los datos se tratar\u00e1n con el fin de gestionar su comunicaci\u00f3n e investigar los hechos denunciados. En las condiciones legales, tiene derecho a acceder, rectificar y suprimir los datos, a la limitaci\u00f3n de su tratamiento, a oponerse al mismo y a su portabilidad. Puede encontrar m\u00e1s informaci\u00f3n sobre el tratamiento de sus datos personales en la Pol\u00edtica de privacidad del Canal de informaci\u00f3n interno.<\/em><br><em><\/em><br><em>Para denunciar un incidente, dir\u00edjase a <\/em><em><a class=\"c-link\" href=\"http:\/\/www.lighthouse-services.com\/onyxcentersource\" target=\"_blank\" rel=\"noopener noreferrer\" data-stringify-link=\"http:\/\/www.lighthouse-services.com\/onyxcentersource\" data-sk=\"tooltip_parent\">Syntrio Anonymous Reporting<\/a><\/em><em> o llame a las l\u00edneas directas de denuncia nacionales e internacionales, disponibles las 24 horas del d\u00eda, los 7 d\u00edas de la semana y los 365 d\u00edas del a\u00f1o, siguiendo estas instrucciones:<\/em><\/p>\n<p>1. Aseg\u00farese de tener una l\u00ednea externa.<\/p>\n<p>2. Introduzca el <a href=\"https:\/\/www.business.att.com\/collateral\/access.html\">c\u00f3digo de acceso<\/a> para el pa\u00eds o el sistema telef\u00f3nico desde el que est\u00e1 llamando. A continuaci\u00f3n, oir\u00e1 un \u00abbong\u00bb.<\/p>\n<p>3. Un mensaje de voz en ingl\u00e9s le pedir\u00e1 el n\u00famero al que est\u00e1 llamando.<\/p>\n<p>4. Introduzca nuestro n\u00famero gratuito: 800-603-2869. No es necesario marcar \u00ab1\u00bb antes del n\u00famero gratuito.<\/p>\n<p>5. Ahora est\u00e1 conectado a la l\u00ednea directa.<\/p>\n<p>6. Se reproducir\u00e1 un saludo de Lighthouse en <a href=\"https:\/\/www.lighthouse-services.com\/documentlink\/Automated%20in-language%20greetings%2010-31-2019.pdf\">varios idiomas<\/a>. Elija una opci\u00f3n de los mensajes de idioma pregrabados o pulse 000 e indique al operador en ingl\u00e9s el idioma que habla (preferiblemente en ingl\u00e9s). A continuaci\u00f3n, un int\u00e9rprete se unir\u00e1 a la llamada en 2 o 3 minutos. El operador de Lighthouse le entrevistar\u00e1 con la ayuda del int\u00e9rprete.<\/p>\t\t\t\t\t\t\t\t<\/div>\n\t\t\t\t<\/div>\n\t\t\t\t\t<\/div>\n\t\t\t\t<\/div>\n\t\t\t\t\t<\/div>\n\t\t\t\t<\/div>\n\t\t\t\t\t<\/div>\n\t\t\t\t<\/div>\n\t\t\t\t\t<\/div>\n\t\t\t\t<\/div>\n\t\t\t\t<\/div>\n\t\t","protected":false},"excerpt":{"rendered":"<p>Informaci\u00f3n para denunciantes Informaci\u00f3n para denunciantes El responsable del tratamiento de los datos es PEGASUS BUSINESS INTELLIGENCE LP, dba Onyx CenterSource y sus filiales (\u00abOnyx\u00bb). Los datos se tratar\u00e1n con el fin de gestionar su comunicaci\u00f3n e investigar los hechos denunciados. En las condiciones legales, tiene derecho a acceder, rectificar y suprimir los datos, a&#8230;<\/p>\n","protected":false},"author":2,"featured_media":0,"parent":0,"menu_order":0,"comment_status":"closed","ping_status":"closed","template":"","meta":{"_acf_changed":false,"footnotes":""},"class_list":["post-988416","page","type-page","status-publish","hentry"],"acf":[],"yoast_head":"<!-- This site is optimized with the Yoast SEO Premium plugin v26.5 (Yoast SEO v27.0) - https:\/\/yoast.com\/product\/yoast-seo-premium-wordpress\/ -->\n<title>Informaci\u00f3n para denunciantes - Onyx CenterSource\u2122<\/title>\n<meta name=\"robots\" content=\"index, follow, max-snippet:-1, max-image-preview:large, max-video-preview:-1\" \/>\n<link rel=\"canonical\" href=\"https:\/\/onyxcentersource.com\/es\/informacion-para-denunciantes\/\" \/>\n<meta property=\"og:locale\" content=\"es_ES\" \/>\n<meta property=\"og:type\" content=\"article\" \/>\n<meta property=\"og:title\" content=\"Informaci\u00f3n para denunciantes\" \/>\n<meta property=\"og:description\" content=\"Informaci\u00f3n para denunciantes Informaci\u00f3n para denunciantes El responsable del tratamiento de los datos es PEGASUS BUSINESS INTELLIGENCE LP, dba Onyx CenterSource y sus filiales (\u00abOnyx\u00bb). Los datos se tratar\u00e1n con el fin de gestionar su comunicaci\u00f3n e investigar los hechos denunciados. En las condiciones legales, tiene derecho a acceder, rectificar y suprimir los datos, a...\" \/>\n<meta property=\"og:url\" content=\"https:\/\/onyxcentersource.com\/es\/informacion-para-denunciantes\/\" \/>\n<meta property=\"og:site_name\" content=\"Onyx CenterSource\u2122\" \/>\n<meta property=\"article:modified_time\" content=\"2025-12-03T19:06:21+00:00\" \/>\n<meta name=\"twitter:card\" content=\"summary_large_image\" \/>\n<meta name=\"twitter:label1\" content=\"Tiempo de lectura\" \/>\n\t<meta name=\"twitter:data1\" content=\"1 minuto\" \/>\n<script type=\"application\/ld+json\" class=\"yoast-schema-graph\">{\"@context\":\"https:\/\/schema.org\",\"@graph\":[{\"@type\":\"WebPage\",\"@id\":\"https:\/\/onyxcentersource.com\/es\/informacion-para-denunciantes\/\",\"url\":\"https:\/\/onyxcentersource.com\/es\/informacion-para-denunciantes\/\",\"name\":\"Informaci\u00f3n para denunciantes - Onyx CenterSource\u2122\",\"isPartOf\":{\"@id\":\"https:\/\/onyxcentersource.com\/es\/#website\"},\"datePublished\":\"2025-11-20T20:18:31+00:00\",\"dateModified\":\"2025-12-03T19:06:21+00:00\",\"breadcrumb\":{\"@id\":\"https:\/\/onyxcentersource.com\/es\/informacion-para-denunciantes\/#breadcrumb\"},\"inLanguage\":\"es\",\"potentialAction\":[{\"@type\":\"ReadAction\",\"target\":[\"https:\/\/onyxcentersource.com\/es\/informacion-para-denunciantes\/\"]}]},{\"@type\":\"BreadcrumbList\",\"@id\":\"https:\/\/onyxcentersource.com\/es\/informacion-para-denunciantes\/#breadcrumb\",\"itemListElement\":[{\"@type\":\"ListItem\",\"position\":1,\"name\":\"Home\",\"item\":\"https:\/\/onyxcentersource.com\/es\/inicio\/\"},{\"@type\":\"ListItem\",\"position\":2,\"name\":\"Informaci\u00f3n para denunciantes\"}]},{\"@type\":\"WebSite\",\"@id\":\"https:\/\/onyxcentersource.com\/es\/#website\",\"url\":\"https:\/\/onyxcentersource.com\/es\/\",\"name\":\"Onyx CenterSource\u2122\",\"description\":\"\",\"publisher\":{\"@id\":\"https:\/\/onyxcentersource.com\/es\/#organization\"},\"potentialAction\":[{\"@type\":\"SearchAction\",\"target\":{\"@type\":\"EntryPoint\",\"urlTemplate\":\"https:\/\/onyxcentersource.com\/es\/?s={search_term_string}\"},\"query-input\":{\"@type\":\"PropertyValueSpecification\",\"valueRequired\":true,\"valueName\":\"search_term_string\"}}],\"inLanguage\":\"es\"},{\"@type\":\"Organization\",\"@id\":\"https:\/\/onyxcentersource.com\/es\/#organization\",\"name\":\"Onyx CenterSource\u2122\",\"url\":\"https:\/\/onyxcentersource.com\/es\/\",\"logo\":{\"@type\":\"ImageObject\",\"inLanguage\":\"es\",\"@id\":\"https:\/\/onyxcentersource.com\/es\/#\/schema\/logo\/image\/\",\"url\":\"https:\/\/onyxcentersource.com\/wp-content\/uploads\/2025\/12\/Onyx-Logo-Horizontal-scaled-e1765564060227.png\",\"contentUrl\":\"https:\/\/onyxcentersource.com\/wp-content\/uploads\/2025\/12\/Onyx-Logo-Horizontal-scaled-e1765564060227.png\",\"width\":370,\"height\":115,\"caption\":\"Onyx CenterSource\u2122\"},\"image\":{\"@id\":\"https:\/\/onyxcentersource.com\/es\/#\/schema\/logo\/image\/\"}}]}<\/script>\n<!-- \/ Yoast SEO Premium plugin. -->","yoast_head_json":{"title":"Informaci\u00f3n para denunciantes - Onyx CenterSource\u2122","robots":{"index":"index","follow":"follow","max-snippet":"max-snippet:-1","max-image-preview":"max-image-preview:large","max-video-preview":"max-video-preview:-1"},"canonical":"https:\/\/onyxcentersource.com\/es\/informacion-para-denunciantes\/","og_locale":"es_ES","og_type":"article","og_title":"Informaci\u00f3n para denunciantes","og_description":"Informaci\u00f3n para denunciantes Informaci\u00f3n para denunciantes El responsable del tratamiento de los datos es PEGASUS BUSINESS INTELLIGENCE LP, dba Onyx CenterSource y sus filiales (\u00abOnyx\u00bb). Los datos se tratar\u00e1n con el fin de gestionar su comunicaci\u00f3n e investigar los hechos denunciados. En las condiciones legales, tiene derecho a acceder, rectificar y suprimir los datos, a...","og_url":"https:\/\/onyxcentersource.com\/es\/informacion-para-denunciantes\/","og_site_name":"Onyx CenterSource\u2122","article_modified_time":"2025-12-03T19:06:21+00:00","twitter_card":"summary_large_image","twitter_misc":{"Tiempo de lectura":"1 minuto"},"schema":{"@context":"https:\/\/schema.org","@graph":[{"@type":"WebPage","@id":"https:\/\/onyxcentersource.com\/es\/informacion-para-denunciantes\/","url":"https:\/\/onyxcentersource.com\/es\/informacion-para-denunciantes\/","name":"Informaci\u00f3n para denunciantes - Onyx CenterSource\u2122","isPartOf":{"@id":"https:\/\/onyxcentersource.com\/es\/#website"},"datePublished":"2025-11-20T20:18:31+00:00","dateModified":"2025-12-03T19:06:21+00:00","breadcrumb":{"@id":"https:\/\/onyxcentersource.com\/es\/informacion-para-denunciantes\/#breadcrumb"},"inLanguage":"es","potentialAction":[{"@type":"ReadAction","target":["https:\/\/onyxcentersource.com\/es\/informacion-para-denunciantes\/"]}]},{"@type":"BreadcrumbList","@id":"https:\/\/onyxcentersource.com\/es\/informacion-para-denunciantes\/#breadcrumb","itemListElement":[{"@type":"ListItem","position":1,"name":"Home","item":"https:\/\/onyxcentersource.com\/es\/inicio\/"},{"@type":"ListItem","position":2,"name":"Informaci\u00f3n para denunciantes"}]},{"@type":"WebSite","@id":"https:\/\/onyxcentersource.com\/es\/#website","url":"https:\/\/onyxcentersource.com\/es\/","name":"Onyx CenterSource\u2122","description":"","publisher":{"@id":"https:\/\/onyxcentersource.com\/es\/#organization"},"potentialAction":[{"@type":"SearchAction","target":{"@type":"EntryPoint","urlTemplate":"https:\/\/onyxcentersource.com\/es\/?s={search_term_string}"},"query-input":{"@type":"PropertyValueSpecification","valueRequired":true,"valueName":"search_term_string"}}],"inLanguage":"es"},{"@type":"Organization","@id":"https:\/\/onyxcentersource.com\/es\/#organization","name":"Onyx CenterSource\u2122","url":"https:\/\/onyxcentersource.com\/es\/","logo":{"@type":"ImageObject","inLanguage":"es","@id":"https:\/\/onyxcentersource.com\/es\/#\/schema\/logo\/image\/","url":"https:\/\/onyxcentersource.com\/wp-content\/uploads\/2025\/12\/Onyx-Logo-Horizontal-scaled-e1765564060227.png","contentUrl":"https:\/\/onyxcentersource.com\/wp-content\/uploads\/2025\/12\/Onyx-Logo-Horizontal-scaled-e1765564060227.png","width":370,"height":115,"caption":"Onyx CenterSource\u2122"},"image":{"@id":"https:\/\/onyxcentersource.com\/es\/#\/schema\/logo\/image\/"}}]}},"featured_image_src":null,"featured_image_src_square":null,"_links":{"self":[{"href":"https:\/\/onyxcentersource.com\/es\/wp-json\/wp\/v2\/pages\/988416","targetHints":{"allow":["GET"]}}],"collection":[{"href":"https:\/\/onyxcentersource.com\/es\/wp-json\/wp\/v2\/pages"}],"about":[{"href":"https:\/\/onyxcentersource.com\/es\/wp-json\/wp\/v2\/types\/page"}],"author":[{"embeddable":true,"href":"https:\/\/onyxcentersource.com\/es\/wp-json\/wp\/v2\/users\/2"}],"replies":[{"embeddable":true,"href":"https:\/\/onyxcentersource.com\/es\/wp-json\/wp\/v2\/comments?post=988416"}],"version-history":[{"count":0,"href":"https:\/\/onyxcentersource.com\/es\/wp-json\/wp\/v2\/pages\/988416\/revisions"}],"wp:attachment":[{"href":"https:\/\/onyxcentersource.com\/es\/wp-json\/wp\/v2\/media?parent=988416"}],"curies":[{"name":"wp","href":"https:\/\/api.w.org\/{rel}","templated":true}]}}