{"id":988417,"date":"2025-11-20T20:18:37","date_gmt":"2025-11-20T20:18:37","guid":{"rendered":"https:\/\/onyxcenterdev.wpenginepowered.com\/terminos-y-condiciones\/"},"modified":"2025-12-15T21:06:39","modified_gmt":"2025-12-15T21:06:39","slug":"terminos-y-condiciones","status":"publish","type":"page","link":"https:\/\/onyxcentersource.com\/es\/terminos-y-condiciones\/","title":{"rendered":"T\u00e9rminos y condiciones"},"content":{"rendered":"\t\t<div data-elementor-type=\"wp-page\" data-elementor-id=\"988417\" class=\"elementor elementor-988417 elementor-988119\" data-elementor-post-type=\"page\">\n\t\t\t\t<div class=\"elementor-element elementor-element-1d9a684 e-flex e-con-boxed e-con e-parent\" data-id=\"1d9a684\" data-element_type=\"container\">\n\t\t\t\t\t<div class=\"e-con-inner\">\n\t\t<div class=\"elementor-element elementor-element-89eb5db e-flex e-con-boxed e-con e-child\" data-id=\"89eb5db\" data-element_type=\"container\" data-settings=\"{&quot;background_background&quot;:&quot;gradient&quot;}\">\n\t\t\t\t\t<div class=\"e-con-inner\">\n\t\t<div class=\"elementor-element elementor-element-2dc0cf7 e-flex e-con-boxed e-con e-child\" data-id=\"2dc0cf7\" data-element_type=\"container\">\n\t\t\t\t\t<div class=\"e-con-inner\">\n\t\t<div class=\"elementor-element elementor-element-d02b08e e-con-full e-flex e-con e-child\" data-id=\"d02b08e\" data-element_type=\"container\">\n\t\t\t\t<div class=\"elementor-element elementor-element-df28f64 elementor-widget elementor-widget-heading\" data-id=\"df28f64\" data-element_type=\"widget\" data-widget_type=\"heading.default\">\n\t\t\t\t<div class=\"elementor-widget-container\">\n\t\t\t\t\t<span class=\"elementor-heading-title elementor-size-default\">T\u00e9rminos y condiciones<\/span>\t\t\t\t<\/div>\n\t\t\t\t<\/div>\n\t\t\t\t<div class=\"elementor-element elementor-element-05ac261 elementor-widget elementor-widget-heading\" data-id=\"05ac261\" data-element_type=\"widget\" data-widget_type=\"heading.default\">\n\t\t\t\t<div class=\"elementor-widget-container\">\n\t\t\t\t\t<h1 class=\"elementor-heading-title elementor-size-default\">T\u00e9rminos de uso del sitio web<\/h1>\t\t\t\t<\/div>\n\t\t\t\t<\/div>\n\t\t\t\t<\/div>\n\t\t<div class=\"elementor-element elementor-element-ec7541a e-flex e-con-boxed e-con e-child\" data-id=\"ec7541a\" data-element_type=\"container\">\n\t\t\t\t\t<div class=\"e-con-inner\">\n\t\t\t\t<div class=\"elementor-element elementor-element-9aca551 elementor-widget elementor-widget-text-editor\" data-id=\"9aca551\" data-element_type=\"widget\" data-widget_type=\"text-editor.default\">\n\t\t\t\t<div class=\"elementor-widget-container\">\n\t\t\t\t\t\t\t\t\t<p>Estas Condiciones de Uso del Sitio Web (estas \u201c<b>Condiciones<\/b>\u201d) rigen el uso y el acceso al sitio web en <a href=\"https:\/\/onyxcentersource.com\/es\/\">onyxcentersource.com<\/a> y a cualquier p\u00e1gina relacionada (el \u201c<b>Sitio<\/b>\u201d). Estas Condiciones constituyen un acuerdo vinculante y legalmente exigible entre usted (junto con la organizaci\u00f3n en cuyo nombre visita este sitio web, si la hubiera, \u201c<b>usted<\/b>\u201d o \u201c<b>su<\/b>\u201d) y Pegasus Business Intelligence, LP d\/b\/a Onyx CenterSource y sus filiales, incluyendo, entre otras, Onyx CenterSource Spain, S.A. y Onyx CenterSource AS (en conjunto, \u201c<b>Onyx<\/b>\u201d), que posee y opera el Sitio. Al acceder y utilizar el Sitio, usted acepta expresamente estas Condiciones. Si no est\u00e1 de acuerdo con quedar vinculado por estas Condiciones, debe interrumpir inmediatamente su uso del Sitio.   <\/p><ol><li><strong>Otros acuerdos<\/strong>. Estas condiciones rigen el uso y el acceso al sitio. No obstante lo anterior, si usted es parte de un contrato independiente con Onyx, por ejemplo, como cliente de los servicios de Onyx, dicho contrato regir\u00e1 con respecto al objeto aplicable del mismo.  <\/li><li><strong>Modificaci\u00f3n.<\/strong> Onyx podr\u00e1 modificar estas condiciones de vez en cuando. Cuando esto ocurra, se podr\u00e1 incluir un aviso en el sitio indicando e inform\u00e1ndole de que se han realizado modificaciones. El uso continuado del sitio despu\u00e9s de que se haya publicado una nueva versi\u00f3n de estas condiciones constituye su aceptaci\u00f3n de quedar vinculado por la versi\u00f3n publicada en ese momento de estas condiciones. Onyx podr\u00e1 modificar o eliminar el sitio o cualquiera de sus caracter\u00edsticas o funcionalidades, as\u00ed como cualquier informaci\u00f3n y material contenido en el mismo, en cualquier momento, con o sin previo aviso. Onyx no tendr\u00e1 ninguna responsabilidad por dicha modificaci\u00f3n o eliminaci\u00f3n.    <\/li><li><strong>Licencia<\/strong>. Por \u00abcontenido\u00bb se entiende toda la informaci\u00f3n, datos, texto, software, m\u00fasica, sonido, fotograf\u00edas, gr\u00e1ficos, v\u00eddeo, mensajes u otro material que se muestre, utilice o incorpore de otro modo en el sitio, que son propiedad exclusiva de Onyx o, en su caso, tiene los derechos necesarios concedidos por el propietario tercero para su uso. Onyx le concede una licencia limitada, revocable, personal, no exclusiva e intransferible para acceder y utilizar el sitio y el contenido para su uso personal, informativo y no comercial, siempre que lo utilice de acuerdo con estas condiciones y la normativa vigente. <\/li><li><strong>Restricciones y usos prohibidos.<\/strong> Usted podr\u00e1 utilizar el sitio y el contenido \u00fanicamente con fines l\u00edcitos y de acuerdo con estas condiciones. En particular, no podr\u00e1: (i) eliminar ninguna marca comercial, aviso de derechos de autor o cualquier otro aviso contenido en cualquier contenido; (ii) reproducir, descargar (que no sea el almacenamiento en cach\u00e9 de p\u00e1ginas), modificar, publicar, distribuir, transmitir, difundir, emitir, transferir, licenciar, vender, alquilar, arrendar, adaptar, crear trabajos derivados basados en, mostrar o ejecutar p\u00fablicamente, o de cualquier manera explotar cualquier contenido; (iii) enmarcar o utilizar t\u00e9cnicas de enmarcado para encerrar cualquier contenido; (iv) desensamblar, descompilar o realizar ingenier\u00eda inversa de cualquier contenido; (v) intentar piratear cualquier parte del sitio, o derrotar o superar cualquier tecnolog\u00eda de cifrado o medidas de seguridad implementadas por nosotros; (vi) interferir o interrumpir el funcionamiento del sitio o de los servidores o redes conectados a, o que funcionen en relaci\u00f3n con, el sitio; (vii) violar cualquier ley local, estatal, nacional o internacional aplicable; (viii) realizar cualquier solicitud a los servidores transaccionales m\u00e1s de una vez durante cualquier intervalo de tres segundos; (ix) introducir cualquier virus, troyano, gusano u otro material que sea malicioso o tecnol\u00f3gicamente da\u00f1ino que impida el uso normal del sitio; o (xi) obtener o intentar obtener contenidos utilizando medios o procedimientos distintos de los que se han puesto a disposici\u00f3n para este fin o se han indicado expresamente en el sitio donde se encuentran los contenidos o, en general, de los que se utilizan habitualmente en Internet porque no implican un riesgo de da\u00f1o o inutilizaci\u00f3n del sitio y\/o del contenido.<\/li><li><strong>Vigencia.<\/strong> Estas condiciones permanecer\u00e1n en pleno vigor y efecto hasta que Onyx las rescinda en cualquier momento, con o sin previo aviso. Sin limitar lo anterior, Onyx podr\u00e1 rescindir o suspender inmediatamente su acceso al sitio por cualquier motivo o sin motivo alguno. La licencia que se le concede en la secci\u00f3n 3 se rescindir\u00e1 autom\u00e1ticamente si incumple estas condiciones.  <\/li><li><strong>Titularidad.<\/strong> El sitio y todo el contenido, incluidas las marcas comerciales y los derechos de autor que contiene, son propiedad de Onyx o de sus licenciantes. Nada de lo aqu\u00ed contenido se considerar\u00e1 que le concede ning\u00fan derecho, t\u00edtulo o inter\u00e9s sobre el sitio o el contenido. <\/li><li><strong>Descargos de responsabilidad<strong>.<\/strong><\/strong><ol><li>El sitio y el contenido tienen \u00fanicamente fines informativos. La confianza en cualquier informaci\u00f3n proporcionada por el sitio es exclusivamente bajo su propio riesgo. El sitio o el contenido pueden contener enlaces a sitios de terceros o informaci\u00f3n de contacto de proveedores de servicios de terceros (denominados colectivamente \u00abproveedores externos\u00bb). Onyx no es responsable del contenido, la exactitud o las opiniones expresadas por los proveedores externos, y dichos proveedores externos no son investigados, supervisados o comprobados de ninguna manera por Onyx en cuanto a su exactitud o integridad. La inclusi\u00f3n de cualquier enlace en el sitio no implica la aprobaci\u00f3n o el respaldo del sitio web enlazado. Cuando usted accede o se pone en contacto con estos proveedores externos, lo hace bajo su propio riesgo.     <\/li><li>Onyx no es responsable de ning\u00fan problema o fallo t\u00e9cnico de ninguna red o l\u00ednea electr\u00f3nica, servidores, software o fallo de transmisi\u00f3n como resultado de problemas t\u00e9cnicos o congesti\u00f3n del tr\u00e1fico en Internet o en el sitio, incluyendo cualquier lesi\u00f3n o da\u00f1o al ordenador de cualquier persona que resulte de la participaci\u00f3n o la descarga de materiales en relaci\u00f3n con el sitio. Bajo ninguna circunstancia Onyx ser\u00e1 responsable de cualquier p\u00e9rdida o da\u00f1o, incluyendo lesiones personales o la muerte, que resulte del uso del sitio o de cualquier contenido. <\/li><li>El sitio y el contenido se proporcionan \u00abtal cual\u00bb y \u00abseg\u00fan disponibilidad\u00bb, y Onyx renuncia expresamente a cualquier garant\u00eda, expresa o impl\u00edcita, incluyendo, entre otras, las garant\u00edas de idoneidad para un prop\u00f3sito particular, comerciabilidad, t\u00edtulo o no infracci\u00f3n. Onyx no puede garantizar ni promete ning\u00fan resultado espec\u00edfico del uso del sitio o de los proveedores externos. <\/li><li>Pol\u00edtica de privacidad y cookies. Este sitio y su contenido est\u00e1n sujetos a nuestra <a href=\"https:\/\/onyxcentersource.com\/es\/politica-de-privacidad\/\">Pol\u00edtica de privacidad<\/a> y a nuestra <a href=\"https:\/\/onyxcentersource.com\/es\/politica-de-cookies\/\">Pol\u00edtica de cookies<\/a>. <\/li><li>Uso internacional e idioma. El sitio puede estar disponible para usuarios ubicados en pa\u00edses distintos de los Estados Unidos. El usuario es el \u00fanico responsable de cumplir con las leyes de los pa\u00edses desde los que utiliza el sitio y el contenido. En el caso de que estas condiciones se traduzcan a ciertos idiomas para garantizar que puedan ser le\u00eddas y comprendidas por todos nuestros usuarios, usted es consciente y acepta que siempre prevalecer\u00e1 la versi\u00f3n en ingl\u00e9s en el supuesto de que existan contradicciones entre las diferentes versiones.   <\/li><li>Limitaci\u00f3n de responsabilidad. En ning\u00fan caso Onyx ser\u00e1 responsable ante usted o cualquier tercero por cualquier da\u00f1o indirecto, consecuente, ejemplar, incidental, especial o punitivo, incluyendo los da\u00f1os por p\u00e9rdida de beneficios que surjan de su uso del sitio o del contenido, incluso si Onyx ha sido advertido de la posibilidad de tales da\u00f1os. No obstante cualquier disposici\u00f3n en contrario contenida en el presente documento, la responsabilidad total agregada de Onyx hacia usted en virtud del presente documento por cualquier causa de acci\u00f3n no exceder\u00e1 en ning\u00fan caso de cien d\u00f3lares (100 $) o la cantidad pagada, en su caso, por usted a Onyx. <\/li><\/ol><\/li><li><strong>Ley aplicable y resoluci\u00f3n de litigios.<\/strong> Si existe alguna controversia RELACIONADA CON el SITIO O EL CONTENIDO, usted acepta que la controversia se regir\u00e1 por las leyes del Estado de Texas, sin tener en cuenta las disposiciones sobre conflicto de leyes, y usted acepta la jurisdicci\u00f3n personal y el lugar de celebraci\u00f3n exclusivos en los tribunales estatales y federales EN EL CONDADO DE DALLAS, TEXAS. Cualquiera de las partes podr\u00e1 exigir que cualquier controversia relacionada con el sitio se resuelva mediante arbitraje utilizando los procedimientos de resoluci\u00f3n de controversias de la American Arbitration Association (AAA), siempre que lo anterior no impida a ninguna de las partes solicitar medidas cautelares en un tribunal de jurisdicci\u00f3n competente o que las leyes aplicables de su pa\u00eds de residencia determinen otros tribunales competentes. <\/li><li><strong>Indemnizaci\u00f3n.<\/strong> Usted acepta indemnizar y eximir de responsabilidad a Onyx, sus filiales y empresas asociadas, y a sus respectivos directivos, agentes, socios y empleados, de cualquier reclamaci\u00f3n, incluidos los honorarios razonables de los abogados, presentada por cualquier tercero debido a o como resultado de su uso del sitio en violaci\u00f3n de estas condiciones.<\/li><li><strong>Otros.<\/strong> Salvo lo dispuesto en la secci\u00f3n 1, estas condiciones constituyen el acuerdo completo entre las partes con respecto al uso del sitio o del contenido y sustituyen a cualquier acuerdo anterior con respecto al sitio o al contenido. El hecho de que una de las partes no ejerza o no haga valer cualquier derecho o disposici\u00f3n de estas condiciones no se considerar\u00e1 una renuncia a dicho derecho o disposici\u00f3n. Si alguna disposici\u00f3n de estas condiciones es ilegal, nula o inaplicable, dicha disposici\u00f3n se considerar\u00e1 separable de estas condiciones y no afectar\u00e1 a la validez y aplicabilidad de las restantes disposiciones. Si tiene alguna pregunta sobre el sitio o estas condiciones, p\u00f3ngase en contacto con Onyx a trav\u00e9s de la siguiente direcci\u00f3n de correo electr\u00f3nico privacy@onyxcentersource.com   <\/li><\/ol>\t\t\t\t\t\t\t\t<\/div>\n\t\t\t\t<\/div>\n\t\t\t\t\t<\/div>\n\t\t\t\t<\/div>\n\t\t\t\t\t<\/div>\n\t\t\t\t<\/div>\n\t\t\t\t\t<\/div>\n\t\t\t\t<\/div>\n\t\t\t\t\t<\/div>\n\t\t\t\t<\/div>\n\t\t\t\t<\/div>\n\t\t","protected":false},"excerpt":{"rendered":"<p>T\u00e9rminos y condiciones T\u00e9rminos de uso del sitio web Estas Condiciones de Uso del Sitio Web (estas \u201cCondiciones\u201d) rigen el uso y el acceso al sitio web en onyxcentersource.com y a cualquier p\u00e1gina relacionada (el \u201cSitio\u201d). Estas Condiciones constituyen un acuerdo vinculante y legalmente exigible entre usted (junto con la organizaci\u00f3n en cuyo nombre visita&#8230;<\/p>\n","protected":false},"author":2,"featured_media":0,"parent":0,"menu_order":0,"comment_status":"closed","ping_status":"closed","template":"","meta":{"_acf_changed":false,"footnotes":""},"class_list":["post-988417","page","type-page","status-publish","hentry"],"acf":[],"yoast_head":"<!-- This site is optimized with the Yoast SEO Premium plugin v26.5 (Yoast SEO v27.0) - https:\/\/yoast.com\/product\/yoast-seo-premium-wordpress\/ -->\n<title>T\u00e9rminos y condiciones - Onyx CenterSource\u2122<\/title>\n<meta name=\"description\" content=\"Estas Condiciones de Uso del Sitio Web rigen el uso y el acceso al sitio web y a cualquier p\u00e1gina relacionada. Estas Condiciones constituyen un acuerdo vinculante y legalmente exigible entre usted y Pegasus Business Intelligence.\" \/>\n<meta name=\"robots\" content=\"index, follow, max-snippet:-1, max-image-preview:large, max-video-preview:-1\" \/>\n<link rel=\"canonical\" href=\"https:\/\/onyxcentersource.com\/es\/terminos-y-condiciones\/\" \/>\n<meta property=\"og:locale\" content=\"es_ES\" \/>\n<meta property=\"og:type\" content=\"article\" \/>\n<meta property=\"og:title\" content=\"T\u00e9rminos y condiciones\" \/>\n<meta property=\"og:description\" content=\"Estas Condiciones de Uso del Sitio Web rigen el uso y el acceso al sitio web y a cualquier p\u00e1gina relacionada. Estas Condiciones constituyen un acuerdo vinculante y legalmente exigible entre usted y Pegasus Business Intelligence.\" \/>\n<meta property=\"og:url\" content=\"https:\/\/onyxcentersource.com\/es\/terminos-y-condiciones\/\" \/>\n<meta property=\"og:site_name\" content=\"Onyx CenterSource\u2122\" \/>\n<meta property=\"article:modified_time\" content=\"2025-12-15T21:06:39+00:00\" \/>\n<meta name=\"twitter:card\" content=\"summary_large_image\" \/>\n<meta name=\"twitter:label1\" content=\"Tiempo de lectura\" \/>\n\t<meta name=\"twitter:data1\" content=\"8 minutos\" \/>\n<script type=\"application\/ld+json\" class=\"yoast-schema-graph\">{\"@context\":\"https:\/\/schema.org\",\"@graph\":[{\"@type\":\"WebPage\",\"@id\":\"https:\/\/onyxcentersource.com\/es\/terminos-y-condiciones\/\",\"url\":\"https:\/\/onyxcentersource.com\/es\/terminos-y-condiciones\/\",\"name\":\"T\u00e9rminos y condiciones - Onyx CenterSource\u2122\",\"isPartOf\":{\"@id\":\"https:\/\/onyxcentersource.com\/es\/#website\"},\"datePublished\":\"2025-11-20T20:18:37+00:00\",\"dateModified\":\"2025-12-15T21:06:39+00:00\",\"description\":\"Estas Condiciones de Uso del Sitio Web rigen el uso y el acceso al sitio web y a cualquier p\u00e1gina relacionada. Estas Condiciones constituyen un acuerdo vinculante y legalmente exigible entre usted y Pegasus Business Intelligence.\",\"breadcrumb\":{\"@id\":\"https:\/\/onyxcentersource.com\/es\/terminos-y-condiciones\/#breadcrumb\"},\"inLanguage\":\"es\",\"potentialAction\":[{\"@type\":\"ReadAction\",\"target\":[\"https:\/\/onyxcentersource.com\/es\/terminos-y-condiciones\/\"]}]},{\"@type\":\"BreadcrumbList\",\"@id\":\"https:\/\/onyxcentersource.com\/es\/terminos-y-condiciones\/#breadcrumb\",\"itemListElement\":[{\"@type\":\"ListItem\",\"position\":1,\"name\":\"Home\",\"item\":\"https:\/\/onyxcentersource.com\/es\/inicio\/\"},{\"@type\":\"ListItem\",\"position\":2,\"name\":\"T\u00e9rminos y condiciones\"}]},{\"@type\":\"WebSite\",\"@id\":\"https:\/\/onyxcentersource.com\/es\/#website\",\"url\":\"https:\/\/onyxcentersource.com\/es\/\",\"name\":\"Onyx CenterSource\u2122\",\"description\":\"\",\"publisher\":{\"@id\":\"https:\/\/onyxcentersource.com\/es\/#organization\"},\"potentialAction\":[{\"@type\":\"SearchAction\",\"target\":{\"@type\":\"EntryPoint\",\"urlTemplate\":\"https:\/\/onyxcentersource.com\/es\/?s={search_term_string}\"},\"query-input\":{\"@type\":\"PropertyValueSpecification\",\"valueRequired\":true,\"valueName\":\"search_term_string\"}}],\"inLanguage\":\"es\"},{\"@type\":\"Organization\",\"@id\":\"https:\/\/onyxcentersource.com\/es\/#organization\",\"name\":\"Onyx CenterSource\u2122\",\"url\":\"https:\/\/onyxcentersource.com\/es\/\",\"logo\":{\"@type\":\"ImageObject\",\"inLanguage\":\"es\",\"@id\":\"https:\/\/onyxcentersource.com\/es\/#\/schema\/logo\/image\/\",\"url\":\"https:\/\/onyxcentersource.com\/wp-content\/uploads\/2025\/12\/Onyx-Logo-Horizontal-scaled-e1765564060227.png\",\"contentUrl\":\"https:\/\/onyxcentersource.com\/wp-content\/uploads\/2025\/12\/Onyx-Logo-Horizontal-scaled-e1765564060227.png\",\"width\":370,\"height\":115,\"caption\":\"Onyx CenterSource\u2122\"},\"image\":{\"@id\":\"https:\/\/onyxcentersource.com\/es\/#\/schema\/logo\/image\/\"}}]}<\/script>\n<!-- \/ Yoast SEO Premium plugin. -->","yoast_head_json":{"title":"T\u00e9rminos y condiciones - Onyx CenterSource\u2122","description":"Estas Condiciones de Uso del Sitio Web rigen el uso y el acceso al sitio web y a cualquier p\u00e1gina relacionada. Estas Condiciones constituyen un acuerdo vinculante y legalmente exigible entre usted y Pegasus Business Intelligence.","robots":{"index":"index","follow":"follow","max-snippet":"max-snippet:-1","max-image-preview":"max-image-preview:large","max-video-preview":"max-video-preview:-1"},"canonical":"https:\/\/onyxcentersource.com\/es\/terminos-y-condiciones\/","og_locale":"es_ES","og_type":"article","og_title":"T\u00e9rminos y condiciones","og_description":"Estas Condiciones de Uso del Sitio Web rigen el uso y el acceso al sitio web y a cualquier p\u00e1gina relacionada. Estas Condiciones constituyen un acuerdo vinculante y legalmente exigible entre usted y Pegasus Business Intelligence.","og_url":"https:\/\/onyxcentersource.com\/es\/terminos-y-condiciones\/","og_site_name":"Onyx CenterSource\u2122","article_modified_time":"2025-12-15T21:06:39+00:00","twitter_card":"summary_large_image","twitter_misc":{"Tiempo de lectura":"8 minutos"},"schema":{"@context":"https:\/\/schema.org","@graph":[{"@type":"WebPage","@id":"https:\/\/onyxcentersource.com\/es\/terminos-y-condiciones\/","url":"https:\/\/onyxcentersource.com\/es\/terminos-y-condiciones\/","name":"T\u00e9rminos y condiciones - Onyx CenterSource\u2122","isPartOf":{"@id":"https:\/\/onyxcentersource.com\/es\/#website"},"datePublished":"2025-11-20T20:18:37+00:00","dateModified":"2025-12-15T21:06:39+00:00","description":"Estas Condiciones de Uso del Sitio Web rigen el uso y el acceso al sitio web y a cualquier p\u00e1gina relacionada. Estas Condiciones constituyen un acuerdo vinculante y legalmente exigible entre usted y Pegasus Business Intelligence.","breadcrumb":{"@id":"https:\/\/onyxcentersource.com\/es\/terminos-y-condiciones\/#breadcrumb"},"inLanguage":"es","potentialAction":[{"@type":"ReadAction","target":["https:\/\/onyxcentersource.com\/es\/terminos-y-condiciones\/"]}]},{"@type":"BreadcrumbList","@id":"https:\/\/onyxcentersource.com\/es\/terminos-y-condiciones\/#breadcrumb","itemListElement":[{"@type":"ListItem","position":1,"name":"Home","item":"https:\/\/onyxcentersource.com\/es\/inicio\/"},{"@type":"ListItem","position":2,"name":"T\u00e9rminos y condiciones"}]},{"@type":"WebSite","@id":"https:\/\/onyxcentersource.com\/es\/#website","url":"https:\/\/onyxcentersource.com\/es\/","name":"Onyx CenterSource\u2122","description":"","publisher":{"@id":"https:\/\/onyxcentersource.com\/es\/#organization"},"potentialAction":[{"@type":"SearchAction","target":{"@type":"EntryPoint","urlTemplate":"https:\/\/onyxcentersource.com\/es\/?s={search_term_string}"},"query-input":{"@type":"PropertyValueSpecification","valueRequired":true,"valueName":"search_term_string"}}],"inLanguage":"es"},{"@type":"Organization","@id":"https:\/\/onyxcentersource.com\/es\/#organization","name":"Onyx CenterSource\u2122","url":"https:\/\/onyxcentersource.com\/es\/","logo":{"@type":"ImageObject","inLanguage":"es","@id":"https:\/\/onyxcentersource.com\/es\/#\/schema\/logo\/image\/","url":"https:\/\/onyxcentersource.com\/wp-content\/uploads\/2025\/12\/Onyx-Logo-Horizontal-scaled-e1765564060227.png","contentUrl":"https:\/\/onyxcentersource.com\/wp-content\/uploads\/2025\/12\/Onyx-Logo-Horizontal-scaled-e1765564060227.png","width":370,"height":115,"caption":"Onyx CenterSource\u2122"},"image":{"@id":"https:\/\/onyxcentersource.com\/es\/#\/schema\/logo\/image\/"}}]}},"featured_image_src":null,"featured_image_src_square":null,"_links":{"self":[{"href":"https:\/\/onyxcentersource.com\/es\/wp-json\/wp\/v2\/pages\/988417","targetHints":{"allow":["GET"]}}],"collection":[{"href":"https:\/\/onyxcentersource.com\/es\/wp-json\/wp\/v2\/pages"}],"about":[{"href":"https:\/\/onyxcentersource.com\/es\/wp-json\/wp\/v2\/types\/page"}],"author":[{"embeddable":true,"href":"https:\/\/onyxcentersource.com\/es\/wp-json\/wp\/v2\/users\/2"}],"replies":[{"embeddable":true,"href":"https:\/\/onyxcentersource.com\/es\/wp-json\/wp\/v2\/comments?post=988417"}],"version-history":[{"count":0,"href":"https:\/\/onyxcentersource.com\/es\/wp-json\/wp\/v2\/pages\/988417\/revisions"}],"wp:attachment":[{"href":"https:\/\/onyxcentersource.com\/es\/wp-json\/wp\/v2\/media?parent=988417"}],"curies":[{"name":"wp","href":"https:\/\/api.w.org\/{rel}","templated":true}]}}