{"id":988418,"date":"2025-11-20T20:18:47","date_gmt":"2025-11-20T20:18:47","guid":{"rendered":"https:\/\/onyxcenterdev.wpenginepowered.com\/ley-de-transparencia\/"},"modified":"2025-12-04T20:53:25","modified_gmt":"2025-12-04T20:53:25","slug":"ley-de-transparencia","status":"publish","type":"page","link":"https:\/\/onyxcentersource.com\/es\/ley-de-transparencia\/","title":{"rendered":"Ley de Transparencia"},"content":{"rendered":"\t\t<div data-elementor-type=\"wp-page\" data-elementor-id=\"988418\" class=\"elementor elementor-988418 elementor-988121\" data-elementor-post-type=\"page\">\n\t\t\t\t<div class=\"elementor-element elementor-element-1d9a684 e-flex e-con-boxed e-con e-parent\" data-id=\"1d9a684\" data-element_type=\"container\">\n\t\t\t\t\t<div class=\"e-con-inner\">\n\t\t<div class=\"elementor-element elementor-element-89eb5db e-flex e-con-boxed e-con e-child\" data-id=\"89eb5db\" data-element_type=\"container\" data-settings=\"{&quot;background_background&quot;:&quot;gradient&quot;}\">\n\t\t\t\t\t<div class=\"e-con-inner\">\n\t\t<div class=\"elementor-element elementor-element-2dc0cf7 e-flex e-con-boxed e-con e-child\" data-id=\"2dc0cf7\" data-element_type=\"container\">\n\t\t\t\t\t<div class=\"e-con-inner\">\n\t\t<div class=\"elementor-element elementor-element-d02b08e e-con-full e-flex e-con e-child\" data-id=\"d02b08e\" data-element_type=\"container\">\n\t\t\t\t<div class=\"elementor-element elementor-element-df28f64 elementor-widget elementor-widget-heading\" data-id=\"df28f64\" data-element_type=\"widget\" data-widget_type=\"heading.default\">\n\t\t\t\t<div class=\"elementor-widget-container\">\n\t\t\t\t\t<span class=\"elementor-heading-title elementor-size-default\">Ley de Transparencia<\/span>\t\t\t\t<\/div>\n\t\t\t\t<\/div>\n\t\t\t\t<div class=\"elementor-element elementor-element-05ac261 elementor-widget elementor-widget-heading\" data-id=\"05ac261\" data-element_type=\"widget\" data-widget_type=\"heading.default\">\n\t\t\t\t<div class=\"elementor-widget-container\">\n\t\t\t\t\t<h1 class=\"elementor-heading-title elementor-size-default\">Ley de Transparencia<\/h1>\t\t\t\t<\/div>\n\t\t\t\t<\/div>\n\t\t\t\t<\/div>\n\t\t<div class=\"elementor-element elementor-element-ec7541a e-flex e-con-boxed e-con e-child\" data-id=\"ec7541a\" data-element_type=\"container\">\n\t\t\t\t\t<div class=\"e-con-inner\">\n\t\t\t\t<div class=\"elementor-element elementor-element-4ce2cc4 elementor-widget elementor-widget-heading\" data-id=\"4ce2cc4\" data-element_type=\"widget\" data-widget_type=\"heading.default\">\n\t\t\t\t<div class=\"elementor-widget-container\">\n\t\t\t\t\t<h2 class=\"elementor-heading-title elementor-size-default\">INTRODUCCI\u00d3N<\/h2>\t\t\t\t<\/div>\n\t\t\t\t<\/div>\n\t\t\t\t<div class=\"elementor-element elementor-element-9aca551 elementor-widget elementor-widget-text-editor\" data-id=\"9aca551\" data-element_type=\"widget\" data-widget_type=\"text-editor.default\">\n\t\t\t\t<div class=\"elementor-widget-container\">\n\t\t\t\t\t\t\t\t\t<p>La Ley relativa a la transparencia de las empresas y el trabajo en materia de derechos humanos fundamentales y condiciones de trabajo dignas (la \u201c<strong>Ley de Transparencia<\/strong>\u201d) entr\u00f3 en vigor el 1 de julio de 2022. Esta declaraci\u00f3n es el informe de Onyx Norway Holding AS y su filial Onyx CenterSource AS (denominadas en conjunto \u201cOnyx\u201d) sobre las evaluaciones de diligencia debida de conformidad con el art\u00edculo 5 de la Ley de Transparencia. <\/p><p>La declaraci\u00f3n incluye las evaluaciones de diligencia debida que hemos realizado para el per\u00edodo comprendido entre el 1 de julio de 2023 y el 1 de junio de 2024.<\/p><p>La declaraci\u00f3n se emite en ingl\u00e9s, ref. la Ley de Contabilidad, art\u00edculo 3-4 (3).<\/p>\t\t\t\t\t\t\t\t<\/div>\n\t\t\t\t<\/div>\n\t\t\t\t<div class=\"elementor-element elementor-element-852a467 elementor-widget elementor-widget-heading\" data-id=\"852a467\" data-element_type=\"widget\" data-widget_type=\"heading.default\">\n\t\t\t\t<div class=\"elementor-widget-container\">\n\t\t\t\t\t<h2 class=\"elementor-heading-title elementor-size-default\">ORGANIZACI\u00d3N Y \u00c1REA DE OPERACIONES<\/h2>\t\t\t\t<\/div>\n\t\t\t\t<\/div>\n\t\t\t\t<div class=\"elementor-element elementor-element-fd8bd18 elementor-widget elementor-widget-text-editor\" data-id=\"fd8bd18\" data-element_type=\"widget\" data-widget_type=\"text-editor.default\">\n\t\t\t\t<div class=\"elementor-widget-container\">\n\t\t\t\t\t\t\t\t\t<p>Onyx CenterSource AS (OCS) es el proveedor l\u00edder de servicios de conciliaci\u00f3n de comisiones que representa a agencias de viajes en varios pa\u00edses.<\/p><p>OCS es una empresa profesional de comisiones electr\u00f3nicas que ofrece una soluci\u00f3n principal de seguimiento, conciliaci\u00f3n y pago de comisiones para empresas de gesti\u00f3n de viajes, agencias de viajes, agencias de viajes en l\u00ednea y otros operadores de reservas de alojamiento. Cuando una estancia en un hotel se reserva a trav\u00e9s de un agente de viajes, es una pr\u00e1ctica com\u00fan en el sector que el agente de viajes tenga derecho a una comisi\u00f3n por la recomendaci\u00f3n, basada en los ingresos por habitaciones de hotel. La comisi\u00f3n vence despu\u00e9s de la estancia real del hu\u00e9sped en el hotel. OCS ofrece una soluci\u00f3n de software y servicios avanzados que coordinan este proceso para los agentes de viajes.   <\/p><p>La historia de OCS se remonta a finales de la d\u00e9cada de 1990, cuando los fundadores identificaron que los agentes de viajes ten\u00edan dificultades para cobrar las comisiones de los hoteles. Los agentes de viajes coordinan un gran n\u00famero de hoteles en numerosas jurisdicciones, y la carga administrativa condujo a la reducci\u00f3n de los ingresos por comisiones. No exist\u00eda ninguna soluci\u00f3n para simplificar este proceso en el mercado, y tras identificar esta carencia en el mercado, Net Trans Services AS naci\u00f3 en 1999.  <\/p><p>Net Trans Services AS se expandi\u00f3 estableciendo una filial en Filipinas y abriendo su oficina de Manila en 2002. En septiembre de 2014, Onyx adquiri\u00f3 Net Trans Services AS. <\/p><p>El producto que se ofrece desde Noruega se llama RecoverPro, que se opera desde un sistema propio desarrollado llamado AC (Active Commision). Este producto ayuda a los agentes de viajes a conciliar las comisiones adeudadas por los hoteles. <\/p>\t\t\t\t\t\t\t\t<\/div>\n\t\t\t\t<\/div>\n\t\t\t\t<div class=\"elementor-element elementor-element-7a264fd elementor-widget elementor-widget-heading\" data-id=\"7a264fd\" data-element_type=\"widget\" data-widget_type=\"heading.default\">\n\t\t\t\t<div class=\"elementor-widget-container\">\n\t\t\t\t\t<h2 class=\"elementor-heading-title elementor-size-default\">DIRECTRICES Y RUTINAS<\/h2>\t\t\t\t<\/div>\n\t\t\t\t<\/div>\n\t\t\t\t<div class=\"elementor-element elementor-element-1929719 elementor-widget elementor-widget-text-editor\" data-id=\"1929719\" data-element_type=\"widget\" data-widget_type=\"text-editor.default\">\n\t\t\t\t<div class=\"elementor-widget-container\">\n\t\t\t\t\t\t\t\t\t<p>Onyx tiene desde hace varios a\u00f1os un c\u00f3digo de conducta aplicable a los empleados en nuestra intranet. Onyx CenterSource representa honestidad, comunicaci\u00f3n abierta, equidad y fiabilidad. Estos altos est\u00e1ndares empresariales forman parte de nuestro Principio Rector y sirven de base para nuestro C\u00f3digo de Conducta. El C\u00f3digo de Conducta y el Manual del Empleado, donde se describen nuestros procedimientos, pol\u00edticas y pr\u00e1cticas b\u00e1sicas de empleo, se han puesto a disposici\u00f3n de todos.   <\/p><p>Se exige a todos los empleados que se familiaricen con estos documentos y que firmen y devuelvan el formulario de reconocimiento al Departamento de Recursos Humanos.<\/p>\t\t\t\t\t\t\t\t<\/div>\n\t\t\t\t<\/div>\n\t\t\t\t<div class=\"elementor-element elementor-element-70285e8 elementor-widget elementor-widget-heading\" data-id=\"70285e8\" data-element_type=\"widget\" data-widget_type=\"heading.default\">\n\t\t\t\t<div class=\"elementor-widget-container\">\n\t\t\t\t\t<h2 class=\"elementor-heading-title elementor-size-default\">LAS EVALUACIONES DE DILIGENCIA DEBIDA<\/h2>\t\t\t\t<\/div>\n\t\t\t\t<\/div>\n\t\t\t\t<div class=\"elementor-element elementor-element-f1de8da elementor-widget elementor-widget-text-editor\" data-id=\"f1de8da\" data-element_type=\"widget\" data-widget_type=\"text-editor.default\">\n\t\t\t\t<div class=\"elementor-widget-container\">\n\t\t\t\t\t\t\t\t\t<ul><li>Nuestro trabajo de diligencia debida comenz\u00f3 con un an\u00e1lisis general y la recopilaci\u00f3n de informaci\u00f3n para nuestro negocio, proveedores y socios comerciales. El prop\u00f3sito era identificar qu\u00e9 \u00e1reas plantean el mayor riesgo de impacto negativo en los derechos humanos fundamentales y las condiciones de trabajo dignas. <br><br><\/li><li>Obtuvimos una lista completa de proveedores y socios comerciales (en adelante, denominados colectivamente \u201c<strong>Proveedores<\/strong>\u201d) durante el per\u00edodo pertinente. Esta visi\u00f3n general se elabor\u00f3 obteniendo listas de Proveedores a los que hemos realizado pagos durante el per\u00edodo.<br><br><\/li><li>Una vez identificado el n\u00famero total de Proveedores, se realiz\u00f3 una evaluaci\u00f3n de qu\u00e9 Proveedores deb\u00edan ser objeto de un seguimiento en una cartograf\u00eda posterior.<br><br><\/li><li>La lista de proveedores se limit\u00f3 a\u00fan m\u00e1s seg\u00fan criterios como el importe de los pagos de nuestra parte, el sector (grupo y categor\u00eda de producto), la geograf\u00eda (lugar de producci\u00f3n y lugar de origen), si el propio proveedor est\u00e1 cubierto por la Ley de Transparencia, si el proveedor era individual (se eliminaron las compras puntuales y los proveedores con los que ya no tenemos relaci\u00f3n).<br><br><\/li><li>El prop\u00f3sito de la limitaci\u00f3n era crear un punto de partida para una mayor cartograf\u00eda. En la cartograf\u00eda posterior, primero analizamos la informaci\u00f3n disponible p\u00fablicamente sobre el riesgo de violaciones de los derechos humanos fundamentales y las condiciones de trabajo dignas, en relaci\u00f3n con la geograf\u00eda y el sector de los Proveedores pertinentes. <br><br><\/li><li>Observamos que los Proveedores son, con muy pocas excepciones, grandes empresas. La mayor\u00eda de estos Proveedores tambi\u00e9n est\u00e1n sujetos a la Ley de Transparencia o tienen sus propias pol\u00edticas para reflejar la sostenibilidad, la diversidad, la \u00e9tica, etc. <br><br><\/li><li>En nuestras evaluaciones de diligencia debida en 2024 no hemos identificado consecuencias negativas reales o riesgo material de consecuencias negativas a trav\u00e9s de nuestra diligencia debida. Por lo tanto, no hemos implementado ninguna medida concreta para detener ninguna consecuencia negativa relevante o riesgo significativo de consecuencias negativas que la empresa haya descubierto a trav\u00e9s de sus evaluaciones de diligencia debida.<\/li><\/ul><div> <\/div><div> <\/div>\t\t\t\t\t\t\t\t<\/div>\n\t\t\t\t<\/div>\n\t\t\t\t<div class=\"elementor-element elementor-element-d29af46 elementor-widget elementor-widget-text-editor\" data-id=\"d29af46\" data-element_type=\"widget\" data-widget_type=\"text-editor.default\">\n\t\t\t\t<div class=\"elementor-widget-container\">\n\t\t\t\t\t\t\t\t\t<p>Aprobado por el consejo de administraci\u00f3n de Onyx CenterSource AS el 17 de junio de 2024<\/p>\t\t\t\t\t\t\t\t<\/div>\n\t\t\t\t<\/div>\n\t\t\t\t\t<\/div>\n\t\t\t\t<\/div>\n\t\t\t\t\t<\/div>\n\t\t\t\t<\/div>\n\t\t\t\t\t<\/div>\n\t\t\t\t<\/div>\n\t\t\t\t\t<\/div>\n\t\t\t\t<\/div>\n\t\t\t\t<\/div>\n\t\t","protected":false},"excerpt":{"rendered":"<p>Ley de Transparencia Ley de Transparencia INTRODUCCI\u00d3N La Ley relativa a la transparencia de las empresas y el trabajo en materia de derechos humanos fundamentales y condiciones de trabajo dignas (la \u201cLey de Transparencia\u201d) entr\u00f3 en vigor el 1 de julio de 2022. Esta declaraci\u00f3n es el informe de Onyx Norway Holding AS y su&#8230;<\/p>\n","protected":false},"author":2,"featured_media":0,"parent":0,"menu_order":0,"comment_status":"closed","ping_status":"closed","template":"","meta":{"_acf_changed":false,"footnotes":""},"class_list":["post-988418","page","type-page","status-publish","hentry"],"acf":[],"yoast_head":"<!-- This site is optimized with the Yoast SEO Premium plugin v26.5 (Yoast SEO v27.0) - https:\/\/yoast.com\/product\/yoast-seo-premium-wordpress\/ -->\n<title>Ley de Transparencia - Onyx CenterSource\u2122<\/title>\n<meta name=\"robots\" content=\"index, follow, max-snippet:-1, max-image-preview:large, max-video-preview:-1\" \/>\n<link rel=\"canonical\" href=\"https:\/\/onyxcentersource.com\/es\/ley-de-transparencia\/\" \/>\n<meta property=\"og:locale\" content=\"es_ES\" \/>\n<meta property=\"og:type\" content=\"article\" \/>\n<meta property=\"og:title\" content=\"Ley de Transparencia\" \/>\n<meta property=\"og:description\" content=\"Ley de Transparencia Ley de Transparencia INTRODUCCI\u00d3N La Ley relativa a la transparencia de las empresas y el trabajo en materia de derechos humanos fundamentales y condiciones de trabajo dignas (la \u201cLey de Transparencia\u201d) entr\u00f3 en vigor el 1 de julio de 2022. Esta declaraci\u00f3n es el informe de Onyx Norway Holding AS y su...\" \/>\n<meta property=\"og:url\" content=\"https:\/\/onyxcentersource.com\/es\/ley-de-transparencia\/\" \/>\n<meta property=\"og:site_name\" content=\"Onyx CenterSource\u2122\" \/>\n<meta property=\"article:modified_time\" content=\"2025-12-04T20:53:25+00:00\" \/>\n<meta name=\"twitter:card\" content=\"summary_large_image\" \/>\n<meta name=\"twitter:label1\" content=\"Tiempo de lectura\" \/>\n\t<meta name=\"twitter:data1\" content=\"5 minutos\" \/>\n<script type=\"application\/ld+json\" class=\"yoast-schema-graph\">{\"@context\":\"https:\/\/schema.org\",\"@graph\":[{\"@type\":\"WebPage\",\"@id\":\"https:\/\/onyxcentersource.com\/es\/ley-de-transparencia\/\",\"url\":\"https:\/\/onyxcentersource.com\/es\/ley-de-transparencia\/\",\"name\":\"Ley de Transparencia - Onyx CenterSource\u2122\",\"isPartOf\":{\"@id\":\"https:\/\/onyxcentersource.com\/es\/#website\"},\"datePublished\":\"2025-11-20T20:18:47+00:00\",\"dateModified\":\"2025-12-04T20:53:25+00:00\",\"breadcrumb\":{\"@id\":\"https:\/\/onyxcentersource.com\/es\/ley-de-transparencia\/#breadcrumb\"},\"inLanguage\":\"es\",\"potentialAction\":[{\"@type\":\"ReadAction\",\"target\":[\"https:\/\/onyxcentersource.com\/es\/ley-de-transparencia\/\"]}]},{\"@type\":\"BreadcrumbList\",\"@id\":\"https:\/\/onyxcentersource.com\/es\/ley-de-transparencia\/#breadcrumb\",\"itemListElement\":[{\"@type\":\"ListItem\",\"position\":1,\"name\":\"Home\",\"item\":\"https:\/\/onyxcentersource.com\/es\/inicio\/\"},{\"@type\":\"ListItem\",\"position\":2,\"name\":\"Ley de Transparencia\"}]},{\"@type\":\"WebSite\",\"@id\":\"https:\/\/onyxcentersource.com\/es\/#website\",\"url\":\"https:\/\/onyxcentersource.com\/es\/\",\"name\":\"Onyx CenterSource\u2122\",\"description\":\"\",\"publisher\":{\"@id\":\"https:\/\/onyxcentersource.com\/es\/#organization\"},\"potentialAction\":[{\"@type\":\"SearchAction\",\"target\":{\"@type\":\"EntryPoint\",\"urlTemplate\":\"https:\/\/onyxcentersource.com\/es\/?s={search_term_string}\"},\"query-input\":{\"@type\":\"PropertyValueSpecification\",\"valueRequired\":true,\"valueName\":\"search_term_string\"}}],\"inLanguage\":\"es\"},{\"@type\":\"Organization\",\"@id\":\"https:\/\/onyxcentersource.com\/es\/#organization\",\"name\":\"Onyx CenterSource\u2122\",\"url\":\"https:\/\/onyxcentersource.com\/es\/\",\"logo\":{\"@type\":\"ImageObject\",\"inLanguage\":\"es\",\"@id\":\"https:\/\/onyxcentersource.com\/es\/#\/schema\/logo\/image\/\",\"url\":\"https:\/\/onyxcentersource.com\/wp-content\/uploads\/2025\/12\/Onyx-Logo-Horizontal-scaled-e1765564060227.png\",\"contentUrl\":\"https:\/\/onyxcentersource.com\/wp-content\/uploads\/2025\/12\/Onyx-Logo-Horizontal-scaled-e1765564060227.png\",\"width\":370,\"height\":115,\"caption\":\"Onyx CenterSource\u2122\"},\"image\":{\"@id\":\"https:\/\/onyxcentersource.com\/es\/#\/schema\/logo\/image\/\"}}]}<\/script>\n<!-- \/ Yoast SEO Premium plugin. -->","yoast_head_json":{"title":"Ley de Transparencia - Onyx CenterSource\u2122","robots":{"index":"index","follow":"follow","max-snippet":"max-snippet:-1","max-image-preview":"max-image-preview:large","max-video-preview":"max-video-preview:-1"},"canonical":"https:\/\/onyxcentersource.com\/es\/ley-de-transparencia\/","og_locale":"es_ES","og_type":"article","og_title":"Ley de Transparencia","og_description":"Ley de Transparencia Ley de Transparencia INTRODUCCI\u00d3N La Ley relativa a la transparencia de las empresas y el trabajo en materia de derechos humanos fundamentales y condiciones de trabajo dignas (la \u201cLey de Transparencia\u201d) entr\u00f3 en vigor el 1 de julio de 2022. Esta declaraci\u00f3n es el informe de Onyx Norway Holding AS y su...","og_url":"https:\/\/onyxcentersource.com\/es\/ley-de-transparencia\/","og_site_name":"Onyx CenterSource\u2122","article_modified_time":"2025-12-04T20:53:25+00:00","twitter_card":"summary_large_image","twitter_misc":{"Tiempo de lectura":"5 minutos"},"schema":{"@context":"https:\/\/schema.org","@graph":[{"@type":"WebPage","@id":"https:\/\/onyxcentersource.com\/es\/ley-de-transparencia\/","url":"https:\/\/onyxcentersource.com\/es\/ley-de-transparencia\/","name":"Ley de Transparencia - Onyx CenterSource\u2122","isPartOf":{"@id":"https:\/\/onyxcentersource.com\/es\/#website"},"datePublished":"2025-11-20T20:18:47+00:00","dateModified":"2025-12-04T20:53:25+00:00","breadcrumb":{"@id":"https:\/\/onyxcentersource.com\/es\/ley-de-transparencia\/#breadcrumb"},"inLanguage":"es","potentialAction":[{"@type":"ReadAction","target":["https:\/\/onyxcentersource.com\/es\/ley-de-transparencia\/"]}]},{"@type":"BreadcrumbList","@id":"https:\/\/onyxcentersource.com\/es\/ley-de-transparencia\/#breadcrumb","itemListElement":[{"@type":"ListItem","position":1,"name":"Home","item":"https:\/\/onyxcentersource.com\/es\/inicio\/"},{"@type":"ListItem","position":2,"name":"Ley de Transparencia"}]},{"@type":"WebSite","@id":"https:\/\/onyxcentersource.com\/es\/#website","url":"https:\/\/onyxcentersource.com\/es\/","name":"Onyx CenterSource\u2122","description":"","publisher":{"@id":"https:\/\/onyxcentersource.com\/es\/#organization"},"potentialAction":[{"@type":"SearchAction","target":{"@type":"EntryPoint","urlTemplate":"https:\/\/onyxcentersource.com\/es\/?s={search_term_string}"},"query-input":{"@type":"PropertyValueSpecification","valueRequired":true,"valueName":"search_term_string"}}],"inLanguage":"es"},{"@type":"Organization","@id":"https:\/\/onyxcentersource.com\/es\/#organization","name":"Onyx CenterSource\u2122","url":"https:\/\/onyxcentersource.com\/es\/","logo":{"@type":"ImageObject","inLanguage":"es","@id":"https:\/\/onyxcentersource.com\/es\/#\/schema\/logo\/image\/","url":"https:\/\/onyxcentersource.com\/wp-content\/uploads\/2025\/12\/Onyx-Logo-Horizontal-scaled-e1765564060227.png","contentUrl":"https:\/\/onyxcentersource.com\/wp-content\/uploads\/2025\/12\/Onyx-Logo-Horizontal-scaled-e1765564060227.png","width":370,"height":115,"caption":"Onyx CenterSource\u2122"},"image":{"@id":"https:\/\/onyxcentersource.com\/es\/#\/schema\/logo\/image\/"}}]}},"featured_image_src":null,"featured_image_src_square":null,"_links":{"self":[{"href":"https:\/\/onyxcentersource.com\/es\/wp-json\/wp\/v2\/pages\/988418","targetHints":{"allow":["GET"]}}],"collection":[{"href":"https:\/\/onyxcentersource.com\/es\/wp-json\/wp\/v2\/pages"}],"about":[{"href":"https:\/\/onyxcentersource.com\/es\/wp-json\/wp\/v2\/types\/page"}],"author":[{"embeddable":true,"href":"https:\/\/onyxcentersource.com\/es\/wp-json\/wp\/v2\/users\/2"}],"replies":[{"embeddable":true,"href":"https:\/\/onyxcentersource.com\/es\/wp-json\/wp\/v2\/comments?post=988418"}],"version-history":[{"count":0,"href":"https:\/\/onyxcentersource.com\/es\/wp-json\/wp\/v2\/pages\/988418\/revisions"}],"wp:attachment":[{"href":"https:\/\/onyxcentersource.com\/es\/wp-json\/wp\/v2\/media?parent=988418"}],"curies":[{"name":"wp","href":"https:\/\/api.w.org\/{rel}","templated":true}]}}