{"id":988529,"date":"2025-11-20T20:18:18","date_gmt":"2025-11-20T20:18:18","guid":{"rendered":"https:\/\/onyxcenterdev.wpenginepowered.com\/politica-de-cookies\/"},"modified":"2025-12-15T21:06:39","modified_gmt":"2025-12-15T21:06:39","slug":"politica-de-cookies","status":"publish","type":"page","link":"https:\/\/onyxcentersource.com\/es\/politica-de-cookies\/","title":{"rendered":"Pol\u00edtica de cookies"},"content":{"rendered":"\t\t<div data-elementor-type=\"wp-page\" data-elementor-id=\"988529\" class=\"elementor elementor-988529 elementor-988117\" data-elementor-post-type=\"page\">\n\t\t\t\t<div class=\"elementor-element elementor-element-1d9a684 e-flex e-con-boxed e-con e-parent\" data-id=\"1d9a684\" data-element_type=\"container\">\n\t\t\t\t\t<div class=\"e-con-inner\">\n\t\t<div class=\"elementor-element elementor-element-89eb5db e-flex e-con-boxed e-con e-child\" data-id=\"89eb5db\" data-element_type=\"container\" data-settings=\"{&quot;background_background&quot;:&quot;gradient&quot;}\">\n\t\t\t\t\t<div class=\"e-con-inner\">\n\t\t<div class=\"elementor-element elementor-element-2dc0cf7 e-flex e-con-boxed e-con e-child\" data-id=\"2dc0cf7\" data-element_type=\"container\">\n\t\t\t\t\t<div class=\"e-con-inner\">\n\t\t<div class=\"elementor-element elementor-element-d02b08e e-con-full e-flex e-con e-child\" data-id=\"d02b08e\" data-element_type=\"container\">\n\t\t\t\t<div class=\"elementor-element elementor-element-df28f64 elementor-widget elementor-widget-heading\" data-id=\"df28f64\" data-element_type=\"widget\" data-widget_type=\"heading.default\">\n\t\t\t\t<div class=\"elementor-widget-container\">\n\t\t\t\t\t<span class=\"elementor-heading-title elementor-size-default\">Pol\u00edtica de cookies<\/span>\t\t\t\t<\/div>\n\t\t\t\t<\/div>\n\t\t\t\t<div class=\"elementor-element elementor-element-05ac261 elementor-widget elementor-widget-heading\" data-id=\"05ac261\" data-element_type=\"widget\" data-widget_type=\"heading.default\">\n\t\t\t\t<div class=\"elementor-widget-container\">\n\t\t\t\t\t<h1 class=\"elementor-heading-title elementor-size-default\">Pol\u00edtica de cookies<\/h1>\t\t\t\t<\/div>\n\t\t\t\t<\/div>\n\t\t\t\t<\/div>\n\t\t<div class=\"elementor-element elementor-element-ec7541a e-flex e-con-boxed e-con e-child\" data-id=\"ec7541a\" data-element_type=\"container\">\n\t\t\t\t\t<div class=\"e-con-inner\">\n\t\t\t\t<div class=\"elementor-element elementor-element-9aca551 elementor-widget elementor-widget-text-editor\" data-id=\"9aca551\" data-element_type=\"widget\" data-widget_type=\"text-editor.default\">\n\t\t\t\t<div class=\"elementor-widget-container\">\n\t\t\t\t\t\t\t\t\t<p><strong><em>\u00daltima actualizaci\u00f3n: 05 de febrero de 2025<\/em><\/strong><\/p><p class=\"p1\"><span class=\"s1\">Esta pol\u00edtica describe c\u00f3mo y por qu\u00e9 Pegasus Business Intelligence, LP d\/b\/a Onyx CenterSource, y sus filiales, incluyendo, entre otras, Onyx CenterSource Spain, S.A., Onyx CenterSource (UK) Limited y Onyx CenterSource AS (en conjunto, \u201cOnyx\u201d, \u201cnosotros\u201d o \u201cnuestro\u201d) utilizan cookies en este sitio web: <a href=\"https:\/\/www.onyxcentersource.com\/\"><span class=\"s2\"><b>https:\/\/www.onyxcentersource.com\/<\/b><\/span><\/a>.<\/span><\/p><p><strong>\u00bfQu\u00e9 son las cookies?<\/strong><\/p><p class=\"p1\"><span class=\"s1\">Una cookie es una peque\u00f1a porci\u00f3n de datos (archivo de texto) que un sitio web o una aplicaci\u00f3n, cuando es visitada por un usuario, solicita a su navegador que almacene en su dispositivo para recordar informaci\u00f3n sobre usted, como su preferencia de idioma o su \u00faltima visita a nuestro sitio web. Estas cookies son establecidas por nosotros y se denominan cookies de origen. <\/span><\/p><p class=\"p1\"><span class=\"s1\">Tambi\u00e9n utilizamos cookies de terceros; estas son cookies establecidas por un dominio diferente al dominio del sitio web que est\u00e1 visitando o un dominio que no estamos operando; por ejemplo, para analizar el tr\u00e1fico a nuestro sitio web o para<\/span><span class=\"s2\"> nuestros esfuerzos publicitarios y de marketing<\/span><span class=\"s1\">.<\/span><\/p><p><strong>C\u00f3mo utilizamos las cookies<\/strong><\/p><p class=\"p1\"><span class=\"s1\">Nuestro sitio web utiliza dos tipos de cookies: cookies persistentes y cookies de sesi\u00f3n. Las cookies <b>persistentes<\/b> son cookies que permanecen en su dispositivo durante un cierto per\u00edodo de tiempo (como se indica en la tabla a continuaci\u00f3n) o hasta que las elimine manualmente o se oponga a ellas. Las cookies de <b>sesi\u00f3n<\/b> son cookies que caducan al final de la sesi\u00f3n del navegador (por ejemplo, cuando abandona nuestro sitio web y cierra su navegador).<\/span><\/p><p class=\"p1\"><span class=\"s1\">Utilizamos cookies <b>estrictamente necesarias<\/b> para (i) reconocerle como un usuario recurrente de nuestro sitio web, (ii) proteger nuestro sitio web, aplicaci\u00f3n y servicio y para (ii) registrar sus preferencias de cookies para que no se le presente nuestro banner varias veces.   <\/span><\/p><p class=\"p1\"><span class=\"s1\">Utilizamos cookies <b>no esenciales (no estrictamente necesarias)<\/b> para observar y analizar los niveles de tr\u00e1fico y otras m\u00e9tricas con respecto a su uso de las comunidades en nuestro sitio web, lo que nos ayuda a mejorar nuestro sitio web y servicios, as\u00ed como su experiencia general de usuario. Solo utilizamos cookies no esenciales cuando tenemos su consentimiento (v\u00e9ase m\u00e1s adelante). <\/span><\/p><p class=\"p1\"><span class=\"s1\">Como se explic\u00f3 anteriormente, las cookies pueden ser <b>de origen<\/b> o <b>de terceros<\/b>, lo que significa que son operadas por nosotros (de origen) o por un tercero (de terceros). Tenga en cuenta que las interacciones con las cookies de terceros en nuestro sitio web se rigen por las pol\u00edticas de privacidad y cookies del tercero. Para obtener m\u00e1s informaci\u00f3n sobre los terceros que utilizan cookies en nuestro sitio web, consulte la siguiente <a href=\"https:\/\/www.onyxcentersource.com\/cookie-policy\/#table_list2\"><span class=\"s2\"><b>[Lista]<\/b><\/span><\/a>.  <\/span><\/p><p class=\"p1\"><span class=\"s1\">A continuaci\u00f3n, se detalla m\u00e1s informaci\u00f3n sobre los tipos de cookies que utilizamos.<\/span><\/p><p><strong>Gesti\u00f3n de cookies<\/strong><\/p><p class=\"p1\"><span class=\"s1\">En su primera visita a nuestros sitios web, en la p\u00e1gina de inicio ver\u00e1 un banner de cookies que le informar\u00e1 sobre por qu\u00e9 se utilizan las cookies y le pedir\u00e1 que d\u00e9 su consentimiento para cada cookie no esencial si est\u00e1 de acuerdo con que las utilicemos.<\/span><\/p><p class=\"p1\"><span class=\"s1\">Puede cambiar sus preferencias de cookies a trav\u00e9s del banner de cookies, donde tiene la opci\u00f3n de aceptar o rechazar el uso de cookies no esenciales en su dispositivo. Sin embargo, tambi\u00e9n puede actualizar sus preferencias de cookies en todo momento haciendo clic en el bot\u00f3n de abajo: <br><\/span><\/p><p><button id=\"ot-sdk-btn\" class=\"ot-sdk-show-settings\">Configuraci\u00f3n de cookies<\/button><\/p><p class=\"p1\"><span class=\"s1\">Tenga en cuenta que no puede desactivar las cookies estrictamente necesarias, ya que estas afectan la funcionalidad de nuestro sitio web y su capacidad para utilizar ciertas caracter\u00edsticas y funcionalidades.<\/span><\/p><p class=\"p1\"><span class=\"s1\">Tambi\u00e9n puede ajustar o bloquear las cookies a trav\u00e9s de la configuraci\u00f3n de su navegador, lo que le permite rechazar la instalaci\u00f3n de todas o parte de las cookies al navegar por Internet. La mayor\u00eda de los navegadores permiten la posibilidad de informar de la existencia de cookies o rechazarlas autom\u00e1ticamente. Para obtener m\u00e1s informaci\u00f3n relacionada con la forma de ajustar esta configuraci\u00f3n, visite y lea la informaci\u00f3n proporcionada por cada navegador.   <\/span><\/p><p><strong id=\"table_list2\">Tipos de cookies utilizadas<\/strong><\/p><p class=\"p1\"><b>Lista de cookies<\/b><\/p><p class=\"p3\">Este sitio recopila informaci\u00f3n de usted a trav\u00e9s de la instalaci\u00f3n de las siguientes cookies en su dispositivo o navegador. M\u00e1s espec\u00edficamente, utilizamos cookies y otras tecnolog\u00edas de seguimiento para los siguientes prop\u00f3sitos: <\/p><p class=\"p4\"><b>Cookies de rendimiento<\/b><\/p><p class=\"p5\">Estas cookies nos permiten contar las visitas y las fuentes de tr\u00e1fico para que podamos medir y mejorar el rendimiento de nuestro sitio. Nos ayudan a saber qu\u00e9 p\u00e1ginas son las m\u00e1s y las menos populares y a ver c\u00f3mo se mueven los visitantes por el sitio. Toda la informaci\u00f3n que recopilan estas cookies es agregada y, por lo tanto, an\u00f3nima. Si no permite estas cookies, no sabremos cu\u00e1ndo ha visitado nuestro sitio y no podremos supervisar su rendimiento.   <\/p><p><img decoding=\"async\" class=\"aligncenter size-full wp-image-25182\" src=\"https:\/\/www.onyxcentersource.com\/wp-content\/uploads\/2025\/02\/1.png\"><\/p><p><span style=\"font-size: medium;\"><b>Cookies funcionales<\/b><\/span><\/p><p>Estas cookies permiten que el sitio web proporcione una funcionalidad y personalizaci\u00f3n mejoradas. Pueden ser establecidas por nosotros o por proveedores externos cuyos servicios hemos a\u00f1adido a nuestras p\u00e1ginas. Si no permite estas cookies, es posible que algunos o todos estos servicios no funcionen correctamente.  <\/p><p><img decoding=\"async\" class=\"aligncenter size-full wp-image-25191 lazyloaded\" style=\"--smush-placeholder-width: 930px; --smush-placeholder-aspect-ratio: 930\/746;\" src=\"https:\/\/www.onyxcentersource.com\/wp-content\/uploads\/2025\/02\/2.png\"><\/p><p><span style=\"font-size: medium;\"><b>Cookies de segmentaci\u00f3n<\/b><\/span><\/p><p>Estas cookies pueden ser establecidas a trav\u00e9s de nuestro sitio por nuestros socios publicitarios. Pueden ser utilizadas por esas empresas para crear un perfil de sus intereses y mostrarle anuncios relevantes en otros sitios. No almacenan directamente informaci\u00f3n personal, sino que se basan en la identificaci\u00f3n \u00fanica de su navegador y dispositivo de Internet. Si no permite estas cookies, experimentar\u00e1 una publicidad menos dirigida.   <\/p><p><img fetchpriority=\"high\" decoding=\"async\" class=\"aligncenter size-full wp-image-25200 lazyload\" style=\"--smush-placeholder-width: 932px; --smush-placeholder-aspect-ratio: 932\/446;\" src=\"https:\/\/www.onyxcentersource.com\/wp-content\/uploads\/2025\/02\/3.png\" alt=\"\" width=\"932\" height=\"446\"><\/p><p><span style=\"font-size: medium;\"><b>Cookies estrictamente necesarias<\/b><\/span><\/p><p>Estas cookies son necesarias para que el sitio web funcione y no se pueden desactivar en nuestros sistemas. Por lo general, solo se establecen en respuesta a acciones realizadas por usted que equivalen a una solicitud de servicios, como establecer sus preferencias de privacidad, iniciar sesi\u00f3n o completar formularios. Puede configurar su navegador para que bloquee o le avise sobre estas cookies, pero algunas partes del sitio no funcionar\u00e1n entonces. Estas cookies no almacenan ninguna informaci\u00f3n de identificaci\u00f3n personal.   <\/p><p><img decoding=\"async\" class=\"aligncenter size-full wp-image-25209 lazyload\" style=\"--smush-placeholder-width: 929px; --smush-placeholder-aspect-ratio: 929\/271;\" src=\"https:\/\/www.onyxcentersource.com\/wp-content\/uploads\/2025\/02\/4.png\" alt=\"\" width=\"929\" height=\"271\"><\/p><p><span style=\"font-size: medium;\"><b>Actualizaci\u00f3n de la pol\u00edtica de cookies<\/b><\/span><\/p><p><span style=\"font-size: medium;\">Onyx se reserva el derecho, a nuestra entera discreci\u00f3n, de modificar o reemplazar esta Pol\u00edtica de cookies. Se aconseja a los usuarios que revisen peri\u00f3dicamente esta Pol\u00edtica de cookies para que puedan estar debidamente informados sobre las cookies utilizadas en el sitio web, su prop\u00f3sito y per\u00edodo. <\/span><\/p><p><span style=\"font-size: medium;\"><b>Protecci\u00f3n de datos personales<\/b><\/span><\/p><p><a name=\"OpenAt\"><\/a> <span style=\"font-size: medium;\">Onyx, al obtener autom\u00e1ticamente informaci\u00f3n del sitio a trav\u00e9s de cookies, puede recopilar datos personales de usted relacionados con su dispositivo inform\u00e1tico, el uso del sitio o su comportamiento de navegaci\u00f3n en el sitio. Esta informaci\u00f3n puede incluir datos relacionados con el idioma, las palabras clave, la fecha, la hora, cu\u00e1nto tiempo pasa en ciertos tipos de p\u00e1ginas, la direcci\u00f3n IP, el identificador de publicidad, qu\u00e9 secci\u00f3n de la p\u00e1gina ha visitado e informaci\u00f3n similar relacionada con el uso del sitio. Podemos recopilar dicha informaci\u00f3n utilizando cookies como se detalla en esta Pol\u00edtica de cookies.  <\/span><\/p><p><span style=\"font-size: medium;\">En este sentido, con respecto a la informaci\u00f3n que identifica o hace identificables a los usuarios, se aplicar\u00e1n las disposiciones de la Pol\u00edtica de privacidad. Para obtener m\u00e1s informaci\u00f3n sobre c\u00f3mo procesamos los datos personales mediante el uso de cookies, visite nuestro [<\/span><a href=\"https:\/\/www.onyxcentersource.com\/privacy-policy\/\"><span style=\"font-size: medium;\"><u><b>Aviso de privacidad<\/b><\/u><\/span><\/a><span style=\"font-size: medium;\">].<\/span><\/p><p><span style=\"font-size: medium;\"><b>Cont\u00e1ctenos<\/b><\/span><\/p><p><span style=\"font-size: medium;\">Si tiene alguna pregunta o comentario sobre nuestra Pol\u00edtica de cookies o desea ejercer los derechos del interesado, no dude en ponerse en contacto con nosotros en <\/span><a href=\"mailto:privacy@onyxcentersource.com\"><span style=\"font-size: medium;\"><u><b>privacy@onyxcentersource.com<\/b><\/u><\/span><\/a><span style=\"font-size: medium;\">.<\/span> <\/p>\t\t\t\t\t\t\t\t<\/div>\n\t\t\t\t<\/div>\n\t\t\t\t\t<\/div>\n\t\t\t\t<\/div>\n\t\t\t\t\t<\/div>\n\t\t\t\t<\/div>\n\t\t\t\t\t<\/div>\n\t\t\t\t<\/div>\n\t\t\t\t\t<\/div>\n\t\t\t\t<\/div>\n\t\t\t\t<\/div>\n\t\t","protected":false},"excerpt":{"rendered":"<p>Pol\u00edtica de cookies Pol\u00edtica de cookies \u00daltima actualizaci\u00f3n: 05 de febrero de 2025 Esta pol\u00edtica describe c\u00f3mo y por qu\u00e9 Pegasus Business Intelligence, LP d\/b\/a Onyx CenterSource, y sus filiales, incluyendo, entre otras, Onyx CenterSource Spain, S.A., Onyx CenterSource (UK) Limited y Onyx CenterSource AS (en conjunto, \u201cOnyx\u201d, \u201cnosotros\u201d o \u201cnuestro\u201d) utilizan cookies en este&#8230;<\/p>\n","protected":false},"author":2,"featured_media":0,"parent":0,"menu_order":0,"comment_status":"closed","ping_status":"closed","template":"","meta":{"_acf_changed":false,"footnotes":""},"class_list":["post-988529","page","type-page","status-publish","hentry"],"acf":[],"yoast_head":"<!-- This site is optimized with the Yoast SEO Premium plugin v26.5 (Yoast SEO v27.0) - https:\/\/yoast.com\/product\/yoast-seo-premium-wordpress\/ -->\n<title>Pol\u00edtica de cookies - Onyx CenterSource\u2122<\/title>\n<meta name=\"description\" content=\"Esta pol\u00edtica describe c\u00f3mo y por qu\u00e9 Pegasus Business Intelligence, LP d\/b\/a Onyx CenterSource, y sus filiales, incluyendo, entre otras, Onyx CenterSource Spain, S.A., Onyx CenterSource (UK) Limited y Onyx CenterSource AS (en conjunto, \u201cOnyx\u201d, \u201cnosotros\u201d o \u201cnuestro\u201d), utilizan cookies en este sitio web.\" \/>\n<meta name=\"robots\" content=\"index, follow, max-snippet:-1, max-image-preview:large, max-video-preview:-1\" \/>\n<link rel=\"canonical\" href=\"https:\/\/onyxcentersource.com\/es\/politica-de-cookies\/\" \/>\n<meta property=\"og:locale\" content=\"es_ES\" \/>\n<meta property=\"og:type\" content=\"article\" \/>\n<meta property=\"og:title\" content=\"Pol\u00edtica de cookies\" \/>\n<meta property=\"og:description\" content=\"Esta pol\u00edtica describe c\u00f3mo y por qu\u00e9 Pegasus Business Intelligence, LP d\/b\/a Onyx CenterSource, y sus filiales, incluyendo, entre otras, Onyx CenterSource Spain, S.A., Onyx CenterSource (UK) Limited y Onyx CenterSource AS (en conjunto, \u201cOnyx\u201d, \u201cnosotros\u201d o \u201cnuestro\u201d), utilizan cookies en este sitio web.\" \/>\n<meta property=\"og:url\" content=\"https:\/\/onyxcentersource.com\/es\/politica-de-cookies\/\" \/>\n<meta property=\"og:site_name\" content=\"Onyx CenterSource\u2122\" \/>\n<meta property=\"article:modified_time\" content=\"2025-12-15T21:06:39+00:00\" \/>\n<meta name=\"twitter:card\" content=\"summary_large_image\" \/>\n<meta name=\"twitter:label1\" content=\"Tiempo de lectura\" \/>\n\t<meta name=\"twitter:data1\" content=\"6 minutos\" \/>\n<script type=\"application\/ld+json\" class=\"yoast-schema-graph\">{\"@context\":\"https:\/\/schema.org\",\"@graph\":[{\"@type\":\"WebPage\",\"@id\":\"https:\/\/onyxcentersource.com\/es\/politica-de-cookies\/\",\"url\":\"https:\/\/onyxcentersource.com\/es\/politica-de-cookies\/\",\"name\":\"Pol\u00edtica de cookies - Onyx CenterSource\u2122\",\"isPartOf\":{\"@id\":\"https:\/\/onyxcentersource.com\/es\/#website\"},\"primaryImageOfPage\":{\"@id\":\"https:\/\/onyxcentersource.com\/es\/politica-de-cookies\/#primaryimage\"},\"image\":{\"@id\":\"https:\/\/onyxcentersource.com\/es\/politica-de-cookies\/#primaryimage\"},\"thumbnailUrl\":\"https:\/\/www.onyxcentersource.com\/wp-content\/uploads\/2025\/02\/1.png\",\"datePublished\":\"2025-11-20T20:18:18+00:00\",\"dateModified\":\"2025-12-15T21:06:39+00:00\",\"description\":\"Esta pol\u00edtica describe c\u00f3mo y por qu\u00e9 Pegasus Business Intelligence, LP d\/b\/a Onyx CenterSource, y sus filiales, incluyendo, entre otras, Onyx CenterSource Spain, S.A., Onyx CenterSource (UK) Limited y Onyx CenterSource AS (en conjunto, \u201cOnyx\u201d, \u201cnosotros\u201d o \u201cnuestro\u201d), utilizan cookies en este sitio web.\",\"breadcrumb\":{\"@id\":\"https:\/\/onyxcentersource.com\/es\/politica-de-cookies\/#breadcrumb\"},\"inLanguage\":\"es\",\"potentialAction\":[{\"@type\":\"ReadAction\",\"target\":[\"https:\/\/onyxcentersource.com\/es\/politica-de-cookies\/\"]}]},{\"@type\":\"ImageObject\",\"inLanguage\":\"es\",\"@id\":\"https:\/\/onyxcentersource.com\/es\/politica-de-cookies\/#primaryimage\",\"url\":\"https:\/\/www.onyxcentersource.com\/wp-content\/uploads\/2025\/02\/1.png\",\"contentUrl\":\"https:\/\/www.onyxcentersource.com\/wp-content\/uploads\/2025\/02\/1.png\"},{\"@type\":\"BreadcrumbList\",\"@id\":\"https:\/\/onyxcentersource.com\/es\/politica-de-cookies\/#breadcrumb\",\"itemListElement\":[{\"@type\":\"ListItem\",\"position\":1,\"name\":\"Home\",\"item\":\"https:\/\/onyxcentersource.com\/es\/inicio\/\"},{\"@type\":\"ListItem\",\"position\":2,\"name\":\"Pol\u00edtica de cookies\"}]},{\"@type\":\"WebSite\",\"@id\":\"https:\/\/onyxcentersource.com\/es\/#website\",\"url\":\"https:\/\/onyxcentersource.com\/es\/\",\"name\":\"Onyx CenterSource\u2122\",\"description\":\"\",\"publisher\":{\"@id\":\"https:\/\/onyxcentersource.com\/es\/#organization\"},\"potentialAction\":[{\"@type\":\"SearchAction\",\"target\":{\"@type\":\"EntryPoint\",\"urlTemplate\":\"https:\/\/onyxcentersource.com\/es\/?s={search_term_string}\"},\"query-input\":{\"@type\":\"PropertyValueSpecification\",\"valueRequired\":true,\"valueName\":\"search_term_string\"}}],\"inLanguage\":\"es\"},{\"@type\":\"Organization\",\"@id\":\"https:\/\/onyxcentersource.com\/es\/#organization\",\"name\":\"Onyx CenterSource\u2122\",\"url\":\"https:\/\/onyxcentersource.com\/es\/\",\"logo\":{\"@type\":\"ImageObject\",\"inLanguage\":\"es\",\"@id\":\"https:\/\/onyxcentersource.com\/es\/#\/schema\/logo\/image\/\",\"url\":\"https:\/\/onyxcentersource.com\/wp-content\/uploads\/2025\/12\/Onyx-Logo-Horizontal-scaled-e1765564060227.png\",\"contentUrl\":\"https:\/\/onyxcentersource.com\/wp-content\/uploads\/2025\/12\/Onyx-Logo-Horizontal-scaled-e1765564060227.png\",\"width\":370,\"height\":115,\"caption\":\"Onyx CenterSource\u2122\"},\"image\":{\"@id\":\"https:\/\/onyxcentersource.com\/es\/#\/schema\/logo\/image\/\"}}]}<\/script>\n<!-- \/ Yoast SEO Premium plugin. -->","yoast_head_json":{"title":"Pol\u00edtica de cookies - Onyx CenterSource\u2122","description":"Esta pol\u00edtica describe c\u00f3mo y por qu\u00e9 Pegasus Business Intelligence, LP d\/b\/a Onyx CenterSource, y sus filiales, incluyendo, entre otras, Onyx CenterSource Spain, S.A., Onyx CenterSource (UK) Limited y Onyx CenterSource AS (en conjunto, \u201cOnyx\u201d, \u201cnosotros\u201d o \u201cnuestro\u201d), utilizan cookies en este sitio web.","robots":{"index":"index","follow":"follow","max-snippet":"max-snippet:-1","max-image-preview":"max-image-preview:large","max-video-preview":"max-video-preview:-1"},"canonical":"https:\/\/onyxcentersource.com\/es\/politica-de-cookies\/","og_locale":"es_ES","og_type":"article","og_title":"Pol\u00edtica de cookies","og_description":"Esta pol\u00edtica describe c\u00f3mo y por qu\u00e9 Pegasus Business Intelligence, LP d\/b\/a Onyx CenterSource, y sus filiales, incluyendo, entre otras, Onyx CenterSource Spain, S.A., Onyx CenterSource (UK) Limited y Onyx CenterSource AS (en conjunto, \u201cOnyx\u201d, \u201cnosotros\u201d o \u201cnuestro\u201d), utilizan cookies en este sitio web.","og_url":"https:\/\/onyxcentersource.com\/es\/politica-de-cookies\/","og_site_name":"Onyx CenterSource\u2122","article_modified_time":"2025-12-15T21:06:39+00:00","twitter_card":"summary_large_image","twitter_misc":{"Tiempo de lectura":"6 minutos"},"schema":{"@context":"https:\/\/schema.org","@graph":[{"@type":"WebPage","@id":"https:\/\/onyxcentersource.com\/es\/politica-de-cookies\/","url":"https:\/\/onyxcentersource.com\/es\/politica-de-cookies\/","name":"Pol\u00edtica de cookies - Onyx CenterSource\u2122","isPartOf":{"@id":"https:\/\/onyxcentersource.com\/es\/#website"},"primaryImageOfPage":{"@id":"https:\/\/onyxcentersource.com\/es\/politica-de-cookies\/#primaryimage"},"image":{"@id":"https:\/\/onyxcentersource.com\/es\/politica-de-cookies\/#primaryimage"},"thumbnailUrl":"https:\/\/www.onyxcentersource.com\/wp-content\/uploads\/2025\/02\/1.png","datePublished":"2025-11-20T20:18:18+00:00","dateModified":"2025-12-15T21:06:39+00:00","description":"Esta pol\u00edtica describe c\u00f3mo y por qu\u00e9 Pegasus Business Intelligence, LP d\/b\/a Onyx CenterSource, y sus filiales, incluyendo, entre otras, Onyx CenterSource Spain, S.A., Onyx CenterSource (UK) Limited y Onyx CenterSource AS (en conjunto, \u201cOnyx\u201d, \u201cnosotros\u201d o \u201cnuestro\u201d), utilizan cookies en este sitio web.","breadcrumb":{"@id":"https:\/\/onyxcentersource.com\/es\/politica-de-cookies\/#breadcrumb"},"inLanguage":"es","potentialAction":[{"@type":"ReadAction","target":["https:\/\/onyxcentersource.com\/es\/politica-de-cookies\/"]}]},{"@type":"ImageObject","inLanguage":"es","@id":"https:\/\/onyxcentersource.com\/es\/politica-de-cookies\/#primaryimage","url":"https:\/\/www.onyxcentersource.com\/wp-content\/uploads\/2025\/02\/1.png","contentUrl":"https:\/\/www.onyxcentersource.com\/wp-content\/uploads\/2025\/02\/1.png"},{"@type":"BreadcrumbList","@id":"https:\/\/onyxcentersource.com\/es\/politica-de-cookies\/#breadcrumb","itemListElement":[{"@type":"ListItem","position":1,"name":"Home","item":"https:\/\/onyxcentersource.com\/es\/inicio\/"},{"@type":"ListItem","position":2,"name":"Pol\u00edtica de cookies"}]},{"@type":"WebSite","@id":"https:\/\/onyxcentersource.com\/es\/#website","url":"https:\/\/onyxcentersource.com\/es\/","name":"Onyx CenterSource\u2122","description":"","publisher":{"@id":"https:\/\/onyxcentersource.com\/es\/#organization"},"potentialAction":[{"@type":"SearchAction","target":{"@type":"EntryPoint","urlTemplate":"https:\/\/onyxcentersource.com\/es\/?s={search_term_string}"},"query-input":{"@type":"PropertyValueSpecification","valueRequired":true,"valueName":"search_term_string"}}],"inLanguage":"es"},{"@type":"Organization","@id":"https:\/\/onyxcentersource.com\/es\/#organization","name":"Onyx CenterSource\u2122","url":"https:\/\/onyxcentersource.com\/es\/","logo":{"@type":"ImageObject","inLanguage":"es","@id":"https:\/\/onyxcentersource.com\/es\/#\/schema\/logo\/image\/","url":"https:\/\/onyxcentersource.com\/wp-content\/uploads\/2025\/12\/Onyx-Logo-Horizontal-scaled-e1765564060227.png","contentUrl":"https:\/\/onyxcentersource.com\/wp-content\/uploads\/2025\/12\/Onyx-Logo-Horizontal-scaled-e1765564060227.png","width":370,"height":115,"caption":"Onyx CenterSource\u2122"},"image":{"@id":"https:\/\/onyxcentersource.com\/es\/#\/schema\/logo\/image\/"}}]}},"featured_image_src":null,"featured_image_src_square":null,"_links":{"self":[{"href":"https:\/\/onyxcentersource.com\/es\/wp-json\/wp\/v2\/pages\/988529","targetHints":{"allow":["GET"]}}],"collection":[{"href":"https:\/\/onyxcentersource.com\/es\/wp-json\/wp\/v2\/pages"}],"about":[{"href":"https:\/\/onyxcentersource.com\/es\/wp-json\/wp\/v2\/types\/page"}],"author":[{"embeddable":true,"href":"https:\/\/onyxcentersource.com\/es\/wp-json\/wp\/v2\/users\/2"}],"replies":[{"embeddable":true,"href":"https:\/\/onyxcentersource.com\/es\/wp-json\/wp\/v2\/comments?post=988529"}],"version-history":[{"count":0,"href":"https:\/\/onyxcentersource.com\/es\/wp-json\/wp\/v2\/pages\/988529\/revisions"}],"wp:attachment":[{"href":"https:\/\/onyxcentersource.com\/es\/wp-json\/wp\/v2\/media?parent=988529"}],"curies":[{"name":"wp","href":"https:\/\/api.w.org\/{rel}","templated":true}]}}