{"id":988800,"date":"2025-11-20T20:18:47","date_gmt":"2025-11-20T20:18:47","guid":{"rendered":"https:\/\/onyxcenterdev.wpenginepowered.com\/loi-sur-la-transparence\/"},"modified":"2025-12-04T20:30:06","modified_gmt":"2025-12-04T20:30:06","slug":"loi-sur-la-transparence","status":"publish","type":"page","link":"https:\/\/onyxcentersource.com\/fr\/loi-sur-la-transparence\/","title":{"rendered":"Loi sur la transparence"},"content":{"rendered":"\t\t<div data-elementor-type=\"wp-page\" data-elementor-id=\"988800\" class=\"elementor elementor-988800 elementor-988121\" data-elementor-post-type=\"page\">\n\t\t\t\t<div class=\"elementor-element elementor-element-1d9a684 e-flex e-con-boxed e-con e-parent\" data-id=\"1d9a684\" data-element_type=\"container\">\n\t\t\t\t\t<div class=\"e-con-inner\">\n\t\t<div class=\"elementor-element elementor-element-89eb5db e-flex e-con-boxed e-con e-child\" data-id=\"89eb5db\" data-element_type=\"container\" data-settings=\"{&quot;background_background&quot;:&quot;gradient&quot;}\">\n\t\t\t\t\t<div class=\"e-con-inner\">\n\t\t<div class=\"elementor-element elementor-element-2dc0cf7 e-flex e-con-boxed e-con e-child\" data-id=\"2dc0cf7\" data-element_type=\"container\">\n\t\t\t\t\t<div class=\"e-con-inner\">\n\t\t<div class=\"elementor-element elementor-element-d02b08e e-con-full e-flex e-con e-child\" data-id=\"d02b08e\" data-element_type=\"container\">\n\t\t\t\t<div class=\"elementor-element elementor-element-df28f64 elementor-widget elementor-widget-heading\" data-id=\"df28f64\" data-element_type=\"widget\" data-widget_type=\"heading.default\">\n\t\t\t\t<div class=\"elementor-widget-container\">\n\t\t\t\t\t<span class=\"elementor-heading-title elementor-size-default\">Loi sur la transparence<\/span>\t\t\t\t<\/div>\n\t\t\t\t<\/div>\n\t\t\t\t<div class=\"elementor-element elementor-element-05ac261 elementor-widget elementor-widget-heading\" data-id=\"05ac261\" data-element_type=\"widget\" data-widget_type=\"heading.default\">\n\t\t\t\t<div class=\"elementor-widget-container\">\n\t\t\t\t\t<h1 class=\"elementor-heading-title elementor-size-default\">Loi sur la transparence<\/h1>\t\t\t\t<\/div>\n\t\t\t\t<\/div>\n\t\t\t\t<\/div>\n\t\t<div class=\"elementor-element elementor-element-ec7541a e-flex e-con-boxed e-con e-child\" data-id=\"ec7541a\" data-element_type=\"container\">\n\t\t\t\t\t<div class=\"e-con-inner\">\n\t\t\t\t<div class=\"elementor-element elementor-element-4ce2cc4 elementor-widget elementor-widget-heading\" data-id=\"4ce2cc4\" data-element_type=\"widget\" data-widget_type=\"heading.default\">\n\t\t\t\t<div class=\"elementor-widget-container\">\n\t\t\t\t\t<h2 class=\"elementor-heading-title elementor-size-default\">INTRODUCTION<\/h2>\t\t\t\t<\/div>\n\t\t\t\t<\/div>\n\t\t\t\t<div class=\"elementor-element elementor-element-9aca551 elementor-widget elementor-widget-text-editor\" data-id=\"9aca551\" data-element_type=\"widget\" data-widget_type=\"text-editor.default\">\n\t\t\t\t<div class=\"elementor-widget-container\">\n\t\t\t\t\t\t\t\t\t<p>La loi relative \u00e0 la transparence des entreprises et au travail sur les droits fondamentaux de l&rsquo;homme et des conditions de travail d\u00e9centes (la \u00ab <strong>Loi sur la transparence<\/strong> \u00bb) est entr\u00e9e en vigueur le 1er juillet 2022. La pr\u00e9sente d\u00e9claration est le rapport d&rsquo;Onyx Norway Holding AS et de sa filiale Onyx CenterSource AS (ci-apr\u00e8s d\u00e9nomm\u00e9es \u00ab Onyx \u00bb) sur les \u00e9valuations de diligence raisonnable conform\u00e9ment \u00e0 l&rsquo;article 5 de la loi sur la transparence. <\/p><p>La d\u00e9claration comprend les \u00e9valuations de diligence raisonnable que nous avons men\u00e9es pour la p\u00e9riode du 1er juillet 2023 au 1er juin 2024.<\/p><p>La d\u00e9claration est publi\u00e9e en anglais, conform\u00e9ment \u00e0 l&rsquo;article 3-4 (3) de la loi sur la comptabilit\u00e9.<\/p>\t\t\t\t\t\t\t\t<\/div>\n\t\t\t\t<\/div>\n\t\t\t\t<div class=\"elementor-element elementor-element-852a467 elementor-widget elementor-widget-heading\" data-id=\"852a467\" data-element_type=\"widget\" data-widget_type=\"heading.default\">\n\t\t\t\t<div class=\"elementor-widget-container\">\n\t\t\t\t\t<h2 class=\"elementor-heading-title elementor-size-default\">ORGANISATION ET ZONE D'ACTIVIT\u00c9<\/h2>\t\t\t\t<\/div>\n\t\t\t\t<\/div>\n\t\t\t\t<div class=\"elementor-element elementor-element-fd8bd18 elementor-widget elementor-widget-text-editor\" data-id=\"fd8bd18\" data-element_type=\"widget\" data-widget_type=\"text-editor.default\">\n\t\t\t\t<div class=\"elementor-widget-container\">\n\t\t\t\t\t\t\t\t\t<p>Onyx CenterSource AS (OCS) est le principal fournisseur de services de rapprochement des commissions repr\u00e9sentant les agences de voyage dans plusieurs pays.<\/p><p>OCS est une soci\u00e9t\u00e9 professionnelle de commissions \u00e9lectroniques qui offre une solution principale de suivi, de rapprochement et de paiement des commissions pour les soci\u00e9t\u00e9s de gestion de voyages, les agences de voyage, les agences de voyage en ligne et autres entreprises de r\u00e9servation d&rsquo;h\u00e9bergement. Lorsqu&rsquo;un s\u00e9jour \u00e0 l&rsquo;h\u00f4tel est r\u00e9serv\u00e9 par l&rsquo;interm\u00e9diaire d&rsquo;un agent de voyage, il est d&rsquo;usage dans le secteur que l&rsquo;agent de voyage ait droit \u00e0 une commission pour la recommandation, bas\u00e9e sur les revenus de la chambre d&rsquo;h\u00f4tel. La commission est due apr\u00e8s le s\u00e9jour effectif du client \u00e0 l&rsquo;h\u00f4tel. OCS offre une solution logicielle et des services avanc\u00e9s coordonnant ce processus pour les agents de voyage.   <\/p><p>L&rsquo;histoire d&rsquo;OCS remonte \u00e0 la fin des ann\u00e9es 1990, lorsque les fondateurs ont constat\u00e9 que les agents de voyage avaient du mal \u00e0 percevoir les commissions des h\u00f4tels. Les agents de voyage coordonnent un grand nombre d&rsquo;h\u00f4tels dans de nombreuses juridictions, et la charge administrative a entra\u00een\u00e9 une r\u00e9duction des revenus de commissions. Il n&rsquo;existait aucune solution pour simplifier ce processus sur le march\u00e9, et apr\u00e8s avoir identifi\u00e9 cette lacune sur le march\u00e9, Net Trans Services AS est n\u00e9e en 1999.  <\/p><p>Net Trans Services AS s&rsquo;est d\u00e9velopp\u00e9e en cr\u00e9ant une filiale aux Philippines et en ouvrant son bureau de Manille en 2002. En septembre 2014, Net Trans Services AS a \u00e9t\u00e9 acquise par Onyx. <\/p><p>Le produit propos\u00e9 depuis la Norv\u00e8ge s&rsquo;appelle RecoverPro, qui est exploit\u00e9 \u00e0 partir d&rsquo;un syst\u00e8me d\u00e9velopp\u00e9 en interne appel\u00e9 AC (Active Commision). Ce produit aide les agents de voyage \u00e0 rapprocher les commissions dues par les h\u00f4tels. <\/p>\t\t\t\t\t\t\t\t<\/div>\n\t\t\t\t<\/div>\n\t\t\t\t<div class=\"elementor-element elementor-element-7a264fd elementor-widget elementor-widget-heading\" data-id=\"7a264fd\" data-element_type=\"widget\" data-widget_type=\"heading.default\">\n\t\t\t\t<div class=\"elementor-widget-container\">\n\t\t\t\t\t<h2 class=\"elementor-heading-title elementor-size-default\">LIGNES DIRECTRICES ET PROC\u00c9DURES<\/h2>\t\t\t\t<\/div>\n\t\t\t\t<\/div>\n\t\t\t\t<div class=\"elementor-element elementor-element-1929719 elementor-widget elementor-widget-text-editor\" data-id=\"1929719\" data-element_type=\"widget\" data-widget_type=\"text-editor.default\">\n\t\t\t\t<div class=\"elementor-widget-container\">\n\t\t\t\t\t\t\t\t\t<p>Onyx a depuis plusieurs ann\u00e9es un code de conduite applicable aux employ\u00e9s sur notre intranet. Onyx CenterSource est synonyme d&rsquo;honn\u00eatet\u00e9, de communication ouverte, d&rsquo;\u00e9quit\u00e9 et de fiabilit\u00e9. Ces normes commerciales \u00e9lev\u00e9es font partie de notre principe directeur et servent de base \u00e0 notre code de conduite. Le code de conduite et le manuel de l&#8217;employ\u00e9, o\u00f9 sont d\u00e9crites nos proc\u00e9dures, politiques et pratiques de base en mati\u00e8re d&#8217;emploi, ont \u00e9t\u00e9 mis \u00e0 la disposition de tous.   <\/p><p>Tous les employ\u00e9s sont tenus de se familiariser avec ces documents et de signer et de renvoyer le formulaire d&rsquo;accus\u00e9 de r\u00e9ception aux ressources humaines.<\/p>\t\t\t\t\t\t\t\t<\/div>\n\t\t\t\t<\/div>\n\t\t\t\t<div class=\"elementor-element elementor-element-70285e8 elementor-widget elementor-widget-heading\" data-id=\"70285e8\" data-element_type=\"widget\" data-widget_type=\"heading.default\">\n\t\t\t\t<div class=\"elementor-widget-container\">\n\t\t\t\t\t<h2 class=\"elementor-heading-title elementor-size-default\">LES \u00c9VALUATIONS DE DILIGENCE RAISONNABLE<\/h2>\t\t\t\t<\/div>\n\t\t\t\t<\/div>\n\t\t\t\t<div class=\"elementor-element elementor-element-f1de8da elementor-widget elementor-widget-text-editor\" data-id=\"f1de8da\" data-element_type=\"widget\" data-widget_type=\"text-editor.default\">\n\t\t\t\t<div class=\"elementor-widget-container\">\n\t\t\t\t\t\t\t\t\t<ul><li>Notre travail de diligence raisonnable a commenc\u00e9 par une analyse globale et une collecte d&rsquo;informations pour notre entreprise, nos fournisseurs et nos partenaires commerciaux. L&rsquo;objectif \u00e9tait d&rsquo;identifier les domaines qui pr\u00e9sentent le risque le plus \u00e9lev\u00e9 d&rsquo;impact n\u00e9gatif sur les droits fondamentaux de l&rsquo;homme et des conditions de travail d\u00e9centes. <br><br><\/li><li>Nous avons obtenu une liste compl\u00e8te des fournisseurs et des partenaires commerciaux (ci-apr\u00e8s collectivement les \u00ab <strong>Fournisseurs<\/strong> \u00bb) au cours de la p\u00e9riode concern\u00e9e. Cet aper\u00e7u a \u00e9t\u00e9 \u00e9tabli en obtenant des listes des fournisseurs \u00e0 qui nous avons effectu\u00e9 des paiements au cours de la p\u00e9riode.<br><br><\/li><li>Apr\u00e8s avoir identifi\u00e9 le nombre total de fournisseurs, une \u00e9valuation a \u00e9t\u00e9 faite des fournisseurs qui devraient faire l&rsquo;objet d&rsquo;un suivi plus approfondi.<br><br><\/li><li>La liste des fournisseurs a ensuite \u00e9t\u00e9 limit\u00e9e davantage en fonction de crit\u00e8res tels que le montant des paiements de notre part, le secteur d&rsquo;activit\u00e9 (groupe et cat\u00e9gorie de produits), la g\u00e9ographie (lieu de production et lieu d&rsquo;origine), si le fournisseur lui-m\u00eame est couvert par la loi sur la transparence, si le fournisseur \u00e9tait individuel (les achats ponctuels et les fournisseurs avec lesquels nous n&rsquo;avons plus de relation ont \u00e9t\u00e9 supprim\u00e9s).<br><br><\/li><li>Le but de la limitation \u00e9tait de cr\u00e9er un point de d\u00e9part pour une cartographie plus approfondie. Dans la cartographie plus approfondie, nous avons d&rsquo;abord examin\u00e9 les informations accessibles au public sur le risque de violations des droits fondamentaux de l&rsquo;homme et des conditions de travail d\u00e9centes, li\u00e9es \u00e0 la g\u00e9ographie et \u00e0 l&rsquo;industrie des fournisseurs concern\u00e9s. <br><br><\/li><li>Nous avons not\u00e9 que les fournisseurs sont, \u00e0 de tr\u00e8s rares exceptions pr\u00e8s, de grandes entreprises. La majorit\u00e9 de ces fournisseurs sont \u00e9galement eux-m\u00eames soumis \u00e0 la loi sur la transparence ou ont leurs propres politiques pour refl\u00e9ter la durabilit\u00e9, la diversit\u00e9, l&rsquo;\u00e9thique, etc. <br><br><\/li><li>Nous n&rsquo;avons pas identifi\u00e9 de cons\u00e9quences n\u00e9gatives r\u00e9elles ou de risque important de cons\u00e9quences n\u00e9gatives dans nos \u00e9valuations de diligence raisonnable en 2024 gr\u00e2ce \u00e0 notre diligence raisonnable. Nous n&rsquo;avons donc pas mis en \u0153uvre de mesures concr\u00e8tes pour mettre fin \u00e0 toute cons\u00e9quence n\u00e9gative pertinente ou \u00e0 tout risque important de cons\u00e9quences n\u00e9gatives que l&rsquo;entreprise a d\u00e9couvert gr\u00e2ce \u00e0 ses \u00e9valuations de diligence raisonnable.<\/li><\/ul><div> <\/div><div> <\/div>\t\t\t\t\t\t\t\t<\/div>\n\t\t\t\t<\/div>\n\t\t\t\t<div class=\"elementor-element elementor-element-d29af46 elementor-widget elementor-widget-text-editor\" data-id=\"d29af46\" data-element_type=\"widget\" data-widget_type=\"text-editor.default\">\n\t\t\t\t<div class=\"elementor-widget-container\">\n\t\t\t\t\t\t\t\t\t<p>Approuv\u00e9 par le conseil d&rsquo;administration d&rsquo;Onyx CenterSource AS le 17 juin 2024<\/p>\t\t\t\t\t\t\t\t<\/div>\n\t\t\t\t<\/div>\n\t\t\t\t\t<\/div>\n\t\t\t\t<\/div>\n\t\t\t\t\t<\/div>\n\t\t\t\t<\/div>\n\t\t\t\t\t<\/div>\n\t\t\t\t<\/div>\n\t\t\t\t\t<\/div>\n\t\t\t\t<\/div>\n\t\t\t\t<\/div>\n\t\t","protected":false},"excerpt":{"rendered":"<p>Loi sur la transparence Loi sur la transparence INTRODUCTION La loi relative \u00e0 la transparence des entreprises et au travail sur les droits fondamentaux de l&rsquo;homme et des conditions de travail d\u00e9centes (la \u00ab Loi sur la transparence \u00bb) est entr\u00e9e en vigueur le 1er juillet 2022. La pr\u00e9sente d\u00e9claration est le rapport d&rsquo;Onyx Norway&#8230;<\/p>\n","protected":false},"author":2,"featured_media":0,"parent":0,"menu_order":0,"comment_status":"closed","ping_status":"closed","template":"","meta":{"_acf_changed":false,"footnotes":""},"class_list":["post-988800","page","type-page","status-publish","hentry"],"acf":[],"yoast_head":"<!-- This site is optimized with the Yoast SEO Premium plugin v26.5 (Yoast SEO v27.0) - https:\/\/yoast.com\/product\/yoast-seo-premium-wordpress\/ -->\n<title>Loi sur la transparence - Onyx CenterSource\u2122<\/title>\n<meta name=\"robots\" content=\"index, follow, max-snippet:-1, max-image-preview:large, max-video-preview:-1\" \/>\n<link rel=\"canonical\" href=\"https:\/\/onyxcentersource.com\/fr\/loi-sur-la-transparence\/\" \/>\n<meta property=\"og:locale\" content=\"fr_FR\" \/>\n<meta property=\"og:type\" content=\"article\" \/>\n<meta property=\"og:title\" content=\"Loi sur la transparence\" \/>\n<meta property=\"og:description\" content=\"Loi sur la transparence Loi sur la transparence INTRODUCTION La loi relative \u00e0 la transparence des entreprises et au travail sur les droits fondamentaux de l&rsquo;homme et des conditions de travail d\u00e9centes (la \u00ab Loi sur la transparence \u00bb) est entr\u00e9e en vigueur le 1er juillet 2022. La pr\u00e9sente d\u00e9claration est le rapport d&rsquo;Onyx Norway...\" \/>\n<meta property=\"og:url\" content=\"https:\/\/onyxcentersource.com\/fr\/loi-sur-la-transparence\/\" \/>\n<meta property=\"og:site_name\" content=\"Onyx CenterSource\u2122\" \/>\n<meta property=\"article:modified_time\" content=\"2025-12-04T20:30:06+00:00\" \/>\n<meta name=\"twitter:card\" content=\"summary_large_image\" \/>\n<meta name=\"twitter:label1\" content=\"Dur\u00e9e de lecture estim\u00e9e\" \/>\n\t<meta name=\"twitter:data1\" content=\"5 minutes\" \/>\n<script type=\"application\/ld+json\" class=\"yoast-schema-graph\">{\"@context\":\"https:\/\/schema.org\",\"@graph\":[{\"@type\":\"WebPage\",\"@id\":\"https:\/\/onyxcentersource.com\/fr\/loi-sur-la-transparence\/\",\"url\":\"https:\/\/onyxcentersource.com\/fr\/loi-sur-la-transparence\/\",\"name\":\"Loi sur la transparence - Onyx CenterSource\u2122\",\"isPartOf\":{\"@id\":\"https:\/\/onyxcentersource.com\/fr\/#website\"},\"datePublished\":\"2025-11-20T20:18:47+00:00\",\"dateModified\":\"2025-12-04T20:30:06+00:00\",\"breadcrumb\":{\"@id\":\"https:\/\/onyxcentersource.com\/fr\/loi-sur-la-transparence\/#breadcrumb\"},\"inLanguage\":\"fr-FR\",\"potentialAction\":[{\"@type\":\"ReadAction\",\"target\":[\"https:\/\/onyxcentersource.com\/fr\/loi-sur-la-transparence\/\"]}]},{\"@type\":\"BreadcrumbList\",\"@id\":\"https:\/\/onyxcentersource.com\/fr\/loi-sur-la-transparence\/#breadcrumb\",\"itemListElement\":[{\"@type\":\"ListItem\",\"position\":1,\"name\":\"Home\",\"item\":\"https:\/\/onyxcentersource.com\/fr\/accueil\/\"},{\"@type\":\"ListItem\",\"position\":2,\"name\":\"Loi sur la transparence\"}]},{\"@type\":\"WebSite\",\"@id\":\"https:\/\/onyxcentersource.com\/fr\/#website\",\"url\":\"https:\/\/onyxcentersource.com\/fr\/\",\"name\":\"Onyx CenterSource\u2122\",\"description\":\"\",\"publisher\":{\"@id\":\"https:\/\/onyxcentersource.com\/fr\/#organization\"},\"potentialAction\":[{\"@type\":\"SearchAction\",\"target\":{\"@type\":\"EntryPoint\",\"urlTemplate\":\"https:\/\/onyxcentersource.com\/fr\/?s={search_term_string}\"},\"query-input\":{\"@type\":\"PropertyValueSpecification\",\"valueRequired\":true,\"valueName\":\"search_term_string\"}}],\"inLanguage\":\"fr-FR\"},{\"@type\":\"Organization\",\"@id\":\"https:\/\/onyxcentersource.com\/fr\/#organization\",\"name\":\"Onyx CenterSource\u2122\",\"url\":\"https:\/\/onyxcentersource.com\/fr\/\",\"logo\":{\"@type\":\"ImageObject\",\"inLanguage\":\"fr-FR\",\"@id\":\"https:\/\/onyxcentersource.com\/fr\/#\/schema\/logo\/image\/\",\"url\":\"https:\/\/onyxcentersource.com\/wp-content\/uploads\/2025\/12\/Onyx-Logo-Horizontal-scaled-e1765564060227.png\",\"contentUrl\":\"https:\/\/onyxcentersource.com\/wp-content\/uploads\/2025\/12\/Onyx-Logo-Horizontal-scaled-e1765564060227.png\",\"width\":370,\"height\":115,\"caption\":\"Onyx CenterSource\u2122\"},\"image\":{\"@id\":\"https:\/\/onyxcentersource.com\/fr\/#\/schema\/logo\/image\/\"}}]}<\/script>\n<!-- \/ Yoast SEO Premium plugin. -->","yoast_head_json":{"title":"Loi sur la transparence - Onyx CenterSource\u2122","robots":{"index":"index","follow":"follow","max-snippet":"max-snippet:-1","max-image-preview":"max-image-preview:large","max-video-preview":"max-video-preview:-1"},"canonical":"https:\/\/onyxcentersource.com\/fr\/loi-sur-la-transparence\/","og_locale":"fr_FR","og_type":"article","og_title":"Loi sur la transparence","og_description":"Loi sur la transparence Loi sur la transparence INTRODUCTION La loi relative \u00e0 la transparence des entreprises et au travail sur les droits fondamentaux de l&rsquo;homme et des conditions de travail d\u00e9centes (la \u00ab Loi sur la transparence \u00bb) est entr\u00e9e en vigueur le 1er juillet 2022. La pr\u00e9sente d\u00e9claration est le rapport d&rsquo;Onyx Norway...","og_url":"https:\/\/onyxcentersource.com\/fr\/loi-sur-la-transparence\/","og_site_name":"Onyx CenterSource\u2122","article_modified_time":"2025-12-04T20:30:06+00:00","twitter_card":"summary_large_image","twitter_misc":{"Dur\u00e9e de lecture estim\u00e9e":"5 minutes"},"schema":{"@context":"https:\/\/schema.org","@graph":[{"@type":"WebPage","@id":"https:\/\/onyxcentersource.com\/fr\/loi-sur-la-transparence\/","url":"https:\/\/onyxcentersource.com\/fr\/loi-sur-la-transparence\/","name":"Loi sur la transparence - Onyx CenterSource\u2122","isPartOf":{"@id":"https:\/\/onyxcentersource.com\/fr\/#website"},"datePublished":"2025-11-20T20:18:47+00:00","dateModified":"2025-12-04T20:30:06+00:00","breadcrumb":{"@id":"https:\/\/onyxcentersource.com\/fr\/loi-sur-la-transparence\/#breadcrumb"},"inLanguage":"fr-FR","potentialAction":[{"@type":"ReadAction","target":["https:\/\/onyxcentersource.com\/fr\/loi-sur-la-transparence\/"]}]},{"@type":"BreadcrumbList","@id":"https:\/\/onyxcentersource.com\/fr\/loi-sur-la-transparence\/#breadcrumb","itemListElement":[{"@type":"ListItem","position":1,"name":"Home","item":"https:\/\/onyxcentersource.com\/fr\/accueil\/"},{"@type":"ListItem","position":2,"name":"Loi sur la transparence"}]},{"@type":"WebSite","@id":"https:\/\/onyxcentersource.com\/fr\/#website","url":"https:\/\/onyxcentersource.com\/fr\/","name":"Onyx CenterSource\u2122","description":"","publisher":{"@id":"https:\/\/onyxcentersource.com\/fr\/#organization"},"potentialAction":[{"@type":"SearchAction","target":{"@type":"EntryPoint","urlTemplate":"https:\/\/onyxcentersource.com\/fr\/?s={search_term_string}"},"query-input":{"@type":"PropertyValueSpecification","valueRequired":true,"valueName":"search_term_string"}}],"inLanguage":"fr-FR"},{"@type":"Organization","@id":"https:\/\/onyxcentersource.com\/fr\/#organization","name":"Onyx CenterSource\u2122","url":"https:\/\/onyxcentersource.com\/fr\/","logo":{"@type":"ImageObject","inLanguage":"fr-FR","@id":"https:\/\/onyxcentersource.com\/fr\/#\/schema\/logo\/image\/","url":"https:\/\/onyxcentersource.com\/wp-content\/uploads\/2025\/12\/Onyx-Logo-Horizontal-scaled-e1765564060227.png","contentUrl":"https:\/\/onyxcentersource.com\/wp-content\/uploads\/2025\/12\/Onyx-Logo-Horizontal-scaled-e1765564060227.png","width":370,"height":115,"caption":"Onyx CenterSource\u2122"},"image":{"@id":"https:\/\/onyxcentersource.com\/fr\/#\/schema\/logo\/image\/"}}]}},"featured_image_src":null,"featured_image_src_square":null,"_links":{"self":[{"href":"https:\/\/onyxcentersource.com\/fr\/wp-json\/wp\/v2\/pages\/988800","targetHints":{"allow":["GET"]}}],"collection":[{"href":"https:\/\/onyxcentersource.com\/fr\/wp-json\/wp\/v2\/pages"}],"about":[{"href":"https:\/\/onyxcentersource.com\/fr\/wp-json\/wp\/v2\/types\/page"}],"author":[{"embeddable":true,"href":"https:\/\/onyxcentersource.com\/fr\/wp-json\/wp\/v2\/users\/2"}],"replies":[{"embeddable":true,"href":"https:\/\/onyxcentersource.com\/fr\/wp-json\/wp\/v2\/comments?post=988800"}],"version-history":[{"count":0,"href":"https:\/\/onyxcentersource.com\/fr\/wp-json\/wp\/v2\/pages\/988800\/revisions"}],"wp:attachment":[{"href":"https:\/\/onyxcentersource.com\/fr\/wp-json\/wp\/v2\/media?parent=988800"}],"curies":[{"name":"wp","href":"https:\/\/api.w.org\/{rel}","templated":true}]}}