{"id":988809,"date":"2025-11-20T20:18:37","date_gmt":"2025-11-20T20:18:37","guid":{"rendered":"https:\/\/onyxcenterdev.wpenginepowered.com\/conditions-generales\/"},"modified":"2025-12-04T20:26:43","modified_gmt":"2025-12-04T20:26:43","slug":"conditions-generales","status":"publish","type":"page","link":"https:\/\/onyxcentersource.com\/fr\/conditions-generales\/","title":{"rendered":"Conditions g\u00e9n\u00e9rales"},"content":{"rendered":"\t\t<div data-elementor-type=\"wp-page\" data-elementor-id=\"988809\" class=\"elementor elementor-988809 elementor-988119\" data-elementor-post-type=\"page\">\n\t\t\t\t<div class=\"elementor-element elementor-element-1d9a684 e-flex e-con-boxed e-con e-parent\" data-id=\"1d9a684\" data-element_type=\"container\">\n\t\t\t\t\t<div class=\"e-con-inner\">\n\t\t<div class=\"elementor-element elementor-element-89eb5db e-flex e-con-boxed e-con e-child\" data-id=\"89eb5db\" data-element_type=\"container\" data-settings=\"{&quot;background_background&quot;:&quot;gradient&quot;}\">\n\t\t\t\t\t<div class=\"e-con-inner\">\n\t\t<div class=\"elementor-element elementor-element-2dc0cf7 e-flex e-con-boxed e-con e-child\" data-id=\"2dc0cf7\" data-element_type=\"container\">\n\t\t\t\t\t<div class=\"e-con-inner\">\n\t\t<div class=\"elementor-element elementor-element-d02b08e e-con-full e-flex e-con e-child\" data-id=\"d02b08e\" data-element_type=\"container\">\n\t\t\t\t<div class=\"elementor-element elementor-element-df28f64 elementor-widget elementor-widget-heading\" data-id=\"df28f64\" data-element_type=\"widget\" data-widget_type=\"heading.default\">\n\t\t\t\t<div class=\"elementor-widget-container\">\n\t\t\t\t\t<span class=\"elementor-heading-title elementor-size-default\">Conditions g\u00e9n\u00e9rales<\/span>\t\t\t\t<\/div>\n\t\t\t\t<\/div>\n\t\t\t\t<div class=\"elementor-element elementor-element-05ac261 elementor-widget elementor-widget-heading\" data-id=\"05ac261\" data-element_type=\"widget\" data-widget_type=\"heading.default\">\n\t\t\t\t<div class=\"elementor-widget-container\">\n\t\t\t\t\t<h1 class=\"elementor-heading-title elementor-size-default\">Conditions d'utilisation du site web<\/h1>\t\t\t\t<\/div>\n\t\t\t\t<\/div>\n\t\t\t\t<\/div>\n\t\t<div class=\"elementor-element elementor-element-ec7541a e-flex e-con-boxed e-con e-child\" data-id=\"ec7541a\" data-element_type=\"container\">\n\t\t\t\t\t<div class=\"e-con-inner\">\n\t\t\t\t<div class=\"elementor-element elementor-element-9aca551 elementor-widget elementor-widget-text-editor\" data-id=\"9aca551\" data-element_type=\"widget\" data-widget_type=\"text-editor.default\">\n\t\t\t\t<div class=\"elementor-widget-container\">\n\t\t\t\t\t\t\t\t\t<p>Ces Conditions d&rsquo;utilisation du site web (ces \u00ab <b>Conditions<\/b> \u00bb) r\u00e9gissent l&rsquo;utilisation et l&rsquo;acc\u00e8s au site web <a href=\"https:\/\/onyxcentersource.com\/\">onyxcentersource.com<\/a> et \u00e0 toutes les pages associ\u00e9es (le \u00ab <b>Site<\/b> \u00bb). Ces Conditions constituent un accord contraignant et juridiquement ex\u00e9cutoire entre vous (ainsi que l&rsquo;organisation au nom de laquelle vous visitez ce site web, le cas \u00e9ch\u00e9ant, \u00ab <b>vous<\/b> \u00bb ou \u00ab <b>votre<\/b> \u00bb) et Pegasus Business Intelligence, LP d\/b\/a Onyx CenterSource et ses soci\u00e9t\u00e9s affili\u00e9es, y compris, sans s&rsquo;y limiter, Onyx CenterSource Spain, S.A. et Onyx CenterSource AS (collectivement, \u00ab <b>Onyx<\/b> \u00bb), qui poss\u00e8de et exploite le Site. En acc\u00e9dant au Site et en l&rsquo;utilisant, vous acceptez express\u00e9ment ces Conditions. Si vous n&rsquo;acceptez pas d&rsquo;\u00eatre li\u00e9 par ces Conditions, vous devez imm\u00e9diatement cesser d&rsquo;utiliser le Site.   <\/p><ol><li><strong>Autres accords<\/strong>. Ces Conditions r\u00e9gissent votre utilisation et votre acc\u00e8s au Site. Nonobstant ce qui pr\u00e9c\u00e8de, si vous \u00eates partie \u00e0 un contrat distinct avec Onyx, par exemple en tant que client des services d&rsquo;Onyx, ce contrat pr\u00e9vaudra en ce qui concerne l&rsquo;objet applicable de celui-ci.  <br><br><\/li><li><strong>Modification.<\/strong> Onyx peut modifier ces Conditions de temps \u00e0 autre. Lorsque cela se produit, un avis peut \u00eatre inclus sur le Site indiquant et vous informant que des modifications ont \u00e9t\u00e9 apport\u00e9es. Votre utilisation continue du Site apr\u00e8s la publication de toute nouvelle version de ces Conditions constitue votre accord d&rsquo;\u00eatre li\u00e9 par la version alors en vigueur des Conditions. Onyx peut modifier ou supprimer le Site ou toute fonctionnalit\u00e9 ou caract\u00e9ristique de celui-ci, ainsi que toute information et tout mat\u00e9riel qui y sont contenus, \u00e0 tout moment avec ou sans pr\u00e9avis. Onyx n&rsquo;aura aucune responsabilit\u00e9 pour une telle modification ou suppression.    <br><br><\/li><li><strong>Licence<\/strong>. \u00ab Contenu \u00bb d\u00e9signe toutes les informations, donn\u00e9es, textes, logiciels, musiques, sons, photographies, graphiques, vid\u00e9os, messages ou autres mat\u00e9riels qui sont affich\u00e9s, utilis\u00e9s ou autrement incorpor\u00e9s dans le Site, qui sont la propri\u00e9t\u00e9 exclusive d&rsquo;Onyx ou, le cas \u00e9ch\u00e9ant, pour lesquels Onyx a obtenu les droits n\u00e9cessaires accord\u00e9s par le propri\u00e9taire tiers pour son utilisation. Onyx vous accorde une licence limit\u00e9e, r\u00e9vocable, personnelle, non exclusive et non transf\u00e9rable pour acc\u00e9der et utiliser le Site et le Contenu \u00e0 des fins personnelles, informatives et non commerciales, \u00e0 condition que vous les utilisiez conform\u00e9ment \u00e0 ces Conditions et aux r\u00e9glementations en vigueur. <br><br><\/li><li><strong>Restrictions et utilisations interdites.<\/strong> Vous ne pouvez utiliser le Site et le Contenu qu&rsquo;\u00e0 des fins l\u00e9gales et conform\u00e9ment \u00e0 ces Conditions. En particulier, vous ne pouvez pas : (i) supprimer les marques commerciales, les avis de droits d&rsquo;auteur ou tout autre avis contenu dans le Contenu ; (ii) reproduire, t\u00e9l\u00e9charger (autre que la mise en cache des pages), modifier, publier, distribuer, transmettre, diffuser, diffuser, transf\u00e9rer, conc\u00e9der sous licence, vendre, louer, adapter, cr\u00e9er des \u0153uvres d\u00e9riv\u00e9es bas\u00e9es sur, afficher publiquement ou ex\u00e9cuter, ou exploiter de quelque mani\u00e8re que ce soit tout Contenu ; (iii) encadrer ou utiliser des techniques d&rsquo;encadrement pour inclure tout Contenu ; (iv) d\u00e9sassembler, d\u00e9compiler ou faire de l&rsquo;ing\u00e9nierie inverse sur tout Contenu ; (v) tenter de pirater toute partie du Site, ou de contourner ou surmonter toute technologie de cryptage ou mesure de s\u00e9curit\u00e9 mise en \u0153uvre par Nous ; (vi) interf\u00e9rer avec ou perturber le fonctionnement du Site ou des serveurs ou r\u00e9seaux connect\u00e9s \u00e0, ou exploit\u00e9s en relation avec, le Site ; (vii) violer toute loi locale, \u00e9tatique, nationale ou internationale applicable ; (viii) effectuer plus d&rsquo;une demande aux serveurs transactionnels au cours d&rsquo;un intervalle de trois secondes ; (ix) introduire des virus, chevaux de Troie, vers ou autres mat\u00e9riels malveillants ou technologiquement nuisibles qui emp\u00eachent l&rsquo;utilisation normale du Site ; ou (xi) obtenir ou tenter d&rsquo;obtenir des contenus en utilisant des moyens ou des proc\u00e9dures autres que ceux qui ont \u00e9t\u00e9 mis \u00e0 disposition \u00e0 cet effet ou qui ont \u00e9t\u00e9 express\u00e9ment indiqu\u00e9s sur le Site o\u00f9 se trouvent les contenus ou, en g\u00e9n\u00e9ral, ceux qui sont couramment utilis\u00e9s sur Internet car ils n&rsquo;impliquent pas de risque de dommage ou de d\u00e9sactivation du Site et\/ou du Contenu.<br><br><\/li><li><strong>Dur\u00e9e.<\/strong> Ces Conditions resteront pleinement en vigueur jusqu&rsquo;\u00e0 leur r\u00e9siliation par Onyx \u00e0 tout moment avec ou sans pr\u00e9avis. Sans limiter ce qui pr\u00e9c\u00e8de, Onyx peut imm\u00e9diatement r\u00e9silier ou suspendre votre acc\u00e8s au Site pour quelque raison que ce soit ou sans raison. La licence qui vous est accord\u00e9e \u00e0 la Section 3 prendra automatiquement fin si vous violez ces Conditions.  <br><br><\/li><li><strong>Propri\u00e9t\u00e9.<\/strong> Le Site et tout le Contenu, y compris toutes les marques commerciales et droits d&rsquo;auteur qui s&rsquo;y trouvent, sont la propri\u00e9t\u00e9 d&rsquo;Onyx ou de ses conc\u00e9dants de licence. Rien dans les pr\u00e9sentes ne sera consid\u00e9r\u00e9 comme vous accordant un droit, un titre ou un int\u00e9r\u00eat dans le Site ou le Contenu. <br><br><\/li><li><strong>Avis de non-responsabilit\u00e9<strong>.<\/strong><\/strong><ol><li>Le Site et le Contenu sont fournis \u00e0 titre informatif uniquement. La confiance accord\u00e9e \u00e0 toute information fournie par le Site est \u00e0 vos propres risques. Le Site ou le Contenu peuvent contenir des liens vers des sites tiers ou des informations de contact pour des fournisseurs de services tiers (collectivement, \u00ab Fournisseurs tiers \u00bb). Onyx n&rsquo;est pas responsable du contenu, de l&rsquo;exactitude ou des opinions exprim\u00e9es par les Fournisseurs tiers, et ces Fournisseurs tiers ne sont en aucun cas examin\u00e9s, surveill\u00e9s ou v\u00e9rifi\u00e9s pour leur exactitude ou leur exhaustivit\u00e9 par Onyx. L&rsquo;inclusion de tout lien sur le Site n&rsquo;implique pas l&rsquo;approbation ou l&rsquo;endossement du site web li\u00e9. Lorsque vous acc\u00e9dez \u00e0 ces Fournisseurs tiers ou les contactez, vous le faites \u00e0 vos propres risques.     <br><br><\/li><li>Onyx n&rsquo;est pas responsable des probl\u00e8mes ou des dysfonctionnements techniques de tout r\u00e9seau ou ligne \u00e9lectronique, serveurs, logiciels, ou de l&rsquo;\u00e9chec de transmission r\u00e9sultant de probl\u00e8mes techniques ou de congestion du trafic sur Internet ou sur le Site, y compris tout dommage ou pr\u00e9judice \u00e0 l&rsquo;ordinateur de toute personne r\u00e9sultant de la participation ou du t\u00e9l\u00e9chargement de mat\u00e9riels en relation avec le Site. En aucun cas, Onyx ne sera responsable de toute perte ou dommage, y compris les blessures personnelles ou le d\u00e9c\u00e8s, r\u00e9sultant de l&rsquo;utilisation du Site ou de tout Contenu. <br><br><\/li><li>Le Site et le Contenu sont fournis \u00ab tels quels \u00bb et \u00ab selon leur disponibilit\u00e9 \u00bb, et Onyx d\u00e9cline express\u00e9ment toute garantie, expresse ou implicite, y compris, mais sans s&rsquo;y limiter, les garanties d&rsquo;ad\u00e9quation \u00e0 un usage particulier, de qualit\u00e9 marchande, de titre ou de non-contrefa\u00e7on. Onyx ne peut garantir et ne promet aucun r\u00e9sultat sp\u00e9cifique de l&rsquo;utilisation du site ou des fournisseurs tiers. <br><br><\/li><li>Politique de confidentialit\u00e9 et de cookies. Ce Site et son Contenu sont soumis \u00e0 notre <a href=\"https:\/\/onyxcentersource.com\/fr\/politique-de-confidentialite\/\">Politique de confidentialit\u00e9<\/a> et \u00e0 notre <a href=\"https:\/\/onyxcentersource.com\/fr\/politique-relative-aux-cookies\/\">Politique de cookies<\/a>. <br><br><\/li><li>Utilisation internationale et langue. Le Site peut \u00eatre accessible aux utilisateurs situ\u00e9s dans des pays autres que les \u00c9tats-Unis. L&rsquo;utilisateur est seul responsable du respect des lois des pays \u00e0 partir desquels il utilise le Site et le Contenu. Dans le cas o\u00f9 ces Conditions seraient traduites dans certaines langues pour s&rsquo;assurer qu&rsquo;elles puissent \u00eatre lues et comprises par tous nos utilisateurs, vous \u00eates conscient et acceptez que la version anglaise pr\u00e9vaudra toujours en cas de contradictions entre les diff\u00e9rentes versions.   <br><br><\/li><li>Limitation de responsabilit\u00e9. En aucun cas, Onyx ne sera responsable envers vous ou un tiers pour tout dommage indirect, cons\u00e9cutif, exemplaire, accessoire, sp\u00e9cial ou punitif, y compris les dommages de perte de profit r\u00e9sultant de votre utilisation du site ou du contenu, m\u00eame si Onyx a \u00e9t\u00e9 inform\u00e9 de la possibilit\u00e9 de tels dommages. Nonobstant toute disposition contraire contenue dans les pr\u00e9sentes, la responsabilit\u00e9 totale globale d&rsquo;Onyx envers vous en vertu des pr\u00e9sentes pour toute cause d&rsquo;action ne d\u00e9passera en aucun cas cent dollars (100 $) ou le montant pay\u00e9, le cas \u00e9ch\u00e9ant, par vous \u00e0 Onyx. <\/li><\/ol><\/li><li><strong>Loi applicable et r\u00e8glement des litiges.<\/strong> En cas de litige LI\u00c9 AU SITE OU AU CONTENU, vous acceptez que le litige soit r\u00e9gi par les lois de l&rsquo;\u00c9tat du Texas, sans \u00e9gard aux dispositions relatives aux conflits de lois, et vous acceptez la juridiction personnelle exclusive et le lieu de jugement dans les tribunaux d&rsquo;\u00c9tat et f\u00e9d\u00e9raux DU COMT\u00c9 DE DALLAS, TEXAS. L&rsquo;une ou l&rsquo;autre partie peut exiger que tout litige li\u00e9 au Site soit r\u00e9gl\u00e9 par arbitrage en utilisant les proc\u00e9dures de r\u00e9solution des litiges de l&rsquo;American Arbitration Association (AAA), \u00e0 condition que ce qui pr\u00e9c\u00e8de n&#8217;emp\u00eache pas l&rsquo;une ou l&rsquo;autre partie de demander une injonction devant un tribunal comp\u00e9tent ou que les lois applicables de votre pays de r\u00e9sidence ne d\u00e9terminent d&rsquo;autres tribunaux comp\u00e9tents. <br><br><\/li><li><strong>Indemnisation.<\/strong> Vous acceptez d&rsquo;indemniser et de d\u00e9gager de toute responsabilit\u00e9 Onyx, ses filiales et soci\u00e9t\u00e9s affili\u00e9es, ainsi que leurs dirigeants, agents, partenaires et employ\u00e9s respectifs, contre toute r\u00e9clamation, y compris les frais d&rsquo;avocat raisonnables, faite par un tiers en raison de ou d\u00e9coulant de votre utilisation du Site en violation de ces Conditions.<br><br><\/li><li><strong>Autres dispositions.<\/strong> \u00c0 l&rsquo;exception de ce qui est \u00e9nonc\u00e9 \u00e0 la Section 1, ces Conditions constituent l&rsquo;int\u00e9gralit\u00e9 de l&rsquo;accord entre les parties concernant l&rsquo;utilisation du Site ou du Contenu et remplacent tout accord ant\u00e9rieur concernant le Site ou le Contenu. Le fait qu&rsquo;une partie n&rsquo;exerce pas ou n&rsquo;applique pas un droit ou une disposition de ces Conditions ne constitue pas une renonciation \u00e0 ce droit ou \u00e0 cette disposition. Si une disposition de ces Conditions est ill\u00e9gale, nulle ou inapplicable, cette disposition est r\u00e9put\u00e9e s\u00e9parable de ces Conditions et n&rsquo;affecte pas la validit\u00e9 et l&rsquo;applicabilit\u00e9 des dispositions restantes. Si vous avez des questions concernant le Site ou ces Conditions, veuillez contacter Onyx \u00e0 l&rsquo;adresse e-mail suivante : privacy@onyxcentersource.com   <\/li><\/ol>\t\t\t\t\t\t\t\t<\/div>\n\t\t\t\t<\/div>\n\t\t\t\t\t<\/div>\n\t\t\t\t<\/div>\n\t\t\t\t\t<\/div>\n\t\t\t\t<\/div>\n\t\t\t\t\t<\/div>\n\t\t\t\t<\/div>\n\t\t\t\t\t<\/div>\n\t\t\t\t<\/div>\n\t\t\t\t<\/div>\n\t\t","protected":false},"excerpt":{"rendered":"<p>Conditions g\u00e9n\u00e9rales Conditions d&rsquo;utilisation du site web Ces Conditions d&rsquo;utilisation du site web (ces \u00ab Conditions \u00bb) r\u00e9gissent l&rsquo;utilisation et l&rsquo;acc\u00e8s au site web onyxcentersource.com et \u00e0 toutes les pages associ\u00e9es (le \u00ab Site \u00bb). Ces Conditions constituent un accord contraignant et juridiquement ex\u00e9cutoire entre vous (ainsi que l&rsquo;organisation au nom de laquelle vous visitez&#8230;<\/p>\n","protected":false},"author":2,"featured_media":0,"parent":0,"menu_order":0,"comment_status":"closed","ping_status":"closed","template":"","meta":{"_acf_changed":false,"footnotes":""},"class_list":["post-988809","page","type-page","status-publish","hentry"],"acf":[],"yoast_head":"<!-- This site is optimized with the Yoast SEO Premium plugin v26.5 (Yoast SEO v27.0) - https:\/\/yoast.com\/product\/yoast-seo-premium-wordpress\/ -->\n<title>Conditions g\u00e9n\u00e9rales - Onyx CenterSource\u2122<\/title>\n<meta name=\"robots\" content=\"index, follow, max-snippet:-1, max-image-preview:large, max-video-preview:-1\" \/>\n<link rel=\"canonical\" href=\"https:\/\/onyxcentersource.com\/fr\/conditions-generales\/\" \/>\n<meta property=\"og:locale\" content=\"fr_FR\" \/>\n<meta property=\"og:type\" content=\"article\" \/>\n<meta property=\"og:title\" content=\"Conditions g\u00e9n\u00e9rales\" \/>\n<meta property=\"og:description\" content=\"Conditions g\u00e9n\u00e9rales Conditions d&rsquo;utilisation du site web Ces Conditions d&rsquo;utilisation du site web (ces \u00ab Conditions \u00bb) r\u00e9gissent l&rsquo;utilisation et l&rsquo;acc\u00e8s au site web onyxcentersource.com et \u00e0 toutes les pages associ\u00e9es (le \u00ab Site \u00bb). Ces Conditions constituent un accord contraignant et juridiquement ex\u00e9cutoire entre vous (ainsi que l&rsquo;organisation au nom de laquelle vous visitez...\" \/>\n<meta property=\"og:url\" content=\"https:\/\/onyxcentersource.com\/fr\/conditions-generales\/\" \/>\n<meta property=\"og:site_name\" content=\"Onyx CenterSource\u2122\" \/>\n<meta property=\"article:modified_time\" content=\"2025-12-04T20:26:43+00:00\" \/>\n<meta name=\"twitter:card\" content=\"summary_large_image\" \/>\n<meta name=\"twitter:label1\" content=\"Dur\u00e9e de lecture estim\u00e9e\" \/>\n\t<meta name=\"twitter:data1\" content=\"8 minutes\" \/>\n<script type=\"application\/ld+json\" class=\"yoast-schema-graph\">{\"@context\":\"https:\/\/schema.org\",\"@graph\":[{\"@type\":\"WebPage\",\"@id\":\"https:\/\/onyxcentersource.com\/fr\/conditions-generales\/\",\"url\":\"https:\/\/onyxcentersource.com\/fr\/conditions-generales\/\",\"name\":\"Conditions g\u00e9n\u00e9rales - Onyx CenterSource\u2122\",\"isPartOf\":{\"@id\":\"https:\/\/onyxcentersource.com\/fr\/#website\"},\"datePublished\":\"2025-11-20T20:18:37+00:00\",\"dateModified\":\"2025-12-04T20:26:43+00:00\",\"breadcrumb\":{\"@id\":\"https:\/\/onyxcentersource.com\/fr\/conditions-generales\/#breadcrumb\"},\"inLanguage\":\"fr-FR\",\"potentialAction\":[{\"@type\":\"ReadAction\",\"target\":[\"https:\/\/onyxcentersource.com\/fr\/conditions-generales\/\"]}]},{\"@type\":\"BreadcrumbList\",\"@id\":\"https:\/\/onyxcentersource.com\/fr\/conditions-generales\/#breadcrumb\",\"itemListElement\":[{\"@type\":\"ListItem\",\"position\":1,\"name\":\"Home\",\"item\":\"https:\/\/onyxcentersource.com\/fr\/accueil\/\"},{\"@type\":\"ListItem\",\"position\":2,\"name\":\"Conditions g\u00e9n\u00e9rales\"}]},{\"@type\":\"WebSite\",\"@id\":\"https:\/\/onyxcentersource.com\/fr\/#website\",\"url\":\"https:\/\/onyxcentersource.com\/fr\/\",\"name\":\"Onyx CenterSource\u2122\",\"description\":\"\",\"publisher\":{\"@id\":\"https:\/\/onyxcentersource.com\/fr\/#organization\"},\"potentialAction\":[{\"@type\":\"SearchAction\",\"target\":{\"@type\":\"EntryPoint\",\"urlTemplate\":\"https:\/\/onyxcentersource.com\/fr\/?s={search_term_string}\"},\"query-input\":{\"@type\":\"PropertyValueSpecification\",\"valueRequired\":true,\"valueName\":\"search_term_string\"}}],\"inLanguage\":\"fr-FR\"},{\"@type\":\"Organization\",\"@id\":\"https:\/\/onyxcentersource.com\/fr\/#organization\",\"name\":\"Onyx CenterSource\u2122\",\"url\":\"https:\/\/onyxcentersource.com\/fr\/\",\"logo\":{\"@type\":\"ImageObject\",\"inLanguage\":\"fr-FR\",\"@id\":\"https:\/\/onyxcentersource.com\/fr\/#\/schema\/logo\/image\/\",\"url\":\"https:\/\/onyxcentersource.com\/wp-content\/uploads\/2025\/12\/Onyx-Logo-Horizontal-scaled-e1765564060227.png\",\"contentUrl\":\"https:\/\/onyxcentersource.com\/wp-content\/uploads\/2025\/12\/Onyx-Logo-Horizontal-scaled-e1765564060227.png\",\"width\":370,\"height\":115,\"caption\":\"Onyx CenterSource\u2122\"},\"image\":{\"@id\":\"https:\/\/onyxcentersource.com\/fr\/#\/schema\/logo\/image\/\"}}]}<\/script>\n<!-- \/ Yoast SEO Premium plugin. -->","yoast_head_json":{"title":"Conditions g\u00e9n\u00e9rales - Onyx CenterSource\u2122","robots":{"index":"index","follow":"follow","max-snippet":"max-snippet:-1","max-image-preview":"max-image-preview:large","max-video-preview":"max-video-preview:-1"},"canonical":"https:\/\/onyxcentersource.com\/fr\/conditions-generales\/","og_locale":"fr_FR","og_type":"article","og_title":"Conditions g\u00e9n\u00e9rales","og_description":"Conditions g\u00e9n\u00e9rales Conditions d&rsquo;utilisation du site web Ces Conditions d&rsquo;utilisation du site web (ces \u00ab Conditions \u00bb) r\u00e9gissent l&rsquo;utilisation et l&rsquo;acc\u00e8s au site web onyxcentersource.com et \u00e0 toutes les pages associ\u00e9es (le \u00ab Site \u00bb). Ces Conditions constituent un accord contraignant et juridiquement ex\u00e9cutoire entre vous (ainsi que l&rsquo;organisation au nom de laquelle vous visitez...","og_url":"https:\/\/onyxcentersource.com\/fr\/conditions-generales\/","og_site_name":"Onyx CenterSource\u2122","article_modified_time":"2025-12-04T20:26:43+00:00","twitter_card":"summary_large_image","twitter_misc":{"Dur\u00e9e de lecture estim\u00e9e":"8 minutes"},"schema":{"@context":"https:\/\/schema.org","@graph":[{"@type":"WebPage","@id":"https:\/\/onyxcentersource.com\/fr\/conditions-generales\/","url":"https:\/\/onyxcentersource.com\/fr\/conditions-generales\/","name":"Conditions g\u00e9n\u00e9rales - Onyx CenterSource\u2122","isPartOf":{"@id":"https:\/\/onyxcentersource.com\/fr\/#website"},"datePublished":"2025-11-20T20:18:37+00:00","dateModified":"2025-12-04T20:26:43+00:00","breadcrumb":{"@id":"https:\/\/onyxcentersource.com\/fr\/conditions-generales\/#breadcrumb"},"inLanguage":"fr-FR","potentialAction":[{"@type":"ReadAction","target":["https:\/\/onyxcentersource.com\/fr\/conditions-generales\/"]}]},{"@type":"BreadcrumbList","@id":"https:\/\/onyxcentersource.com\/fr\/conditions-generales\/#breadcrumb","itemListElement":[{"@type":"ListItem","position":1,"name":"Home","item":"https:\/\/onyxcentersource.com\/fr\/accueil\/"},{"@type":"ListItem","position":2,"name":"Conditions g\u00e9n\u00e9rales"}]},{"@type":"WebSite","@id":"https:\/\/onyxcentersource.com\/fr\/#website","url":"https:\/\/onyxcentersource.com\/fr\/","name":"Onyx CenterSource\u2122","description":"","publisher":{"@id":"https:\/\/onyxcentersource.com\/fr\/#organization"},"potentialAction":[{"@type":"SearchAction","target":{"@type":"EntryPoint","urlTemplate":"https:\/\/onyxcentersource.com\/fr\/?s={search_term_string}"},"query-input":{"@type":"PropertyValueSpecification","valueRequired":true,"valueName":"search_term_string"}}],"inLanguage":"fr-FR"},{"@type":"Organization","@id":"https:\/\/onyxcentersource.com\/fr\/#organization","name":"Onyx CenterSource\u2122","url":"https:\/\/onyxcentersource.com\/fr\/","logo":{"@type":"ImageObject","inLanguage":"fr-FR","@id":"https:\/\/onyxcentersource.com\/fr\/#\/schema\/logo\/image\/","url":"https:\/\/onyxcentersource.com\/wp-content\/uploads\/2025\/12\/Onyx-Logo-Horizontal-scaled-e1765564060227.png","contentUrl":"https:\/\/onyxcentersource.com\/wp-content\/uploads\/2025\/12\/Onyx-Logo-Horizontal-scaled-e1765564060227.png","width":370,"height":115,"caption":"Onyx CenterSource\u2122"},"image":{"@id":"https:\/\/onyxcentersource.com\/fr\/#\/schema\/logo\/image\/"}}]}},"featured_image_src":null,"featured_image_src_square":null,"_links":{"self":[{"href":"https:\/\/onyxcentersource.com\/fr\/wp-json\/wp\/v2\/pages\/988809","targetHints":{"allow":["GET"]}}],"collection":[{"href":"https:\/\/onyxcentersource.com\/fr\/wp-json\/wp\/v2\/pages"}],"about":[{"href":"https:\/\/onyxcentersource.com\/fr\/wp-json\/wp\/v2\/types\/page"}],"author":[{"embeddable":true,"href":"https:\/\/onyxcentersource.com\/fr\/wp-json\/wp\/v2\/users\/2"}],"replies":[{"embeddable":true,"href":"https:\/\/onyxcentersource.com\/fr\/wp-json\/wp\/v2\/comments?post=988809"}],"version-history":[{"count":0,"href":"https:\/\/onyxcentersource.com\/fr\/wp-json\/wp\/v2\/pages\/988809\/revisions"}],"wp:attachment":[{"href":"https:\/\/onyxcentersource.com\/fr\/wp-json\/wp\/v2\/media?parent=988809"}],"curies":[{"name":"wp","href":"https:\/\/api.w.org\/{rel}","templated":true}]}}