{"id":988819,"date":"2025-11-20T20:18:31","date_gmt":"2025-11-20T20:18:31","guid":{"rendered":"https:\/\/onyxcenterdev.wpenginepowered.com\/informations-sur-les-lanceurs-dalerte\/"},"modified":"2025-12-04T20:25:48","modified_gmt":"2025-12-04T20:25:48","slug":"informations-sur-les-lanceurs-dalerte","status":"publish","type":"page","link":"https:\/\/onyxcentersource.com\/fr\/informations-sur-les-lanceurs-dalerte\/","title":{"rendered":"Informations sur les lanceurs d&rsquo;alerte"},"content":{"rendered":"\t\t<div data-elementor-type=\"wp-page\" data-elementor-id=\"988819\" class=\"elementor elementor-988819 elementor-988118\" data-elementor-post-type=\"page\">\n\t\t\t\t<div class=\"elementor-element elementor-element-1d9a684 e-flex e-con-boxed e-con e-parent\" data-id=\"1d9a684\" data-element_type=\"container\">\n\t\t\t\t\t<div class=\"e-con-inner\">\n\t\t<div class=\"elementor-element elementor-element-89eb5db e-flex e-con-boxed e-con e-child\" data-id=\"89eb5db\" data-element_type=\"container\" data-settings=\"{&quot;background_background&quot;:&quot;gradient&quot;}\">\n\t\t\t\t\t<div class=\"e-con-inner\">\n\t\t<div class=\"elementor-element elementor-element-2dc0cf7 e-flex e-con-boxed e-con e-child\" data-id=\"2dc0cf7\" data-element_type=\"container\">\n\t\t\t\t\t<div class=\"e-con-inner\">\n\t\t<div class=\"elementor-element elementor-element-d02b08e e-con-full e-flex e-con e-child\" data-id=\"d02b08e\" data-element_type=\"container\">\n\t\t\t\t<div class=\"elementor-element elementor-element-df28f64 elementor-widget elementor-widget-heading\" data-id=\"df28f64\" data-element_type=\"widget\" data-widget_type=\"heading.default\">\n\t\t\t\t<div class=\"elementor-widget-container\">\n\t\t\t\t\t<span class=\"elementor-heading-title elementor-size-default\">Informations sur les lanceurs d'alerte<\/span>\t\t\t\t<\/div>\n\t\t\t\t<\/div>\n\t\t\t\t<div class=\"elementor-element elementor-element-05ac261 elementor-widget elementor-widget-heading\" data-id=\"05ac261\" data-element_type=\"widget\" data-widget_type=\"heading.default\">\n\t\t\t\t<div class=\"elementor-widget-container\">\n\t\t\t\t\t<h1 class=\"elementor-heading-title elementor-size-default\">Informations sur les lanceurs d'alerte<\/h1>\t\t\t\t<\/div>\n\t\t\t\t<\/div>\n\t\t\t\t<\/div>\n\t\t<div class=\"elementor-element elementor-element-ec7541a e-flex e-con-boxed e-con e-child\" data-id=\"ec7541a\" data-element_type=\"container\">\n\t\t\t\t\t<div class=\"e-con-inner\">\n\t\t\t\t<div class=\"elementor-element elementor-element-9aca551 elementor-widget elementor-widget-text-editor\" data-id=\"9aca551\" data-element_type=\"widget\" data-widget_type=\"text-editor.default\">\n\t\t\t\t<div class=\"elementor-widget-container\">\n\t\t\t\t\t\t\t\t\t<p><em>Le responsable du traitement des donn\u00e9es est PEGASUS BUSINESS INTELLIGENCE LP, op\u00e9rant sous le nom d&rsquo;Onyx CenterSource et ses filiales (\u00ab Onyx \u00bb). Les donn\u00e9es seront trait\u00e9es afin de g\u00e9rer votre communication et d&rsquo;enqu\u00eater sur les faits signal\u00e9s. Sous r\u00e9serve des conditions l\u00e9gales, vous avez le droit d&rsquo;acc\u00e9der aux donn\u00e9es, de les rectifier et de les supprimer, de limiter leur traitement, de vous y opposer et d&rsquo;en demander la portabilit\u00e9. Vous pouvez trouver plus d&rsquo;informations sur le traitement de vos donn\u00e9es personnelles dans la Politique de confidentialit\u00e9 du Canal d&rsquo;information interne.<\/em><br><em><\/em><br><em>Pour signaler un incident, veuillez proc\u00e9der au <\/em><em><a class=\"c-link\" href=\"http:\/\/www.lighthouse-services.com\/onyxcentersource\" target=\"_blank\" rel=\"noopener noreferrer\" data-stringify-link=\"http:\/\/www.lighthouse-services.com\/onyxcentersource\" data-sk=\"tooltip_parent\">Signalement anonyme Syntrio<\/a><\/em><em> ou appelez les lignes d&rsquo;assistance t\u00e9l\u00e9phonique nationales et internationales 24h\/24, 7j\/7, 365j\/an en suivant les instructions suivantes :<\/em><\/p>\n<p>1. Assurez-vous d&rsquo;avoir une ligne ext\u00e9rieure.<\/p>\n<p>2. Saisissez le <a href=\"https:\/\/www.business.att.com\/collateral\/access.html\">code d&rsquo;acc\u00e8s<\/a> pour le pays et\/ou le syst\u00e8me t\u00e9l\u00e9phonique depuis lequel vous appelez. Vous entendrez alors un \u00ab bip \u00bb. <\/p>\n<p>3. Une invite vocale en anglais vous demandera le num\u00e9ro que vous appelez.<\/p>\n<p>4. Saisissez notre num\u00e9ro gratuit : 800-603-2869. Il n&rsquo;est pas n\u00e9cessaire de composer le \u00ab 1 \u00bb avant le num\u00e9ro gratuit. <\/p>\n<p>5. Vous \u00eates maintenant connect\u00e9 \u00e0 la ligne d&rsquo;assistance.<\/p>\n<p>6. Un message d&rsquo;accueil Lighthouse sera diffus\u00e9 en <a href=\"https:\/\/www.lighthouse-services.com\/documentlink\/Automated%20in-language%20greetings%2010-31-2019.pdf\">plusieurs langues<\/a>. Faites un choix parmi les invites linguistiques pr\u00e9enregistr\u00e9es ou appuyez sur 000 et indiquez \u00e0 l&rsquo;op\u00e9rateur anglophone la langue que vous parlez (de pr\u00e9f\u00e9rence en anglais). Un interpr\u00e8te rejoindra alors l&rsquo;appel dans 2 \u00e0 3 minutes. L&rsquo;op\u00e9rateur Lighthouse vous interrogera, assist\u00e9 par l&rsquo;interpr\u00e8te.   <\/p>\t\t\t\t\t\t\t\t<\/div>\n\t\t\t\t<\/div>\n\t\t\t\t\t<\/div>\n\t\t\t\t<\/div>\n\t\t\t\t\t<\/div>\n\t\t\t\t<\/div>\n\t\t\t\t\t<\/div>\n\t\t\t\t<\/div>\n\t\t\t\t\t<\/div>\n\t\t\t\t<\/div>\n\t\t\t\t<\/div>\n\t\t","protected":false},"excerpt":{"rendered":"<p>Informations sur les lanceurs d&rsquo;alerte Informations sur les lanceurs d&rsquo;alerte Le responsable du traitement des donn\u00e9es est PEGASUS BUSINESS INTELLIGENCE LP, op\u00e9rant sous le nom d&rsquo;Onyx CenterSource et ses filiales (\u00ab Onyx \u00bb). Les donn\u00e9es seront trait\u00e9es afin de g\u00e9rer votre communication et d&rsquo;enqu\u00eater sur les faits signal\u00e9s. Sous r\u00e9serve des conditions l\u00e9gales, vous avez&#8230;<\/p>\n","protected":false},"author":2,"featured_media":0,"parent":0,"menu_order":0,"comment_status":"closed","ping_status":"closed","template":"","meta":{"_acf_changed":false,"footnotes":""},"class_list":["post-988819","page","type-page","status-publish","hentry"],"acf":[],"yoast_head":"<!-- This site is optimized with the Yoast SEO Premium plugin v26.5 (Yoast SEO v27.0) - https:\/\/yoast.com\/product\/yoast-seo-premium-wordpress\/ -->\n<title>Informations sur les lanceurs d&#039;alerte - Onyx CenterSource&trade;<\/title>\n<meta name=\"robots\" content=\"index, follow, max-snippet:-1, max-image-preview:large, max-video-preview:-1\" \/>\n<link rel=\"canonical\" href=\"https:\/\/onyxcentersource.com\/fr\/informations-sur-les-lanceurs-dalerte\/\" \/>\n<meta property=\"og:locale\" content=\"fr_FR\" \/>\n<meta property=\"og:type\" content=\"article\" \/>\n<meta property=\"og:title\" content=\"Informations sur les lanceurs d&#039;alerte\" \/>\n<meta property=\"og:description\" content=\"Informations sur les lanceurs d&rsquo;alerte Informations sur les lanceurs d&rsquo;alerte Le responsable du traitement des donn\u00e9es est PEGASUS BUSINESS INTELLIGENCE LP, op\u00e9rant sous le nom d&rsquo;Onyx CenterSource et ses filiales (\u00ab Onyx \u00bb). Les donn\u00e9es seront trait\u00e9es afin de g\u00e9rer votre communication et d&rsquo;enqu\u00eater sur les faits signal\u00e9s. Sous r\u00e9serve des conditions l\u00e9gales, vous avez...\" \/>\n<meta property=\"og:url\" content=\"https:\/\/onyxcentersource.com\/fr\/informations-sur-les-lanceurs-dalerte\/\" \/>\n<meta property=\"og:site_name\" content=\"Onyx CenterSource&trade;\" \/>\n<meta property=\"article:modified_time\" content=\"2025-12-04T20:25:48+00:00\" \/>\n<meta name=\"twitter:card\" content=\"summary_large_image\" \/>\n<meta name=\"twitter:label1\" content=\"Dur\u00e9e de lecture estim\u00e9e\" \/>\n\t<meta name=\"twitter:data1\" content=\"1 minute\" \/>\n<script type=\"application\/ld+json\" class=\"yoast-schema-graph\">{\"@context\":\"https:\/\/schema.org\",\"@graph\":[{\"@type\":\"WebPage\",\"@id\":\"https:\/\/onyxcentersource.com\/fr\/informations-sur-les-lanceurs-dalerte\/\",\"url\":\"https:\/\/onyxcentersource.com\/fr\/informations-sur-les-lanceurs-dalerte\/\",\"name\":\"Informations sur les lanceurs d'alerte - Onyx CenterSource&trade;\",\"isPartOf\":{\"@id\":\"https:\/\/onyxcentersource.com\/fr\/#website\"},\"datePublished\":\"2025-11-20T20:18:31+00:00\",\"dateModified\":\"2025-12-04T20:25:48+00:00\",\"breadcrumb\":{\"@id\":\"https:\/\/onyxcentersource.com\/fr\/informations-sur-les-lanceurs-dalerte\/#breadcrumb\"},\"inLanguage\":\"fr-FR\",\"potentialAction\":[{\"@type\":\"ReadAction\",\"target\":[\"https:\/\/onyxcentersource.com\/fr\/informations-sur-les-lanceurs-dalerte\/\"]}]},{\"@type\":\"BreadcrumbList\",\"@id\":\"https:\/\/onyxcentersource.com\/fr\/informations-sur-les-lanceurs-dalerte\/#breadcrumb\",\"itemListElement\":[{\"@type\":\"ListItem\",\"position\":1,\"name\":\"Home\",\"item\":\"https:\/\/onyxcentersource.com\/fr\/accueil\/\"},{\"@type\":\"ListItem\",\"position\":2,\"name\":\"Informations sur les lanceurs d&#8217;alerte\"}]},{\"@type\":\"WebSite\",\"@id\":\"https:\/\/onyxcentersource.com\/fr\/#website\",\"url\":\"https:\/\/onyxcentersource.com\/fr\/\",\"name\":\"Onyx CenterSource&trade;\",\"description\":\" \",\"publisher\":{\"@id\":\"https:\/\/onyxcentersource.com\/fr\/#organization\"},\"potentialAction\":[{\"@type\":\"SearchAction\",\"target\":{\"@type\":\"EntryPoint\",\"urlTemplate\":\"https:\/\/onyxcentersource.com\/fr\/?s={search_term_string}\"},\"query-input\":{\"@type\":\"PropertyValueSpecification\",\"valueRequired\":true,\"valueName\":\"search_term_string\"}}],\"inLanguage\":\"fr-FR\"},{\"@type\":\"Organization\",\"@id\":\"https:\/\/onyxcentersource.com\/fr\/#organization\",\"name\":\"Onyx CenterSource&trade;\",\"url\":\"https:\/\/onyxcentersource.com\/fr\/\",\"logo\":{\"@type\":\"ImageObject\",\"inLanguage\":\"fr-FR\",\"@id\":\"https:\/\/onyxcentersource.com\/fr\/#\/schema\/logo\/image\/\",\"url\":\"https:\/\/onyxcentersource.com\/wp-content\/uploads\/2025\/12\/Onyx-Logo-Horizontal-scaled-e1765564060227.png\",\"contentUrl\":\"https:\/\/onyxcentersource.com\/wp-content\/uploads\/2025\/12\/Onyx-Logo-Horizontal-scaled-e1765564060227.png\",\"width\":370,\"height\":115,\"caption\":\"Onyx CenterSource&trade;\"},\"image\":{\"@id\":\"https:\/\/onyxcentersource.com\/fr\/#\/schema\/logo\/image\/\"}}]}<\/script>\n<!-- \/ Yoast SEO Premium plugin. -->","yoast_head_json":{"title":"Informations sur les lanceurs d'alerte - Onyx CenterSource&trade;","robots":{"index":"index","follow":"follow","max-snippet":"max-snippet:-1","max-image-preview":"max-image-preview:large","max-video-preview":"max-video-preview:-1"},"canonical":"https:\/\/onyxcentersource.com\/fr\/informations-sur-les-lanceurs-dalerte\/","og_locale":"fr_FR","og_type":"article","og_title":"Informations sur les lanceurs d'alerte","og_description":"Informations sur les lanceurs d&rsquo;alerte Informations sur les lanceurs d&rsquo;alerte Le responsable du traitement des donn\u00e9es est PEGASUS BUSINESS INTELLIGENCE LP, op\u00e9rant sous le nom d&rsquo;Onyx CenterSource et ses filiales (\u00ab Onyx \u00bb). Les donn\u00e9es seront trait\u00e9es afin de g\u00e9rer votre communication et d&rsquo;enqu\u00eater sur les faits signal\u00e9s. Sous r\u00e9serve des conditions l\u00e9gales, vous avez...","og_url":"https:\/\/onyxcentersource.com\/fr\/informations-sur-les-lanceurs-dalerte\/","og_site_name":"Onyx CenterSource&trade;","article_modified_time":"2025-12-04T20:25:48+00:00","twitter_card":"summary_large_image","twitter_misc":{"Dur\u00e9e de lecture estim\u00e9e":"1 minute"},"schema":{"@context":"https:\/\/schema.org","@graph":[{"@type":"WebPage","@id":"https:\/\/onyxcentersource.com\/fr\/informations-sur-les-lanceurs-dalerte\/","url":"https:\/\/onyxcentersource.com\/fr\/informations-sur-les-lanceurs-dalerte\/","name":"Informations sur les lanceurs d'alerte - Onyx CenterSource&trade;","isPartOf":{"@id":"https:\/\/onyxcentersource.com\/fr\/#website"},"datePublished":"2025-11-20T20:18:31+00:00","dateModified":"2025-12-04T20:25:48+00:00","breadcrumb":{"@id":"https:\/\/onyxcentersource.com\/fr\/informations-sur-les-lanceurs-dalerte\/#breadcrumb"},"inLanguage":"fr-FR","potentialAction":[{"@type":"ReadAction","target":["https:\/\/onyxcentersource.com\/fr\/informations-sur-les-lanceurs-dalerte\/"]}]},{"@type":"BreadcrumbList","@id":"https:\/\/onyxcentersource.com\/fr\/informations-sur-les-lanceurs-dalerte\/#breadcrumb","itemListElement":[{"@type":"ListItem","position":1,"name":"Home","item":"https:\/\/onyxcentersource.com\/fr\/accueil\/"},{"@type":"ListItem","position":2,"name":"Informations sur les lanceurs d&#8217;alerte"}]},{"@type":"WebSite","@id":"https:\/\/onyxcentersource.com\/fr\/#website","url":"https:\/\/onyxcentersource.com\/fr\/","name":"Onyx CenterSource&trade;","description":" ","publisher":{"@id":"https:\/\/onyxcentersource.com\/fr\/#organization"},"potentialAction":[{"@type":"SearchAction","target":{"@type":"EntryPoint","urlTemplate":"https:\/\/onyxcentersource.com\/fr\/?s={search_term_string}"},"query-input":{"@type":"PropertyValueSpecification","valueRequired":true,"valueName":"search_term_string"}}],"inLanguage":"fr-FR"},{"@type":"Organization","@id":"https:\/\/onyxcentersource.com\/fr\/#organization","name":"Onyx CenterSource&trade;","url":"https:\/\/onyxcentersource.com\/fr\/","logo":{"@type":"ImageObject","inLanguage":"fr-FR","@id":"https:\/\/onyxcentersource.com\/fr\/#\/schema\/logo\/image\/","url":"https:\/\/onyxcentersource.com\/wp-content\/uploads\/2025\/12\/Onyx-Logo-Horizontal-scaled-e1765564060227.png","contentUrl":"https:\/\/onyxcentersource.com\/wp-content\/uploads\/2025\/12\/Onyx-Logo-Horizontal-scaled-e1765564060227.png","width":370,"height":115,"caption":"Onyx CenterSource&trade;"},"image":{"@id":"https:\/\/onyxcentersource.com\/fr\/#\/schema\/logo\/image\/"}}]}},"featured_image_src":null,"featured_image_src_square":null,"_links":{"self":[{"href":"https:\/\/onyxcentersource.com\/fr\/wp-json\/wp\/v2\/pages\/988819","targetHints":{"allow":["GET"]}}],"collection":[{"href":"https:\/\/onyxcentersource.com\/fr\/wp-json\/wp\/v2\/pages"}],"about":[{"href":"https:\/\/onyxcentersource.com\/fr\/wp-json\/wp\/v2\/types\/page"}],"author":[{"embeddable":true,"href":"https:\/\/onyxcentersource.com\/fr\/wp-json\/wp\/v2\/users\/2"}],"replies":[{"embeddable":true,"href":"https:\/\/onyxcentersource.com\/fr\/wp-json\/wp\/v2\/comments?post=988819"}],"version-history":[{"count":0,"href":"https:\/\/onyxcentersource.com\/fr\/wp-json\/wp\/v2\/pages\/988819\/revisions"}],"wp:attachment":[{"href":"https:\/\/onyxcentersource.com\/fr\/wp-json\/wp\/v2\/media?parent=988819"}],"curies":[{"name":"wp","href":"https:\/\/api.w.org\/{rel}","templated":true}]}}