{"id":988825,"date":"2025-11-20T20:18:18","date_gmt":"2025-11-20T20:18:18","guid":{"rendered":"https:\/\/onyxcenterdev.wpenginepowered.com\/politique-relative-aux-cookies\/"},"modified":"2025-12-04T20:26:43","modified_gmt":"2025-12-04T20:26:43","slug":"politique-relative-aux-cookies","status":"publish","type":"page","link":"https:\/\/onyxcentersource.com\/fr\/politique-relative-aux-cookies\/","title":{"rendered":"Politique relative aux cookies"},"content":{"rendered":"\t\t<div data-elementor-type=\"wp-page\" data-elementor-id=\"988825\" class=\"elementor elementor-988825 elementor-988117\" data-elementor-post-type=\"page\">\n\t\t\t\t<div class=\"elementor-element elementor-element-1d9a684 e-flex e-con-boxed e-con e-parent\" data-id=\"1d9a684\" data-element_type=\"container\">\n\t\t\t\t\t<div class=\"e-con-inner\">\n\t\t<div class=\"elementor-element elementor-element-89eb5db e-flex e-con-boxed e-con e-child\" data-id=\"89eb5db\" data-element_type=\"container\" data-settings=\"{&quot;background_background&quot;:&quot;gradient&quot;}\">\n\t\t\t\t\t<div class=\"e-con-inner\">\n\t\t<div class=\"elementor-element elementor-element-2dc0cf7 e-flex e-con-boxed e-con e-child\" data-id=\"2dc0cf7\" data-element_type=\"container\">\n\t\t\t\t\t<div class=\"e-con-inner\">\n\t\t<div class=\"elementor-element elementor-element-d02b08e e-con-full e-flex e-con e-child\" data-id=\"d02b08e\" data-element_type=\"container\">\n\t\t\t\t<div class=\"elementor-element elementor-element-df28f64 elementor-widget elementor-widget-heading\" data-id=\"df28f64\" data-element_type=\"widget\" data-widget_type=\"heading.default\">\n\t\t\t\t<div class=\"elementor-widget-container\">\n\t\t\t\t\t<span class=\"elementor-heading-title elementor-size-default\">Politique relative aux cookies<\/span>\t\t\t\t<\/div>\n\t\t\t\t<\/div>\n\t\t\t\t<div class=\"elementor-element elementor-element-05ac261 elementor-widget elementor-widget-heading\" data-id=\"05ac261\" data-element_type=\"widget\" data-widget_type=\"heading.default\">\n\t\t\t\t<div class=\"elementor-widget-container\">\n\t\t\t\t\t<h1 class=\"elementor-heading-title elementor-size-default\">Politique relative aux cookies<\/h1>\t\t\t\t<\/div>\n\t\t\t\t<\/div>\n\t\t\t\t<\/div>\n\t\t<div class=\"elementor-element elementor-element-ec7541a e-flex e-con-boxed e-con e-child\" data-id=\"ec7541a\" data-element_type=\"container\">\n\t\t\t\t\t<div class=\"e-con-inner\">\n\t\t\t\t<div class=\"elementor-element elementor-element-9aca551 elementor-widget elementor-widget-text-editor\" data-id=\"9aca551\" data-element_type=\"widget\" data-widget_type=\"text-editor.default\">\n\t\t\t\t<div class=\"elementor-widget-container\">\n\t\t\t\t\t\t\t\t\t<p><strong><em>Derni\u00e8re mise \u00e0 jour : 05 f\u00e9vrier 2025<\/em><\/strong><\/p><p class=\"p1\"><span class=\"s1\">Cette politique d\u00e9crit comment et pourquoi Pegasus Business Intelligence, LP exer\u00e7ant sous le nom d&rsquo;Onyx CenterSource, et ses soci\u00e9t\u00e9s affili\u00e9es, y compris, sans s&rsquo;y limiter, Onyx CenterSource Spain, S.A., Onyx CenterSource (UK) Limited et Onyx CenterSource AS (collectivement \u00ab Onyx \u00bb, \u00ab nous \u00bb ou \u00ab notre \u00bb) utilisent des cookies sur ce site web : <a href=\"https:\/\/www.onyxcentersource.com\/\"><span class=\"s2\"><b>https:\/\/www.onyxcentersource.com\/<\/b><\/span><\/a>.<\/span><\/p><p><strong>Que sont les cookies<\/strong><\/p><p class=\"p1\"><span class=\"s1\">Un cookie est un petit \u00e9l\u00e9ment de donn\u00e9es (fichier texte) qu&rsquo;un site web ou une application \u2013 lorsqu&rsquo;il est visit\u00e9 par un utilisateur \u2013 demande \u00e0 votre navigateur de stocker sur votre appareil afin de m\u00e9moriser des informations vous concernant, comme vos pr\u00e9f\u00e9rences linguistiques ou votre derni\u00e8re visite sur notre site web. Ces cookies sont d\u00e9finis par nous et sont appel\u00e9s cookies propri\u00e9taires. <\/span><\/p><p class=\"p1\"><span class=\"s1\">Nous utilisons \u00e9galement des cookies tiers \u2013 ce sont des cookies d\u00e9finis par un domaine diff\u00e9rent du domaine du site web que vous visitez ou un domaine que nous n&rsquo;exploitons pas \u2013 par exemple pour analyser le trafic sur notre site web, ou pour<\/span><span class=\"s2\"> nos efforts publicitaires et marketing<\/span><span class=\"s1\">.<\/span><\/p><p><strong>Comment nous utilisons les cookies<\/strong><\/p><p class=\"p1\"><span class=\"s1\">Notre site web utilise deux types de cookies : les cookies persistants et les cookies de session. Les cookies <b>persistants<\/b> sont des cookies qui restent sur votre appareil pendant une certaine p\u00e9riode (comme indiqu\u00e9 dans le tableau ci-dessous) ou jusqu&rsquo;\u00e0 ce que vous les supprimiez manuellement ou vous y opposiez. Les cookies de <b>session<\/b> expirent \u00e0 la fin de la session du navigateur (par exemple, lorsque vous quittez notre site web et fermez votre navigateur).<\/span><\/p><p class=\"p1\"><span class=\"s1\">Nous utilisons des cookies <b>strictement n\u00e9cessaires<\/b> pour (i) vous reconna\u00eetre comme utilisateur de retour sur notre site web, (ii) s\u00e9curiser notre site web, application et service et (iii) enregistrer vos pr\u00e9f\u00e9rences de cookies afin que notre banni\u00e8re ne vous soit pas pr\u00e9sent\u00e9e plusieurs fois.   <\/span><\/p><p class=\"p1\"><span class=\"s1\">Nous utilisons des cookies <b>non essentiels (non strictement n\u00e9cessaires)<\/b> pour observer et analyser les niveaux de trafic et d&rsquo;autres m\u00e9triques concernant votre utilisation des communaut\u00e9s sur notre site web, ce qui nous aide \u00e0 am\u00e9liorer notre site web et nos services, ainsi que votre exp\u00e9rience utilisateur globale. Nous n&rsquo;utilisons des cookies non essentiels que lorsque nous avons votre consentement (voir ci-dessous). <\/span><\/p><p class=\"p1\"><span class=\"s1\">Comme expliqu\u00e9 ci-dessus, les cookies peuvent \u00eatre <b>propri\u00e9taires<\/b> ou <b>tiers<\/b>, ce qui signifie qu&rsquo;ils sont exploit\u00e9s par nous (propri\u00e9taires) ou par une autre partie (tiers). Veuillez noter que les interactions avec les cookies tiers sur notre site web sont r\u00e9gies par les politiques de confidentialit\u00e9 et de cookies du tiers. Pour plus d&rsquo;informations sur les tiers qui utilisent des cookies sur notre site web, veuillez consulter la <a href=\"https:\/\/www.onyxcentersource.com\/cookie-policy\/#table_list2\"><span class=\"s2\"><b>[Liste]<\/b><\/span><\/a> ci-dessous.  <\/span><\/p><p class=\"p1\"><span class=\"s1\">Des informations compl\u00e9mentaires sur les types de cookies que nous utilisons sont pr\u00e9sent\u00e9es ci-dessous.<\/span><\/p><p><strong>Gestion des cookies<\/strong><\/p><p class=\"p1\"><span class=\"s1\">Lors de votre premi\u00e8re visite sur nos sites web, vous verrez sur la page d&rsquo;accueil une banni\u00e8re de cookies vous informant de la raison d&rsquo;utilisation des cookies et vous demandant votre consentement pour chaque cookie non essentiel si vous acceptez que nous les utilisions.<\/span><\/p><p class=\"p1\"><span class=\"s1\">Vous pouvez modifier vos pr\u00e9f\u00e9rences de cookies via la banni\u00e8re de cookies, o\u00f9 vous avez la possibilit\u00e9 d&rsquo;accepter ou de refuser l&rsquo;utilisation de cookies non essentiels sur votre appareil. Cependant, vous pouvez \u00e9galement mettre \u00e0 jour vos pr\u00e9f\u00e9rences de cookies \u00e0 tout moment en cliquant sur le bouton ci-dessous : <br><\/span><\/p><p><button id=\"ot-sdk-btn\" class=\"ot-sdk-show-settings\">Param\u00e8tres des cookies<\/button><\/p><p class=\"p1\"><span class=\"s1\">Veuillez noter que vous ne pouvez pas d\u00e9sactiver les cookies strictement n\u00e9cessaires car ils affectent la fonctionnalit\u00e9 de notre site web et votre capacit\u00e9 \u00e0 utiliser certaines fonctionnalit\u00e9s.<\/span><\/p><p class=\"p1\"><span class=\"s1\">Vous pouvez \u00e9galement ajuster ou bloquer les cookies via les param\u00e8tres de votre navigateur, qui vous permettent de refuser l&rsquo;installation de tout ou partie des cookies lors de la navigation sur Internet. La plupart des navigateurs permettent d&rsquo;\u00eatre inform\u00e9 de l&rsquo;existence de cookies ou de les rejeter automatiquement. Pour obtenir plus d&rsquo;informations sur la fa\u00e7on d&rsquo;ajuster ces param\u00e8tres, veuillez consulter et lire les informations fournies par chaque navigateur.   <\/span><\/p><p><strong id=\"table_list2\">Types de cookies utilis\u00e9s<\/strong><\/p><p class=\"p1\"><b>Liste des cookies<\/b><\/p><p class=\"p3\">Ce site collecte des informations vous concernant par l&rsquo;installation des cookies suivants dans votre appareil ou navigateur. Plus pr\u00e9cis\u00e9ment, nous utilisons des cookies et d&rsquo;autres technologies de suivi aux fins suivantes : <\/p><p class=\"p4\"><b>Cookies de performance<\/b><\/p><p class=\"p5\">Ces cookies nous permettent de comptabiliser les visites et les sources de trafic afin de mesurer et d&rsquo;am\u00e9liorer les performances de notre site. Ils nous aident \u00e0 savoir quelles pages sont les plus et les moins populaires et \u00e0 voir comment les visiteurs se d\u00e9placent sur le site. Toutes les informations collect\u00e9es par ces cookies sont agr\u00e9g\u00e9es et donc anonymes. Si vous n&rsquo;autorisez pas ces cookies, nous ne saurons pas quand vous avez visit\u00e9 notre site et ne pourrons pas surveiller ses performances.   <\/p><p><img decoding=\"async\" class=\"aligncenter size-full wp-image-25182\" src=\"https:\/\/www.onyxcentersource.com\/wp-content\/uploads\/2025\/02\/1.png\"><\/p><p><span style=\"font-size: medium;\"><b>Cookies fonctionnels<\/b><\/span><\/p><p>Ces cookies permettent au site web de fournir une fonctionnalit\u00e9 et une personnalisation am\u00e9lior\u00e9es. Ils peuvent \u00eatre d\u00e9finis par nous ou par des fournisseurs tiers dont nous avons ajout\u00e9 les services \u00e0 nos pages. Si vous n&rsquo;autorisez pas ces cookies, certains ou tous ces services pourraient ne pas fonctionner correctement.  <\/p><p><img decoding=\"async\" class=\"aligncenter size-full wp-image-25191 lazyloaded\" style=\"--smush-placeholder-width: 930px; --smush-placeholder-aspect-ratio: 930\/746;\" src=\"https:\/\/www.onyxcentersource.com\/wp-content\/uploads\/2025\/02\/2.png\"><\/p><p><span style=\"font-size: medium;\"><b>Cookies de ciblage<\/b><\/span><\/p><p>Ces cookies peuvent \u00eatre install\u00e9s sur notre site par nos partenaires publicitaires. Ils peuvent \u00eatre utilis\u00e9s par ces entreprises pour \u00e9tablir un profil de vos int\u00e9r\u00eats et vous montrer des publicit\u00e9s pertinentes sur d&rsquo;autres sites. Ils ne stockent pas directement d&rsquo;informations personnelles, mais sont bas\u00e9s sur l&rsquo;identification unique de votre navigateur et de votre appareil Internet. Si vous n&rsquo;autorisez pas ces cookies, vous verrez moins de publicit\u00e9s cibl\u00e9es.   <\/p><p><img fetchpriority=\"high\" decoding=\"async\" class=\"aligncenter size-full wp-image-25200 lazyload\" style=\"--smush-placeholder-width: 932px; --smush-placeholder-aspect-ratio: 932\/446;\" src=\"https:\/\/www.onyxcentersource.com\/wp-content\/uploads\/2025\/02\/3.png\" alt=\"\" width=\"932\" height=\"446\"><\/p><p><span style=\"font-size: medium;\"><b>Cookies strictement n\u00e9cessaires<\/b><\/span><\/p><p>Ces cookies sont n\u00e9cessaires au fonctionnement du site web et ne peuvent pas \u00eatre d\u00e9sactiv\u00e9s dans nos syst\u00e8mes. Ils sont g\u00e9n\u00e9ralement uniquement d\u00e9finis en r\u00e9ponse \u00e0 des actions que vous effectuez et qui correspondent \u00e0 une demande de services, comme la d\u00e9finition de vos pr\u00e9f\u00e9rences de confidentialit\u00e9, la connexion ou le remplissage de formulaires. Vous pouvez configurer votre navigateur pour bloquer ou vous alerter de ces cookies, mais certaines parties du site ne fonctionneront pas. Ces cookies ne stockent aucune information personnellement identifiable.   <\/p><p><img decoding=\"async\" class=\"aligncenter size-full wp-image-25209 lazyload\" style=\"--smush-placeholder-width: 929px; --smush-placeholder-aspect-ratio: 929\/271;\" src=\"https:\/\/www.onyxcentersource.com\/wp-content\/uploads\/2025\/02\/4.png\" alt=\"\" width=\"929\" height=\"271\"><\/p><p><span style=\"font-size: medium;\"><b>Mise \u00e0 jour de la politique relative aux cookies<\/b><\/span><\/p><p><span style=\"font-size: medium;\">Onyx se r\u00e9serve le droit, \u00e0 sa seule discr\u00e9tion, de modifier ou de remplacer cette politique relative aux cookies. Les utilisateurs sont invit\u00e9s \u00e0 examiner p\u00e9riodiquement cette politique relative aux cookies afin d&rsquo;\u00eatre correctement inform\u00e9s des cookies utilis\u00e9s sur le site web, de leur finalit\u00e9 et de leur dur\u00e9e. <\/span><\/p><p><span style=\"font-size: medium;\"><b>Protection des donn\u00e9es personnelles<\/b><\/span><\/p><p><a name=\"OpenAt\"><\/a> <span style=\"font-size: medium;\">Onyx, en obtenant automatiquement des informations du site via les cookies, peut collecter des donn\u00e9es personnelles vous concernant relatives \u00e0 votre ordinateur, \u00e0 l&rsquo;utilisation du site ou \u00e0 votre comportement de navigation sur le site. Ces informations peuvent inclure des donn\u00e9es concernant la langue, les mots-cl\u00e9s, la date, l&rsquo;heure, la dur\u00e9e pass\u00e9e sur certains types de pages, l&rsquo;adresse IP, l&rsquo;identifiant publicitaire, la section de la page que vous avez visit\u00e9e et des informations similaires concernant l&rsquo;utilisation du site. Nous pouvons collecter ces informations \u00e0 l&rsquo;aide de cookies comme d\u00e9taill\u00e9 dans cette politique relative aux cookies.  <\/span><\/p><p><span style=\"font-size: medium;\">\u00c0 cet \u00e9gard, concernant les informations qui identifient ou rendent identifiables les utilisateurs, les dispositions de la politique de confidentialit\u00e9 s&rsquo;appliquent. Pour plus d&rsquo;informations sur la fa\u00e7on dont nous traitons les donn\u00e9es personnelles via l&rsquo;utilisation de cookies, veuillez consulter notre [<\/span><a href=\"https:\/\/www.onyxcentersource.com\/privacy-policy\/\"><span style=\"font-size: medium;\"><u><b>Notice de confidentialit\u00e9<\/b><\/u><\/span><\/a><span style=\"font-size: medium;\">].<\/span><\/p><p><span style=\"font-size: medium;\"><b>Nous contacter<\/b><\/span><\/p><p><span style=\"font-size: medium;\">Si vous avez des questions ou des commentaires concernant notre politique relative aux cookies ou si vous souhaitez exercer vos droits en tant que personne concern\u00e9e, n&rsquo;h\u00e9sitez pas \u00e0 nous contacter \u00e0 l&rsquo;adresse <\/span><a href=\"mailto:privacy@onyxcentersource.com\"><span style=\"font-size: medium;\"><u><b>privacy@onyxcentersource.com<\/b><\/u><\/span><\/a><span style=\"font-size: medium;\">.<\/span> <\/p>\t\t\t\t\t\t\t\t<\/div>\n\t\t\t\t<\/div>\n\t\t\t\t\t<\/div>\n\t\t\t\t<\/div>\n\t\t\t\t\t<\/div>\n\t\t\t\t<\/div>\n\t\t\t\t\t<\/div>\n\t\t\t\t<\/div>\n\t\t\t\t\t<\/div>\n\t\t\t\t<\/div>\n\t\t\t\t<\/div>\n\t\t","protected":false},"excerpt":{"rendered":"<p>Politique relative aux cookies Politique relative aux cookies Derni\u00e8re mise \u00e0 jour : 05 f\u00e9vrier 2025 Cette politique d\u00e9crit comment et pourquoi Pegasus Business Intelligence, LP exer\u00e7ant sous le nom d&rsquo;Onyx CenterSource, et ses soci\u00e9t\u00e9s affili\u00e9es, y compris, sans s&rsquo;y limiter, Onyx CenterSource Spain, S.A., Onyx CenterSource (UK) Limited et Onyx CenterSource AS (collectivement \u00ab&#8230;<\/p>\n","protected":false},"author":2,"featured_media":0,"parent":0,"menu_order":0,"comment_status":"closed","ping_status":"closed","template":"","meta":{"_acf_changed":false,"footnotes":""},"class_list":["post-988825","page","type-page","status-publish","hentry"],"acf":[],"yoast_head":"<!-- This site is optimized with the Yoast SEO Premium plugin v26.5 (Yoast SEO v27.0) - https:\/\/yoast.com\/product\/yoast-seo-premium-wordpress\/ -->\n<title>Politique relative aux cookies - Onyx CenterSource\u2122<\/title>\n<meta name=\"robots\" content=\"index, follow, max-snippet:-1, max-image-preview:large, max-video-preview:-1\" \/>\n<link rel=\"canonical\" href=\"https:\/\/onyxcentersource.com\/fr\/politique-relative-aux-cookies\/\" \/>\n<meta property=\"og:locale\" content=\"fr_FR\" \/>\n<meta property=\"og:type\" content=\"article\" \/>\n<meta property=\"og:title\" content=\"Politique relative aux cookies\" \/>\n<meta property=\"og:description\" content=\"Politique relative aux cookies Politique relative aux cookies Derni\u00e8re mise \u00e0 jour : 05 f\u00e9vrier 2025 Cette politique d\u00e9crit comment et pourquoi Pegasus Business Intelligence, LP exer\u00e7ant sous le nom d&rsquo;Onyx CenterSource, et ses soci\u00e9t\u00e9s affili\u00e9es, y compris, sans s&rsquo;y limiter, Onyx CenterSource Spain, S.A., Onyx CenterSource (UK) Limited et Onyx CenterSource AS (collectivement \u00ab...\" \/>\n<meta property=\"og:url\" content=\"https:\/\/onyxcentersource.com\/fr\/politique-relative-aux-cookies\/\" \/>\n<meta property=\"og:site_name\" content=\"Onyx CenterSource\u2122\" \/>\n<meta property=\"article:modified_time\" content=\"2025-12-04T20:26:43+00:00\" \/>\n<meta name=\"twitter:card\" content=\"summary_large_image\" \/>\n<meta name=\"twitter:label1\" content=\"Dur\u00e9e de lecture estim\u00e9e\" \/>\n\t<meta name=\"twitter:data1\" content=\"6 minutes\" \/>\n<script type=\"application\/ld+json\" class=\"yoast-schema-graph\">{\"@context\":\"https:\/\/schema.org\",\"@graph\":[{\"@type\":\"WebPage\",\"@id\":\"https:\/\/onyxcentersource.com\/fr\/politique-relative-aux-cookies\/\",\"url\":\"https:\/\/onyxcentersource.com\/fr\/politique-relative-aux-cookies\/\",\"name\":\"Politique relative aux cookies - Onyx CenterSource\u2122\",\"isPartOf\":{\"@id\":\"https:\/\/onyxcentersource.com\/fr\/#website\"},\"primaryImageOfPage\":{\"@id\":\"https:\/\/onyxcentersource.com\/fr\/politique-relative-aux-cookies\/#primaryimage\"},\"image\":{\"@id\":\"https:\/\/onyxcentersource.com\/fr\/politique-relative-aux-cookies\/#primaryimage\"},\"thumbnailUrl\":\"https:\/\/www.onyxcentersource.com\/wp-content\/uploads\/2025\/02\/1.png\",\"datePublished\":\"2025-11-20T20:18:18+00:00\",\"dateModified\":\"2025-12-04T20:26:43+00:00\",\"breadcrumb\":{\"@id\":\"https:\/\/onyxcentersource.com\/fr\/politique-relative-aux-cookies\/#breadcrumb\"},\"inLanguage\":\"fr-FR\",\"potentialAction\":[{\"@type\":\"ReadAction\",\"target\":[\"https:\/\/onyxcentersource.com\/fr\/politique-relative-aux-cookies\/\"]}]},{\"@type\":\"ImageObject\",\"inLanguage\":\"fr-FR\",\"@id\":\"https:\/\/onyxcentersource.com\/fr\/politique-relative-aux-cookies\/#primaryimage\",\"url\":\"https:\/\/www.onyxcentersource.com\/wp-content\/uploads\/2025\/02\/1.png\",\"contentUrl\":\"https:\/\/www.onyxcentersource.com\/wp-content\/uploads\/2025\/02\/1.png\"},{\"@type\":\"BreadcrumbList\",\"@id\":\"https:\/\/onyxcentersource.com\/fr\/politique-relative-aux-cookies\/#breadcrumb\",\"itemListElement\":[{\"@type\":\"ListItem\",\"position\":1,\"name\":\"Home\",\"item\":\"https:\/\/onyxcentersource.com\/fr\/accueil\/\"},{\"@type\":\"ListItem\",\"position\":2,\"name\":\"Politique relative aux cookies\"}]},{\"@type\":\"WebSite\",\"@id\":\"https:\/\/onyxcentersource.com\/fr\/#website\",\"url\":\"https:\/\/onyxcentersource.com\/fr\/\",\"name\":\"Onyx CenterSource\u2122\",\"description\":\"\",\"publisher\":{\"@id\":\"https:\/\/onyxcentersource.com\/fr\/#organization\"},\"potentialAction\":[{\"@type\":\"SearchAction\",\"target\":{\"@type\":\"EntryPoint\",\"urlTemplate\":\"https:\/\/onyxcentersource.com\/fr\/?s={search_term_string}\"},\"query-input\":{\"@type\":\"PropertyValueSpecification\",\"valueRequired\":true,\"valueName\":\"search_term_string\"}}],\"inLanguage\":\"fr-FR\"},{\"@type\":\"Organization\",\"@id\":\"https:\/\/onyxcentersource.com\/fr\/#organization\",\"name\":\"Onyx CenterSource\u2122\",\"url\":\"https:\/\/onyxcentersource.com\/fr\/\",\"logo\":{\"@type\":\"ImageObject\",\"inLanguage\":\"fr-FR\",\"@id\":\"https:\/\/onyxcentersource.com\/fr\/#\/schema\/logo\/image\/\",\"url\":\"https:\/\/onyxcentersource.com\/wp-content\/uploads\/2025\/12\/Onyx-Logo-Horizontal-scaled-e1765564060227.png\",\"contentUrl\":\"https:\/\/onyxcentersource.com\/wp-content\/uploads\/2025\/12\/Onyx-Logo-Horizontal-scaled-e1765564060227.png\",\"width\":370,\"height\":115,\"caption\":\"Onyx CenterSource\u2122\"},\"image\":{\"@id\":\"https:\/\/onyxcentersource.com\/fr\/#\/schema\/logo\/image\/\"}}]}<\/script>\n<!-- \/ Yoast SEO Premium plugin. -->","yoast_head_json":{"title":"Politique relative aux cookies - Onyx CenterSource\u2122","robots":{"index":"index","follow":"follow","max-snippet":"max-snippet:-1","max-image-preview":"max-image-preview:large","max-video-preview":"max-video-preview:-1"},"canonical":"https:\/\/onyxcentersource.com\/fr\/politique-relative-aux-cookies\/","og_locale":"fr_FR","og_type":"article","og_title":"Politique relative aux cookies","og_description":"Politique relative aux cookies Politique relative aux cookies Derni\u00e8re mise \u00e0 jour : 05 f\u00e9vrier 2025 Cette politique d\u00e9crit comment et pourquoi Pegasus Business Intelligence, LP exer\u00e7ant sous le nom d&rsquo;Onyx CenterSource, et ses soci\u00e9t\u00e9s affili\u00e9es, y compris, sans s&rsquo;y limiter, Onyx CenterSource Spain, S.A., Onyx CenterSource (UK) Limited et Onyx CenterSource AS (collectivement \u00ab...","og_url":"https:\/\/onyxcentersource.com\/fr\/politique-relative-aux-cookies\/","og_site_name":"Onyx CenterSource\u2122","article_modified_time":"2025-12-04T20:26:43+00:00","twitter_card":"summary_large_image","twitter_misc":{"Dur\u00e9e de lecture estim\u00e9e":"6 minutes"},"schema":{"@context":"https:\/\/schema.org","@graph":[{"@type":"WebPage","@id":"https:\/\/onyxcentersource.com\/fr\/politique-relative-aux-cookies\/","url":"https:\/\/onyxcentersource.com\/fr\/politique-relative-aux-cookies\/","name":"Politique relative aux cookies - Onyx CenterSource\u2122","isPartOf":{"@id":"https:\/\/onyxcentersource.com\/fr\/#website"},"primaryImageOfPage":{"@id":"https:\/\/onyxcentersource.com\/fr\/politique-relative-aux-cookies\/#primaryimage"},"image":{"@id":"https:\/\/onyxcentersource.com\/fr\/politique-relative-aux-cookies\/#primaryimage"},"thumbnailUrl":"https:\/\/www.onyxcentersource.com\/wp-content\/uploads\/2025\/02\/1.png","datePublished":"2025-11-20T20:18:18+00:00","dateModified":"2025-12-04T20:26:43+00:00","breadcrumb":{"@id":"https:\/\/onyxcentersource.com\/fr\/politique-relative-aux-cookies\/#breadcrumb"},"inLanguage":"fr-FR","potentialAction":[{"@type":"ReadAction","target":["https:\/\/onyxcentersource.com\/fr\/politique-relative-aux-cookies\/"]}]},{"@type":"ImageObject","inLanguage":"fr-FR","@id":"https:\/\/onyxcentersource.com\/fr\/politique-relative-aux-cookies\/#primaryimage","url":"https:\/\/www.onyxcentersource.com\/wp-content\/uploads\/2025\/02\/1.png","contentUrl":"https:\/\/www.onyxcentersource.com\/wp-content\/uploads\/2025\/02\/1.png"},{"@type":"BreadcrumbList","@id":"https:\/\/onyxcentersource.com\/fr\/politique-relative-aux-cookies\/#breadcrumb","itemListElement":[{"@type":"ListItem","position":1,"name":"Home","item":"https:\/\/onyxcentersource.com\/fr\/accueil\/"},{"@type":"ListItem","position":2,"name":"Politique relative aux cookies"}]},{"@type":"WebSite","@id":"https:\/\/onyxcentersource.com\/fr\/#website","url":"https:\/\/onyxcentersource.com\/fr\/","name":"Onyx CenterSource\u2122","description":"","publisher":{"@id":"https:\/\/onyxcentersource.com\/fr\/#organization"},"potentialAction":[{"@type":"SearchAction","target":{"@type":"EntryPoint","urlTemplate":"https:\/\/onyxcentersource.com\/fr\/?s={search_term_string}"},"query-input":{"@type":"PropertyValueSpecification","valueRequired":true,"valueName":"search_term_string"}}],"inLanguage":"fr-FR"},{"@type":"Organization","@id":"https:\/\/onyxcentersource.com\/fr\/#organization","name":"Onyx CenterSource\u2122","url":"https:\/\/onyxcentersource.com\/fr\/","logo":{"@type":"ImageObject","inLanguage":"fr-FR","@id":"https:\/\/onyxcentersource.com\/fr\/#\/schema\/logo\/image\/","url":"https:\/\/onyxcentersource.com\/wp-content\/uploads\/2025\/12\/Onyx-Logo-Horizontal-scaled-e1765564060227.png","contentUrl":"https:\/\/onyxcentersource.com\/wp-content\/uploads\/2025\/12\/Onyx-Logo-Horizontal-scaled-e1765564060227.png","width":370,"height":115,"caption":"Onyx CenterSource\u2122"},"image":{"@id":"https:\/\/onyxcentersource.com\/fr\/#\/schema\/logo\/image\/"}}]}},"featured_image_src":null,"featured_image_src_square":null,"_links":{"self":[{"href":"https:\/\/onyxcentersource.com\/fr\/wp-json\/wp\/v2\/pages\/988825","targetHints":{"allow":["GET"]}}],"collection":[{"href":"https:\/\/onyxcentersource.com\/fr\/wp-json\/wp\/v2\/pages"}],"about":[{"href":"https:\/\/onyxcentersource.com\/fr\/wp-json\/wp\/v2\/types\/page"}],"author":[{"embeddable":true,"href":"https:\/\/onyxcentersource.com\/fr\/wp-json\/wp\/v2\/users\/2"}],"replies":[{"embeddable":true,"href":"https:\/\/onyxcentersource.com\/fr\/wp-json\/wp\/v2\/comments?post=988825"}],"version-history":[{"count":0,"href":"https:\/\/onyxcentersource.com\/fr\/wp-json\/wp\/v2\/pages\/988825\/revisions"}],"wp:attachment":[{"href":"https:\/\/onyxcentersource.com\/fr\/wp-json\/wp\/v2\/media?parent=988825"}],"curies":[{"name":"wp","href":"https:\/\/api.w.org\/{rel}","templated":true}]}}