{"id":988829,"date":"2025-11-19T20:16:22","date_gmt":"2025-11-19T20:16:22","guid":{"rendered":"https:\/\/onyxcenterdev.wpenginepowered.com\/mentions-legales\/"},"modified":"2025-12-09T22:08:47","modified_gmt":"2025-12-09T22:08:47","slug":"mentions-legales","status":"publish","type":"page","link":"https:\/\/onyxcentersource.com\/fr\/mentions-legales\/","title":{"rendered":"Mentions l\u00e9gales"},"content":{"rendered":"\t\t<div data-elementor-type=\"wp-page\" data-elementor-id=\"988829\" class=\"elementor elementor-988829 elementor-988116\" data-elementor-post-type=\"page\">\n\t\t\t\t<div class=\"elementor-element elementor-element-1d9a684 e-flex e-con-boxed e-con e-parent\" data-id=\"1d9a684\" data-element_type=\"container\">\n\t\t\t\t\t<div class=\"e-con-inner\">\n\t\t<div class=\"elementor-element elementor-element-89eb5db e-flex e-con-boxed e-con e-child\" data-id=\"89eb5db\" data-element_type=\"container\" data-settings=\"{&quot;background_background&quot;:&quot;gradient&quot;}\">\n\t\t\t\t\t<div class=\"e-con-inner\">\n\t\t<div class=\"elementor-element elementor-element-2dc0cf7 e-flex e-con-boxed e-con e-child\" data-id=\"2dc0cf7\" data-element_type=\"container\">\n\t\t\t\t\t<div class=\"e-con-inner\">\n\t\t<div class=\"elementor-element elementor-element-d02b08e e-con-full e-flex e-con e-child\" data-id=\"d02b08e\" data-element_type=\"container\">\n\t\t\t\t<div class=\"elementor-element elementor-element-df28f64 elementor-widget elementor-widget-heading\" data-id=\"df28f64\" data-element_type=\"widget\" data-widget_type=\"heading.default\">\n\t\t\t\t<div class=\"elementor-widget-container\">\n\t\t\t\t\t<span class=\"elementor-heading-title elementor-size-default\">Mentions l\u00e9gales<\/span>\t\t\t\t<\/div>\n\t\t\t\t<\/div>\n\t\t\t\t<div class=\"elementor-element elementor-element-05ac261 elementor-widget elementor-widget-heading\" data-id=\"05ac261\" data-element_type=\"widget\" data-widget_type=\"heading.default\">\n\t\t\t\t<div class=\"elementor-widget-container\">\n\t\t\t\t\t<h1 class=\"elementor-heading-title elementor-size-default\">Mentions l\u00e9gales<\/h1>\t\t\t\t<\/div>\n\t\t\t\t<\/div>\n\t\t\t\t<\/div>\n\t\t<div class=\"elementor-element elementor-element-ec7541a e-flex e-con-boxed e-con e-child\" data-id=\"ec7541a\" data-element_type=\"container\">\n\t\t\t\t\t<div class=\"e-con-inner\">\n\t\t\t\t<div class=\"elementor-element elementor-element-4ce2cc4 elementor-widget elementor-widget-heading\" data-id=\"4ce2cc4\" data-element_type=\"widget\" data-widget_type=\"heading.default\">\n\t\t\t\t<div class=\"elementor-widget-container\">\n\t\t\t\t\t<h2 class=\"elementor-heading-title elementor-size-default\">1.-Identification l\u00e9gale et coordonn\u00e9es<\/h2>\t\t\t\t<\/div>\n\t\t\t\t<\/div>\n\t\t\t\t<div class=\"elementor-element elementor-element-9aca551 elementor-widget elementor-widget-text-editor\" data-id=\"9aca551\" data-element_type=\"widget\" data-widget_type=\"text-editor.default\">\n\t\t\t\t<div class=\"elementor-widget-container\">\n\t\t\t\t\t\t\t\t\t<p><strong>PEGASUS BUSINESS INTELLIGENCE, LP.<\/strong><br>Two Lincoln Centre, 5420 LBJ Freeway<br>Suite 900, Dallas, TX 75240 \u00c9tats-Unis<br>T\u00e9l\u00e9phone : (+1) (214) 396 3280<br>Soci\u00e9t\u00e9 enregistr\u00e9e dans l&rsquo;\u00c9tat du Delaware, \u00c9tats-Unis.<br>Num\u00e9ro d&rsquo;identification fiscale : 75-2738581<\/p><p><strong>ONYX CENTERSOURCE SPAIN, S.A.<\/strong><br>INSUR Bldg. Diego Mart\u00ednez Barrio 10, 5\u00e8me \u00e9tage<br>41013 S\u00e9ville, Espagne<br>T\u00e9l\u00e9phone : (+34) 955 031 400<br>Soci\u00e9t\u00e9 inscrite au Registre du Commerce de S\u00e9ville, Espagne.<br>Num\u00e9ro d&rsquo;identification fiscale : A-41996679 <\/p><p><strong>ONYX CENTERSOURCE AS<\/strong><br>Tr\u00e6leborgodden 6,<br>3112 T\u00f8nsberg, Norv\u00e8ge<br>T\u00e9l\u00e9phone : (+47) 33 34 96 00<br>Soci\u00e9t\u00e9 inscrite au Registre des Entreprises en Norv\u00e8ge.<br>Num\u00e9ro d&rsquo;identification fiscale : 883-430-972<\/p><p><strong>ONYX CENTERSOURCE (UK) LIMITED<\/strong><br>4 More London Riverside,<br>SE1 2AU Londres, Angleterre<br>Soci\u00e9t\u00e9 inscrite au Registre des Soci\u00e9t\u00e9s au Royaume-Uni.<br>Num\u00e9ro d&rsquo;identification fiscale : 172211837<\/p><p>Adresse web : <a href=\"\/\" target=\"_blank\" rel=\"noopener\">https:\/\/www.onyxcentersource.com\/<\/a><br>Besoin d&rsquo;assistance : <a style=\"font-family: inherit; font-size: inherit; font-style: inherit; font-variant-ligatures: inherit; font-variant-caps: inherit; font-weight: inherit;\" href=\"https:\/\/onyxcentersource.com\/fr\/nous-contacter\/\" target=\"_blank\" rel=\"noopener\">https:\/\/www.onyxcentersource.com\/contact-us\/<\/a><\/p>\t\t\t\t\t\t\t\t<\/div>\n\t\t\t\t<\/div>\n\t\t\t\t<div class=\"elementor-element elementor-element-852a467 elementor-widget elementor-widget-heading\" data-id=\"852a467\" data-element_type=\"widget\" data-widget_type=\"heading.default\">\n\t\t\t\t<div class=\"elementor-widget-container\">\n\t\t\t\t\t<h2 class=\"elementor-heading-title elementor-size-default\">2.- Objet des mentions l\u00e9gales<\/h2>\t\t\t\t<\/div>\n\t\t\t\t<\/div>\n\t\t\t\t<div class=\"elementor-element elementor-element-fd8bd18 elementor-widget elementor-widget-text-editor\" data-id=\"fd8bd18\" data-element_type=\"widget\" data-widget_type=\"text-editor.default\">\n\t\t\t\t<div class=\"elementor-widget-container\">\n\t\t\t\t\t\t\t\t\t<p>L&rsquo;objectif de ce site web est de recueillir les informations et le consentement des utilisateurs dans le but de distribuer un livre \u00e9lectronique gratuit sur les tendances critiques de l&rsquo;industrie h\u00f4teli\u00e8re, offert par Pegasus Business Intelligence LP et ses soci\u00e9t\u00e9s affili\u00e9es (\u00ab Onyx \u00bb).<\/p><p>Veuillez lire attentivement ces mentions l\u00e9gales avant de commencer \u00e0 utiliser le site web. En utilisant notre site web, vous indiquez que vous acceptez les conditions g\u00e9n\u00e9rales incluses sur le site web et que vous vous engagez \u00e0 les respecter. Si vous n&rsquo;\u00eates pas d&rsquo;accord avec celles-ci, veuillez vous abstenir d&rsquo;utiliser ce site web. Veuillez noter \u00e9galement que le site web, les services et ces conditions g\u00e9n\u00e9rales peuvent \u00eatre modifi\u00e9s, il est donc recommand\u00e9 de les lire p\u00e9riodiquement. Toute modification sera publi\u00e9e sur ce site et entrera en vigueur et s&rsquo;appliquera imm\u00e9diatement.    <\/p>\t\t\t\t\t\t\t\t<\/div>\n\t\t\t\t<\/div>\n\t\t\t\t\t<\/div>\n\t\t\t\t<\/div>\n\t\t\t\t\t<\/div>\n\t\t\t\t<\/div>\n\t\t\t\t\t<\/div>\n\t\t\t\t<\/div>\n\t\t\t\t\t<\/div>\n\t\t\t\t<\/div>\n\t\t\t\t<\/div>\n\t\t","protected":false},"excerpt":{"rendered":"<p>Mentions l\u00e9gales Mentions l\u00e9gales 1.-Identification l\u00e9gale et coordonn\u00e9es PEGASUS BUSINESS INTELLIGENCE, LP.Two Lincoln Centre, 5420 LBJ FreewaySuite 900, Dallas, TX 75240 \u00c9tats-UnisT\u00e9l\u00e9phone : (+1) (214) 396 3280Soci\u00e9t\u00e9 enregistr\u00e9e dans l&rsquo;\u00c9tat du Delaware, \u00c9tats-Unis.Num\u00e9ro d&rsquo;identification fiscale : 75-2738581 ONYX CENTERSOURCE SPAIN, S.A.INSUR Bldg. Diego Mart\u00ednez Barrio 10, 5\u00e8me \u00e9tage41013 S\u00e9ville, EspagneT\u00e9l\u00e9phone : (+34) 955 031 400Soci\u00e9t\u00e9&#8230;<\/p>\n","protected":false},"author":2,"featured_media":0,"parent":0,"menu_order":0,"comment_status":"closed","ping_status":"closed","template":"","meta":{"_acf_changed":false,"footnotes":""},"class_list":["post-988829","page","type-page","status-publish","hentry"],"acf":[],"yoast_head":"<!-- This site is optimized with the Yoast SEO Premium plugin v26.5 (Yoast SEO v27.0) - https:\/\/yoast.com\/product\/yoast-seo-premium-wordpress\/ -->\n<title>Mentions l\u00e9gales - Onyx CenterSource\u2122<\/title>\n<meta name=\"robots\" content=\"index, follow, max-snippet:-1, max-image-preview:large, max-video-preview:-1\" \/>\n<link rel=\"canonical\" href=\"https:\/\/onyxcentersource.com\/fr\/mentions-legales\/\" \/>\n<meta property=\"og:locale\" content=\"fr_FR\" \/>\n<meta property=\"og:type\" content=\"article\" \/>\n<meta property=\"og:title\" content=\"Mentions l\u00e9gales\" \/>\n<meta property=\"og:description\" content=\"Mentions l\u00e9gales Mentions l\u00e9gales 1.-Identification l\u00e9gale et coordonn\u00e9es PEGASUS BUSINESS INTELLIGENCE, LP.Two Lincoln Centre, 5420 LBJ FreewaySuite 900, Dallas, TX 75240 \u00c9tats-UnisT\u00e9l\u00e9phone : (+1) (214) 396 3280Soci\u00e9t\u00e9 enregistr\u00e9e dans l&rsquo;\u00c9tat du Delaware, \u00c9tats-Unis.Num\u00e9ro d&rsquo;identification fiscale : 75-2738581 ONYX CENTERSOURCE SPAIN, S.A.INSUR Bldg. Diego Mart\u00ednez Barrio 10, 5\u00e8me \u00e9tage41013 S\u00e9ville, EspagneT\u00e9l\u00e9phone : (+34) 955 031 400Soci\u00e9t\u00e9...\" \/>\n<meta property=\"og:url\" content=\"https:\/\/onyxcentersource.com\/fr\/mentions-legales\/\" \/>\n<meta property=\"og:site_name\" content=\"Onyx CenterSource\u2122\" \/>\n<meta property=\"article:modified_time\" content=\"2025-12-09T22:08:47+00:00\" \/>\n<meta name=\"twitter:card\" content=\"summary_large_image\" \/>\n<meta name=\"twitter:label1\" content=\"Dur\u00e9e de lecture estim\u00e9e\" \/>\n\t<meta name=\"twitter:data1\" content=\"1 minute\" \/>\n<script type=\"application\/ld+json\" class=\"yoast-schema-graph\">{\"@context\":\"https:\/\/schema.org\",\"@graph\":[{\"@type\":\"WebPage\",\"@id\":\"https:\/\/onyxcentersource.com\/fr\/mentions-legales\/\",\"url\":\"https:\/\/onyxcentersource.com\/fr\/mentions-legales\/\",\"name\":\"Mentions l\u00e9gales - Onyx CenterSource\u2122\",\"isPartOf\":{\"@id\":\"https:\/\/onyxcentersource.com\/fr\/#website\"},\"datePublished\":\"2025-11-19T20:16:22+00:00\",\"dateModified\":\"2025-12-09T22:08:47+00:00\",\"breadcrumb\":{\"@id\":\"https:\/\/onyxcentersource.com\/fr\/mentions-legales\/#breadcrumb\"},\"inLanguage\":\"fr-FR\",\"potentialAction\":[{\"@type\":\"ReadAction\",\"target\":[\"https:\/\/onyxcentersource.com\/fr\/mentions-legales\/\"]}]},{\"@type\":\"BreadcrumbList\",\"@id\":\"https:\/\/onyxcentersource.com\/fr\/mentions-legales\/#breadcrumb\",\"itemListElement\":[{\"@type\":\"ListItem\",\"position\":1,\"name\":\"Home\",\"item\":\"https:\/\/onyxcentersource.com\/fr\/accueil\/\"},{\"@type\":\"ListItem\",\"position\":2,\"name\":\"Mentions l\u00e9gales\"}]},{\"@type\":\"WebSite\",\"@id\":\"https:\/\/onyxcentersource.com\/fr\/#website\",\"url\":\"https:\/\/onyxcentersource.com\/fr\/\",\"name\":\"Onyx CenterSource\u2122\",\"description\":\"\",\"publisher\":{\"@id\":\"https:\/\/onyxcentersource.com\/fr\/#organization\"},\"potentialAction\":[{\"@type\":\"SearchAction\",\"target\":{\"@type\":\"EntryPoint\",\"urlTemplate\":\"https:\/\/onyxcentersource.com\/fr\/?s={search_term_string}\"},\"query-input\":{\"@type\":\"PropertyValueSpecification\",\"valueRequired\":true,\"valueName\":\"search_term_string\"}}],\"inLanguage\":\"fr-FR\"},{\"@type\":\"Organization\",\"@id\":\"https:\/\/onyxcentersource.com\/fr\/#organization\",\"name\":\"Onyx CenterSource\u2122\",\"url\":\"https:\/\/onyxcentersource.com\/fr\/\",\"logo\":{\"@type\":\"ImageObject\",\"inLanguage\":\"fr-FR\",\"@id\":\"https:\/\/onyxcentersource.com\/fr\/#\/schema\/logo\/image\/\",\"url\":\"https:\/\/onyxcentersource.com\/wp-content\/uploads\/2025\/12\/Onyx-Logo-Horizontal-scaled-e1765564060227.png\",\"contentUrl\":\"https:\/\/onyxcentersource.com\/wp-content\/uploads\/2025\/12\/Onyx-Logo-Horizontal-scaled-e1765564060227.png\",\"width\":370,\"height\":115,\"caption\":\"Onyx CenterSource\u2122\"},\"image\":{\"@id\":\"https:\/\/onyxcentersource.com\/fr\/#\/schema\/logo\/image\/\"}}]}<\/script>\n<!-- \/ Yoast SEO Premium plugin. -->","yoast_head_json":{"title":"Mentions l\u00e9gales - Onyx CenterSource\u2122","robots":{"index":"index","follow":"follow","max-snippet":"max-snippet:-1","max-image-preview":"max-image-preview:large","max-video-preview":"max-video-preview:-1"},"canonical":"https:\/\/onyxcentersource.com\/fr\/mentions-legales\/","og_locale":"fr_FR","og_type":"article","og_title":"Mentions l\u00e9gales","og_description":"Mentions l\u00e9gales Mentions l\u00e9gales 1.-Identification l\u00e9gale et coordonn\u00e9es PEGASUS BUSINESS INTELLIGENCE, LP.Two Lincoln Centre, 5420 LBJ FreewaySuite 900, Dallas, TX 75240 \u00c9tats-UnisT\u00e9l\u00e9phone : (+1) (214) 396 3280Soci\u00e9t\u00e9 enregistr\u00e9e dans l&rsquo;\u00c9tat du Delaware, \u00c9tats-Unis.Num\u00e9ro d&rsquo;identification fiscale : 75-2738581 ONYX CENTERSOURCE SPAIN, S.A.INSUR Bldg. Diego Mart\u00ednez Barrio 10, 5\u00e8me \u00e9tage41013 S\u00e9ville, EspagneT\u00e9l\u00e9phone : (+34) 955 031 400Soci\u00e9t\u00e9...","og_url":"https:\/\/onyxcentersource.com\/fr\/mentions-legales\/","og_site_name":"Onyx CenterSource\u2122","article_modified_time":"2025-12-09T22:08:47+00:00","twitter_card":"summary_large_image","twitter_misc":{"Dur\u00e9e de lecture estim\u00e9e":"1 minute"},"schema":{"@context":"https:\/\/schema.org","@graph":[{"@type":"WebPage","@id":"https:\/\/onyxcentersource.com\/fr\/mentions-legales\/","url":"https:\/\/onyxcentersource.com\/fr\/mentions-legales\/","name":"Mentions l\u00e9gales - Onyx CenterSource\u2122","isPartOf":{"@id":"https:\/\/onyxcentersource.com\/fr\/#website"},"datePublished":"2025-11-19T20:16:22+00:00","dateModified":"2025-12-09T22:08:47+00:00","breadcrumb":{"@id":"https:\/\/onyxcentersource.com\/fr\/mentions-legales\/#breadcrumb"},"inLanguage":"fr-FR","potentialAction":[{"@type":"ReadAction","target":["https:\/\/onyxcentersource.com\/fr\/mentions-legales\/"]}]},{"@type":"BreadcrumbList","@id":"https:\/\/onyxcentersource.com\/fr\/mentions-legales\/#breadcrumb","itemListElement":[{"@type":"ListItem","position":1,"name":"Home","item":"https:\/\/onyxcentersource.com\/fr\/accueil\/"},{"@type":"ListItem","position":2,"name":"Mentions l\u00e9gales"}]},{"@type":"WebSite","@id":"https:\/\/onyxcentersource.com\/fr\/#website","url":"https:\/\/onyxcentersource.com\/fr\/","name":"Onyx CenterSource\u2122","description":"","publisher":{"@id":"https:\/\/onyxcentersource.com\/fr\/#organization"},"potentialAction":[{"@type":"SearchAction","target":{"@type":"EntryPoint","urlTemplate":"https:\/\/onyxcentersource.com\/fr\/?s={search_term_string}"},"query-input":{"@type":"PropertyValueSpecification","valueRequired":true,"valueName":"search_term_string"}}],"inLanguage":"fr-FR"},{"@type":"Organization","@id":"https:\/\/onyxcentersource.com\/fr\/#organization","name":"Onyx CenterSource\u2122","url":"https:\/\/onyxcentersource.com\/fr\/","logo":{"@type":"ImageObject","inLanguage":"fr-FR","@id":"https:\/\/onyxcentersource.com\/fr\/#\/schema\/logo\/image\/","url":"https:\/\/onyxcentersource.com\/wp-content\/uploads\/2025\/12\/Onyx-Logo-Horizontal-scaled-e1765564060227.png","contentUrl":"https:\/\/onyxcentersource.com\/wp-content\/uploads\/2025\/12\/Onyx-Logo-Horizontal-scaled-e1765564060227.png","width":370,"height":115,"caption":"Onyx CenterSource\u2122"},"image":{"@id":"https:\/\/onyxcentersource.com\/fr\/#\/schema\/logo\/image\/"}}]}},"featured_image_src":null,"featured_image_src_square":null,"_links":{"self":[{"href":"https:\/\/onyxcentersource.com\/fr\/wp-json\/wp\/v2\/pages\/988829","targetHints":{"allow":["GET"]}}],"collection":[{"href":"https:\/\/onyxcentersource.com\/fr\/wp-json\/wp\/v2\/pages"}],"about":[{"href":"https:\/\/onyxcentersource.com\/fr\/wp-json\/wp\/v2\/types\/page"}],"author":[{"embeddable":true,"href":"https:\/\/onyxcentersource.com\/fr\/wp-json\/wp\/v2\/users\/2"}],"replies":[{"embeddable":true,"href":"https:\/\/onyxcentersource.com\/fr\/wp-json\/wp\/v2\/comments?post=988829"}],"version-history":[{"count":0,"href":"https:\/\/onyxcentersource.com\/fr\/wp-json\/wp\/v2\/pages\/988829\/revisions"}],"wp:attachment":[{"href":"https:\/\/onyxcentersource.com\/fr\/wp-json\/wp\/v2\/media?parent=988829"}],"curies":[{"name":"wp","href":"https:\/\/api.w.org\/{rel}","templated":true}]}}