{"id":997261,"date":"2026-04-06T17:53:30","date_gmt":"2026-04-06T17:53:30","guid":{"rendered":"https:\/\/onyxcentersource.com\/reussite-client\/denihan-hospitality-group\/"},"modified":"2026-04-09T18:16:36","modified_gmt":"2026-04-09T18:16:36","slug":"denihan-hospitality-group","status":"publish","type":"page","link":"https:\/\/onyxcentersource.com\/fr\/reussite-client\/denihan-hospitality-group\/","title":{"rendered":"Denihan Hospitality Group"},"content":{"rendered":"\t\t<div data-elementor-type=\"wp-page\" data-elementor-id=\"997261\" class=\"elementor elementor-997261 elementor-995944\" data-elementor-post-type=\"page\">\n\t\t\t\t<div class=\"elementor-element elementor-element-b6e3874 e-flex e-con-boxed e-con e-parent\" data-id=\"b6e3874\" data-element_type=\"container\">\n\t\t\t\t\t<div class=\"e-con-inner\">\n\t\t<div class=\"elementor-element elementor-element-12d1df4 e-flex e-con-boxed e-con e-child\" data-id=\"12d1df4\" data-element_type=\"container\" data-settings=\"{&quot;background_background&quot;:&quot;gradient&quot;}\">\n\t\t\t\t\t<div class=\"e-con-inner\">\n\t\t<div class=\"elementor-element elementor-element-03ce7f4 e-flex e-con-boxed e-con e-child\" data-id=\"03ce7f4\" data-element_type=\"container\">\n\t\t\t\t\t<div class=\"e-con-inner\">\n\t\t<div class=\"elementor-element elementor-element-ef88e00 e-con-full e-flex e-con e-child\" data-id=\"ef88e00\" data-element_type=\"container\">\n\t\t\t\t<div class=\"elementor-element elementor-element-2513425 elementor-widget elementor-widget-heading\" data-id=\"2513425\" data-element_type=\"widget\" data-widget_type=\"heading.default\">\n\t\t\t\t<div class=\"elementor-widget-container\">\n\t\t\t\t\t<span class=\"elementor-heading-title elementor-size-default\">\u00c9tude de cas<\/span>\t\t\t\t<\/div>\n\t\t\t\t<\/div>\n\t\t\t\t<div class=\"elementor-element elementor-element-7c1b5f7 elementor-widget elementor-widget-heading\" data-id=\"7c1b5f7\" data-element_type=\"widget\" data-widget_type=\"heading.default\">\n\t\t\t\t<div class=\"elementor-widget-container\">\n\t\t\t\t\t<h1 class=\"elementor-heading-title elementor-size-default\">Denihan Hospitality Group<\/h1>\t\t\t\t<\/div>\n\t\t\t\t<\/div>\n\t\t\t\t<\/div>\n\t\t\t\t\t<\/div>\n\t\t\t\t<\/div>\n\t\t\t\t<div class=\"elementor-element elementor-element-4b24786 animated-fast elementor-hidden-mobile elementor-widget elementor-widget-image\" data-id=\"4b24786\" data-element_type=\"widget\" data-settings=\"{&quot;_animation&quot;:&quot;none&quot;,&quot;_animation_delay&quot;:300}\" data-widget_type=\"image.default\">\n\t\t\t\t<div class=\"elementor-widget-container\">\n\t\t\t\t\t\t\t\t\t\t\t\t\t\t\t<img fetchpriority=\"high\" decoding=\"async\" width=\"1260\" height=\"450\" src=\"https:\/\/onyxcentersource.com\/wp-content\/uploads\/2026\/04\/denihandesktop.jpg\" class=\"attachment-full size-full wp-image-996386\" alt=\"\" srcset=\"https:\/\/onyxcentersource.com\/wp-content\/uploads\/2026\/04\/denihandesktop.jpg 1260w, https:\/\/onyxcentersource.com\/wp-content\/uploads\/2026\/04\/denihandesktop-300x107.jpg 300w, https:\/\/onyxcentersource.com\/wp-content\/uploads\/2026\/04\/denihandesktop-1024x366.jpg 1024w, https:\/\/onyxcentersource.com\/wp-content\/uploads\/2026\/04\/denihandesktop-768x274.jpg 768w\" sizes=\"(max-width: 1260px) 100vw, 1260px\" \/>\t\t\t\t\t\t\t\t\t\t\t\t\t\t\t<\/div>\n\t\t\t\t<\/div>\n\t\t\t\t<div class=\"elementor-element elementor-element-fee518a animated-fast elementor-hidden-desktop elementor-hidden-tablet elementor-widget elementor-widget-image\" data-id=\"fee518a\" data-element_type=\"widget\" data-settings=\"{&quot;_animation&quot;:&quot;none&quot;,&quot;_animation_delay&quot;:300}\" data-widget_type=\"image.default\">\n\t\t\t\t<div class=\"elementor-widget-container\">\n\t\t\t\t\t\t\t\t\t\t\t\t\t\t\t<img decoding=\"async\" width=\"323\" height=\"234\" src=\"https:\/\/onyxcentersource.com\/wp-content\/uploads\/2026\/04\/denihanmobile.jpg\" class=\"attachment-full size-full wp-image-996395\" alt=\"\" srcset=\"https:\/\/onyxcentersource.com\/wp-content\/uploads\/2026\/04\/denihanmobile.jpg 323w, https:\/\/onyxcentersource.com\/wp-content\/uploads\/2026\/04\/denihanmobile-300x217.jpg 300w\" sizes=\"(max-width: 323px) 100vw, 323px\" \/>\t\t\t\t\t\t\t\t\t\t\t\t\t\t\t<\/div>\n\t\t\t\t<\/div>\n\t\t\t\t\t<\/div>\n\t\t\t\t<\/div>\n\t\t\t\t\t<\/div>\n\t\t\t\t<\/div>\n\t\t<div class=\"elementor-element elementor-element-6bb7bef e-flex e-con-boxed e-con e-parent\" data-id=\"6bb7bef\" data-element_type=\"container\">\n\t\t\t\t\t<div class=\"e-con-inner\">\n\t\t<div class=\"elementor-element elementor-element-9819d52 e-flex e-con-boxed e-con e-child\" data-id=\"9819d52\" data-element_type=\"container\">\n\t\t\t\t\t<div class=\"e-con-inner\">\n\t\t<div class=\"elementor-element elementor-element-85f05da e-con-full e-flex e-con e-child\" data-id=\"85f05da\" data-element_type=\"container\">\n\t\t\t\t<div class=\"elementor-element elementor-element-08bf403 elementor-invisible elementor-widget__width-initial elementor-widget-mobile__width-inherit animated-fast elementor-widget elementor-widget-heading\" data-id=\"08bf403\" data-element_type=\"widget\" data-settings=\"{&quot;_animation&quot;:&quot;fadeIn&quot;}\" data-widget_type=\"heading.default\">\n\t\t\t\t<div class=\"elementor-widget-container\">\n\t\t\t\t\t<h2 class=\"elementor-heading-title elementor-size-default\">Paiements de commissions simplifi\u00e9s<\/h2>\t\t\t\t<\/div>\n\t\t\t\t<\/div>\n\t\t\t\t<div class=\"vamtam-has-theme-widget-styles elementor-element elementor-element-ac852f6 elementor-invisible animated-fast vamtam-icon-pos-row-reverse vamtam-has-icon-styles vamtam-has-hover-anim vamtam-has-outside-icon elementor-widget elementor-widget-button\" data-id=\"ac852f6\" data-element_type=\"widget\" data-settings=\"{&quot;_animation&quot;:&quot;fadeInUp&quot;,&quot;_animation_delay&quot;:100}\" data-widget_type=\"button.default\">\n\t\t\t\t<div class=\"elementor-widget-container\">\n\t\t\t\t\t\t\t\t\t<div class=\"elementor-button-wrapper\">\n\t\t\t\t\t<a class=\"elementor-button elementor-button-link elementor-size-sm\" href=\"https:\/\/onyxcentersource.com\/fr\/nous-contacter\/\">\n\t\t\t\t\t\t<span class=\"elementor-button-content-wrapper\">\n\t\t\t\t\t\t<span class=\"elementor-button-icon\">\n\t\t\t\t<i aria-hidden=\"true\" class=\"vamtamtheme- vamtam-theme-arrow-link-up\"><\/i>\t\t\t<\/span>\n\t\t\t\t\t\t\t\t\t<span class=\"elementor-button-text\">Nous contacter<\/span>\n\t\t\t\t\t<\/span>\n\t\t\t\t\t<\/a>\n\t\t\t\t<\/div>\n\t\t\t\t\t\t\t\t<\/div>\n\t\t\t\t<\/div>\n\t\t<div class=\"elementor-element elementor-element-ecab1f2 e-con-full e-flex e-con e-child\" data-id=\"ecab1f2\" data-element_type=\"container\" data-settings=\"{&quot;background_background&quot;:&quot;classic&quot;}\">\n\t\t<div class=\"elementor-element elementor-element-d92d166 e-con-full e-flex e-con e-child\" data-id=\"d92d166\" data-element_type=\"container\">\n\t\t\t\t<div class=\"elementor-element elementor-element-8210be6 elementor-widget elementor-widget-heading\" data-id=\"8210be6\" data-element_type=\"widget\" data-widget_type=\"heading.default\">\n\t\t\t\t<div class=\"elementor-widget-container\">\n\t\t\t\t\t<h4 class=\"elementor-heading-title elementor-size-default\">En bref<\/h4>\t\t\t\t<\/div>\n\t\t\t\t<\/div>\n\t\t\t\t<\/div>\n\t\t<div class=\"elementor-element elementor-element-657ef9e e-con-full e-flex e-con e-child\" data-id=\"657ef9e\" data-element_type=\"container\">\n\t\t<div class=\"elementor-element elementor-element-7442875 e-con-full e-flex e-con e-child\" data-id=\"7442875\" data-element_type=\"container\">\n\t\t\t\t<div class=\"elementor-element elementor-element-3be3717 elementor-widget elementor-widget-heading\" data-id=\"3be3717\" data-element_type=\"widget\" data-widget_type=\"heading.default\">\n\t\t\t\t<div class=\"elementor-widget-container\">\n\t\t\t\t\t<h4 class=\"elementor-heading-title elementor-size-default\">10+<\/h4>\t\t\t\t<\/div>\n\t\t\t\t<\/div>\n\t\t\t\t<div class=\"elementor-element elementor-element-48828ef elementor-widget elementor-widget-text-editor\" data-id=\"48828ef\" data-element_type=\"widget\" data-widget_type=\"text-editor.default\">\n\t\t\t\t<div class=\"elementor-widget-container\">\n\t\t\t\t\t\t\t\t\t<p>Nombre d&rsquo;ann\u00e9es de partenariat entre Onyx et Denihan<\/p>\t\t\t\t\t\t\t\t<\/div>\n\t\t\t\t<\/div>\n\t\t\t\t<\/div>\n\t\t\t\t<\/div>\n\t\t\t\t<\/div>\n\t\t\t\t<\/div>\n\t\t<div class=\"elementor-element elementor-element-8123e35 e-con-full animated-fast e-flex e-con e-child\" data-id=\"8123e35\" data-element_type=\"container\" data-settings=\"{&quot;animation&quot;:&quot;none&quot;,&quot;animation_delay&quot;:0}\">\n\t\t<div class=\"elementor-element elementor-element-80ad9d2 e-con-full e-flex e-con e-child\" data-id=\"80ad9d2\" data-element_type=\"container\">\n\t\t<div class=\"elementor-element elementor-element-17d2a37 e-con-full e-flex e-con e-child\" data-id=\"17d2a37\" data-element_type=\"container\" data-settings=\"{&quot;background_background&quot;:&quot;classic&quot;}\">\n\t\t\t\t<div class=\"elementor-element elementor-element-da797f9 elementor-widget elementor-widget-text-editor\" data-id=\"da797f9\" data-element_type=\"widget\" data-widget_type=\"text-editor.default\">\n\t\t\t\t<div class=\"elementor-widget-container\">\n\t\t\t\t\t\t\t\t\t<p>Solutions Onyx :<br><strong>CommPay\u2122<\/strong><\/p>\t\t\t\t\t\t\t\t<\/div>\n\t\t\t\t<\/div>\n\t\t\t\t<\/div>\n\t\t<div class=\"elementor-element elementor-element-f8357f1 e-con-full e-flex e-con e-child\" data-id=\"f8357f1\" data-element_type=\"container\">\n\t\t<div class=\"elementor-element elementor-element-df7664d e-con-full e-flex e-con e-child\" data-id=\"df7664d\" data-element_type=\"container\">\n\t\t\t\t<div class=\"elementor-element elementor-element-90ff850 elementor-widget elementor-widget-heading\" data-id=\"90ff850\" data-element_type=\"widget\" data-widget_type=\"heading.default\">\n\t\t\t\t<div class=\"elementor-widget-container\">\n\t\t\t\t\t<h6 class=\"elementor-heading-title elementor-size-default\">Introduction<\/h6>\t\t\t\t<\/div>\n\t\t\t\t<\/div>\n\t\t\t\t<div class=\"elementor-element elementor-element-a8a2e2e elementor-widget elementor-widget-text-editor\" data-id=\"a8a2e2e\" data-element_type=\"widget\" data-widget_type=\"text-editor.default\">\n\t\t\t\t<div class=\"elementor-widget-container\">\n\t\t\t\t\t\t\t\t\t<p>C\u00e9l\u00e9brant plus de 50 ans d&rsquo;activit\u00e9, Denihan Hospitality Group a b\u00e2ti une position de leader mondial dans le secteur h\u00f4telier, cr\u00e9ant de la valeur en acqu\u00e9rant, repositionnant et g\u00e9rant des h\u00f4tels de luxe et des h\u00f4tels-boutiques ind\u00e9pendants. Les h\u00f4tels Denihan, ainsi que leurs restaurants et bars affili\u00e9s, offrent une diversit\u00e9 d&rsquo;exp\u00e9riences h\u00f4teli\u00e8res qui r\u00e9pondent aux besoins d&rsquo;un large \u00e9ventail de voyageurs dans les principaux march\u00e9s urbains am\u00e9ricains. <\/p>\t\t\t\t\t\t\t\t<\/div>\n\t\t\t\t<\/div>\n\t\t\t\t<\/div>\n\t\t<div class=\"elementor-element elementor-element-90eceef e-con-full e-flex e-con e-child\" data-id=\"90eceef\" data-element_type=\"container\">\n\t\t\t\t<div class=\"elementor-element elementor-element-1112f06 elementor-widget elementor-widget-heading\" data-id=\"1112f06\" data-element_type=\"widget\" data-widget_type=\"heading.default\">\n\t\t\t\t<div class=\"elementor-widget-container\">\n\t\t\t\t\t<h6 class=\"elementor-heading-title elementor-size-default\">Le d\u00e9fi<\/h6>\t\t\t\t<\/div>\n\t\t\t\t<\/div>\n\t\t\t\t<div class=\"elementor-element elementor-element-5a55df8 elementor-widget elementor-widget-text-editor\" data-id=\"5a55df8\" data-element_type=\"widget\" data-widget_type=\"text-editor.default\">\n\t\t\t\t<div class=\"elementor-widget-container\">\n\t\t\t\t\t\t\t\t\t<p>La relation de Denihan avec Onyx CenterSource a d\u00e9but\u00e9 il y a 10 ans, lorsque cet h\u00f4telier de luxe a contact\u00e9 Onyx pour l&rsquo;aider \u00e0 am\u00e9liorer la conformit\u00e9 des paiements de commissions afin de d\u00e9velopper et de maintenir une meilleure relation avec les agences de voyages sur un march\u00e9 de plus en plus concurrentiel.<\/p>\t\t\t\t\t\t\t\t<\/div>\n\t\t\t\t<\/div>\n\t\t\t\t<\/div>\n\t\t<div class=\"elementor-element elementor-element-0c2ef18 e-con-full e-flex e-con e-child\" data-id=\"0c2ef18\" data-element_type=\"container\">\n\t\t\t\t<div class=\"elementor-element elementor-element-9b76160 elementor-widget elementor-widget-heading\" data-id=\"9b76160\" data-element_type=\"widget\" data-widget_type=\"heading.default\">\n\t\t\t\t<div class=\"elementor-widget-container\">\n\t\t\t\t\t<h6 class=\"elementor-heading-title elementor-size-default\">La solution Onyx<\/h6>\t\t\t\t<\/div>\n\t\t\t\t<\/div>\n\t\t\t\t<div class=\"elementor-element elementor-element-8a5d820 elementor-widget elementor-widget-text-editor\" data-id=\"8a5d820\" data-element_type=\"widget\" data-widget_type=\"text-editor.default\">\n\t\t\t\t<div class=\"elementor-widget-container\">\n\t\t\t\t\t\t\t\t\t<p>La plateforme CommPay d&rsquo;Onyx a offert \u00e0 Denihan Hospitality l&rsquo;opportunit\u00e9 d&rsquo;op\u00e9rer et de g\u00e9rer un syst\u00e8me unique de collecte et de financement des donn\u00e9es, \u00e9liminant ainsi<br>les redondances et offrant de plus grandes \u00e9conomies d&rsquo;\u00e9chelle \u00e0 l&rsquo;h\u00f4tel. En plus de r\u00e9duire les frais administratifs, le personnel de Denihan a pu consacrer son attention \u00e0 des questions commerciales plus strat\u00e9giques. Denihan a \u00e9galement b\u00e9n\u00e9fici\u00e9 d&rsquo;une \u00e9quipe de gestion de compte d\u00e9di\u00e9e, dot\u00e9e des meilleures pratiques, pour assurer le bon d\u00e9roulement du processus de mise en \u0153uvre.  <\/p>\t\t\t\t\t\t\t\t<\/div>\n\t\t\t\t<\/div>\n\t\t\t\t<\/div>\n\t\t<div class=\"elementor-element elementor-element-6adebf6 e-con-full e-flex e-con e-child\" data-id=\"6adebf6\" data-element_type=\"container\">\n\t\t\t\t<div class=\"elementor-element elementor-element-7a3858e elementor-widget elementor-widget-text-editor\" data-id=\"7a3858e\" data-element_type=\"widget\" data-widget_type=\"text-editor.default\">\n\t\t\t\t<div class=\"elementor-widget-container\">\n\t\t\t\t\t\t\t\t\t<p>Denihan a pu constater une am\u00e9lioration remarquable de ses relations avec les agences membres. Jon Hodges, directeur des ventes nationales et des comptes partenaires, a d\u00e9clar\u00e9 : <em><strong>\u00ab Les agences nous ont cat\u00e9goriquement dit que les h\u00f4tels Onyx sont connus au sein de la communaut\u00e9 des agences comme \u00e9tant favorables aux commissions. Par cons\u00e9quent, notre participation cr\u00e9e un sentiment de s\u00e9curit\u00e9 accru lors de la r\u00e9servation d&rsquo;inventaire commissionnable, car la marque Onyx jouit d&rsquo;une solide r\u00e9putation et d&rsquo;une grande confiance. \u00bb<\/strong><\/em> <\/p>\t\t\t\t\t\t\t\t<\/div>\n\t\t\t\t<\/div>\n\t\t\t\t<\/div>\n\t\t\t\t<\/div>\n\t\t\t\t<\/div>\n\t\t\t\t<\/div>\n\t\t\t\t\t<\/div>\n\t\t\t\t<\/div>\n\t\t\t\t\t<\/div>\n\t\t\t\t<\/div>\n\t\t\t\t<\/div>\n\t\t","protected":false},"excerpt":{"rendered":"<p>\u00c9tude de cas Denihan Hospitality Group Paiements de commissions simplifi\u00e9s Nous contacter En bref 10+ Nombre d&rsquo;ann\u00e9es de partenariat entre Onyx et Denihan Solutions Onyx :CommPay\u2122 Introduction C\u00e9l\u00e9brant plus de 50 ans d&rsquo;activit\u00e9, Denihan Hospitality Group a b\u00e2ti une position de leader mondial dans le secteur h\u00f4telier, cr\u00e9ant de la valeur en acqu\u00e9rant, repositionnant et&#8230;<\/p>\n","protected":false},"author":2,"featured_media":0,"parent":997217,"menu_order":0,"comment_status":"closed","ping_status":"closed","template":"","meta":{"_acf_changed":false,"footnotes":""},"class_list":["post-997261","page","type-page","status-publish","hentry"],"acf":[],"yoast_head":"<!-- This site is optimized with the Yoast SEO Premium plugin v26.5 (Yoast SEO v27.0) - https:\/\/yoast.com\/product\/yoast-seo-premium-wordpress\/ -->\n<title>Denihan Hospitality Group - Onyx CenterSource\u2122<\/title>\n<meta name=\"robots\" content=\"index, follow, max-snippet:-1, max-image-preview:large, max-video-preview:-1\" \/>\n<link rel=\"canonical\" href=\"https:\/\/onyxcentersource.com\/fr\/reussite-client\/denihan-hospitality-group\/\" \/>\n<meta property=\"og:locale\" content=\"fr_FR\" \/>\n<meta property=\"og:type\" content=\"article\" \/>\n<meta property=\"og:title\" content=\"Denihan Hospitality Group\" \/>\n<meta property=\"og:description\" content=\"\u00c9tude de cas Denihan Hospitality Group Paiements de commissions simplifi\u00e9s Nous contacter En bref 10+ Nombre d&rsquo;ann\u00e9es de partenariat entre Onyx et Denihan Solutions Onyx :CommPay\u2122 Introduction C\u00e9l\u00e9brant plus de 50 ans d&rsquo;activit\u00e9, Denihan Hospitality Group a b\u00e2ti une position de leader mondial dans le secteur h\u00f4telier, cr\u00e9ant de la valeur en acqu\u00e9rant, repositionnant et...\" \/>\n<meta property=\"og:url\" content=\"https:\/\/onyxcentersource.com\/fr\/reussite-client\/denihan-hospitality-group\/\" \/>\n<meta property=\"og:site_name\" content=\"Onyx CenterSource\u2122\" \/>\n<meta property=\"article:modified_time\" content=\"2026-04-09T18:16:36+00:00\" \/>\n<meta property=\"og:image\" content=\"https:\/\/onyxcentersource.com\/wp-content\/uploads\/2026\/04\/denihandesktop.jpg\" \/>\n\t<meta property=\"og:image:width\" content=\"1260\" \/>\n\t<meta property=\"og:image:height\" content=\"450\" \/>\n\t<meta property=\"og:image:type\" content=\"image\/jpeg\" \/>\n<meta name=\"twitter:card\" content=\"summary_large_image\" \/>\n<meta name=\"twitter:label1\" content=\"Dur\u00e9e de lecture estim\u00e9e\" \/>\n\t<meta name=\"twitter:data1\" content=\"2 minutes\" \/>\n<script type=\"application\/ld+json\" class=\"yoast-schema-graph\">{\"@context\":\"https:\/\/schema.org\",\"@graph\":[{\"@type\":\"WebPage\",\"@id\":\"https:\/\/onyxcentersource.com\/fr\/reussite-client\/denihan-hospitality-group\/\",\"url\":\"https:\/\/onyxcentersource.com\/fr\/reussite-client\/denihan-hospitality-group\/\",\"name\":\"Denihan Hospitality Group - Onyx CenterSource\u2122\",\"isPartOf\":{\"@id\":\"https:\/\/onyxcentersource.com\/fr\/#website\"},\"primaryImageOfPage\":{\"@id\":\"https:\/\/onyxcentersource.com\/fr\/reussite-client\/denihan-hospitality-group\/#primaryimage\"},\"image\":{\"@id\":\"https:\/\/onyxcentersource.com\/fr\/reussite-client\/denihan-hospitality-group\/#primaryimage\"},\"thumbnailUrl\":\"https:\/\/onyxcentersource.com\/wp-content\/uploads\/2026\/04\/denihandesktop.jpg\",\"datePublished\":\"2026-04-06T17:53:30+00:00\",\"dateModified\":\"2026-04-09T18:16:36+00:00\",\"breadcrumb\":{\"@id\":\"https:\/\/onyxcentersource.com\/fr\/reussite-client\/denihan-hospitality-group\/#breadcrumb\"},\"inLanguage\":\"fr-FR\",\"potentialAction\":[{\"@type\":\"ReadAction\",\"target\":[\"https:\/\/onyxcentersource.com\/fr\/reussite-client\/denihan-hospitality-group\/\"]}]},{\"@type\":\"ImageObject\",\"inLanguage\":\"fr-FR\",\"@id\":\"https:\/\/onyxcentersource.com\/fr\/reussite-client\/denihan-hospitality-group\/#primaryimage\",\"url\":\"https:\/\/onyxcentersource.com\/wp-content\/uploads\/2026\/04\/denihandesktop.jpg\",\"contentUrl\":\"https:\/\/onyxcentersource.com\/wp-content\/uploads\/2026\/04\/denihandesktop.jpg\"},{\"@type\":\"BreadcrumbList\",\"@id\":\"https:\/\/onyxcentersource.com\/fr\/reussite-client\/denihan-hospitality-group\/#breadcrumb\",\"itemListElement\":[{\"@type\":\"ListItem\",\"position\":1,\"name\":\"Home\",\"item\":\"https:\/\/onyxcentersource.com\/fr\/accueil\/\"},{\"@type\":\"ListItem\",\"position\":2,\"name\":\"R\u00e9ussite client\",\"item\":\"https:\/\/onyxcentersource.com\/fr\/reussite-client\/\"},{\"@type\":\"ListItem\",\"position\":3,\"name\":\"Denihan Hospitality Group\"}]},{\"@type\":\"WebSite\",\"@id\":\"https:\/\/onyxcentersource.com\/fr\/#website\",\"url\":\"https:\/\/onyxcentersource.com\/fr\/\",\"name\":\"Onyx CenterSource\u2122\",\"description\":\"\",\"publisher\":{\"@id\":\"https:\/\/onyxcentersource.com\/fr\/#organization\"},\"potentialAction\":[{\"@type\":\"SearchAction\",\"target\":{\"@type\":\"EntryPoint\",\"urlTemplate\":\"https:\/\/onyxcentersource.com\/fr\/?s={search_term_string}\"},\"query-input\":{\"@type\":\"PropertyValueSpecification\",\"valueRequired\":true,\"valueName\":\"search_term_string\"}}],\"inLanguage\":\"fr-FR\"},{\"@type\":\"Organization\",\"@id\":\"https:\/\/onyxcentersource.com\/fr\/#organization\",\"name\":\"Onyx CenterSource\u2122\",\"url\":\"https:\/\/onyxcentersource.com\/fr\/\",\"logo\":{\"@type\":\"ImageObject\",\"inLanguage\":\"fr-FR\",\"@id\":\"https:\/\/onyxcentersource.com\/fr\/#\/schema\/logo\/image\/\",\"url\":\"https:\/\/onyxcentersource.com\/wp-content\/uploads\/2025\/12\/Onyx-Logo-Horizontal-scaled-e1765564060227.png\",\"contentUrl\":\"https:\/\/onyxcentersource.com\/wp-content\/uploads\/2025\/12\/Onyx-Logo-Horizontal-scaled-e1765564060227.png\",\"width\":370,\"height\":115,\"caption\":\"Onyx CenterSource\u2122\"},\"image\":{\"@id\":\"https:\/\/onyxcentersource.com\/fr\/#\/schema\/logo\/image\/\"}}]}<\/script>\n<!-- \/ Yoast SEO Premium plugin. -->","yoast_head_json":{"title":"Denihan Hospitality Group - Onyx CenterSource\u2122","robots":{"index":"index","follow":"follow","max-snippet":"max-snippet:-1","max-image-preview":"max-image-preview:large","max-video-preview":"max-video-preview:-1"},"canonical":"https:\/\/onyxcentersource.com\/fr\/reussite-client\/denihan-hospitality-group\/","og_locale":"fr_FR","og_type":"article","og_title":"Denihan Hospitality Group","og_description":"\u00c9tude de cas Denihan Hospitality Group Paiements de commissions simplifi\u00e9s Nous contacter En bref 10+ Nombre d&rsquo;ann\u00e9es de partenariat entre Onyx et Denihan Solutions Onyx :CommPay\u2122 Introduction C\u00e9l\u00e9brant plus de 50 ans d&rsquo;activit\u00e9, Denihan Hospitality Group a b\u00e2ti une position de leader mondial dans le secteur h\u00f4telier, cr\u00e9ant de la valeur en acqu\u00e9rant, repositionnant et...","og_url":"https:\/\/onyxcentersource.com\/fr\/reussite-client\/denihan-hospitality-group\/","og_site_name":"Onyx CenterSource\u2122","article_modified_time":"2026-04-09T18:16:36+00:00","og_image":[{"width":1260,"height":450,"url":"https:\/\/onyxcentersource.com\/wp-content\/uploads\/2026\/04\/denihandesktop.jpg","type":"image\/jpeg"}],"twitter_card":"summary_large_image","twitter_misc":{"Dur\u00e9e de lecture estim\u00e9e":"2 minutes"},"schema":{"@context":"https:\/\/schema.org","@graph":[{"@type":"WebPage","@id":"https:\/\/onyxcentersource.com\/fr\/reussite-client\/denihan-hospitality-group\/","url":"https:\/\/onyxcentersource.com\/fr\/reussite-client\/denihan-hospitality-group\/","name":"Denihan Hospitality Group - Onyx CenterSource\u2122","isPartOf":{"@id":"https:\/\/onyxcentersource.com\/fr\/#website"},"primaryImageOfPage":{"@id":"https:\/\/onyxcentersource.com\/fr\/reussite-client\/denihan-hospitality-group\/#primaryimage"},"image":{"@id":"https:\/\/onyxcentersource.com\/fr\/reussite-client\/denihan-hospitality-group\/#primaryimage"},"thumbnailUrl":"https:\/\/onyxcentersource.com\/wp-content\/uploads\/2026\/04\/denihandesktop.jpg","datePublished":"2026-04-06T17:53:30+00:00","dateModified":"2026-04-09T18:16:36+00:00","breadcrumb":{"@id":"https:\/\/onyxcentersource.com\/fr\/reussite-client\/denihan-hospitality-group\/#breadcrumb"},"inLanguage":"fr-FR","potentialAction":[{"@type":"ReadAction","target":["https:\/\/onyxcentersource.com\/fr\/reussite-client\/denihan-hospitality-group\/"]}]},{"@type":"ImageObject","inLanguage":"fr-FR","@id":"https:\/\/onyxcentersource.com\/fr\/reussite-client\/denihan-hospitality-group\/#primaryimage","url":"https:\/\/onyxcentersource.com\/wp-content\/uploads\/2026\/04\/denihandesktop.jpg","contentUrl":"https:\/\/onyxcentersource.com\/wp-content\/uploads\/2026\/04\/denihandesktop.jpg"},{"@type":"BreadcrumbList","@id":"https:\/\/onyxcentersource.com\/fr\/reussite-client\/denihan-hospitality-group\/#breadcrumb","itemListElement":[{"@type":"ListItem","position":1,"name":"Home","item":"https:\/\/onyxcentersource.com\/fr\/accueil\/"},{"@type":"ListItem","position":2,"name":"R\u00e9ussite client","item":"https:\/\/onyxcentersource.com\/fr\/reussite-client\/"},{"@type":"ListItem","position":3,"name":"Denihan Hospitality Group"}]},{"@type":"WebSite","@id":"https:\/\/onyxcentersource.com\/fr\/#website","url":"https:\/\/onyxcentersource.com\/fr\/","name":"Onyx CenterSource\u2122","description":"","publisher":{"@id":"https:\/\/onyxcentersource.com\/fr\/#organization"},"potentialAction":[{"@type":"SearchAction","target":{"@type":"EntryPoint","urlTemplate":"https:\/\/onyxcentersource.com\/fr\/?s={search_term_string}"},"query-input":{"@type":"PropertyValueSpecification","valueRequired":true,"valueName":"search_term_string"}}],"inLanguage":"fr-FR"},{"@type":"Organization","@id":"https:\/\/onyxcentersource.com\/fr\/#organization","name":"Onyx CenterSource\u2122","url":"https:\/\/onyxcentersource.com\/fr\/","logo":{"@type":"ImageObject","inLanguage":"fr-FR","@id":"https:\/\/onyxcentersource.com\/fr\/#\/schema\/logo\/image\/","url":"https:\/\/onyxcentersource.com\/wp-content\/uploads\/2025\/12\/Onyx-Logo-Horizontal-scaled-e1765564060227.png","contentUrl":"https:\/\/onyxcentersource.com\/wp-content\/uploads\/2025\/12\/Onyx-Logo-Horizontal-scaled-e1765564060227.png","width":370,"height":115,"caption":"Onyx CenterSource\u2122"},"image":{"@id":"https:\/\/onyxcentersource.com\/fr\/#\/schema\/logo\/image\/"}}]}},"featured_image_src":null,"featured_image_src_square":null,"_links":{"self":[{"href":"https:\/\/onyxcentersource.com\/fr\/wp-json\/wp\/v2\/pages\/997261","targetHints":{"allow":["GET"]}}],"collection":[{"href":"https:\/\/onyxcentersource.com\/fr\/wp-json\/wp\/v2\/pages"}],"about":[{"href":"https:\/\/onyxcentersource.com\/fr\/wp-json\/wp\/v2\/types\/page"}],"author":[{"embeddable":true,"href":"https:\/\/onyxcentersource.com\/fr\/wp-json\/wp\/v2\/users\/2"}],"replies":[{"embeddable":true,"href":"https:\/\/onyxcentersource.com\/fr\/wp-json\/wp\/v2\/comments?post=997261"}],"version-history":[{"count":0,"href":"https:\/\/onyxcentersource.com\/fr\/wp-json\/wp\/v2\/pages\/997261\/revisions"}],"up":[{"embeddable":true,"href":"https:\/\/onyxcentersource.com\/fr\/wp-json\/wp\/v2\/pages\/997217"}],"wp:attachment":[{"href":"https:\/\/onyxcentersource.com\/fr\/wp-json\/wp\/v2\/media?parent=997261"}],"curies":[{"name":"wp","href":"https:\/\/api.w.org\/{rel}","templated":true}]}}