{"id":997264,"date":"2026-04-06T18:25:24","date_gmt":"2026-04-06T18:25:24","guid":{"rendered":"https:\/\/onyxcentersource.com\/reussite-client\/roomit-par-cwt\/"},"modified":"2026-04-09T18:21:41","modified_gmt":"2026-04-09T18:21:41","slug":"roomit-par-cwt","status":"publish","type":"page","link":"https:\/\/onyxcentersource.com\/fr\/reussite-client\/roomit-par-cwt\/","title":{"rendered":"RoomIt par CWT"},"content":{"rendered":"\t\t<div data-elementor-type=\"wp-page\" data-elementor-id=\"997264\" class=\"elementor elementor-997264 elementor-995939\" data-elementor-post-type=\"page\">\n\t\t\t\t<div class=\"elementor-element elementor-element-b6e3874 e-flex e-con-boxed e-con e-parent\" data-id=\"b6e3874\" data-element_type=\"container\">\n\t\t\t\t\t<div class=\"e-con-inner\">\n\t\t<div class=\"elementor-element elementor-element-12d1df4 e-flex e-con-boxed e-con e-child\" data-id=\"12d1df4\" data-element_type=\"container\" data-settings=\"{&quot;background_background&quot;:&quot;gradient&quot;}\">\n\t\t\t\t\t<div class=\"e-con-inner\">\n\t\t<div class=\"elementor-element elementor-element-03ce7f4 e-flex e-con-boxed e-con e-child\" data-id=\"03ce7f4\" data-element_type=\"container\">\n\t\t\t\t\t<div class=\"e-con-inner\">\n\t\t<div class=\"elementor-element elementor-element-ef88e00 e-con-full e-flex e-con e-child\" data-id=\"ef88e00\" data-element_type=\"container\">\n\t\t\t\t<div class=\"elementor-element elementor-element-2513425 elementor-widget elementor-widget-heading\" data-id=\"2513425\" data-element_type=\"widget\" data-widget_type=\"heading.default\">\n\t\t\t\t<div class=\"elementor-widget-container\">\n\t\t\t\t\t<span class=\"elementor-heading-title elementor-size-default\">\u00c9tude de cas<\/span>\t\t\t\t<\/div>\n\t\t\t\t<\/div>\n\t\t\t\t<div class=\"elementor-element elementor-element-7c1b5f7 elementor-widget elementor-widget-heading\" data-id=\"7c1b5f7\" data-element_type=\"widget\" data-widget_type=\"heading.default\">\n\t\t\t\t<div class=\"elementor-widget-container\">\n\t\t\t\t\t<h1 class=\"elementor-heading-title elementor-size-default\">RoomIt par CWT<\/h1>\t\t\t\t<\/div>\n\t\t\t\t<\/div>\n\t\t\t\t<\/div>\n\t\t\t\t\t<\/div>\n\t\t\t\t<\/div>\n\t\t\t\t<div class=\"elementor-element elementor-element-4b24786 animated-fast elementor-hidden-mobile elementor-widget elementor-widget-image\" data-id=\"4b24786\" data-element_type=\"widget\" data-settings=\"{&quot;_animation&quot;:&quot;none&quot;,&quot;_animation_delay&quot;:300}\" data-widget_type=\"image.default\">\n\t\t\t\t<div class=\"elementor-widget-container\">\n\t\t\t\t\t\t\t\t\t\t\t\t\t\t\t<img fetchpriority=\"high\" decoding=\"async\" width=\"1260\" height=\"450\" src=\"https:\/\/onyxcentersource.com\/wp-content\/uploads\/2026\/04\/cwtdesktop.jpg\" class=\"attachment-full size-full wp-image-996368\" alt=\"\" srcset=\"https:\/\/onyxcentersource.com\/wp-content\/uploads\/2026\/04\/cwtdesktop.jpg 1260w, https:\/\/onyxcentersource.com\/wp-content\/uploads\/2026\/04\/cwtdesktop-300x107.jpg 300w, https:\/\/onyxcentersource.com\/wp-content\/uploads\/2026\/04\/cwtdesktop-1024x366.jpg 1024w, https:\/\/onyxcentersource.com\/wp-content\/uploads\/2026\/04\/cwtdesktop-768x274.jpg 768w\" sizes=\"(max-width: 1260px) 100vw, 1260px\" \/>\t\t\t\t\t\t\t\t\t\t\t\t\t\t\t<\/div>\n\t\t\t\t<\/div>\n\t\t\t\t<div class=\"elementor-element elementor-element-fee518a animated-fast elementor-hidden-desktop elementor-hidden-tablet elementor-widget elementor-widget-image\" data-id=\"fee518a\" data-element_type=\"widget\" data-settings=\"{&quot;_animation&quot;:&quot;none&quot;,&quot;_animation_delay&quot;:300}\" data-widget_type=\"image.default\">\n\t\t\t\t<div class=\"elementor-widget-container\">\n\t\t\t\t\t\t\t\t\t\t\t\t\t\t\t<img decoding=\"async\" width=\"323\" height=\"234\" src=\"https:\/\/onyxcentersource.com\/wp-content\/uploads\/2026\/04\/cwtmobile.jpg\" class=\"attachment-full size-full wp-image-996377\" alt=\"\" srcset=\"https:\/\/onyxcentersource.com\/wp-content\/uploads\/2026\/04\/cwtmobile.jpg 323w, https:\/\/onyxcentersource.com\/wp-content\/uploads\/2026\/04\/cwtmobile-300x217.jpg 300w\" sizes=\"(max-width: 323px) 100vw, 323px\" \/>\t\t\t\t\t\t\t\t\t\t\t\t\t\t\t<\/div>\n\t\t\t\t<\/div>\n\t\t\t\t\t<\/div>\n\t\t\t\t<\/div>\n\t\t\t\t\t<\/div>\n\t\t\t\t<\/div>\n\t\t<div class=\"elementor-element elementor-element-6bb7bef e-flex e-con-boxed e-con e-parent\" data-id=\"6bb7bef\" data-element_type=\"container\">\n\t\t\t\t\t<div class=\"e-con-inner\">\n\t\t<div class=\"elementor-element elementor-element-9819d52 e-flex e-con-boxed e-con e-child\" data-id=\"9819d52\" data-element_type=\"container\">\n\t\t\t\t\t<div class=\"e-con-inner\">\n\t\t<div class=\"elementor-element elementor-element-85f05da e-con-full e-flex e-con e-child\" data-id=\"85f05da\" data-element_type=\"container\">\n\t\t\t\t<div class=\"elementor-element elementor-element-08bf403 elementor-invisible elementor-widget__width-initial elementor-widget-mobile__width-inherit animated-fast elementor-widget elementor-widget-heading\" data-id=\"08bf403\" data-element_type=\"widget\" data-settings=\"{&quot;_animation&quot;:&quot;fadeIn&quot;}\" data-widget_type=\"heading.default\">\n\t\t\t\t<div class=\"elementor-widget-container\">\n\t\t\t\t\t<h2 class=\"elementor-heading-title elementor-size-default\">Paiements de commissions simplifi\u00e9s<\/h2>\t\t\t\t<\/div>\n\t\t\t\t<\/div>\n\t\t\t\t<div class=\"vamtam-has-theme-widget-styles elementor-element elementor-element-ac852f6 elementor-invisible animated-fast vamtam-icon-pos-row-reverse vamtam-has-icon-styles vamtam-has-hover-anim vamtam-has-outside-icon elementor-widget elementor-widget-button\" data-id=\"ac852f6\" data-element_type=\"widget\" data-settings=\"{&quot;_animation&quot;:&quot;fadeInUp&quot;,&quot;_animation_delay&quot;:100}\" data-widget_type=\"button.default\">\n\t\t\t\t<div class=\"elementor-widget-container\">\n\t\t\t\t\t\t\t\t\t<div class=\"elementor-button-wrapper\">\n\t\t\t\t\t<a class=\"elementor-button elementor-button-link elementor-size-sm\" href=\"https:\/\/onyxcentersource.com\/fr\/nous-contacter\/\">\n\t\t\t\t\t\t<span class=\"elementor-button-content-wrapper\">\n\t\t\t\t\t\t<span class=\"elementor-button-icon\">\n\t\t\t\t<i aria-hidden=\"true\" class=\"vamtamtheme- vamtam-theme-arrow-link-up\"><\/i>\t\t\t<\/span>\n\t\t\t\t\t\t\t\t\t<span class=\"elementor-button-text\">Nous contacter<\/span>\n\t\t\t\t\t<\/span>\n\t\t\t\t\t<\/a>\n\t\t\t\t<\/div>\n\t\t\t\t\t\t\t\t<\/div>\n\t\t\t\t<\/div>\n\t\t<div class=\"elementor-element elementor-element-ecab1f2 e-con-full e-flex e-con e-child\" data-id=\"ecab1f2\" data-element_type=\"container\" data-settings=\"{&quot;background_background&quot;:&quot;classic&quot;}\">\n\t\t<div class=\"elementor-element elementor-element-d92d166 e-con-full e-flex e-con e-child\" data-id=\"d92d166\" data-element_type=\"container\">\n\t\t\t\t<div class=\"elementor-element elementor-element-8210be6 elementor-widget elementor-widget-heading\" data-id=\"8210be6\" data-element_type=\"widget\" data-widget_type=\"heading.default\">\n\t\t\t\t<div class=\"elementor-widget-container\">\n\t\t\t\t\t<h4 class=\"elementor-heading-title elementor-size-default\">En un coup d\u2019\u0153il<\/h4>\t\t\t\t<\/div>\n\t\t\t\t<\/div>\n\t\t\t\t<\/div>\n\t\t<div class=\"elementor-element elementor-element-657ef9e e-con-full e-flex e-con e-child\" data-id=\"657ef9e\" data-element_type=\"container\">\n\t\t<div class=\"elementor-element elementor-element-7442875 e-con-full e-flex e-con e-child\" data-id=\"7442875\" data-element_type=\"container\">\n\t\t\t\t<div class=\"elementor-element elementor-element-3be3717 elementor-widget elementor-widget-heading\" data-id=\"3be3717\" data-element_type=\"widget\" data-widget_type=\"heading.default\">\n\t\t\t\t<div class=\"elementor-widget-container\">\n\t\t\t\t\t<h4 class=\"elementor-heading-title elementor-size-default\">97.5%<\/h4>\t\t\t\t<\/div>\n\t\t\t\t<\/div>\n\t\t\t\t<div class=\"elementor-element elementor-element-48828ef elementor-widget elementor-widget-text-editor\" data-id=\"48828ef\" data-element_type=\"widget\" data-widget_type=\"text-editor.default\">\n\t\t\t\t<div class=\"elementor-widget-container\">\n\t\t\t\t\t\t\t\t\t<p>Volume commissionnable total collect\u00e9 via RecoverPro<\/p>\t\t\t\t\t\t\t\t<\/div>\n\t\t\t\t<\/div>\n\t\t\t\t<\/div>\n\t\t\t\t<\/div>\n\t\t\t\t<\/div>\n\t\t\t\t<\/div>\n\t\t<div class=\"elementor-element elementor-element-8123e35 e-con-full animated-fast e-flex e-con e-child\" data-id=\"8123e35\" data-element_type=\"container\" data-settings=\"{&quot;animation&quot;:&quot;none&quot;,&quot;animation_delay&quot;:0}\">\n\t\t<div class=\"elementor-element elementor-element-80ad9d2 e-con-full e-flex e-con e-child\" data-id=\"80ad9d2\" data-element_type=\"container\">\n\t\t<div class=\"elementor-element elementor-element-17d2a37 e-con-full e-flex e-con e-child\" data-id=\"17d2a37\" data-element_type=\"container\" data-settings=\"{&quot;background_background&quot;:&quot;classic&quot;}\">\n\t\t\t\t<div class=\"elementor-element elementor-element-da797f9 elementor-widget elementor-widget-text-editor\" data-id=\"da797f9\" data-element_type=\"widget\" data-widget_type=\"text-editor.default\">\n\t\t\t\t<div class=\"elementor-widget-container\">\n\t\t\t\t\t\t\t\t\t<p>Solutions Onyx :<br><strong>SurePay\u2122 | RecoverPro\u2122<\/strong><\/p>\t\t\t\t\t\t\t\t<\/div>\n\t\t\t\t<\/div>\n\t\t\t\t<\/div>\n\t\t<div class=\"elementor-element elementor-element-f8357f1 e-con-full e-flex e-con e-child\" data-id=\"f8357f1\" data-element_type=\"container\">\n\t\t<div class=\"elementor-element elementor-element-df7664d e-con-full e-flex e-con e-child\" data-id=\"df7664d\" data-element_type=\"container\">\n\t\t\t\t<div class=\"elementor-element elementor-element-90ff850 elementor-widget elementor-widget-heading\" data-id=\"90ff850\" data-element_type=\"widget\" data-widget_type=\"heading.default\">\n\t\t\t\t<div class=\"elementor-widget-container\">\n\t\t\t\t\t<h6 class=\"elementor-heading-title elementor-size-default\">Introduction<\/h6>\t\t\t\t<\/div>\n\t\t\t\t<\/div>\n\t\t\t\t<div class=\"elementor-element elementor-element-a8a2e2e elementor-widget elementor-widget-text-editor\" data-id=\"a8a2e2e\" data-element_type=\"widget\" data-widget_type=\"text-editor.default\">\n\t\t\t\t<div class=\"elementor-widget-container\">\n\t\t\t\t\t\t\t\t\t<p>CWT est l\u2019une des plus grandes entreprises de gestion de voyages d\u2019affaires au monde. RoomIt by CWT a vu le jour en 2017 et se consacre exclusivement \u00e0 la distribution h\u00f4teli\u00e8re. RoomIt by CWT est r\u00e9put\u00e9e pour proposer des moyens novateurs de mettre en relation les h\u00f4tels et les voyageurs d\u2019affaires. Cette division compte \u00e9galement sur les h\u00f4tels auxquels elle adresse des clients pour qu\u2019ils paient les commissions avec pr\u00e9cision et dans les d\u00e9lais. Disposer d\u2019un portail d\u00e9di\u00e9 pour surveiller les indicateurs cl\u00e9s de performance des commissions, tels que le d\u00e9lai de paiement, est un \u00e9l\u00e9ment essentiel de leur processus de commissionnement.    <\/p>\t\t\t\t\t\t\t\t<\/div>\n\t\t\t\t<\/div>\n\t\t\t\t<\/div>\n\t\t<div class=\"elementor-element elementor-element-90eceef e-con-full e-flex e-con e-child\" data-id=\"90eceef\" data-element_type=\"container\">\n\t\t\t\t<div class=\"elementor-element elementor-element-1112f06 elementor-widget elementor-widget-heading\" data-id=\"1112f06\" data-element_type=\"widget\" data-widget_type=\"heading.default\">\n\t\t\t\t<div class=\"elementor-widget-container\">\n\t\t\t\t\t<h6 class=\"elementor-heading-title elementor-size-default\">Le d\u00e9fi<\/h6>\t\t\t\t<\/div>\n\t\t\t\t<\/div>\n\t\t\t\t<div class=\"elementor-element elementor-element-5a55df8 elementor-widget elementor-widget-text-editor\" data-id=\"5a55df8\" data-element_type=\"widget\" data-widget_type=\"text-editor.default\">\n\t\t\t\t<div class=\"elementor-widget-container\">\n\t\t\t\t\t\t\t\t\t<p>RoomIt by CWT a connu une croissance progressive depuis ses d\u00e9buts dans l\u2019industrie h\u00f4teli\u00e8re, et cette croissance s\u2019accompagne d\u2019une complexit\u00e9 accrue en mati\u00e8re de recouvrement des commissions. Ayant confi\u00e9 \u00e0 Onyx la gestion du processus de collecte des commissions pour sa division de gestion des voyages d\u2019affaires, la direction de RoomIt by CWT a imm\u00e9diatement vu l\u2019opportunit\u00e9 d\u2019obtenir des informations pr\u00e9cieuses de son processus de rapprochement des commissions et de suivre de plus pr\u00e8s l\u2019\u00e9tat des paiements de commissions avec Onyx. <\/p>\t\t\t\t\t\t\t\t<\/div>\n\t\t\t\t<\/div>\n\t\t\t\t<\/div>\n\t\t<div class=\"elementor-element elementor-element-0c2ef18 e-con-full e-flex e-con e-child\" data-id=\"0c2ef18\" data-element_type=\"container\">\n\t\t\t\t<div class=\"elementor-element elementor-element-9b76160 elementor-widget elementor-widget-heading\" data-id=\"9b76160\" data-element_type=\"widget\" data-widget_type=\"heading.default\">\n\t\t\t\t<div class=\"elementor-widget-container\">\n\t\t\t\t\t<h6 class=\"elementor-heading-title elementor-size-default\">La solution Onyx<\/h6>\t\t\t\t<\/div>\n\t\t\t\t<\/div>\n\t\t\t\t<div class=\"elementor-element elementor-element-8a5d820 elementor-widget elementor-widget-text-editor\" data-id=\"8a5d820\" data-element_type=\"widget\" data-widget_type=\"text-editor.default\">\n\t\t\t\t<div class=\"elementor-widget-container\">\n\t\t\t\t\t\t\t\t\t<p>Onyx a mis en \u0153uvre le service RecoverPro qui permet \u00e0 RoomIt by CWT de tirer parti du portail de rapports RecoverPro, lequel h\u00e9berge des analyses de donn\u00e9es et des mesures de performance, telles que le nombre de jours avant paiement, le volume commissionnable par h\u00f4tel et la performance des codes tarifaires. RecoverPro a \u00e9galement \u00e9t\u00e9 un \u00e9l\u00e9ment cl\u00e9 permettant \u00e0 RoomIt by CWT de capturer avec succ\u00e8s plus de 97 % des r\u00e9servations commissionnables confirm\u00e9es. <\/p>\t\t\t\t\t\t\t\t<\/div>\n\t\t\t\t<\/div>\n\t\t\t\t<\/div>\n\t\t<div class=\"elementor-element elementor-element-6adebf6 e-con-full e-flex e-con e-child\" data-id=\"6adebf6\" data-element_type=\"container\">\n\t\t\t\t<div class=\"elementor-element elementor-element-7a3858e elementor-widget elementor-widget-text-editor\" data-id=\"7a3858e\" data-element_type=\"widget\" data-widget_type=\"text-editor.default\">\n\t\t\t\t<div class=\"elementor-widget-container\">\n\t\t\t\t\t\t\t\t\t<p><strong><em>\u00ab Onyx et son service RecoverPro font partie int\u00e9grante du processus global de gestion des commissions de notre entreprise depuis plusieurs ann\u00e9es, nous connaissions donc exactement le niveau de soutien et d\u2019informations qu\u2019ils pouvaient apporter \u00e0 notre toute nouvelle division. RecoverPro a aid\u00e9 RoomIt by CWT non seulement \u00e0 collecter la quasi-totalit\u00e9 de nos commissions impay\u00e9es, mais nous avons \u00e9galement acquis une meilleure visibilit\u00e9 sur les indicateurs cl\u00e9s de performance essentiels qui continuent de soutenir la<\/em><\/strong><br><strong><em>croissance de nos activit\u00e9s. \u00bb<\/em><\/strong><\/p><p><em>&#8211; Matthew Brennan<\/em><br><em>VP, Op\u00e9rations h\u00f4teli\u00e8res mondiales<\/em><\/p>\t\t\t\t\t\t\t\t<\/div>\n\t\t\t\t<\/div>\n\t\t\t\t<\/div>\n\t\t\t\t<\/div>\n\t\t\t\t<\/div>\n\t\t\t\t<\/div>\n\t\t\t\t\t<\/div>\n\t\t\t\t<\/div>\n\t\t\t\t\t<\/div>\n\t\t\t\t<\/div>\n\t\t\t\t<\/div>\n\t\t","protected":false},"excerpt":{"rendered":"<p>\u00c9tude de cas RoomIt par CWT Paiements de commissions simplifi\u00e9s Nous contacter En un coup d\u2019\u0153il 97.5% Volume commissionnable total collect\u00e9 via RecoverPro Solutions Onyx :SurePay\u2122 | RecoverPro\u2122 Introduction CWT est l\u2019une des plus grandes entreprises de gestion de voyages d\u2019affaires au monde. RoomIt by CWT a vu le jour en 2017 et se consacre&#8230;<\/p>\n","protected":false},"author":2,"featured_media":0,"parent":997217,"menu_order":0,"comment_status":"closed","ping_status":"closed","template":"","meta":{"_acf_changed":false,"footnotes":""},"class_list":["post-997264","page","type-page","status-publish","hentry"],"acf":[],"yoast_head":"<!-- This site is optimized with the Yoast SEO Premium plugin v26.5 (Yoast SEO v27.0) - https:\/\/yoast.com\/product\/yoast-seo-premium-wordpress\/ -->\n<title>RoomIt par CWT - Onyx CenterSource\u2122<\/title>\n<meta name=\"robots\" content=\"index, follow, max-snippet:-1, max-image-preview:large, max-video-preview:-1\" \/>\n<link rel=\"canonical\" href=\"https:\/\/onyxcentersource.com\/fr\/reussite-client\/roomit-par-cwt\/\" \/>\n<meta property=\"og:locale\" content=\"fr_FR\" \/>\n<meta property=\"og:type\" content=\"article\" \/>\n<meta property=\"og:title\" content=\"RoomIt par CWT\" \/>\n<meta property=\"og:description\" content=\"\u00c9tude de cas RoomIt par CWT Paiements de commissions simplifi\u00e9s Nous contacter En un coup d\u2019\u0153il 97.5% Volume commissionnable total collect\u00e9 via RecoverPro Solutions Onyx :SurePay\u2122 | RecoverPro\u2122 Introduction CWT est l\u2019une des plus grandes entreprises de gestion de voyages d\u2019affaires au monde. RoomIt by CWT a vu le jour en 2017 et se consacre...\" \/>\n<meta property=\"og:url\" content=\"https:\/\/onyxcentersource.com\/fr\/reussite-client\/roomit-par-cwt\/\" \/>\n<meta property=\"og:site_name\" content=\"Onyx CenterSource\u2122\" \/>\n<meta property=\"article:modified_time\" content=\"2026-04-09T18:21:41+00:00\" \/>\n<meta property=\"og:image\" content=\"https:\/\/onyxcentersource.com\/wp-content\/uploads\/2026\/04\/cwtdesktop.jpg\" \/>\n\t<meta property=\"og:image:width\" content=\"1260\" \/>\n\t<meta property=\"og:image:height\" content=\"450\" \/>\n\t<meta property=\"og:image:type\" content=\"image\/jpeg\" \/>\n<meta name=\"twitter:card\" content=\"summary_large_image\" \/>\n<meta name=\"twitter:label1\" content=\"Dur\u00e9e de lecture estim\u00e9e\" \/>\n\t<meta name=\"twitter:data1\" content=\"2 minutes\" \/>\n<script type=\"application\/ld+json\" class=\"yoast-schema-graph\">{\"@context\":\"https:\/\/schema.org\",\"@graph\":[{\"@type\":\"WebPage\",\"@id\":\"https:\/\/onyxcentersource.com\/fr\/reussite-client\/roomit-par-cwt\/\",\"url\":\"https:\/\/onyxcentersource.com\/fr\/reussite-client\/roomit-par-cwt\/\",\"name\":\"RoomIt par CWT - Onyx CenterSource\u2122\",\"isPartOf\":{\"@id\":\"https:\/\/onyxcentersource.com\/fr\/#website\"},\"primaryImageOfPage\":{\"@id\":\"https:\/\/onyxcentersource.com\/fr\/reussite-client\/roomit-par-cwt\/#primaryimage\"},\"image\":{\"@id\":\"https:\/\/onyxcentersource.com\/fr\/reussite-client\/roomit-par-cwt\/#primaryimage\"},\"thumbnailUrl\":\"https:\/\/onyxcentersource.com\/wp-content\/uploads\/2026\/04\/cwtdesktop.jpg\",\"datePublished\":\"2026-04-06T18:25:24+00:00\",\"dateModified\":\"2026-04-09T18:21:41+00:00\",\"breadcrumb\":{\"@id\":\"https:\/\/onyxcentersource.com\/fr\/reussite-client\/roomit-par-cwt\/#breadcrumb\"},\"inLanguage\":\"fr-FR\",\"potentialAction\":[{\"@type\":\"ReadAction\",\"target\":[\"https:\/\/onyxcentersource.com\/fr\/reussite-client\/roomit-par-cwt\/\"]}]},{\"@type\":\"ImageObject\",\"inLanguage\":\"fr-FR\",\"@id\":\"https:\/\/onyxcentersource.com\/fr\/reussite-client\/roomit-par-cwt\/#primaryimage\",\"url\":\"https:\/\/onyxcentersource.com\/wp-content\/uploads\/2026\/04\/cwtdesktop.jpg\",\"contentUrl\":\"https:\/\/onyxcentersource.com\/wp-content\/uploads\/2026\/04\/cwtdesktop.jpg\"},{\"@type\":\"BreadcrumbList\",\"@id\":\"https:\/\/onyxcentersource.com\/fr\/reussite-client\/roomit-par-cwt\/#breadcrumb\",\"itemListElement\":[{\"@type\":\"ListItem\",\"position\":1,\"name\":\"Home\",\"item\":\"https:\/\/onyxcentersource.com\/fr\/accueil\/\"},{\"@type\":\"ListItem\",\"position\":2,\"name\":\"R\u00e9ussite client\",\"item\":\"https:\/\/onyxcentersource.com\/fr\/reussite-client\/\"},{\"@type\":\"ListItem\",\"position\":3,\"name\":\"RoomIt par CWT\"}]},{\"@type\":\"WebSite\",\"@id\":\"https:\/\/onyxcentersource.com\/fr\/#website\",\"url\":\"https:\/\/onyxcentersource.com\/fr\/\",\"name\":\"Onyx CenterSource\u2122\",\"description\":\"\",\"publisher\":{\"@id\":\"https:\/\/onyxcentersource.com\/fr\/#organization\"},\"potentialAction\":[{\"@type\":\"SearchAction\",\"target\":{\"@type\":\"EntryPoint\",\"urlTemplate\":\"https:\/\/onyxcentersource.com\/fr\/?s={search_term_string}\"},\"query-input\":{\"@type\":\"PropertyValueSpecification\",\"valueRequired\":true,\"valueName\":\"search_term_string\"}}],\"inLanguage\":\"fr-FR\"},{\"@type\":\"Organization\",\"@id\":\"https:\/\/onyxcentersource.com\/fr\/#organization\",\"name\":\"Onyx CenterSource\u2122\",\"url\":\"https:\/\/onyxcentersource.com\/fr\/\",\"logo\":{\"@type\":\"ImageObject\",\"inLanguage\":\"fr-FR\",\"@id\":\"https:\/\/onyxcentersource.com\/fr\/#\/schema\/logo\/image\/\",\"url\":\"https:\/\/onyxcentersource.com\/wp-content\/uploads\/2025\/12\/Onyx-Logo-Horizontal-scaled-e1765564060227.png\",\"contentUrl\":\"https:\/\/onyxcentersource.com\/wp-content\/uploads\/2025\/12\/Onyx-Logo-Horizontal-scaled-e1765564060227.png\",\"width\":370,\"height\":115,\"caption\":\"Onyx CenterSource\u2122\"},\"image\":{\"@id\":\"https:\/\/onyxcentersource.com\/fr\/#\/schema\/logo\/image\/\"}}]}<\/script>\n<!-- \/ Yoast SEO Premium plugin. -->","yoast_head_json":{"title":"RoomIt par CWT - Onyx CenterSource\u2122","robots":{"index":"index","follow":"follow","max-snippet":"max-snippet:-1","max-image-preview":"max-image-preview:large","max-video-preview":"max-video-preview:-1"},"canonical":"https:\/\/onyxcentersource.com\/fr\/reussite-client\/roomit-par-cwt\/","og_locale":"fr_FR","og_type":"article","og_title":"RoomIt par CWT","og_description":"\u00c9tude de cas RoomIt par CWT Paiements de commissions simplifi\u00e9s Nous contacter En un coup d\u2019\u0153il 97.5% Volume commissionnable total collect\u00e9 via RecoverPro Solutions Onyx :SurePay\u2122 | RecoverPro\u2122 Introduction CWT est l\u2019une des plus grandes entreprises de gestion de voyages d\u2019affaires au monde. RoomIt by CWT a vu le jour en 2017 et se consacre...","og_url":"https:\/\/onyxcentersource.com\/fr\/reussite-client\/roomit-par-cwt\/","og_site_name":"Onyx CenterSource\u2122","article_modified_time":"2026-04-09T18:21:41+00:00","og_image":[{"width":1260,"height":450,"url":"https:\/\/onyxcentersource.com\/wp-content\/uploads\/2026\/04\/cwtdesktop.jpg","type":"image\/jpeg"}],"twitter_card":"summary_large_image","twitter_misc":{"Dur\u00e9e de lecture estim\u00e9e":"2 minutes"},"schema":{"@context":"https:\/\/schema.org","@graph":[{"@type":"WebPage","@id":"https:\/\/onyxcentersource.com\/fr\/reussite-client\/roomit-par-cwt\/","url":"https:\/\/onyxcentersource.com\/fr\/reussite-client\/roomit-par-cwt\/","name":"RoomIt par CWT - Onyx CenterSource\u2122","isPartOf":{"@id":"https:\/\/onyxcentersource.com\/fr\/#website"},"primaryImageOfPage":{"@id":"https:\/\/onyxcentersource.com\/fr\/reussite-client\/roomit-par-cwt\/#primaryimage"},"image":{"@id":"https:\/\/onyxcentersource.com\/fr\/reussite-client\/roomit-par-cwt\/#primaryimage"},"thumbnailUrl":"https:\/\/onyxcentersource.com\/wp-content\/uploads\/2026\/04\/cwtdesktop.jpg","datePublished":"2026-04-06T18:25:24+00:00","dateModified":"2026-04-09T18:21:41+00:00","breadcrumb":{"@id":"https:\/\/onyxcentersource.com\/fr\/reussite-client\/roomit-par-cwt\/#breadcrumb"},"inLanguage":"fr-FR","potentialAction":[{"@type":"ReadAction","target":["https:\/\/onyxcentersource.com\/fr\/reussite-client\/roomit-par-cwt\/"]}]},{"@type":"ImageObject","inLanguage":"fr-FR","@id":"https:\/\/onyxcentersource.com\/fr\/reussite-client\/roomit-par-cwt\/#primaryimage","url":"https:\/\/onyxcentersource.com\/wp-content\/uploads\/2026\/04\/cwtdesktop.jpg","contentUrl":"https:\/\/onyxcentersource.com\/wp-content\/uploads\/2026\/04\/cwtdesktop.jpg"},{"@type":"BreadcrumbList","@id":"https:\/\/onyxcentersource.com\/fr\/reussite-client\/roomit-par-cwt\/#breadcrumb","itemListElement":[{"@type":"ListItem","position":1,"name":"Home","item":"https:\/\/onyxcentersource.com\/fr\/accueil\/"},{"@type":"ListItem","position":2,"name":"R\u00e9ussite client","item":"https:\/\/onyxcentersource.com\/fr\/reussite-client\/"},{"@type":"ListItem","position":3,"name":"RoomIt par CWT"}]},{"@type":"WebSite","@id":"https:\/\/onyxcentersource.com\/fr\/#website","url":"https:\/\/onyxcentersource.com\/fr\/","name":"Onyx CenterSource\u2122","description":"","publisher":{"@id":"https:\/\/onyxcentersource.com\/fr\/#organization"},"potentialAction":[{"@type":"SearchAction","target":{"@type":"EntryPoint","urlTemplate":"https:\/\/onyxcentersource.com\/fr\/?s={search_term_string}"},"query-input":{"@type":"PropertyValueSpecification","valueRequired":true,"valueName":"search_term_string"}}],"inLanguage":"fr-FR"},{"@type":"Organization","@id":"https:\/\/onyxcentersource.com\/fr\/#organization","name":"Onyx CenterSource\u2122","url":"https:\/\/onyxcentersource.com\/fr\/","logo":{"@type":"ImageObject","inLanguage":"fr-FR","@id":"https:\/\/onyxcentersource.com\/fr\/#\/schema\/logo\/image\/","url":"https:\/\/onyxcentersource.com\/wp-content\/uploads\/2025\/12\/Onyx-Logo-Horizontal-scaled-e1765564060227.png","contentUrl":"https:\/\/onyxcentersource.com\/wp-content\/uploads\/2025\/12\/Onyx-Logo-Horizontal-scaled-e1765564060227.png","width":370,"height":115,"caption":"Onyx CenterSource\u2122"},"image":{"@id":"https:\/\/onyxcentersource.com\/fr\/#\/schema\/logo\/image\/"}}]}},"featured_image_src":null,"featured_image_src_square":null,"_links":{"self":[{"href":"https:\/\/onyxcentersource.com\/fr\/wp-json\/wp\/v2\/pages\/997264","targetHints":{"allow":["GET"]}}],"collection":[{"href":"https:\/\/onyxcentersource.com\/fr\/wp-json\/wp\/v2\/pages"}],"about":[{"href":"https:\/\/onyxcentersource.com\/fr\/wp-json\/wp\/v2\/types\/page"}],"author":[{"embeddable":true,"href":"https:\/\/onyxcentersource.com\/fr\/wp-json\/wp\/v2\/users\/2"}],"replies":[{"embeddable":true,"href":"https:\/\/onyxcentersource.com\/fr\/wp-json\/wp\/v2\/comments?post=997264"}],"version-history":[{"count":0,"href":"https:\/\/onyxcentersource.com\/fr\/wp-json\/wp\/v2\/pages\/997264\/revisions"}],"up":[{"embeddable":true,"href":"https:\/\/onyxcentersource.com\/fr\/wp-json\/wp\/v2\/pages\/997217"}],"wp:attachment":[{"href":"https:\/\/onyxcentersource.com\/fr\/wp-json\/wp\/v2\/media?parent=997264"}],"curies":[{"name":"wp","href":"https:\/\/api.w.org\/{rel}","templated":true}]}}