{"id":988827,"date":"2025-11-20T20:18:18","date_gmt":"2025-11-20T20:18:18","guid":{"rendered":"https:\/\/onyxcenterdev.wpenginepowered.com\/informativa-sui-cookie\/"},"modified":"2025-12-04T20:27:14","modified_gmt":"2025-12-04T20:27:14","slug":"informativa-sui-cookie","status":"publish","type":"page","link":"https:\/\/onyxcentersource.com\/it\/informativa-sui-cookie\/","title":{"rendered":"Informativa sui Cookie"},"content":{"rendered":"\t\t<div data-elementor-type=\"wp-page\" data-elementor-id=\"988827\" class=\"elementor elementor-988827 elementor-988117\" data-elementor-post-type=\"page\">\n\t\t\t\t<div class=\"elementor-element elementor-element-1d9a684 e-flex e-con-boxed e-con e-parent\" data-id=\"1d9a684\" data-element_type=\"container\">\n\t\t\t\t\t<div class=\"e-con-inner\">\n\t\t<div class=\"elementor-element elementor-element-89eb5db e-flex e-con-boxed e-con e-child\" data-id=\"89eb5db\" data-element_type=\"container\" data-settings=\"{&quot;background_background&quot;:&quot;gradient&quot;}\">\n\t\t\t\t\t<div class=\"e-con-inner\">\n\t\t<div class=\"elementor-element elementor-element-2dc0cf7 e-flex e-con-boxed e-con e-child\" data-id=\"2dc0cf7\" data-element_type=\"container\">\n\t\t\t\t\t<div class=\"e-con-inner\">\n\t\t<div class=\"elementor-element elementor-element-d02b08e e-con-full e-flex e-con e-child\" data-id=\"d02b08e\" data-element_type=\"container\">\n\t\t\t\t<div class=\"elementor-element elementor-element-df28f64 elementor-widget elementor-widget-heading\" data-id=\"df28f64\" data-element_type=\"widget\" data-widget_type=\"heading.default\">\n\t\t\t\t<div class=\"elementor-widget-container\">\n\t\t\t\t\t<span class=\"elementor-heading-title elementor-size-default\">Informativa sui Cookie<\/span>\t\t\t\t<\/div>\n\t\t\t\t<\/div>\n\t\t\t\t<div class=\"elementor-element elementor-element-05ac261 elementor-widget elementor-widget-heading\" data-id=\"05ac261\" data-element_type=\"widget\" data-widget_type=\"heading.default\">\n\t\t\t\t<div class=\"elementor-widget-container\">\n\t\t\t\t\t<h1 class=\"elementor-heading-title elementor-size-default\">Informativa sui Cookie<\/h1>\t\t\t\t<\/div>\n\t\t\t\t<\/div>\n\t\t\t\t<\/div>\n\t\t<div class=\"elementor-element elementor-element-ec7541a e-flex e-con-boxed e-con e-child\" data-id=\"ec7541a\" data-element_type=\"container\">\n\t\t\t\t\t<div class=\"e-con-inner\">\n\t\t\t\t<div class=\"elementor-element elementor-element-9aca551 elementor-widget elementor-widget-text-editor\" data-id=\"9aca551\" data-element_type=\"widget\" data-widget_type=\"text-editor.default\">\n\t\t\t\t<div class=\"elementor-widget-container\">\n\t\t\t\t\t\t\t\t\t<p><strong><em>Ultimo aggiornamento: 5 febbraio 2025<\/em><\/strong><\/p><p class=\"p1\"><span class=\"s1\">Questa Informativa descrive come e perch\u00e9 Pegasus Business Intelligence, LP d\/b\/a Onyx CenterSource, e le sue affiliate, inclusi senza limitazione Onyx CenterSource Spain, S.A., Onyx CenterSource (UK) Limited e Onyx CenterSource AS (collettivamente, \u201cOnyx\u201d, \u201cnoi\u201d o \u201cnostro\u201d) utilizza i cookie su questo sito web: <a href=\"https:\/\/www.onyxcentersource.com\/\"><span class=\"s2\"><b>https:\/\/www.onyxcentersource.com\/<\/b><\/span><\/a>.<\/span><\/p><p><strong>Cosa sono i cookie<\/strong><\/p><p class=\"p1\"><span class=\"s1\">Un cookie \u00e8 un piccolo frammento di dati (file di testo) che un sito web o un&#8217;app \u2013 quando visitati da un utente \u2013 chiede al tuo browser di memorizzare sul tuo dispositivo al fine di ricordare informazioni su di te, come la tua preferenza linguistica o la tua ultima visita al nostro sito web. Questi cookie sono impostati da noi e sono chiamati cookie di prima parte. <\/span><\/p><p class=\"p1\"><span class=\"s1\">Utilizziamo anche cookie di terze parti \u2013 si tratta di cookie impostati da un dominio diverso da quello del sito web che stai visitando o da un dominio che non gestiamo \u2013 ad esempio per analizzare il traffico verso il nostro sito web, o per<\/span><span class=\"s2\"> le nostre attivit\u00e0 pubblicitarie e di marketing<\/span><span class=\"s1\">.<\/span><\/p><p><strong>Come utilizziamo i cookie<\/strong><\/p><p class=\"p1\"><span class=\"s1\">Il nostro sito web utilizza due tipi di cookie: persistenti e di sessione. I cookie <b>persistenti<\/b> sono cookie che rimangono sul tuo dispositivo per un certo periodo di tempo (come indicato nella tabella sottostante) o finch\u00e9 non li elimini manualmente o ti opponi ad essi. I cookie di <b>sessione<\/b> sono cookie che scadono alla fine della sessione del browser (ad esempio, quando lasci il nostro sito web e chiudi il browser).<\/span><\/p><p class=\"p1\"><span class=\"s1\">Utilizziamo cookie <b>strettamente necessari<\/b> per (i) riconoscerti come utente di ritorno sul nostro sito web, (ii) proteggere il nostro sito web, l&#8217;app e il servizio e (ii) registrare le tue preferenze sui cookie in modo che il nostro banner non ti venga presentato pi\u00f9 volte.   <\/span><\/p><p class=\"p1\"><span class=\"s1\">Utilizziamo cookie <b>non essenziali (non strettamente necessari)<\/b> per osservare e analizzare i livelli di traffico e altre metriche relative all&#8217;utilizzo delle community sul nostro sito web, il che ci aiuta a migliorare il nostro sito web e i nostri servizi, nonch\u00e9 la tua esperienza utente complessiva. Utilizziamo i cookie non essenziali solo dove abbiamo il tuo consenso (vedi sotto). <\/span><\/p><p class=\"p1\"><span class=\"s1\">Come spiegato sopra, i cookie possono essere di <b>prima parte<\/b> o di <b>terze parti<\/b>, il che significa che sono gestiti da noi (prima parte) o da un&#8217;altra parte (terze parti). Si prega di notare che le interazioni con i cookie di terze parti sul nostro sito web sono regolate dalle informative sulla privacy e sui cookie della terza parte. Per maggiori informazioni sulle terze parti che utilizzano i cookie sul nostro sito web, si prega di consultare l&#8217;elenco seguente <a href=\"https:\/\/www.onyxcentersource.com\/cookie-policy\/#table_list2\"><span class=\"s2\"><b>[Elenco]<\/b><\/span><\/a>.  <\/span><\/p><p class=\"p1\"><span class=\"s1\">Ulteriori informazioni sui tipi di cookie che utilizziamo sono riportate di seguito.<\/span><\/p><p><strong>Gestione dei cookie<\/strong><\/p><p class=\"p1\"><span class=\"s1\">Alla tua prima visita ai nostri siti web, sulla homepage vedrai un banner sui cookie che ti informer\u00e0 sul motivo per cui vengono utilizzati i cookie e ti chieder\u00e0 di acconsentire a ciascun cookie non essenziale se sei d&#8217;accordo con il loro utilizzo da parte nostra.<\/span><\/p><p class=\"p1\"><span class=\"s1\">Puoi modificare le tue preferenze sui cookie tramite il banner dei cookie, dove hai la possibilit\u00e0 di acconsentire o negare l&#8217;uso di cookie non essenziali sul tuo dispositivo. Tuttavia, puoi anche aggiornare le tue preferenze sui cookie in qualsiasi momento cliccando sul pulsante qui sotto: <br><\/span><\/p><p><button id=\"ot-sdk-btn\" class=\"ot-sdk-show-settings\">Impostazioni dei cookie<\/button><\/p><p class=\"p1\"><span class=\"s1\">Si prega di notare che non \u00e8 possibile disabilitare i cookie strettamente necessari poich\u00e9 questi influenzano la funzionalit\u00e0 del nostro sito web e la tua capacit\u00e0 di utilizzare determinate caratteristiche e funzionalit\u00e0.<\/span><\/p><p class=\"p1\"><span class=\"s1\">Potresti anche essere in grado di regolare o bloccare i cookie tramite le impostazioni del tuo browser, il che ti permette di rifiutare l&#8217;installazione di tutti o parte dei cookie durante la navigazione in Internet. La maggior parte dei browser consente la possibilit\u00e0 di informare sull&#8217;esistenza dei cookie o di rifiutarli automaticamente. Per ottenere maggiori informazioni relative alle modalit\u00e0 di regolazione di tali impostazioni, si prega di visitare e leggere le informazioni fornite da ciascun browser.    <\/span><\/p><p><strong id=\"table_list2\">Tipi di cookie utilizzati<\/strong><\/p><p class=\"p1\"><b>Elenco dei cookie<\/b><\/p><p class=\"p3\">Questo sito raccoglie informazioni da te tramite l&#8217;installazione dei seguenti cookie sul tuo dispositivo o browser. Pi\u00f9 specificamente, utilizziamo i cookie e altre tecnologie di tracciamento per i seguenti scopi: <\/p><p class=\"p4\"><b>Cookie di prestazione<\/b><\/p><p class=\"p5\">Questi cookie ci permettono di contare le visite e le fonti di traffico in modo da poter misurare e migliorare le prestazioni del nostro sito. Ci aiutano a sapere quali pagine sono le pi\u00f9 e le meno popolari e a vedere come i visitatori si muovono all&#8217;interno del sito. Tutte le informazioni raccolte da questi cookie sono aggregate e quindi anonime. Se non consenti questi cookie, non sapremo quando hai visitato il nostro sito e non saremo in grado di monitorarne le prestazioni.   <\/p><p><img decoding=\"async\" class=\"aligncenter size-full wp-image-25182\" src=\"https:\/\/www.onyxcentersource.com\/wp-content\/uploads\/2025\/02\/1.png\"><\/p><p><span style=\"font-size: medium;\"><b>Cookie funzionali<\/b><\/span><\/p><p>Questi cookie consentono al sito web di fornire funzionalit\u00e0 e personalizzazione migliorate. Possono essere impostati da noi o da fornitori di terze parti i cui servizi abbiamo aggiunto alle nostre pagine. Se non consenti questi cookie, alcuni o tutti questi servizi potrebbero non funzionare correttamente.  <\/p><p><img decoding=\"async\" class=\"aligncenter size-full wp-image-25191 lazyloaded\" style=\"--smush-placeholder-width: 930px; --smush-placeholder-aspect-ratio: 930\/746;\" src=\"https:\/\/www.onyxcentersource.com\/wp-content\/uploads\/2025\/02\/2.png\"><\/p><p><span style=\"font-size: medium;\"><b>Cookie di profilazione<\/b><\/span><\/p><p>Questi cookie possono essere impostati tramite il nostro sito dai nostri partner pubblicitari. Possono essere utilizzati da tali aziende per costruire un profilo dei tuoi interessi e mostrarti annunci pertinenti su altri siti. Non memorizzano direttamente informazioni personali, ma si basano sull&#8217;identificazione univoca del tuo browser e del tuo dispositivo internet. Se non consenti questi cookie, riceverai meno pubblicit\u00e0 mirata.   <\/p><p><img fetchpriority=\"high\" decoding=\"async\" class=\"aligncenter size-full wp-image-25200 lazyload\" style=\"--smush-placeholder-width: 932px; --smush-placeholder-aspect-ratio: 932\/446;\" src=\"https:\/\/www.onyxcentersource.com\/wp-content\/uploads\/2025\/02\/3.png\" alt=\"\" width=\"932\" height=\"446\"><\/p><p><span style=\"font-size: medium;\"><b>Cookie strettamente necessari<\/b><\/span><\/p><p>Questi cookie sono necessari per il funzionamento del sito web e non possono essere disattivati nei nostri sistemi. Di solito vengono impostati solo in risposta ad azioni da te effettuate che equivalgono a una richiesta di servizi, come l&#8217;impostazione delle tue preferenze sulla privacy, l&#8217;accesso o la compilazione di moduli. Puoi impostare il tuo browser per bloccare o avvisarti di questi cookie, ma alcune parti del sito non funzioneranno. Questi cookie non memorizzano alcuna informazione di identificazione personale.   <\/p><p><img decoding=\"async\" class=\"aligncenter size-full wp-image-25209 lazyload\" style=\"--smush-placeholder-width: 929px; --smush-placeholder-aspect-ratio: 929\/271;\" src=\"https:\/\/www.onyxcentersource.com\/wp-content\/uploads\/2025\/02\/4.png\" alt=\"\" width=\"929\" height=\"271\"><\/p><p><span style=\"font-size: medium;\"><b>Aggiornamento dell&#8217;Informativa sui Cookie<\/b><\/span><\/p><p><span style=\"font-size: medium;\">Onyx si riserva il diritto, a nostra esclusiva discrezione, di modificare o sostituire la presente Informativa sui Cookie. Si consiglia agli utenti di rivedere periodicamente la presente Informativa sui Cookie in modo da essere adeguatamente informati sui cookie utilizzati sul Sito web, sul loro scopo e sulla loro durata. <\/span><\/p><p><span style=\"font-size: medium;\"><b>Protezione dei dati personali<\/b><\/span><\/p><p><a name=\"OpenAt\"><\/a> <span style=\"font-size: medium;\">Onyx, ottenendo automaticamente informazioni dal Sito tramite i cookie, pu\u00f2 raccogliere dati personali da te relativi al tuo dispositivo informatico, all&#8217;uso del Sito o al tuo comportamento di navigazione sul Sito. Queste informazioni possono includere dati relativi alla lingua, parole chiave, data, ora, tempo trascorso su determinati tipi di pagine, indirizzo IP, identificatore pubblicitario, quale sezione della pagina hai visitato e informazioni simili relative all&#8217;uso del Sito. Potremmo raccogliere tali informazioni utilizzando i cookie come dettagliato nella presente Informativa sui Cookie.  <\/span><\/p><p><span style=\"font-size: medium;\">In questo senso, per quanto riguarda le informazioni che identificano o rendono identificabili gli utenti, si applicano le disposizioni dell&#8217;Informativa sulla Privacy. Per maggiori informazioni su come trattiamo i dati personali tramite l&#8217;uso dei cookie, si prega di visitare la nostra [<\/span><a href=\"https:\/\/www.onyxcentersource.com\/privacy-policy\/\"><span style=\"font-size: medium;\"><u><b>Informativa sulla Privacy<\/b><\/u><\/span><\/a><span style=\"font-size: medium;\">].<\/span><\/p><p><span style=\"font-size: medium;\"><b>Contattaci<\/b><\/span><\/p><p><span style=\"font-size: medium;\">Se hai domande o commenti sulla nostra Informativa sui Cookie o desideri esercitare i diritti dell&#8217;interessato, non esitare a contattarci all&#8217;indirizzo <\/span><a href=\"mailto:privacy@onyxcentersource.com\"><span style=\"font-size: medium;\"><u><b>privacy@onyxcentersource.com<\/b><\/u><\/span><\/a><span style=\"font-size: medium;\">. <\/span> <\/p>\t\t\t\t\t\t\t\t<\/div>\n\t\t\t\t<\/div>\n\t\t\t\t\t<\/div>\n\t\t\t\t<\/div>\n\t\t\t\t\t<\/div>\n\t\t\t\t<\/div>\n\t\t\t\t\t<\/div>\n\t\t\t\t<\/div>\n\t\t\t\t\t<\/div>\n\t\t\t\t<\/div>\n\t\t\t\t<\/div>\n\t\t","protected":false},"excerpt":{"rendered":"<p>Informativa sui Cookie Informativa sui Cookie Ultimo aggiornamento: 5 febbraio 2025 Questa Informativa descrive come e perch\u00e9 Pegasus Business Intelligence, LP d\/b\/a Onyx CenterSource, e le sue affiliate, inclusi senza limitazione Onyx CenterSource Spain, S.A., Onyx CenterSource (UK) Limited e Onyx CenterSource AS (collettivamente, \u201cOnyx\u201d, \u201cnoi\u201d o \u201cnostro\u201d) utilizza i cookie su questo sito web:&#8230;<\/p>\n","protected":false},"author":2,"featured_media":0,"parent":0,"menu_order":0,"comment_status":"closed","ping_status":"closed","template":"","meta":{"_acf_changed":false,"footnotes":""},"class_list":["post-988827","page","type-page","status-publish","hentry"],"acf":[],"yoast_head":"<!-- This site is optimized with the Yoast SEO Premium plugin v26.5 (Yoast SEO v27.0) - https:\/\/yoast.com\/product\/yoast-seo-premium-wordpress\/ -->\n<title>Informativa sui Cookie - Onyx CenterSource&trade;<\/title>\n<meta name=\"robots\" content=\"index, follow, max-snippet:-1, max-image-preview:large, max-video-preview:-1\" \/>\n<link rel=\"canonical\" href=\"https:\/\/onyxcentersource.com\/it\/informativa-sui-cookie\/\" \/>\n<meta property=\"og:locale\" content=\"it_IT\" \/>\n<meta property=\"og:type\" content=\"article\" \/>\n<meta property=\"og:title\" content=\"Informativa sui Cookie\" \/>\n<meta property=\"og:description\" content=\"Informativa sui Cookie Informativa sui Cookie Ultimo aggiornamento: 5 febbraio 2025 Questa Informativa descrive come e perch\u00e9 Pegasus Business Intelligence, LP d\/b\/a Onyx CenterSource, e le sue affiliate, inclusi senza limitazione Onyx CenterSource Spain, S.A., Onyx CenterSource (UK) Limited e Onyx CenterSource AS (collettivamente, \u201cOnyx\u201d, \u201cnoi\u201d o \u201cnostro\u201d) utilizza i cookie su questo sito web:...\" \/>\n<meta property=\"og:url\" content=\"https:\/\/onyxcentersource.com\/it\/informativa-sui-cookie\/\" \/>\n<meta property=\"og:site_name\" content=\"Onyx CenterSource&trade;\" \/>\n<meta property=\"article:modified_time\" content=\"2025-12-04T20:27:14+00:00\" \/>\n<meta name=\"twitter:card\" content=\"summary_large_image\" \/>\n<meta name=\"twitter:label1\" content=\"Tempo di lettura stimato\" \/>\n\t<meta name=\"twitter:data1\" content=\"6 minuti\" \/>\n<script type=\"application\/ld+json\" class=\"yoast-schema-graph\">{\"@context\":\"https:\/\/schema.org\",\"@graph\":[{\"@type\":\"WebPage\",\"@id\":\"https:\/\/onyxcentersource.com\/it\/informativa-sui-cookie\/\",\"url\":\"https:\/\/onyxcentersource.com\/it\/informativa-sui-cookie\/\",\"name\":\"Informativa sui Cookie - Onyx CenterSource&trade;\",\"isPartOf\":{\"@id\":\"https:\/\/onyxcentersource.com\/it\/#website\"},\"primaryImageOfPage\":{\"@id\":\"https:\/\/onyxcentersource.com\/it\/informativa-sui-cookie\/#primaryimage\"},\"image\":{\"@id\":\"https:\/\/onyxcentersource.com\/it\/informativa-sui-cookie\/#primaryimage\"},\"thumbnailUrl\":\"https:\/\/www.onyxcentersource.com\/wp-content\/uploads\/2025\/02\/1.png\",\"datePublished\":\"2025-11-20T20:18:18+00:00\",\"dateModified\":\"2025-12-04T20:27:14+00:00\",\"breadcrumb\":{\"@id\":\"https:\/\/onyxcentersource.com\/it\/informativa-sui-cookie\/#breadcrumb\"},\"inLanguage\":\"it-IT\",\"potentialAction\":[{\"@type\":\"ReadAction\",\"target\":[\"https:\/\/onyxcentersource.com\/it\/informativa-sui-cookie\/\"]}]},{\"@type\":\"ImageObject\",\"inLanguage\":\"it-IT\",\"@id\":\"https:\/\/onyxcentersource.com\/it\/informativa-sui-cookie\/#primaryimage\",\"url\":\"https:\/\/www.onyxcentersource.com\/wp-content\/uploads\/2025\/02\/1.png\",\"contentUrl\":\"https:\/\/www.onyxcentersource.com\/wp-content\/uploads\/2025\/02\/1.png\"},{\"@type\":\"BreadcrumbList\",\"@id\":\"https:\/\/onyxcentersource.com\/it\/informativa-sui-cookie\/#breadcrumb\",\"itemListElement\":[{\"@type\":\"ListItem\",\"position\":1,\"name\":\"Home\",\"item\":\"https:\/\/onyxcentersource.com\/it\/home\/\"},{\"@type\":\"ListItem\",\"position\":2,\"name\":\"Informativa sui Cookie\"}]},{\"@type\":\"WebSite\",\"@id\":\"https:\/\/onyxcentersource.com\/it\/#website\",\"url\":\"https:\/\/onyxcentersource.com\/it\/\",\"name\":\"Onyx CenterSource&trade;\",\"description\":\" \",\"publisher\":{\"@id\":\"https:\/\/onyxcentersource.com\/it\/#organization\"},\"potentialAction\":[{\"@type\":\"SearchAction\",\"target\":{\"@type\":\"EntryPoint\",\"urlTemplate\":\"https:\/\/onyxcentersource.com\/it\/?s={search_term_string}\"},\"query-input\":{\"@type\":\"PropertyValueSpecification\",\"valueRequired\":true,\"valueName\":\"search_term_string\"}}],\"inLanguage\":\"it-IT\"},{\"@type\":\"Organization\",\"@id\":\"https:\/\/onyxcentersource.com\/it\/#organization\",\"name\":\"Onyx CenterSource&trade;\",\"url\":\"https:\/\/onyxcentersource.com\/it\/\",\"logo\":{\"@type\":\"ImageObject\",\"inLanguage\":\"it-IT\",\"@id\":\"https:\/\/onyxcentersource.com\/it\/#\/schema\/logo\/image\/\",\"url\":\"https:\/\/onyxcentersource.com\/wp-content\/uploads\/2025\/12\/Onyx-Logo-Horizontal-scaled-e1765564060227.png\",\"contentUrl\":\"https:\/\/onyxcentersource.com\/wp-content\/uploads\/2025\/12\/Onyx-Logo-Horizontal-scaled-e1765564060227.png\",\"width\":370,\"height\":115,\"caption\":\"Onyx CenterSource&trade;\"},\"image\":{\"@id\":\"https:\/\/onyxcentersource.com\/it\/#\/schema\/logo\/image\/\"}}]}<\/script>\n<!-- \/ Yoast SEO Premium plugin. -->","yoast_head_json":{"title":"Informativa sui Cookie - Onyx CenterSource&trade;","robots":{"index":"index","follow":"follow","max-snippet":"max-snippet:-1","max-image-preview":"max-image-preview:large","max-video-preview":"max-video-preview:-1"},"canonical":"https:\/\/onyxcentersource.com\/it\/informativa-sui-cookie\/","og_locale":"it_IT","og_type":"article","og_title":"Informativa sui Cookie","og_description":"Informativa sui Cookie Informativa sui Cookie Ultimo aggiornamento: 5 febbraio 2025 Questa Informativa descrive come e perch\u00e9 Pegasus Business Intelligence, LP d\/b\/a Onyx CenterSource, e le sue affiliate, inclusi senza limitazione Onyx CenterSource Spain, S.A., Onyx CenterSource (UK) Limited e Onyx CenterSource AS (collettivamente, \u201cOnyx\u201d, \u201cnoi\u201d o \u201cnostro\u201d) utilizza i cookie su questo sito web:...","og_url":"https:\/\/onyxcentersource.com\/it\/informativa-sui-cookie\/","og_site_name":"Onyx CenterSource&trade;","article_modified_time":"2025-12-04T20:27:14+00:00","twitter_card":"summary_large_image","twitter_misc":{"Tempo di lettura stimato":"6 minuti"},"schema":{"@context":"https:\/\/schema.org","@graph":[{"@type":"WebPage","@id":"https:\/\/onyxcentersource.com\/it\/informativa-sui-cookie\/","url":"https:\/\/onyxcentersource.com\/it\/informativa-sui-cookie\/","name":"Informativa sui Cookie - Onyx CenterSource&trade;","isPartOf":{"@id":"https:\/\/onyxcentersource.com\/it\/#website"},"primaryImageOfPage":{"@id":"https:\/\/onyxcentersource.com\/it\/informativa-sui-cookie\/#primaryimage"},"image":{"@id":"https:\/\/onyxcentersource.com\/it\/informativa-sui-cookie\/#primaryimage"},"thumbnailUrl":"https:\/\/www.onyxcentersource.com\/wp-content\/uploads\/2025\/02\/1.png","datePublished":"2025-11-20T20:18:18+00:00","dateModified":"2025-12-04T20:27:14+00:00","breadcrumb":{"@id":"https:\/\/onyxcentersource.com\/it\/informativa-sui-cookie\/#breadcrumb"},"inLanguage":"it-IT","potentialAction":[{"@type":"ReadAction","target":["https:\/\/onyxcentersource.com\/it\/informativa-sui-cookie\/"]}]},{"@type":"ImageObject","inLanguage":"it-IT","@id":"https:\/\/onyxcentersource.com\/it\/informativa-sui-cookie\/#primaryimage","url":"https:\/\/www.onyxcentersource.com\/wp-content\/uploads\/2025\/02\/1.png","contentUrl":"https:\/\/www.onyxcentersource.com\/wp-content\/uploads\/2025\/02\/1.png"},{"@type":"BreadcrumbList","@id":"https:\/\/onyxcentersource.com\/it\/informativa-sui-cookie\/#breadcrumb","itemListElement":[{"@type":"ListItem","position":1,"name":"Home","item":"https:\/\/onyxcentersource.com\/it\/home\/"},{"@type":"ListItem","position":2,"name":"Informativa sui Cookie"}]},{"@type":"WebSite","@id":"https:\/\/onyxcentersource.com\/it\/#website","url":"https:\/\/onyxcentersource.com\/it\/","name":"Onyx CenterSource&trade;","description":" ","publisher":{"@id":"https:\/\/onyxcentersource.com\/it\/#organization"},"potentialAction":[{"@type":"SearchAction","target":{"@type":"EntryPoint","urlTemplate":"https:\/\/onyxcentersource.com\/it\/?s={search_term_string}"},"query-input":{"@type":"PropertyValueSpecification","valueRequired":true,"valueName":"search_term_string"}}],"inLanguage":"it-IT"},{"@type":"Organization","@id":"https:\/\/onyxcentersource.com\/it\/#organization","name":"Onyx CenterSource&trade;","url":"https:\/\/onyxcentersource.com\/it\/","logo":{"@type":"ImageObject","inLanguage":"it-IT","@id":"https:\/\/onyxcentersource.com\/it\/#\/schema\/logo\/image\/","url":"https:\/\/onyxcentersource.com\/wp-content\/uploads\/2025\/12\/Onyx-Logo-Horizontal-scaled-e1765564060227.png","contentUrl":"https:\/\/onyxcentersource.com\/wp-content\/uploads\/2025\/12\/Onyx-Logo-Horizontal-scaled-e1765564060227.png","width":370,"height":115,"caption":"Onyx CenterSource&trade;"},"image":{"@id":"https:\/\/onyxcentersource.com\/it\/#\/schema\/logo\/image\/"}}]}},"featured_image_src":null,"featured_image_src_square":null,"_links":{"self":[{"href":"https:\/\/onyxcentersource.com\/it\/wp-json\/wp\/v2\/pages\/988827","targetHints":{"allow":["GET"]}}],"collection":[{"href":"https:\/\/onyxcentersource.com\/it\/wp-json\/wp\/v2\/pages"}],"about":[{"href":"https:\/\/onyxcentersource.com\/it\/wp-json\/wp\/v2\/types\/page"}],"author":[{"embeddable":true,"href":"https:\/\/onyxcentersource.com\/it\/wp-json\/wp\/v2\/users\/2"}],"replies":[{"embeddable":true,"href":"https:\/\/onyxcentersource.com\/it\/wp-json\/wp\/v2\/comments?post=988827"}],"version-history":[{"count":0,"href":"https:\/\/onyxcentersource.com\/it\/wp-json\/wp\/v2\/pages\/988827\/revisions"}],"wp:attachment":[{"href":"https:\/\/onyxcentersource.com\/it\/wp-json\/wp\/v2\/media?parent=988827"}],"curies":[{"name":"wp","href":"https:\/\/api.w.org\/{rel}","templated":true}]}}