{"id":988831,"date":"2025-11-19T20:16:22","date_gmt":"2025-11-19T20:16:22","guid":{"rendered":"https:\/\/onyxcenterdev.wpenginepowered.com\/note-legali\/"},"modified":"2025-12-09T22:08:48","modified_gmt":"2025-12-09T22:08:48","slug":"note-legali","status":"publish","type":"page","link":"https:\/\/onyxcentersource.com\/it\/note-legali\/","title":{"rendered":"Note Legali"},"content":{"rendered":"\t\t<div data-elementor-type=\"wp-page\" data-elementor-id=\"988831\" class=\"elementor elementor-988831 elementor-988116\" data-elementor-post-type=\"page\">\n\t\t\t\t<div class=\"elementor-element elementor-element-1d9a684 e-flex e-con-boxed e-con e-parent\" data-id=\"1d9a684\" data-element_type=\"container\">\n\t\t\t\t\t<div class=\"e-con-inner\">\n\t\t<div class=\"elementor-element elementor-element-89eb5db e-flex e-con-boxed e-con e-child\" data-id=\"89eb5db\" data-element_type=\"container\" data-settings=\"{&quot;background_background&quot;:&quot;gradient&quot;}\">\n\t\t\t\t\t<div class=\"e-con-inner\">\n\t\t<div class=\"elementor-element elementor-element-2dc0cf7 e-flex e-con-boxed e-con e-child\" data-id=\"2dc0cf7\" data-element_type=\"container\">\n\t\t\t\t\t<div class=\"e-con-inner\">\n\t\t<div class=\"elementor-element elementor-element-d02b08e e-con-full e-flex e-con e-child\" data-id=\"d02b08e\" data-element_type=\"container\">\n\t\t\t\t<div class=\"elementor-element elementor-element-df28f64 elementor-widget elementor-widget-heading\" data-id=\"df28f64\" data-element_type=\"widget\" data-widget_type=\"heading.default\">\n\t\t\t\t<div class=\"elementor-widget-container\">\n\t\t\t\t\t<span class=\"elementor-heading-title elementor-size-default\">Note Legali<\/span>\t\t\t\t<\/div>\n\t\t\t\t<\/div>\n\t\t\t\t<div class=\"elementor-element elementor-element-05ac261 elementor-widget elementor-widget-heading\" data-id=\"05ac261\" data-element_type=\"widget\" data-widget_type=\"heading.default\">\n\t\t\t\t<div class=\"elementor-widget-container\">\n\t\t\t\t\t<h1 class=\"elementor-heading-title elementor-size-default\">Note Legali<\/h1>\t\t\t\t<\/div>\n\t\t\t\t<\/div>\n\t\t\t\t<\/div>\n\t\t<div class=\"elementor-element elementor-element-ec7541a e-flex e-con-boxed e-con e-child\" data-id=\"ec7541a\" data-element_type=\"container\">\n\t\t\t\t\t<div class=\"e-con-inner\">\n\t\t\t\t<div class=\"elementor-element elementor-element-4ce2cc4 elementor-widget elementor-widget-heading\" data-id=\"4ce2cc4\" data-element_type=\"widget\" data-widget_type=\"heading.default\">\n\t\t\t\t<div class=\"elementor-widget-container\">\n\t\t\t\t\t<h2 class=\"elementor-heading-title elementor-size-default\">1.- Identificazione legale e informazioni di contatto<\/h2>\t\t\t\t<\/div>\n\t\t\t\t<\/div>\n\t\t\t\t<div class=\"elementor-element elementor-element-9aca551 elementor-widget elementor-widget-text-editor\" data-id=\"9aca551\" data-element_type=\"widget\" data-widget_type=\"text-editor.default\">\n\t\t\t\t<div class=\"elementor-widget-container\">\n\t\t\t\t\t\t\t\t\t<p><strong>PEGASUS BUSINESS INTELLIGENCE, LP.<\/strong><br>Two Lincoln Centre, 5420 LBJ Freeway<br>Suite 900, Dallas, TX 75240 Stati Uniti<br>Telefono di contatto: (+1) (214) 396 3280<br>Societ\u00e0 registrata nello Stato del Delaware, Stati Uniti.<br>Codice fiscale: 75-2738581<\/p><p><strong>ONYX CENTERSOURCE SPAIN, S.A.<\/strong><br>INSUR Bldg. Diego Mart\u00ednez Barrio 10, 5\u00b0 piano<br>41013 Siviglia, Spagna<br>Telefono di contatto: (+34) 955 031 400<br>Societ\u00e0 registrata presso il Registro delle Imprese di Siviglia, Spagna.<br>Codice fiscale: A-41996679 <\/p><p><strong>ONYX CENTERSOURCE AS<\/strong><br>Tr\u00e6leborgodden 6,<br>3112 T\u00f8nsberg, Norvegia<br>Telefono di contatto: (+47) 33 34 96 00<br>Societ\u00e0 registrata presso il Registro delle Imprese in Norvegia.<br>Codice fiscale: 883-430-972<\/p><p><strong>ONYX CENTERSOURCE (UK) LIMITED<\/strong><br>4 More London Riverside,<br>SE1 2AU Londra, Inghilterra<br>Societ\u00e0 registrata presso la Companies House nel Regno Unito.<br>Codice fiscale: 172211837<\/p><p>Indirizzo web: <a href=\"\/\" target=\"_blank\" rel=\"noopener\">https:\/\/www.onyxcentersource.com\/<\/a><br>Hai bisogno di assistenza: <a style=\"font-family: inherit; font-size: inherit; font-style: inherit; font-variant-ligatures: inherit; font-variant-caps: inherit; font-weight: inherit;\" href=\"https:\/\/onyxcentersource.com\/it\/contattaci\/\" target=\"_blank\" rel=\"noopener\">https:\/\/www.onyxcentersource.com\/contact-us\/<\/a><\/p>\t\t\t\t\t\t\t\t<\/div>\n\t\t\t\t<\/div>\n\t\t\t\t<div class=\"elementor-element elementor-element-852a467 elementor-widget elementor-widget-heading\" data-id=\"852a467\" data-element_type=\"widget\" data-widget_type=\"heading.default\">\n\t\t\t\t<div class=\"elementor-widget-container\">\n\t\t\t\t\t<h2 class=\"elementor-heading-title elementor-size-default\">2.- Scopo delle Note Legali<\/h2>\t\t\t\t<\/div>\n\t\t\t\t<\/div>\n\t\t\t\t<div class=\"elementor-element elementor-element-fd8bd18 elementor-widget elementor-widget-text-editor\" data-id=\"fd8bd18\" data-element_type=\"widget\" data-widget_type=\"text-editor.default\">\n\t\t\t\t<div class=\"elementor-widget-container\">\n\t\t\t\t\t\t\t\t\t<p>L&#8217;obiettivo di questo sito web \u00e8 raccogliere informazioni sull&#8217;utente e il consenso allo scopo di distribuire un eBook gratuito sulle tendenze critiche nel settore dell&#8217;ospitalit\u00e0 offerto da Pegasus Business Intelligence LP e dalle sue affiliate (&#8220;Onyx&#8221;).<\/p><p>Si prega di leggere attentamente queste Note Legali prima di iniziare a utilizzare il sito web. Utilizzando il nostro sito web, l&#8217;utente indica di accettare le condizioni generali incluse nel sito web e di accettare di rispettarle. Se non si \u00e8 d&#8217;accordo con esse, si prega di astenersi dall&#8217;utilizzare questo sito web. Si consideri inoltre che il sito web, i servizi e le presenti condizioni generali possono essere modificati, pertanto si consiglia di leggerle periodicamente. Eventuali modifiche saranno pubblicate su questo sito, dove entreranno in vigore e saranno applicate immediatamente.    <\/p>\t\t\t\t\t\t\t\t<\/div>\n\t\t\t\t<\/div>\n\t\t\t\t\t<\/div>\n\t\t\t\t<\/div>\n\t\t\t\t\t<\/div>\n\t\t\t\t<\/div>\n\t\t\t\t\t<\/div>\n\t\t\t\t<\/div>\n\t\t\t\t\t<\/div>\n\t\t\t\t<\/div>\n\t\t\t\t<\/div>\n\t\t","protected":false},"excerpt":{"rendered":"<p>Note Legali Note Legali 1.- Identificazione legale e informazioni di contatto PEGASUS BUSINESS INTELLIGENCE, LP.Two Lincoln Centre, 5420 LBJ FreewaySuite 900, Dallas, TX 75240 Stati UnitiTelefono di contatto: (+1) (214) 396 3280Societ\u00e0 registrata nello Stato del Delaware, Stati Uniti.Codice fiscale: 75-2738581 ONYX CENTERSOURCE SPAIN, S.A.INSUR Bldg. Diego Mart\u00ednez Barrio 10, 5\u00b0 piano41013 Siviglia, SpagnaTelefono di&#8230;<\/p>\n","protected":false},"author":2,"featured_media":0,"parent":0,"menu_order":0,"comment_status":"closed","ping_status":"closed","template":"","meta":{"_acf_changed":false,"footnotes":""},"class_list":["post-988831","page","type-page","status-publish","hentry"],"acf":[],"yoast_head":"<!-- This site is optimized with the Yoast SEO Premium plugin v26.5 (Yoast SEO v27.0) - https:\/\/yoast.com\/product\/yoast-seo-premium-wordpress\/ -->\n<title>Note Legali - Onyx CenterSource\u2122<\/title>\n<meta name=\"robots\" content=\"index, follow, max-snippet:-1, max-image-preview:large, max-video-preview:-1\" \/>\n<link rel=\"canonical\" href=\"https:\/\/onyxcentersource.com\/it\/note-legali\/\" \/>\n<meta property=\"og:locale\" content=\"it_IT\" \/>\n<meta property=\"og:type\" content=\"article\" \/>\n<meta property=\"og:title\" content=\"Note Legali\" \/>\n<meta property=\"og:description\" content=\"Note Legali Note Legali 1.- Identificazione legale e informazioni di contatto PEGASUS BUSINESS INTELLIGENCE, LP.Two Lincoln Centre, 5420 LBJ FreewaySuite 900, Dallas, TX 75240 Stati UnitiTelefono di contatto: (+1) (214) 396 3280Societ\u00e0 registrata nello Stato del Delaware, Stati Uniti.Codice fiscale: 75-2738581 ONYX CENTERSOURCE SPAIN, S.A.INSUR Bldg. Diego Mart\u00ednez Barrio 10, 5\u00b0 piano41013 Siviglia, SpagnaTelefono di...\" \/>\n<meta property=\"og:url\" content=\"https:\/\/onyxcentersource.com\/it\/note-legali\/\" \/>\n<meta property=\"og:site_name\" content=\"Onyx CenterSource\u2122\" \/>\n<meta property=\"article:modified_time\" content=\"2025-12-09T22:08:48+00:00\" \/>\n<meta name=\"twitter:card\" content=\"summary_large_image\" \/>\n<meta name=\"twitter:label1\" content=\"Tempo di lettura stimato\" \/>\n\t<meta name=\"twitter:data1\" content=\"1 minuto\" \/>\n<script type=\"application\/ld+json\" class=\"yoast-schema-graph\">{\"@context\":\"https:\/\/schema.org\",\"@graph\":[{\"@type\":\"WebPage\",\"@id\":\"https:\/\/onyxcentersource.com\/it\/note-legali\/\",\"url\":\"https:\/\/onyxcentersource.com\/it\/note-legali\/\",\"name\":\"Note Legali - Onyx CenterSource\u2122\",\"isPartOf\":{\"@id\":\"https:\/\/onyxcentersource.com\/it\/#website\"},\"datePublished\":\"2025-11-19T20:16:22+00:00\",\"dateModified\":\"2025-12-09T22:08:48+00:00\",\"breadcrumb\":{\"@id\":\"https:\/\/onyxcentersource.com\/it\/note-legali\/#breadcrumb\"},\"inLanguage\":\"it-IT\",\"potentialAction\":[{\"@type\":\"ReadAction\",\"target\":[\"https:\/\/onyxcentersource.com\/it\/note-legali\/\"]}]},{\"@type\":\"BreadcrumbList\",\"@id\":\"https:\/\/onyxcentersource.com\/it\/note-legali\/#breadcrumb\",\"itemListElement\":[{\"@type\":\"ListItem\",\"position\":1,\"name\":\"Home\",\"item\":\"https:\/\/onyxcentersource.com\/it\/home\/\"},{\"@type\":\"ListItem\",\"position\":2,\"name\":\"Note Legali\"}]},{\"@type\":\"WebSite\",\"@id\":\"https:\/\/onyxcentersource.com\/it\/#website\",\"url\":\"https:\/\/onyxcentersource.com\/it\/\",\"name\":\"Onyx CenterSource\u2122\",\"description\":\"\",\"publisher\":{\"@id\":\"https:\/\/onyxcentersource.com\/it\/#organization\"},\"potentialAction\":[{\"@type\":\"SearchAction\",\"target\":{\"@type\":\"EntryPoint\",\"urlTemplate\":\"https:\/\/onyxcentersource.com\/it\/?s={search_term_string}\"},\"query-input\":{\"@type\":\"PropertyValueSpecification\",\"valueRequired\":true,\"valueName\":\"search_term_string\"}}],\"inLanguage\":\"it-IT\"},{\"@type\":\"Organization\",\"@id\":\"https:\/\/onyxcentersource.com\/it\/#organization\",\"name\":\"Onyx CenterSource\u2122\",\"url\":\"https:\/\/onyxcentersource.com\/it\/\",\"logo\":{\"@type\":\"ImageObject\",\"inLanguage\":\"it-IT\",\"@id\":\"https:\/\/onyxcentersource.com\/it\/#\/schema\/logo\/image\/\",\"url\":\"https:\/\/onyxcentersource.com\/wp-content\/uploads\/2025\/12\/Onyx-Logo-Horizontal-scaled-e1765564060227.png\",\"contentUrl\":\"https:\/\/onyxcentersource.com\/wp-content\/uploads\/2025\/12\/Onyx-Logo-Horizontal-scaled-e1765564060227.png\",\"width\":370,\"height\":115,\"caption\":\"Onyx CenterSource\u2122\"},\"image\":{\"@id\":\"https:\/\/onyxcentersource.com\/it\/#\/schema\/logo\/image\/\"}}]}<\/script>\n<!-- \/ Yoast SEO Premium plugin. -->","yoast_head_json":{"title":"Note Legali - Onyx CenterSource\u2122","robots":{"index":"index","follow":"follow","max-snippet":"max-snippet:-1","max-image-preview":"max-image-preview:large","max-video-preview":"max-video-preview:-1"},"canonical":"https:\/\/onyxcentersource.com\/it\/note-legali\/","og_locale":"it_IT","og_type":"article","og_title":"Note Legali","og_description":"Note Legali Note Legali 1.- Identificazione legale e informazioni di contatto PEGASUS BUSINESS INTELLIGENCE, LP.Two Lincoln Centre, 5420 LBJ FreewaySuite 900, Dallas, TX 75240 Stati UnitiTelefono di contatto: (+1) (214) 396 3280Societ\u00e0 registrata nello Stato del Delaware, Stati Uniti.Codice fiscale: 75-2738581 ONYX CENTERSOURCE SPAIN, S.A.INSUR Bldg. Diego Mart\u00ednez Barrio 10, 5\u00b0 piano41013 Siviglia, SpagnaTelefono di...","og_url":"https:\/\/onyxcentersource.com\/it\/note-legali\/","og_site_name":"Onyx CenterSource\u2122","article_modified_time":"2025-12-09T22:08:48+00:00","twitter_card":"summary_large_image","twitter_misc":{"Tempo di lettura stimato":"1 minuto"},"schema":{"@context":"https:\/\/schema.org","@graph":[{"@type":"WebPage","@id":"https:\/\/onyxcentersource.com\/it\/note-legali\/","url":"https:\/\/onyxcentersource.com\/it\/note-legali\/","name":"Note Legali - Onyx CenterSource\u2122","isPartOf":{"@id":"https:\/\/onyxcentersource.com\/it\/#website"},"datePublished":"2025-11-19T20:16:22+00:00","dateModified":"2025-12-09T22:08:48+00:00","breadcrumb":{"@id":"https:\/\/onyxcentersource.com\/it\/note-legali\/#breadcrumb"},"inLanguage":"it-IT","potentialAction":[{"@type":"ReadAction","target":["https:\/\/onyxcentersource.com\/it\/note-legali\/"]}]},{"@type":"BreadcrumbList","@id":"https:\/\/onyxcentersource.com\/it\/note-legali\/#breadcrumb","itemListElement":[{"@type":"ListItem","position":1,"name":"Home","item":"https:\/\/onyxcentersource.com\/it\/home\/"},{"@type":"ListItem","position":2,"name":"Note Legali"}]},{"@type":"WebSite","@id":"https:\/\/onyxcentersource.com\/it\/#website","url":"https:\/\/onyxcentersource.com\/it\/","name":"Onyx CenterSource\u2122","description":"","publisher":{"@id":"https:\/\/onyxcentersource.com\/it\/#organization"},"potentialAction":[{"@type":"SearchAction","target":{"@type":"EntryPoint","urlTemplate":"https:\/\/onyxcentersource.com\/it\/?s={search_term_string}"},"query-input":{"@type":"PropertyValueSpecification","valueRequired":true,"valueName":"search_term_string"}}],"inLanguage":"it-IT"},{"@type":"Organization","@id":"https:\/\/onyxcentersource.com\/it\/#organization","name":"Onyx CenterSource\u2122","url":"https:\/\/onyxcentersource.com\/it\/","logo":{"@type":"ImageObject","inLanguage":"it-IT","@id":"https:\/\/onyxcentersource.com\/it\/#\/schema\/logo\/image\/","url":"https:\/\/onyxcentersource.com\/wp-content\/uploads\/2025\/12\/Onyx-Logo-Horizontal-scaled-e1765564060227.png","contentUrl":"https:\/\/onyxcentersource.com\/wp-content\/uploads\/2025\/12\/Onyx-Logo-Horizontal-scaled-e1765564060227.png","width":370,"height":115,"caption":"Onyx CenterSource\u2122"},"image":{"@id":"https:\/\/onyxcentersource.com\/it\/#\/schema\/logo\/image\/"}}]}},"featured_image_src":null,"featured_image_src_square":null,"_links":{"self":[{"href":"https:\/\/onyxcentersource.com\/it\/wp-json\/wp\/v2\/pages\/988831","targetHints":{"allow":["GET"]}}],"collection":[{"href":"https:\/\/onyxcentersource.com\/it\/wp-json\/wp\/v2\/pages"}],"about":[{"href":"https:\/\/onyxcentersource.com\/it\/wp-json\/wp\/v2\/types\/page"}],"author":[{"embeddable":true,"href":"https:\/\/onyxcentersource.com\/it\/wp-json\/wp\/v2\/users\/2"}],"replies":[{"embeddable":true,"href":"https:\/\/onyxcentersource.com\/it\/wp-json\/wp\/v2\/comments?post=988831"}],"version-history":[{"count":0,"href":"https:\/\/onyxcentersource.com\/it\/wp-json\/wp\/v2\/pages\/988831\/revisions"}],"wp:attachment":[{"href":"https:\/\/onyxcentersource.com\/it\/wp-json\/wp\/v2\/media?parent=988831"}],"curies":[{"name":"wp","href":"https:\/\/api.w.org\/{rel}","templated":true}]}}