{"id":997257,"date":"2026-04-06T17:53:30","date_gmt":"2026-04-06T17:53:30","guid":{"rendered":"https:\/\/onyxcentersource.com\/customer-success\/denihan-hospitality-group\/"},"modified":"2026-04-09T18:16:35","modified_gmt":"2026-04-09T18:16:35","slug":"denihan-hospitality-group","status":"publish","type":"page","link":"https:\/\/onyxcentersource.com\/it\/customer-success\/denihan-hospitality-group\/","title":{"rendered":"Denihan Hospitality Group"},"content":{"rendered":"\t\t<div data-elementor-type=\"wp-page\" data-elementor-id=\"997257\" class=\"elementor elementor-997257 elementor-995944\" data-elementor-post-type=\"page\">\n\t\t\t\t<div class=\"elementor-element elementor-element-b6e3874 e-flex e-con-boxed e-con e-parent\" data-id=\"b6e3874\" data-element_type=\"container\">\n\t\t\t\t\t<div class=\"e-con-inner\">\n\t\t<div class=\"elementor-element elementor-element-12d1df4 e-flex e-con-boxed e-con e-child\" data-id=\"12d1df4\" data-element_type=\"container\" data-settings=\"{&quot;background_background&quot;:&quot;gradient&quot;}\">\n\t\t\t\t\t<div class=\"e-con-inner\">\n\t\t<div class=\"elementor-element elementor-element-03ce7f4 e-flex e-con-boxed e-con e-child\" data-id=\"03ce7f4\" data-element_type=\"container\">\n\t\t\t\t\t<div class=\"e-con-inner\">\n\t\t<div class=\"elementor-element elementor-element-ef88e00 e-con-full e-flex e-con e-child\" data-id=\"ef88e00\" data-element_type=\"container\">\n\t\t\t\t<div class=\"elementor-element elementor-element-2513425 elementor-widget elementor-widget-heading\" data-id=\"2513425\" data-element_type=\"widget\" data-widget_type=\"heading.default\">\n\t\t\t\t<div class=\"elementor-widget-container\">\n\t\t\t\t\t<span class=\"elementor-heading-title elementor-size-default\">Caso di Studio<\/span>\t\t\t\t<\/div>\n\t\t\t\t<\/div>\n\t\t\t\t<div class=\"elementor-element elementor-element-7c1b5f7 elementor-widget elementor-widget-heading\" data-id=\"7c1b5f7\" data-element_type=\"widget\" data-widget_type=\"heading.default\">\n\t\t\t\t<div class=\"elementor-widget-container\">\n\t\t\t\t\t<h1 class=\"elementor-heading-title elementor-size-default\">Denihan Hospitality Group<\/h1>\t\t\t\t<\/div>\n\t\t\t\t<\/div>\n\t\t\t\t<\/div>\n\t\t\t\t\t<\/div>\n\t\t\t\t<\/div>\n\t\t\t\t<div class=\"elementor-element elementor-element-4b24786 animated-fast elementor-hidden-mobile elementor-widget elementor-widget-image\" data-id=\"4b24786\" data-element_type=\"widget\" data-settings=\"{&quot;_animation&quot;:&quot;none&quot;,&quot;_animation_delay&quot;:300}\" data-widget_type=\"image.default\">\n\t\t\t\t<div class=\"elementor-widget-container\">\n\t\t\t\t\t\t\t\t\t\t\t\t\t\t\t<img fetchpriority=\"high\" decoding=\"async\" width=\"1260\" height=\"450\" src=\"https:\/\/onyxcentersource.com\/wp-content\/uploads\/2026\/04\/denihandesktop.jpg\" class=\"attachment-full size-full wp-image-996388\" alt=\"\" srcset=\"https:\/\/onyxcentersource.com\/wp-content\/uploads\/2026\/04\/denihandesktop.jpg 1260w, https:\/\/onyxcentersource.com\/wp-content\/uploads\/2026\/04\/denihandesktop-300x107.jpg 300w, https:\/\/onyxcentersource.com\/wp-content\/uploads\/2026\/04\/denihandesktop-1024x366.jpg 1024w, https:\/\/onyxcentersource.com\/wp-content\/uploads\/2026\/04\/denihandesktop-768x274.jpg 768w\" sizes=\"(max-width: 1260px) 100vw, 1260px\" \/>\t\t\t\t\t\t\t\t\t\t\t\t\t\t\t<\/div>\n\t\t\t\t<\/div>\n\t\t\t\t<div class=\"elementor-element elementor-element-fee518a animated-fast elementor-hidden-desktop elementor-hidden-tablet elementor-widget elementor-widget-image\" data-id=\"fee518a\" data-element_type=\"widget\" data-settings=\"{&quot;_animation&quot;:&quot;none&quot;,&quot;_animation_delay&quot;:300}\" data-widget_type=\"image.default\">\n\t\t\t\t<div class=\"elementor-widget-container\">\n\t\t\t\t\t\t\t\t\t\t\t\t\t\t\t<img decoding=\"async\" width=\"323\" height=\"234\" src=\"https:\/\/onyxcentersource.com\/wp-content\/uploads\/2026\/04\/denihanmobile.jpg\" class=\"attachment-full size-full wp-image-996397\" alt=\"\" srcset=\"https:\/\/onyxcentersource.com\/wp-content\/uploads\/2026\/04\/denihanmobile.jpg 323w, https:\/\/onyxcentersource.com\/wp-content\/uploads\/2026\/04\/denihanmobile-300x217.jpg 300w\" sizes=\"(max-width: 323px) 100vw, 323px\" \/>\t\t\t\t\t\t\t\t\t\t\t\t\t\t\t<\/div>\n\t\t\t\t<\/div>\n\t\t\t\t\t<\/div>\n\t\t\t\t<\/div>\n\t\t\t\t\t<\/div>\n\t\t\t\t<\/div>\n\t\t<div class=\"elementor-element elementor-element-6bb7bef e-flex e-con-boxed e-con e-parent\" data-id=\"6bb7bef\" data-element_type=\"container\">\n\t\t\t\t\t<div class=\"e-con-inner\">\n\t\t<div class=\"elementor-element elementor-element-9819d52 e-flex e-con-boxed e-con e-child\" data-id=\"9819d52\" data-element_type=\"container\">\n\t\t\t\t\t<div class=\"e-con-inner\">\n\t\t<div class=\"elementor-element elementor-element-85f05da e-con-full e-flex e-con e-child\" data-id=\"85f05da\" data-element_type=\"container\">\n\t\t\t\t<div class=\"elementor-element elementor-element-08bf403 elementor-invisible elementor-widget__width-initial elementor-widget-mobile__width-inherit animated-fast elementor-widget elementor-widget-heading\" data-id=\"08bf403\" data-element_type=\"widget\" data-settings=\"{&quot;_animation&quot;:&quot;fadeIn&quot;}\" data-widget_type=\"heading.default\">\n\t\t\t\t<div class=\"elementor-widget-container\">\n\t\t\t\t\t<h2 class=\"elementor-heading-title elementor-size-default\">Pagamenti di Commissioni Semplificati<\/h2>\t\t\t\t<\/div>\n\t\t\t\t<\/div>\n\t\t\t\t<div class=\"vamtam-has-theme-widget-styles elementor-element elementor-element-ac852f6 elementor-invisible animated-fast vamtam-icon-pos-row-reverse vamtam-has-icon-styles vamtam-has-hover-anim vamtam-has-outside-icon elementor-widget elementor-widget-button\" data-id=\"ac852f6\" data-element_type=\"widget\" data-settings=\"{&quot;_animation&quot;:&quot;fadeInUp&quot;,&quot;_animation_delay&quot;:100}\" data-widget_type=\"button.default\">\n\t\t\t\t<div class=\"elementor-widget-container\">\n\t\t\t\t\t\t\t\t\t<div class=\"elementor-button-wrapper\">\n\t\t\t\t\t<a class=\"elementor-button elementor-button-link elementor-size-sm\" href=\"https:\/\/onyxcentersource.com\/it\/contattaci\/\">\n\t\t\t\t\t\t<span class=\"elementor-button-content-wrapper\">\n\t\t\t\t\t\t<span class=\"elementor-button-icon\">\n\t\t\t\t<i aria-hidden=\"true\" class=\"vamtamtheme- vamtam-theme-arrow-link-up\"><\/i>\t\t\t<\/span>\n\t\t\t\t\t\t\t\t\t<span class=\"elementor-button-text\">Contattaci<\/span>\n\t\t\t\t\t<\/span>\n\t\t\t\t\t<\/a>\n\t\t\t\t<\/div>\n\t\t\t\t\t\t\t\t<\/div>\n\t\t\t\t<\/div>\n\t\t<div class=\"elementor-element elementor-element-ecab1f2 e-con-full e-flex e-con e-child\" data-id=\"ecab1f2\" data-element_type=\"container\" data-settings=\"{&quot;background_background&quot;:&quot;classic&quot;}\">\n\t\t<div class=\"elementor-element elementor-element-d92d166 e-con-full e-flex e-con e-child\" data-id=\"d92d166\" data-element_type=\"container\">\n\t\t\t\t<div class=\"elementor-element elementor-element-8210be6 elementor-widget elementor-widget-heading\" data-id=\"8210be6\" data-element_type=\"widget\" data-widget_type=\"heading.default\">\n\t\t\t\t<div class=\"elementor-widget-container\">\n\t\t\t\t\t<h4 class=\"elementor-heading-title elementor-size-default\">In Sintesi<\/h4>\t\t\t\t<\/div>\n\t\t\t\t<\/div>\n\t\t\t\t<\/div>\n\t\t<div class=\"elementor-element elementor-element-657ef9e e-con-full e-flex e-con e-child\" data-id=\"657ef9e\" data-element_type=\"container\">\n\t\t<div class=\"elementor-element elementor-element-7442875 e-con-full e-flex e-con e-child\" data-id=\"7442875\" data-element_type=\"container\">\n\t\t\t\t<div class=\"elementor-element elementor-element-3be3717 elementor-widget elementor-widget-heading\" data-id=\"3be3717\" data-element_type=\"widget\" data-widget_type=\"heading.default\">\n\t\t\t\t<div class=\"elementor-widget-container\">\n\t\t\t\t\t<h4 class=\"elementor-heading-title elementor-size-default\">10+<\/h4>\t\t\t\t<\/div>\n\t\t\t\t<\/div>\n\t\t\t\t<div class=\"elementor-element elementor-element-48828ef elementor-widget elementor-widget-text-editor\" data-id=\"48828ef\" data-element_type=\"widget\" data-widget_type=\"text-editor.default\">\n\t\t\t\t<div class=\"elementor-widget-container\">\n\t\t\t\t\t\t\t\t\t<p>Numero di anni di partnership tra Onyx e Denihan<\/p>\t\t\t\t\t\t\t\t<\/div>\n\t\t\t\t<\/div>\n\t\t\t\t<\/div>\n\t\t\t\t<\/div>\n\t\t\t\t<\/div>\n\t\t\t\t<\/div>\n\t\t<div class=\"elementor-element elementor-element-8123e35 e-con-full animated-fast e-flex e-con e-child\" data-id=\"8123e35\" data-element_type=\"container\" data-settings=\"{&quot;animation&quot;:&quot;none&quot;,&quot;animation_delay&quot;:0}\">\n\t\t<div class=\"elementor-element elementor-element-80ad9d2 e-con-full e-flex e-con e-child\" data-id=\"80ad9d2\" data-element_type=\"container\">\n\t\t<div class=\"elementor-element elementor-element-17d2a37 e-con-full e-flex e-con e-child\" data-id=\"17d2a37\" data-element_type=\"container\" data-settings=\"{&quot;background_background&quot;:&quot;classic&quot;}\">\n\t\t\t\t<div class=\"elementor-element elementor-element-da797f9 elementor-widget elementor-widget-text-editor\" data-id=\"da797f9\" data-element_type=\"widget\" data-widget_type=\"text-editor.default\">\n\t\t\t\t<div class=\"elementor-widget-container\">\n\t\t\t\t\t\t\t\t\t<p>Soluzioni Onyx: <br><strong>CommPay\u2122<\/strong><\/p>\t\t\t\t\t\t\t\t<\/div>\n\t\t\t\t<\/div>\n\t\t\t\t<\/div>\n\t\t<div class=\"elementor-element elementor-element-f8357f1 e-con-full e-flex e-con e-child\" data-id=\"f8357f1\" data-element_type=\"container\">\n\t\t<div class=\"elementor-element elementor-element-df7664d e-con-full e-flex e-con e-child\" data-id=\"df7664d\" data-element_type=\"container\">\n\t\t\t\t<div class=\"elementor-element elementor-element-90ff850 elementor-widget elementor-widget-heading\" data-id=\"90ff850\" data-element_type=\"widget\" data-widget_type=\"heading.default\">\n\t\t\t\t<div class=\"elementor-widget-container\">\n\t\t\t\t\t<h6 class=\"elementor-heading-title elementor-size-default\">Introduzione<\/h6>\t\t\t\t<\/div>\n\t\t\t\t<\/div>\n\t\t\t\t<div class=\"elementor-element elementor-element-a8a2e2e elementor-widget elementor-widget-text-editor\" data-id=\"a8a2e2e\" data-element_type=\"widget\" data-widget_type=\"text-editor.default\">\n\t\t\t\t<div class=\"elementor-widget-container\">\n\t\t\t\t\t\t\t\t\t<p>Con oltre 50 anni di attivit\u00e0, Denihan Hospitality Group ha costruito una posizione di eccellenza nel settore alberghiero, creando valore attraverso l&#8217;acquisizione, il riposizionamento e la gestione di hotel indipendenti di lusso e boutique. Gli hotel di Denihan e i ristoranti e bar affiliati offrono una variet\u00e0 di esperienze di ospitalit\u00e0 che soddisfano le esigenze di un&#8217;ampia gamma di viaggiatori nei principali mercati urbani degli Stati Uniti. <\/p>\t\t\t\t\t\t\t\t<\/div>\n\t\t\t\t<\/div>\n\t\t\t\t<\/div>\n\t\t<div class=\"elementor-element elementor-element-90eceef e-con-full e-flex e-con e-child\" data-id=\"90eceef\" data-element_type=\"container\">\n\t\t\t\t<div class=\"elementor-element elementor-element-1112f06 elementor-widget elementor-widget-heading\" data-id=\"1112f06\" data-element_type=\"widget\" data-widget_type=\"heading.default\">\n\t\t\t\t<div class=\"elementor-widget-container\">\n\t\t\t\t\t<h6 class=\"elementor-heading-title elementor-size-default\">La Sfida<\/h6>\t\t\t\t<\/div>\n\t\t\t\t<\/div>\n\t\t\t\t<div class=\"elementor-element elementor-element-5a55df8 elementor-widget elementor-widget-text-editor\" data-id=\"5a55df8\" data-element_type=\"widget\" data-widget_type=\"text-editor.default\">\n\t\t\t\t<div class=\"elementor-widget-container\">\n\t\t\t\t\t\t\t\t\t<p>La partnership tra Denihan e Onyx CenterSource \u00e8 iniziata 10 anni fa, quando l&#8217;albergatore di lusso si \u00e8 rivolto a Onyx per ottenere una migliore conformit\u00e0 nei pagamenti delle commissioni, al fine di crescere e mantenere relazioni pi\u00f9 solide con le agenzie di viaggio in un mercato sempre pi\u00f9 competitivo.<\/p>\t\t\t\t\t\t\t\t<\/div>\n\t\t\t\t<\/div>\n\t\t\t\t<\/div>\n\t\t<div class=\"elementor-element elementor-element-0c2ef18 e-con-full e-flex e-con e-child\" data-id=\"0c2ef18\" data-element_type=\"container\">\n\t\t\t\t<div class=\"elementor-element elementor-element-9b76160 elementor-widget elementor-widget-heading\" data-id=\"9b76160\" data-element_type=\"widget\" data-widget_type=\"heading.default\">\n\t\t\t\t<div class=\"elementor-widget-container\">\n\t\t\t\t\t<h6 class=\"elementor-heading-title elementor-size-default\">La Soluzione Onyx<\/h6>\t\t\t\t<\/div>\n\t\t\t\t<\/div>\n\t\t\t\t<div class=\"elementor-element elementor-element-8a5d820 elementor-widget elementor-widget-text-editor\" data-id=\"8a5d820\" data-element_type=\"widget\" data-widget_type=\"text-editor.default\">\n\t\t\t\t<div class=\"elementor-widget-container\">\n\t\t\t\t\t\t\t\t\t<p>La piattaforma CommPay di Onyx ha offerto a Denihan Hospitality l&#8217;opportunit\u00e0 di gestire un unico sistema di raccolta dati e finanziamento, eliminando<br>le ridondanze e garantendo maggiori economie di scala per l&#8217;hotel. Oltre al risparmio sui costi amministrativi, il personale di Denihan ha potuto dedicare la propria attenzione a questioni strategiche pi\u00f9 importanti. Denihan ha inoltre ricevuto un team dedicato di account management dotato delle migliori pratiche per garantire un processo di implementazione fluido.  <\/p>\t\t\t\t\t\t\t\t<\/div>\n\t\t\t\t<\/div>\n\t\t\t\t<\/div>\n\t\t<div class=\"elementor-element elementor-element-6adebf6 e-con-full e-flex e-con e-child\" data-id=\"6adebf6\" data-element_type=\"container\">\n\t\t\t\t<div class=\"elementor-element elementor-element-7a3858e elementor-widget elementor-widget-text-editor\" data-id=\"7a3858e\" data-element_type=\"widget\" data-widget_type=\"text-editor.default\">\n\t\t\t\t<div class=\"elementor-widget-container\">\n\t\t\t\t\t\t\t\t\t<p>Denihan ha potuto constatare un notevole miglioramento nelle relazioni con le agenzie associate. Jon Hodges, Director of National Sales &amp; Partnership Accounts, ha dichiarato: <em><strong>&#8220;Le agenzie ci hanno detto chiaramente che gli hotel Onyx sono conosciuti nella comunit\u00e0 delle agenzie come strutture favorevoli alle commissioni. Pertanto, la nostra partecipazione crea un maggiore senso di sicurezza nella prenotazione di inventario commissionabile, grazie alla solida reputazione e fiducia che caratterizzano il marchio Onyx.&#8221;<\/strong><\/em> <\/p>\t\t\t\t\t\t\t\t<\/div>\n\t\t\t\t<\/div>\n\t\t\t\t<\/div>\n\t\t\t\t<\/div>\n\t\t\t\t<\/div>\n\t\t\t\t<\/div>\n\t\t\t\t\t<\/div>\n\t\t\t\t<\/div>\n\t\t\t\t\t<\/div>\n\t\t\t\t<\/div>\n\t\t\t\t<\/div>\n\t\t","protected":false},"excerpt":{"rendered":"<p>Caso di Studio Denihan Hospitality Group Pagamenti di Commissioni Semplificati Contattaci In Sintesi 10+ Numero di anni di partnership tra Onyx e Denihan Soluzioni Onyx: CommPay\u2122 Introduzione Con oltre 50 anni di attivit\u00e0, Denihan Hospitality Group ha costruito una posizione di eccellenza nel settore alberghiero, creando valore attraverso l&#8217;acquisizione, il riposizionamento e la gestione di&#8230;<\/p>\n","protected":false},"author":2,"featured_media":0,"parent":997214,"menu_order":0,"comment_status":"closed","ping_status":"closed","template":"","meta":{"_acf_changed":false,"footnotes":""},"class_list":["post-997257","page","type-page","status-publish","hentry"],"acf":[],"yoast_head":"<!-- This site is optimized with the Yoast SEO Premium plugin v26.5 (Yoast SEO v27.0) - https:\/\/yoast.com\/product\/yoast-seo-premium-wordpress\/ -->\n<title>Denihan Hospitality Group - Onyx CenterSource\u2122<\/title>\n<meta name=\"robots\" content=\"index, follow, max-snippet:-1, max-image-preview:large, max-video-preview:-1\" \/>\n<link rel=\"canonical\" href=\"https:\/\/onyxcentersource.com\/it\/customer-success\/denihan-hospitality-group\/\" \/>\n<meta property=\"og:locale\" content=\"it_IT\" \/>\n<meta property=\"og:type\" content=\"article\" \/>\n<meta property=\"og:title\" content=\"Denihan Hospitality Group\" \/>\n<meta property=\"og:description\" content=\"Caso di Studio Denihan Hospitality Group Pagamenti di Commissioni Semplificati Contattaci In Sintesi 10+ Numero di anni di partnership tra Onyx e Denihan Soluzioni Onyx: CommPay\u2122 Introduzione Con oltre 50 anni di attivit\u00e0, Denihan Hospitality Group ha costruito una posizione di eccellenza nel settore alberghiero, creando valore attraverso l&#8217;acquisizione, il riposizionamento e la gestione di...\" \/>\n<meta property=\"og:url\" content=\"https:\/\/onyxcentersource.com\/it\/customer-success\/denihan-hospitality-group\/\" \/>\n<meta property=\"og:site_name\" content=\"Onyx CenterSource\u2122\" \/>\n<meta property=\"article:modified_time\" content=\"2026-04-09T18:16:35+00:00\" \/>\n<meta property=\"og:image\" content=\"https:\/\/onyxcentersource.com\/wp-content\/uploads\/2026\/04\/denihandesktop.jpg\" \/>\n\t<meta property=\"og:image:width\" content=\"1260\" \/>\n\t<meta property=\"og:image:height\" content=\"450\" \/>\n\t<meta property=\"og:image:type\" content=\"image\/jpeg\" \/>\n<meta name=\"twitter:card\" content=\"summary_large_image\" \/>\n<meta name=\"twitter:label1\" content=\"Tempo di lettura stimato\" \/>\n\t<meta name=\"twitter:data1\" content=\"1 minuto\" \/>\n<script type=\"application\/ld+json\" class=\"yoast-schema-graph\">{\"@context\":\"https:\/\/schema.org\",\"@graph\":[{\"@type\":\"WebPage\",\"@id\":\"https:\/\/onyxcentersource.com\/it\/customer-success\/denihan-hospitality-group\/\",\"url\":\"https:\/\/onyxcentersource.com\/it\/customer-success\/denihan-hospitality-group\/\",\"name\":\"Denihan Hospitality Group - Onyx CenterSource\u2122\",\"isPartOf\":{\"@id\":\"https:\/\/onyxcentersource.com\/it\/#website\"},\"primaryImageOfPage\":{\"@id\":\"https:\/\/onyxcentersource.com\/it\/customer-success\/denihan-hospitality-group\/#primaryimage\"},\"image\":{\"@id\":\"https:\/\/onyxcentersource.com\/it\/customer-success\/denihan-hospitality-group\/#primaryimage\"},\"thumbnailUrl\":\"https:\/\/onyxcentersource.com\/wp-content\/uploads\/2026\/04\/denihandesktop.jpg\",\"datePublished\":\"2026-04-06T17:53:30+00:00\",\"dateModified\":\"2026-04-09T18:16:35+00:00\",\"breadcrumb\":{\"@id\":\"https:\/\/onyxcentersource.com\/it\/customer-success\/denihan-hospitality-group\/#breadcrumb\"},\"inLanguage\":\"it-IT\",\"potentialAction\":[{\"@type\":\"ReadAction\",\"target\":[\"https:\/\/onyxcentersource.com\/it\/customer-success\/denihan-hospitality-group\/\"]}]},{\"@type\":\"ImageObject\",\"inLanguage\":\"it-IT\",\"@id\":\"https:\/\/onyxcentersource.com\/it\/customer-success\/denihan-hospitality-group\/#primaryimage\",\"url\":\"https:\/\/onyxcentersource.com\/wp-content\/uploads\/2026\/04\/denihandesktop.jpg\",\"contentUrl\":\"https:\/\/onyxcentersource.com\/wp-content\/uploads\/2026\/04\/denihandesktop.jpg\"},{\"@type\":\"BreadcrumbList\",\"@id\":\"https:\/\/onyxcentersource.com\/it\/customer-success\/denihan-hospitality-group\/#breadcrumb\",\"itemListElement\":[{\"@type\":\"ListItem\",\"position\":1,\"name\":\"Home\",\"item\":\"https:\/\/onyxcentersource.com\/it\/home\/\"},{\"@type\":\"ListItem\",\"position\":2,\"name\":\"Customer Success\",\"item\":\"https:\/\/onyxcentersource.com\/it\/customer-success\/\"},{\"@type\":\"ListItem\",\"position\":3,\"name\":\"Denihan Hospitality Group\"}]},{\"@type\":\"WebSite\",\"@id\":\"https:\/\/onyxcentersource.com\/it\/#website\",\"url\":\"https:\/\/onyxcentersource.com\/it\/\",\"name\":\"Onyx CenterSource\u2122\",\"description\":\"\",\"publisher\":{\"@id\":\"https:\/\/onyxcentersource.com\/it\/#organization\"},\"potentialAction\":[{\"@type\":\"SearchAction\",\"target\":{\"@type\":\"EntryPoint\",\"urlTemplate\":\"https:\/\/onyxcentersource.com\/it\/?s={search_term_string}\"},\"query-input\":{\"@type\":\"PropertyValueSpecification\",\"valueRequired\":true,\"valueName\":\"search_term_string\"}}],\"inLanguage\":\"it-IT\"},{\"@type\":\"Organization\",\"@id\":\"https:\/\/onyxcentersource.com\/it\/#organization\",\"name\":\"Onyx CenterSource\u2122\",\"url\":\"https:\/\/onyxcentersource.com\/it\/\",\"logo\":{\"@type\":\"ImageObject\",\"inLanguage\":\"it-IT\",\"@id\":\"https:\/\/onyxcentersource.com\/it\/#\/schema\/logo\/image\/\",\"url\":\"https:\/\/onyxcentersource.com\/wp-content\/uploads\/2025\/12\/Onyx-Logo-Horizontal-scaled-e1765564060227.png\",\"contentUrl\":\"https:\/\/onyxcentersource.com\/wp-content\/uploads\/2025\/12\/Onyx-Logo-Horizontal-scaled-e1765564060227.png\",\"width\":370,\"height\":115,\"caption\":\"Onyx CenterSource\u2122\"},\"image\":{\"@id\":\"https:\/\/onyxcentersource.com\/it\/#\/schema\/logo\/image\/\"}}]}<\/script>\n<!-- \/ Yoast SEO Premium plugin. -->","yoast_head_json":{"title":"Denihan Hospitality Group - Onyx CenterSource\u2122","robots":{"index":"index","follow":"follow","max-snippet":"max-snippet:-1","max-image-preview":"max-image-preview:large","max-video-preview":"max-video-preview:-1"},"canonical":"https:\/\/onyxcentersource.com\/it\/customer-success\/denihan-hospitality-group\/","og_locale":"it_IT","og_type":"article","og_title":"Denihan Hospitality Group","og_description":"Caso di Studio Denihan Hospitality Group Pagamenti di Commissioni Semplificati Contattaci In Sintesi 10+ Numero di anni di partnership tra Onyx e Denihan Soluzioni Onyx: CommPay\u2122 Introduzione Con oltre 50 anni di attivit\u00e0, Denihan Hospitality Group ha costruito una posizione di eccellenza nel settore alberghiero, creando valore attraverso l&#8217;acquisizione, il riposizionamento e la gestione di...","og_url":"https:\/\/onyxcentersource.com\/it\/customer-success\/denihan-hospitality-group\/","og_site_name":"Onyx CenterSource\u2122","article_modified_time":"2026-04-09T18:16:35+00:00","og_image":[{"width":1260,"height":450,"url":"https:\/\/onyxcentersource.com\/wp-content\/uploads\/2026\/04\/denihandesktop.jpg","type":"image\/jpeg"}],"twitter_card":"summary_large_image","twitter_misc":{"Tempo di lettura stimato":"1 minuto"},"schema":{"@context":"https:\/\/schema.org","@graph":[{"@type":"WebPage","@id":"https:\/\/onyxcentersource.com\/it\/customer-success\/denihan-hospitality-group\/","url":"https:\/\/onyxcentersource.com\/it\/customer-success\/denihan-hospitality-group\/","name":"Denihan Hospitality Group - Onyx CenterSource\u2122","isPartOf":{"@id":"https:\/\/onyxcentersource.com\/it\/#website"},"primaryImageOfPage":{"@id":"https:\/\/onyxcentersource.com\/it\/customer-success\/denihan-hospitality-group\/#primaryimage"},"image":{"@id":"https:\/\/onyxcentersource.com\/it\/customer-success\/denihan-hospitality-group\/#primaryimage"},"thumbnailUrl":"https:\/\/onyxcentersource.com\/wp-content\/uploads\/2026\/04\/denihandesktop.jpg","datePublished":"2026-04-06T17:53:30+00:00","dateModified":"2026-04-09T18:16:35+00:00","breadcrumb":{"@id":"https:\/\/onyxcentersource.com\/it\/customer-success\/denihan-hospitality-group\/#breadcrumb"},"inLanguage":"it-IT","potentialAction":[{"@type":"ReadAction","target":["https:\/\/onyxcentersource.com\/it\/customer-success\/denihan-hospitality-group\/"]}]},{"@type":"ImageObject","inLanguage":"it-IT","@id":"https:\/\/onyxcentersource.com\/it\/customer-success\/denihan-hospitality-group\/#primaryimage","url":"https:\/\/onyxcentersource.com\/wp-content\/uploads\/2026\/04\/denihandesktop.jpg","contentUrl":"https:\/\/onyxcentersource.com\/wp-content\/uploads\/2026\/04\/denihandesktop.jpg"},{"@type":"BreadcrumbList","@id":"https:\/\/onyxcentersource.com\/it\/customer-success\/denihan-hospitality-group\/#breadcrumb","itemListElement":[{"@type":"ListItem","position":1,"name":"Home","item":"https:\/\/onyxcentersource.com\/it\/home\/"},{"@type":"ListItem","position":2,"name":"Customer Success","item":"https:\/\/onyxcentersource.com\/it\/customer-success\/"},{"@type":"ListItem","position":3,"name":"Denihan Hospitality Group"}]},{"@type":"WebSite","@id":"https:\/\/onyxcentersource.com\/it\/#website","url":"https:\/\/onyxcentersource.com\/it\/","name":"Onyx CenterSource\u2122","description":"","publisher":{"@id":"https:\/\/onyxcentersource.com\/it\/#organization"},"potentialAction":[{"@type":"SearchAction","target":{"@type":"EntryPoint","urlTemplate":"https:\/\/onyxcentersource.com\/it\/?s={search_term_string}"},"query-input":{"@type":"PropertyValueSpecification","valueRequired":true,"valueName":"search_term_string"}}],"inLanguage":"it-IT"},{"@type":"Organization","@id":"https:\/\/onyxcentersource.com\/it\/#organization","name":"Onyx CenterSource\u2122","url":"https:\/\/onyxcentersource.com\/it\/","logo":{"@type":"ImageObject","inLanguage":"it-IT","@id":"https:\/\/onyxcentersource.com\/it\/#\/schema\/logo\/image\/","url":"https:\/\/onyxcentersource.com\/wp-content\/uploads\/2025\/12\/Onyx-Logo-Horizontal-scaled-e1765564060227.png","contentUrl":"https:\/\/onyxcentersource.com\/wp-content\/uploads\/2025\/12\/Onyx-Logo-Horizontal-scaled-e1765564060227.png","width":370,"height":115,"caption":"Onyx CenterSource\u2122"},"image":{"@id":"https:\/\/onyxcentersource.com\/it\/#\/schema\/logo\/image\/"}}]}},"featured_image_src":null,"featured_image_src_square":null,"_links":{"self":[{"href":"https:\/\/onyxcentersource.com\/it\/wp-json\/wp\/v2\/pages\/997257","targetHints":{"allow":["GET"]}}],"collection":[{"href":"https:\/\/onyxcentersource.com\/it\/wp-json\/wp\/v2\/pages"}],"about":[{"href":"https:\/\/onyxcentersource.com\/it\/wp-json\/wp\/v2\/types\/page"}],"author":[{"embeddable":true,"href":"https:\/\/onyxcentersource.com\/it\/wp-json\/wp\/v2\/users\/2"}],"replies":[{"embeddable":true,"href":"https:\/\/onyxcentersource.com\/it\/wp-json\/wp\/v2\/comments?post=997257"}],"version-history":[{"count":0,"href":"https:\/\/onyxcentersource.com\/it\/wp-json\/wp\/v2\/pages\/997257\/revisions"}],"up":[{"embeddable":true,"href":"https:\/\/onyxcentersource.com\/it\/wp-json\/wp\/v2\/pages\/997214"}],"wp:attachment":[{"href":"https:\/\/onyxcentersource.com\/it\/wp-json\/wp\/v2\/media?parent=997257"}],"curies":[{"name":"wp","href":"https:\/\/api.w.org\/{rel}","templated":true}]}}