{"id":988820,"date":"2025-11-20T20:18:31","date_gmt":"2025-11-20T20:18:31","guid":{"rendered":"https:\/\/onyxcenterdev.wpenginepowered.com\/informacoes-sobre-denuncias\/"},"modified":"2025-12-04T20:25:55","modified_gmt":"2025-12-04T20:25:55","slug":"informacoes-sobre-denuncias","status":"publish","type":"page","link":"https:\/\/onyxcentersource.com\/pt-br\/informacoes-sobre-denuncias\/","title":{"rendered":"Informa\u00e7\u00f5es sobre Den\u00fancias"},"content":{"rendered":"\t\t<div data-elementor-type=\"wp-page\" data-elementor-id=\"988820\" class=\"elementor elementor-988820 elementor-988118\" data-elementor-post-type=\"page\">\n\t\t\t\t<div class=\"elementor-element elementor-element-1d9a684 e-flex e-con-boxed e-con e-parent\" data-id=\"1d9a684\" data-element_type=\"container\">\n\t\t\t\t\t<div class=\"e-con-inner\">\n\t\t<div class=\"elementor-element elementor-element-89eb5db e-flex e-con-boxed e-con e-child\" data-id=\"89eb5db\" data-element_type=\"container\" data-settings=\"{&quot;background_background&quot;:&quot;gradient&quot;}\">\n\t\t\t\t\t<div class=\"e-con-inner\">\n\t\t<div class=\"elementor-element elementor-element-2dc0cf7 e-flex e-con-boxed e-con e-child\" data-id=\"2dc0cf7\" data-element_type=\"container\">\n\t\t\t\t\t<div class=\"e-con-inner\">\n\t\t<div class=\"elementor-element elementor-element-d02b08e e-con-full e-flex e-con e-child\" data-id=\"d02b08e\" data-element_type=\"container\">\n\t\t\t\t<div class=\"elementor-element elementor-element-df28f64 elementor-widget elementor-widget-heading\" data-id=\"df28f64\" data-element_type=\"widget\" data-widget_type=\"heading.default\">\n\t\t\t\t<div class=\"elementor-widget-container\">\n\t\t\t\t\t<span class=\"elementor-heading-title elementor-size-default\">Informa\u00e7\u00f5es sobre Den\u00fancias<\/span>\t\t\t\t<\/div>\n\t\t\t\t<\/div>\n\t\t\t\t<div class=\"elementor-element elementor-element-05ac261 elementor-widget elementor-widget-heading\" data-id=\"05ac261\" data-element_type=\"widget\" data-widget_type=\"heading.default\">\n\t\t\t\t<div class=\"elementor-widget-container\">\n\t\t\t\t\t<h1 class=\"elementor-heading-title elementor-size-default\">Informa\u00e7\u00f5es sobre Den\u00fancias<\/h1>\t\t\t\t<\/div>\n\t\t\t\t<\/div>\n\t\t\t\t<\/div>\n\t\t<div class=\"elementor-element elementor-element-ec7541a e-flex e-con-boxed e-con e-child\" data-id=\"ec7541a\" data-element_type=\"container\">\n\t\t\t\t\t<div class=\"e-con-inner\">\n\t\t\t\t<div class=\"elementor-element elementor-element-9aca551 elementor-widget elementor-widget-text-editor\" data-id=\"9aca551\" data-element_type=\"widget\" data-widget_type=\"text-editor.default\">\n\t\t\t\t<div class=\"elementor-widget-container\">\n\t\t\t\t\t\t\t\t\t<p><em>O controlador de dados \u00e9 a PEGASUS BUSINESS INTELLIGENCE LP, operando como Onyx CenterSource e suas afiliadas (&#8220;Onyx&#8221;). Os dados ser\u00e3o processados para gerenciar sua comunica\u00e7\u00e3o e investigar os fatos relatados. Sob as condi\u00e7\u00f5es legais, voc\u00ea tem o direito de acessar, retificar e excluir os dados, limitar seu tratamento, opor-se a ele e \u00e0 sua portabilidade. Voc\u00ea pode encontrar mais informa\u00e7\u00f5es sobre o processamento de seus dados pessoais na Pol\u00edtica de Privacidade do Canal de Informa\u00e7\u00f5es Internas.<\/em><br><em><\/em><br><em>Para relatar um incidente, por favor, acesse <\/em><em><a class=\"c-link\" href=\"http:\/\/www.lighthouse-services.com\/onyxcentersource\" target=\"_blank\" rel=\"noopener noreferrer\" data-stringify-link=\"http:\/\/www.lighthouse-services.com\/onyxcentersource\" data-sk=\"tooltip_parent\">Den\u00fancia An\u00f4nima Syntrio<\/a><\/em><em> ou ligue para as Linhas Diretas de Den\u00fancia Dom\u00e9sticas e Internacionais 24\/7\/365 usando as seguintes instru\u00e7\u00f5es:<\/em><\/p>\n<p>1. Certifique-se de ter uma linha externa.<\/p>\n<p>2. Digite o <a href=\"https:\/\/www.business.att.com\/collateral\/access.html\">c\u00f3digo de acesso<\/a> para o pa\u00eds e\/ou o sistema telef\u00f4nico do qual voc\u00ea est\u00e1 ligando. Voc\u00ea ouvir\u00e1 ent\u00e3o um &#8216;bipe&#8217;. <\/p>\n<p>3. Uma mensagem de voz em ingl\u00eas solicitar\u00e1 o n\u00famero para o qual voc\u00ea est\u00e1 ligando.<\/p>\n<p>4. Digite nosso n\u00famero gratuito: 800-603-2869. N\u00e3o \u00e9 necess\u00e1rio discar &#8220;1&#8221; antes do n\u00famero gratuito. <\/p>\n<p>5. Agora voc\u00ea est\u00e1 conectado \u00e0 linha direta.<\/p>\n<p>6. Uma sauda\u00e7\u00e3o da Lighthouse ser\u00e1 reproduzida em <a href=\"https:\/\/www.lighthouse-services.com\/documentlink\/Automated%20in-language%20greetings%2010-31-2019.pdf\">v\u00e1rios idiomas<\/a>. Fa\u00e7a uma escolha entre as op\u00e7\u00f5es de idioma pr\u00e9-gravadas ou pressione 000 e informe ao operador em ingl\u00eas o idioma que voc\u00ea fala (preferencialmente em ingl\u00eas). Um int\u00e9rprete se juntar\u00e1 \u00e0 chamada em 2-3 minutos. O operador da Lighthouse o entrevistar\u00e1, auxiliado pelo int\u00e9rprete.   <\/p>\t\t\t\t\t\t\t\t<\/div>\n\t\t\t\t<\/div>\n\t\t\t\t\t<\/div>\n\t\t\t\t<\/div>\n\t\t\t\t\t<\/div>\n\t\t\t\t<\/div>\n\t\t\t\t\t<\/div>\n\t\t\t\t<\/div>\n\t\t\t\t\t<\/div>\n\t\t\t\t<\/div>\n\t\t\t\t<\/div>\n\t\t","protected":false},"excerpt":{"rendered":"<p>Informa\u00e7\u00f5es sobre Den\u00fancias Informa\u00e7\u00f5es sobre Den\u00fancias O controlador de dados \u00e9 a PEGASUS BUSINESS INTELLIGENCE LP, operando como Onyx CenterSource e suas afiliadas (&#8220;Onyx&#8221;). Os dados ser\u00e3o processados para gerenciar sua comunica\u00e7\u00e3o e investigar os fatos relatados. Sob as condi\u00e7\u00f5es legais, voc\u00ea tem o direito de acessar, retificar e excluir os dados, limitar seu tratamento,&#8230;<\/p>\n","protected":false},"author":2,"featured_media":0,"parent":0,"menu_order":0,"comment_status":"closed","ping_status":"closed","template":"","meta":{"_acf_changed":false,"footnotes":""},"class_list":["post-988820","page","type-page","status-publish","hentry"],"acf":[],"yoast_head":"<!-- This site is optimized with the Yoast SEO Premium plugin v26.5 (Yoast SEO v27.0) - https:\/\/yoast.com\/product\/yoast-seo-premium-wordpress\/ -->\n<title>Informa\u00e7\u00f5es sobre Den\u00fancias - Onyx CenterSource\u2122<\/title>\n<meta name=\"robots\" content=\"index, follow, max-snippet:-1, max-image-preview:large, max-video-preview:-1\" \/>\n<link rel=\"canonical\" href=\"https:\/\/onyxcentersource.com\/pt-br\/informacoes-sobre-denuncias\/\" \/>\n<meta property=\"og:locale\" content=\"pt_BR\" \/>\n<meta property=\"og:type\" content=\"article\" \/>\n<meta property=\"og:title\" content=\"Informa\u00e7\u00f5es sobre Den\u00fancias\" \/>\n<meta property=\"og:description\" content=\"Informa\u00e7\u00f5es sobre Den\u00fancias Informa\u00e7\u00f5es sobre Den\u00fancias O controlador de dados \u00e9 a PEGASUS BUSINESS INTELLIGENCE LP, operando como Onyx CenterSource e suas afiliadas (&#8220;Onyx&#8221;). Os dados ser\u00e3o processados para gerenciar sua comunica\u00e7\u00e3o e investigar os fatos relatados. Sob as condi\u00e7\u00f5es legais, voc\u00ea tem o direito de acessar, retificar e excluir os dados, limitar seu tratamento,...\" \/>\n<meta property=\"og:url\" content=\"https:\/\/onyxcentersource.com\/pt-br\/informacoes-sobre-denuncias\/\" \/>\n<meta property=\"og:site_name\" content=\"Onyx CenterSource\u2122\" \/>\n<meta property=\"article:modified_time\" content=\"2025-12-04T20:25:55+00:00\" \/>\n<meta name=\"twitter:card\" content=\"summary_large_image\" \/>\n<meta name=\"twitter:label1\" content=\"Est. tempo de leitura\" \/>\n\t<meta name=\"twitter:data1\" content=\"1 minuto\" \/>\n<script type=\"application\/ld+json\" class=\"yoast-schema-graph\">{\"@context\":\"https:\/\/schema.org\",\"@graph\":[{\"@type\":\"WebPage\",\"@id\":\"https:\/\/onyxcentersource.com\/pt-br\/informacoes-sobre-denuncias\/\",\"url\":\"https:\/\/onyxcentersource.com\/pt-br\/informacoes-sobre-denuncias\/\",\"name\":\"Informa\u00e7\u00f5es sobre Den\u00fancias - Onyx CenterSource\u2122\",\"isPartOf\":{\"@id\":\"https:\/\/onyxcentersource.com\/pt-br\/#website\"},\"datePublished\":\"2025-11-20T20:18:31+00:00\",\"dateModified\":\"2025-12-04T20:25:55+00:00\",\"breadcrumb\":{\"@id\":\"https:\/\/onyxcentersource.com\/pt-br\/informacoes-sobre-denuncias\/#breadcrumb\"},\"inLanguage\":\"pt-BR\",\"potentialAction\":[{\"@type\":\"ReadAction\",\"target\":[\"https:\/\/onyxcentersource.com\/pt-br\/informacoes-sobre-denuncias\/\"]}]},{\"@type\":\"BreadcrumbList\",\"@id\":\"https:\/\/onyxcentersource.com\/pt-br\/informacoes-sobre-denuncias\/#breadcrumb\",\"itemListElement\":[{\"@type\":\"ListItem\",\"position\":1,\"name\":\"Home\",\"item\":\"https:\/\/onyxcentersource.com\/pt-br\/inicio\/\"},{\"@type\":\"ListItem\",\"position\":2,\"name\":\"Informa\u00e7\u00f5es sobre Den\u00fancias\"}]},{\"@type\":\"WebSite\",\"@id\":\"https:\/\/onyxcentersource.com\/pt-br\/#website\",\"url\":\"https:\/\/onyxcentersource.com\/pt-br\/\",\"name\":\"Onyx CenterSource\u2122\",\"description\":\"\",\"publisher\":{\"@id\":\"https:\/\/onyxcentersource.com\/pt-br\/#organization\"},\"potentialAction\":[{\"@type\":\"SearchAction\",\"target\":{\"@type\":\"EntryPoint\",\"urlTemplate\":\"https:\/\/onyxcentersource.com\/pt-br\/?s={search_term_string}\"},\"query-input\":{\"@type\":\"PropertyValueSpecification\",\"valueRequired\":true,\"valueName\":\"search_term_string\"}}],\"inLanguage\":\"pt-BR\"},{\"@type\":\"Organization\",\"@id\":\"https:\/\/onyxcentersource.com\/pt-br\/#organization\",\"name\":\"Onyx CenterSource\u2122\",\"url\":\"https:\/\/onyxcentersource.com\/pt-br\/\",\"logo\":{\"@type\":\"ImageObject\",\"inLanguage\":\"pt-BR\",\"@id\":\"https:\/\/onyxcentersource.com\/pt-br\/#\/schema\/logo\/image\/\",\"url\":\"https:\/\/onyxcentersource.com\/wp-content\/uploads\/2025\/12\/Onyx-Logo-Horizontal-scaled-e1765564060227.png\",\"contentUrl\":\"https:\/\/onyxcentersource.com\/wp-content\/uploads\/2025\/12\/Onyx-Logo-Horizontal-scaled-e1765564060227.png\",\"width\":370,\"height\":115,\"caption\":\"Onyx CenterSource\u2122\"},\"image\":{\"@id\":\"https:\/\/onyxcentersource.com\/pt-br\/#\/schema\/logo\/image\/\"}}]}<\/script>\n<!-- \/ Yoast SEO Premium plugin. -->","yoast_head_json":{"title":"Informa\u00e7\u00f5es sobre Den\u00fancias - Onyx CenterSource\u2122","robots":{"index":"index","follow":"follow","max-snippet":"max-snippet:-1","max-image-preview":"max-image-preview:large","max-video-preview":"max-video-preview:-1"},"canonical":"https:\/\/onyxcentersource.com\/pt-br\/informacoes-sobre-denuncias\/","og_locale":"pt_BR","og_type":"article","og_title":"Informa\u00e7\u00f5es sobre Den\u00fancias","og_description":"Informa\u00e7\u00f5es sobre Den\u00fancias Informa\u00e7\u00f5es sobre Den\u00fancias O controlador de dados \u00e9 a PEGASUS BUSINESS INTELLIGENCE LP, operando como Onyx CenterSource e suas afiliadas (&#8220;Onyx&#8221;). Os dados ser\u00e3o processados para gerenciar sua comunica\u00e7\u00e3o e investigar os fatos relatados. Sob as condi\u00e7\u00f5es legais, voc\u00ea tem o direito de acessar, retificar e excluir os dados, limitar seu tratamento,...","og_url":"https:\/\/onyxcentersource.com\/pt-br\/informacoes-sobre-denuncias\/","og_site_name":"Onyx CenterSource\u2122","article_modified_time":"2025-12-04T20:25:55+00:00","twitter_card":"summary_large_image","twitter_misc":{"Est. tempo de leitura":"1 minuto"},"schema":{"@context":"https:\/\/schema.org","@graph":[{"@type":"WebPage","@id":"https:\/\/onyxcentersource.com\/pt-br\/informacoes-sobre-denuncias\/","url":"https:\/\/onyxcentersource.com\/pt-br\/informacoes-sobre-denuncias\/","name":"Informa\u00e7\u00f5es sobre Den\u00fancias - Onyx CenterSource\u2122","isPartOf":{"@id":"https:\/\/onyxcentersource.com\/pt-br\/#website"},"datePublished":"2025-11-20T20:18:31+00:00","dateModified":"2025-12-04T20:25:55+00:00","breadcrumb":{"@id":"https:\/\/onyxcentersource.com\/pt-br\/informacoes-sobre-denuncias\/#breadcrumb"},"inLanguage":"pt-BR","potentialAction":[{"@type":"ReadAction","target":["https:\/\/onyxcentersource.com\/pt-br\/informacoes-sobre-denuncias\/"]}]},{"@type":"BreadcrumbList","@id":"https:\/\/onyxcentersource.com\/pt-br\/informacoes-sobre-denuncias\/#breadcrumb","itemListElement":[{"@type":"ListItem","position":1,"name":"Home","item":"https:\/\/onyxcentersource.com\/pt-br\/inicio\/"},{"@type":"ListItem","position":2,"name":"Informa\u00e7\u00f5es sobre Den\u00fancias"}]},{"@type":"WebSite","@id":"https:\/\/onyxcentersource.com\/pt-br\/#website","url":"https:\/\/onyxcentersource.com\/pt-br\/","name":"Onyx CenterSource\u2122","description":"","publisher":{"@id":"https:\/\/onyxcentersource.com\/pt-br\/#organization"},"potentialAction":[{"@type":"SearchAction","target":{"@type":"EntryPoint","urlTemplate":"https:\/\/onyxcentersource.com\/pt-br\/?s={search_term_string}"},"query-input":{"@type":"PropertyValueSpecification","valueRequired":true,"valueName":"search_term_string"}}],"inLanguage":"pt-BR"},{"@type":"Organization","@id":"https:\/\/onyxcentersource.com\/pt-br\/#organization","name":"Onyx CenterSource\u2122","url":"https:\/\/onyxcentersource.com\/pt-br\/","logo":{"@type":"ImageObject","inLanguage":"pt-BR","@id":"https:\/\/onyxcentersource.com\/pt-br\/#\/schema\/logo\/image\/","url":"https:\/\/onyxcentersource.com\/wp-content\/uploads\/2025\/12\/Onyx-Logo-Horizontal-scaled-e1765564060227.png","contentUrl":"https:\/\/onyxcentersource.com\/wp-content\/uploads\/2025\/12\/Onyx-Logo-Horizontal-scaled-e1765564060227.png","width":370,"height":115,"caption":"Onyx CenterSource\u2122"},"image":{"@id":"https:\/\/onyxcentersource.com\/pt-br\/#\/schema\/logo\/image\/"}}]}},"featured_image_src":null,"featured_image_src_square":null,"_links":{"self":[{"href":"https:\/\/onyxcentersource.com\/pt-br\/wp-json\/wp\/v2\/pages\/988820","targetHints":{"allow":["GET"]}}],"collection":[{"href":"https:\/\/onyxcentersource.com\/pt-br\/wp-json\/wp\/v2\/pages"}],"about":[{"href":"https:\/\/onyxcentersource.com\/pt-br\/wp-json\/wp\/v2\/types\/page"}],"author":[{"embeddable":true,"href":"https:\/\/onyxcentersource.com\/pt-br\/wp-json\/wp\/v2\/users\/2"}],"replies":[{"embeddable":true,"href":"https:\/\/onyxcentersource.com\/pt-br\/wp-json\/wp\/v2\/comments?post=988820"}],"version-history":[{"count":0,"href":"https:\/\/onyxcentersource.com\/pt-br\/wp-json\/wp\/v2\/pages\/988820\/revisions"}],"wp:attachment":[{"href":"https:\/\/onyxcentersource.com\/pt-br\/wp-json\/wp\/v2\/media?parent=988820"}],"curies":[{"name":"wp","href":"https:\/\/api.w.org\/{rel}","templated":true}]}}