{"id":988822,"date":"2025-11-20T20:18:37","date_gmt":"2025-11-20T20:18:37","guid":{"rendered":"https:\/\/onyxcenterdev.wpenginepowered.com\/termos-e-condicoes\/"},"modified":"2025-12-04T20:27:14","modified_gmt":"2025-12-04T20:27:14","slug":"termos-e-condicoes","status":"publish","type":"page","link":"https:\/\/onyxcentersource.com\/pt-br\/termos-e-condicoes\/","title":{"rendered":"Termos e Condi\u00e7\u00f5es"},"content":{"rendered":"\t\t<div data-elementor-type=\"wp-page\" data-elementor-id=\"988822\" class=\"elementor elementor-988822 elementor-988119\" data-elementor-post-type=\"page\">\n\t\t\t\t<div class=\"elementor-element elementor-element-1d9a684 e-flex e-con-boxed e-con e-parent\" data-id=\"1d9a684\" data-element_type=\"container\">\n\t\t\t\t\t<div class=\"e-con-inner\">\n\t\t<div class=\"elementor-element elementor-element-89eb5db e-flex e-con-boxed e-con e-child\" data-id=\"89eb5db\" data-element_type=\"container\" data-settings=\"{&quot;background_background&quot;:&quot;gradient&quot;}\">\n\t\t\t\t\t<div class=\"e-con-inner\">\n\t\t<div class=\"elementor-element elementor-element-2dc0cf7 e-flex e-con-boxed e-con e-child\" data-id=\"2dc0cf7\" data-element_type=\"container\">\n\t\t\t\t\t<div class=\"e-con-inner\">\n\t\t<div class=\"elementor-element elementor-element-d02b08e e-con-full e-flex e-con e-child\" data-id=\"d02b08e\" data-element_type=\"container\">\n\t\t\t\t<div class=\"elementor-element elementor-element-df28f64 elementor-widget elementor-widget-heading\" data-id=\"df28f64\" data-element_type=\"widget\" data-widget_type=\"heading.default\">\n\t\t\t\t<div class=\"elementor-widget-container\">\n\t\t\t\t\t<span class=\"elementor-heading-title elementor-size-default\">Termos e Condi\u00e7\u00f5es<\/span>\t\t\t\t<\/div>\n\t\t\t\t<\/div>\n\t\t\t\t<div class=\"elementor-element elementor-element-05ac261 elementor-widget elementor-widget-heading\" data-id=\"05ac261\" data-element_type=\"widget\" data-widget_type=\"heading.default\">\n\t\t\t\t<div class=\"elementor-widget-container\">\n\t\t\t\t\t<h1 class=\"elementor-heading-title elementor-size-default\">Termos de Uso do Site<\/h1>\t\t\t\t<\/div>\n\t\t\t\t<\/div>\n\t\t\t\t<\/div>\n\t\t<div class=\"elementor-element elementor-element-ec7541a e-flex e-con-boxed e-con e-child\" data-id=\"ec7541a\" data-element_type=\"container\">\n\t\t\t\t\t<div class=\"e-con-inner\">\n\t\t\t\t<div class=\"elementor-element elementor-element-9aca551 elementor-widget elementor-widget-text-editor\" data-id=\"9aca551\" data-element_type=\"widget\" data-widget_type=\"text-editor.default\">\n\t\t\t\t<div class=\"elementor-widget-container\">\n\t\t\t\t\t\t\t\t\t<p>Estes Termos de Uso do Site (estes \u201c<b>Termos<\/b>\u201d) regem o uso e acesso do site em <a href=\"https:\/\/onyxcentersource.com\/\">onyxcentersource.com<\/a> e quaisquer p\u00e1ginas relacionadas (o \u201c<b>Site<\/b>\u201d). Estes Termos formam um acordo vinculativo e legalmente aplic\u00e1vel entre voc\u00ea (juntamente com a organiza\u00e7\u00e3o em nome da qual voc\u00ea est\u00e1 visitando este site, se houver, \u201c<b>voc\u00ea<\/b>\u201d ou \u201c<b>seu<\/b>\u201d) e a Pegasus Business Intelligence, LP d\/b\/a Onyx CenterSource e suas afiliadas, incluindo, sem limita\u00e7\u00e3o, Onyx CenterSource Spain, S.A. e Onyx CenterSource AS (juntas, \u201c<b>Onyx<\/b>\u201d), que possui e opera o Site. Ao acessar e usar o Site, voc\u00ea est\u00e1 aceitando expressamente estes Termos. Se voc\u00ea n\u00e3o concorda em estar vinculado a estes Termos, deve cessar imediatamente o uso do Site.   <\/p><ol><li><strong>Outros Acordos<\/strong>. Estes Termos regem seu uso e acesso ao Site. N\u00e3o obstante o exposto, se voc\u00ea for parte de um contrato separado com a Onyx, por exemplo, como cliente dos servi\u00e7os da Onyx, esse contrato reger\u00e1 o assunto aplic\u00e1vel.  <br><br><\/li><li><strong>Modifica\u00e7\u00e3o.<\/strong> A Onyx pode modificar estes Termos periodicamente. Quando isso acontecer, um aviso poder\u00e1 ser inclu\u00eddo no Site indicando e informando que modifica\u00e7\u00f5es foram feitas. Seu uso continuado do Site ap\u00f3s a publica\u00e7\u00e3o de qualquer nova vers\u00e3o destes Termos constitui sua concord\u00e2ncia em estar vinculado \u00e0 vers\u00e3o publicada atual destes Termos. A Onyx pode modificar ou remover o Site ou quaisquer recursos ou funcionalidades dele, e quaisquer informa\u00e7\u00f5es e materiais contidos nele, a qualquer momento, com ou sem aviso pr\u00e9vio. A Onyx n\u00e3o ter\u00e1 nenhuma responsabilidade por tal modifica\u00e7\u00e3o ou remo\u00e7\u00e3o.    <br><br><\/li><li><strong>Licen\u00e7a<\/strong>. \u201cConte\u00fado\u201d significa todas as informa\u00e7\u00f5es, dados, texto, software, m\u00fasica, som, fotografias, gr\u00e1ficos, v\u00eddeo, mensagens ou outro material que s\u00e3o exibidos, usados ou de outra forma incorporados ao Site, que s\u00e3o propriedade exclusiva da Onyx ou, conforme o caso, possui os direitos necess\u00e1rios concedidos pelo propriet\u00e1rio terceiro para seu uso. A Onyx concede a voc\u00ea uma licen\u00e7a limitada, revog\u00e1vel, pessoal, n\u00e3o exclusiva e intransfer\u00edvel para acessar e usar o Site e o Conte\u00fado para seu uso pessoal, informativo e n\u00e3o comercial, desde que voc\u00ea o utilize de acordo com estes Termos e as regulamenta\u00e7\u00f5es em vigor. <br><br><\/li><li><strong>Restri\u00e7\u00f5es e Usos Proibidos.<\/strong> Voc\u00ea pode usar o Site e o Conte\u00fado apenas para fins l\u00edcitos e de acordo com estes Termos. Em particular, voc\u00ea n\u00e3o pode: (i) remover quaisquer marcas registradas, avisos de direitos autorais ou qualquer outro aviso contido em qualquer Conte\u00fado; (ii) reproduzir, baixar (exceto cache de p\u00e1gina), modificar, publicar, distribuir, transmitir, disseminar, transmitir, transferir, licenciar, vender, alugar, arrendar, adaptar, criar obras derivadas com base em, exibir ou executar publicamente, ou de qualquer forma explorar qualquer Conte\u00fado; (iii) enquadrar ou utilizar t\u00e9cnicas de enquadramento para incluir qualquer Conte\u00fado; (iv) desmontar, descompilar ou fazer engenharia reversa de qualquer Conte\u00fado; (v) tentar invadir qualquer parte do Site, ou derrotar ou superar qualquer tecnologia de criptografia ou medidas de seguran\u00e7a implementadas por N\u00f3s; (vi) interferir ou interromper a opera\u00e7\u00e3o do Site ou dos servidores ou redes conectados ou operados em conex\u00e3o com o Site; (vii) violar qualquer lei local, estadual, nacional ou internacional aplic\u00e1vel; (viii) fazer qualquer solicita\u00e7\u00e3o a servidores transacionais mais de uma vez durante qualquer intervalo de tr\u00eas segundos; (ix) introduzir quaisquer v\u00edrus, cavalos de Troia, worms ou outro material malicioso ou tecnologicamente prejudicial que impe\u00e7a o uso normal do Site; ou (xi) obter ou tentar obter conte\u00fados utilizando meios ou procedimentos diferentes daqueles que foram disponibilizados para este fim ou que foram expressamente indicados no Site onde os conte\u00fados se encontram ou, em geral, daqueles que s\u00e3o comumente utilizados na Internet porque n\u00e3o envolvem risco de dano ou desativa\u00e7\u00e3o do Site e\/ou do Conte\u00fado.<br><br><\/li><li><strong>Prazo.<\/strong> Estes Termos permanecer\u00e3o em pleno vigor e efeito at\u00e9 serem rescindidos pela Onyx a qualquer momento, com ou sem aviso pr\u00e9vio. Sem limitar o exposto, a Onyx pode rescindir ou suspender imediatamente seu acesso ao Site por qualquer motivo ou sem motivo. A licen\u00e7a concedida a voc\u00ea na Se\u00e7\u00e3o 3 ser\u00e1 automaticamente rescindida se voc\u00ea violar estes Termos.  <br><br><\/li><li><strong>Propriedade.<\/strong> O Site e todo o Conte\u00fado, incluindo quaisquer marcas registradas e direitos autorais nele contidos, s\u00e3o de propriedade da Onyx ou de seus licenciadores. Nada aqui ser\u00e1 considerado como concess\u00e3o de qualquer direito, t\u00edtulo ou interesse a voc\u00ea no Site ou no Conte\u00fado. <br><br><\/li><li><strong>Isen\u00e7\u00f5es de Responsabilidade<strong>.<\/strong><\/strong><ol><li>O Site e o Conte\u00fado s\u00e3o apenas para fins informativos. A confian\u00e7a em qualquer informa\u00e7\u00e3o fornecida pelo Site \u00e9 de sua exclusiva responsabilidade. O Site ou o Conte\u00fado podem conter links para sites de terceiros ou informa\u00e7\u00f5es de contato para provedores de servi\u00e7os de terceiros (coletivamente, \u201cProvedores Terceiros\u201d). A Onyx n\u00e3o \u00e9 respons\u00e1vel pelo conte\u00fado, precis\u00e3o ou opini\u00f5es expressas por Provedores Terceiros, e tais Provedores Terceiros n\u00e3o s\u00e3o de forma alguma investigados, monitorados ou verificados quanto \u00e0 precis\u00e3o ou integridade pela Onyx. A inclus\u00e3o de quaisquer links no Site n\u00e3o implica aprova\u00e7\u00e3o ou endosso do site vinculado. Ao acessar ou contatar esses Provedores Terceiros, voc\u00ea o faz por sua pr\u00f3pria conta e risco.     <br><br><\/li><li>A Onyx n\u00e3o \u00e9 respons\u00e1vel por quaisquer problemas ou mau funcionamento t\u00e9cnico de qualquer rede ou linhas eletr\u00f4nicas, servidores, software ou falha de transmiss\u00e3o como resultado de problemas t\u00e9cnicos ou congestionamento de tr\u00e1fego na Internet ou no Site, incluindo qualquer les\u00e3o ou dano ao computador de qualquer pessoa resultante da participa\u00e7\u00e3o ou download de materiais em conex\u00e3o com o Site. Sob nenhuma circunst\u00e2ncia a Onyx ser\u00e1 respons\u00e1vel por qualquer perda ou dano, incluindo les\u00e3o pessoal ou morte, resultante do uso do Site ou de qualquer Conte\u00fado. <br><br><\/li><li>O Site e o Conte\u00fado s\u00e3o fornecidos \u201ccomo est\u00e3o\u201d e \u201cconforme dispon\u00edveis\u201d, e a Onyx se isenta expressamente de quaisquer garantias, expressas ou impl\u00edcitas, incluindo, mas n\u00e3o se limitando a, garantias de adequa\u00e7\u00e3o a uma finalidade espec\u00edfica, comercializa\u00e7\u00e3o, t\u00edtulo ou n\u00e3o viola\u00e7\u00e3o. A Onyx n\u00e3o pode garantir e n\u00e3o promete quaisquer resultados espec\u00edficos do uso do site ou de provedores terceiros. <br><br><\/li><li>Pol\u00edtica de Privacidade e Cookies. Este Site e Conte\u00fado est\u00e3o sujeitos \u00e0 nossa <a href=\"https:\/\/onyxcentersource.com\/pt-br\/politica-de-privacidade\/\">Pol\u00edtica de Privacidade<\/a> e <a href=\"https:\/\/onyxcentersource.com\/pt-br\/politica-de-cookies\/\">Pol\u00edtica de Cookies<\/a>. <br><br><\/li><li>Uso Internacional e Idioma. O Site pode estar dispon\u00edvel para usu\u00e1rios localizados em pa\u00edses diferentes dos Estados Unidos. O usu\u00e1rio \u00e9 o \u00fanico respons\u00e1vel por cumprir as leis dos pa\u00edses de onde utiliza o Site e o Conte\u00fado. No caso de estes Termos serem traduzidos para certos idiomas para garantir que possam ser lidos e compreendidos por todos os nossos usu\u00e1rios, voc\u00ea est\u00e1 ciente e aceita que a vers\u00e3o em ingl\u00eas sempre prevalecer\u00e1 na hip\u00f3tese de existirem contradi\u00e7\u00f5es entre as diferentes vers\u00f5es.   <br><br><\/li><li>Limita\u00e7\u00e3o de Responsabilidade. Em nenhuma hip\u00f3tese a Onyx ser\u00e1 respons\u00e1vel perante voc\u00ea ou qualquer terceiro por quaisquer danos indiretos, consequenciais, exemplares, incidentais, especiais ou punitivos, incluindo danos por lucros cessantes decorrentes do seu uso do site ou conte\u00fado, mesmo que a Onyx tenha sido avisada da possibilidade de tais danos. N\u00e3o obstante qualquer disposi\u00e7\u00e3o em contr\u00e1rio contida aqui, a responsabilidade total agregada da Onyx para com voc\u00ea, sob qualquer causa de a\u00e7\u00e3o, em nenhuma hip\u00f3tese exceder\u00e1 cem d\u00f3lares (100 $) ou o valor pago, se houver, por voc\u00ea \u00e0 Onyx. <\/li><\/ol><\/li><li><strong>Lei Aplic\u00e1vel e Resolu\u00e7\u00e3o de Disputas.<\/strong> Se houver qualquer disputa RELACIONADA AO SITE OU CONTE\u00daDO, voc\u00ea concorda que a disputa ser\u00e1 regida pelas leis do Estado do Texas, sem considerar as disposi\u00e7\u00f5es de conflito de leis, e voc\u00ea concorda com a jurisdi\u00e7\u00e3o pessoal exclusiva e o foro nos tribunais estaduais e federais NO CONDADO DE DALLAS, TEXAS. Qualquer parte pode exigir que qualquer disputa relacionada ao Site seja resolvida por arbitragem utilizando os procedimentos de resolu\u00e7\u00e3o de disputas da American Arbitration Association (AAA), desde que o exposto n\u00e3o impe\u00e7a qualquer parte de buscar medida cautelar em um tribunal de jurisdi\u00e7\u00e3o competente ou que as leis aplic\u00e1veis do seu pa\u00eds de resid\u00eancia determinem outros tribunais competentes. <br><br><\/li><li><strong>Indeniza\u00e7\u00e3o.<\/strong> Voc\u00ea concorda em indenizar e isentar a Onyx, suas subsidi\u00e1rias e afiliadas, e seus respectivos diretores, agentes, parceiros e funcion\u00e1rios, de qualquer reclama\u00e7\u00e3o, incluindo honor\u00e1rios advocat\u00edcios razo\u00e1veis, feita por qualquer terceiro devido ou decorrente do seu uso do Site em viola\u00e7\u00e3o a estes Termos.<br><br><\/li><li><strong>Outros.<\/strong> Exceto conforme estabelecido na Se\u00e7\u00e3o 1, estes Termos constituem o acordo integral entre as partes em rela\u00e7\u00e3o ao uso do Site ou Conte\u00fado e substituem quaisquer acordos anteriores em rela\u00e7\u00e3o ao Site ou Conte\u00fado. A falha de uma parte em exercer ou fazer cumprir qualquer direito ou disposi\u00e7\u00e3o destes Termos n\u00e3o operar\u00e1 como uma ren\u00fancia a tal direito ou disposi\u00e7\u00e3o. Se qualquer disposi\u00e7\u00e3o destes Termos for ilegal, nula ou inexequ\u00edvel, essa disposi\u00e7\u00e3o ser\u00e1 considerada separ\u00e1vel destes Termos e n\u00e3o afetar\u00e1 a validade e exequibilidade de quaisquer disposi\u00e7\u00f5es restantes. Se voc\u00ea tiver alguma d\u00favida sobre o Site ou estes Termos, entre em contato com a Onyx atrav\u00e9s do seguinte endere\u00e7o de e-mail privacy@onyxcentersource.com   <\/li><\/ol>\t\t\t\t\t\t\t\t<\/div>\n\t\t\t\t<\/div>\n\t\t\t\t\t<\/div>\n\t\t\t\t<\/div>\n\t\t\t\t\t<\/div>\n\t\t\t\t<\/div>\n\t\t\t\t\t<\/div>\n\t\t\t\t<\/div>\n\t\t\t\t\t<\/div>\n\t\t\t\t<\/div>\n\t\t\t\t<\/div>\n\t\t","protected":false},"excerpt":{"rendered":"<p>Termos e Condi\u00e7\u00f5es Termos de Uso do Site Estes Termos de Uso do Site (estes \u201cTermos\u201d) regem o uso e acesso do site em onyxcentersource.com e quaisquer p\u00e1ginas relacionadas (o \u201cSite\u201d). Estes Termos formam um acordo vinculativo e legalmente aplic\u00e1vel entre voc\u00ea (juntamente com a organiza\u00e7\u00e3o em nome da qual voc\u00ea est\u00e1 visitando este site,&#8230;<\/p>\n","protected":false},"author":2,"featured_media":0,"parent":0,"menu_order":0,"comment_status":"closed","ping_status":"closed","template":"","meta":{"_acf_changed":false,"footnotes":""},"class_list":["post-988822","page","type-page","status-publish","hentry"],"acf":[],"yoast_head":"<!-- This site is optimized with the Yoast SEO Premium plugin v26.5 (Yoast SEO v27.0) - https:\/\/yoast.com\/product\/yoast-seo-premium-wordpress\/ -->\n<title>Termos e Condi\u00e7\u00f5es - Onyx CenterSource\u2122<\/title>\n<meta name=\"robots\" content=\"index, follow, max-snippet:-1, max-image-preview:large, max-video-preview:-1\" \/>\n<link rel=\"canonical\" href=\"https:\/\/onyxcentersource.com\/pt-br\/termos-e-condicoes\/\" \/>\n<meta property=\"og:locale\" content=\"pt_BR\" \/>\n<meta property=\"og:type\" content=\"article\" \/>\n<meta property=\"og:title\" content=\"Termos e Condi\u00e7\u00f5es\" \/>\n<meta property=\"og:description\" content=\"Termos e Condi\u00e7\u00f5es Termos de Uso do Site Estes Termos de Uso do Site (estes \u201cTermos\u201d) regem o uso e acesso do site em onyxcentersource.com e quaisquer p\u00e1ginas relacionadas (o \u201cSite\u201d). Estes Termos formam um acordo vinculativo e legalmente aplic\u00e1vel entre voc\u00ea (juntamente com a organiza\u00e7\u00e3o em nome da qual voc\u00ea est\u00e1 visitando este site,...\" \/>\n<meta property=\"og:url\" content=\"https:\/\/onyxcentersource.com\/pt-br\/termos-e-condicoes\/\" \/>\n<meta property=\"og:site_name\" content=\"Onyx CenterSource\u2122\" \/>\n<meta property=\"article:modified_time\" content=\"2025-12-04T20:27:14+00:00\" \/>\n<meta name=\"twitter:card\" content=\"summary_large_image\" \/>\n<meta name=\"twitter:label1\" content=\"Est. tempo de leitura\" \/>\n\t<meta name=\"twitter:data1\" content=\"8 minutos\" \/>\n<script type=\"application\/ld+json\" class=\"yoast-schema-graph\">{\"@context\":\"https:\/\/schema.org\",\"@graph\":[{\"@type\":\"WebPage\",\"@id\":\"https:\/\/onyxcentersource.com\/pt-br\/termos-e-condicoes\/\",\"url\":\"https:\/\/onyxcentersource.com\/pt-br\/termos-e-condicoes\/\",\"name\":\"Termos e Condi\u00e7\u00f5es - Onyx CenterSource\u2122\",\"isPartOf\":{\"@id\":\"https:\/\/onyxcentersource.com\/pt-br\/#website\"},\"datePublished\":\"2025-11-20T20:18:37+00:00\",\"dateModified\":\"2025-12-04T20:27:14+00:00\",\"breadcrumb\":{\"@id\":\"https:\/\/onyxcentersource.com\/pt-br\/termos-e-condicoes\/#breadcrumb\"},\"inLanguage\":\"pt-BR\",\"potentialAction\":[{\"@type\":\"ReadAction\",\"target\":[\"https:\/\/onyxcentersource.com\/pt-br\/termos-e-condicoes\/\"]}]},{\"@type\":\"BreadcrumbList\",\"@id\":\"https:\/\/onyxcentersource.com\/pt-br\/termos-e-condicoes\/#breadcrumb\",\"itemListElement\":[{\"@type\":\"ListItem\",\"position\":1,\"name\":\"Home\",\"item\":\"https:\/\/onyxcentersource.com\/pt-br\/inicio\/\"},{\"@type\":\"ListItem\",\"position\":2,\"name\":\"Termos e Condi\u00e7\u00f5es\"}]},{\"@type\":\"WebSite\",\"@id\":\"https:\/\/onyxcentersource.com\/pt-br\/#website\",\"url\":\"https:\/\/onyxcentersource.com\/pt-br\/\",\"name\":\"Onyx CenterSource\u2122\",\"description\":\"\",\"publisher\":{\"@id\":\"https:\/\/onyxcentersource.com\/pt-br\/#organization\"},\"potentialAction\":[{\"@type\":\"SearchAction\",\"target\":{\"@type\":\"EntryPoint\",\"urlTemplate\":\"https:\/\/onyxcentersource.com\/pt-br\/?s={search_term_string}\"},\"query-input\":{\"@type\":\"PropertyValueSpecification\",\"valueRequired\":true,\"valueName\":\"search_term_string\"}}],\"inLanguage\":\"pt-BR\"},{\"@type\":\"Organization\",\"@id\":\"https:\/\/onyxcentersource.com\/pt-br\/#organization\",\"name\":\"Onyx CenterSource\u2122\",\"url\":\"https:\/\/onyxcentersource.com\/pt-br\/\",\"logo\":{\"@type\":\"ImageObject\",\"inLanguage\":\"pt-BR\",\"@id\":\"https:\/\/onyxcentersource.com\/pt-br\/#\/schema\/logo\/image\/\",\"url\":\"https:\/\/onyxcentersource.com\/wp-content\/uploads\/2025\/12\/Onyx-Logo-Horizontal-scaled-e1765564060227.png\",\"contentUrl\":\"https:\/\/onyxcentersource.com\/wp-content\/uploads\/2025\/12\/Onyx-Logo-Horizontal-scaled-e1765564060227.png\",\"width\":370,\"height\":115,\"caption\":\"Onyx CenterSource\u2122\"},\"image\":{\"@id\":\"https:\/\/onyxcentersource.com\/pt-br\/#\/schema\/logo\/image\/\"}}]}<\/script>\n<!-- \/ Yoast SEO Premium plugin. -->","yoast_head_json":{"title":"Termos e Condi\u00e7\u00f5es - Onyx CenterSource\u2122","robots":{"index":"index","follow":"follow","max-snippet":"max-snippet:-1","max-image-preview":"max-image-preview:large","max-video-preview":"max-video-preview:-1"},"canonical":"https:\/\/onyxcentersource.com\/pt-br\/termos-e-condicoes\/","og_locale":"pt_BR","og_type":"article","og_title":"Termos e Condi\u00e7\u00f5es","og_description":"Termos e Condi\u00e7\u00f5es Termos de Uso do Site Estes Termos de Uso do Site (estes \u201cTermos\u201d) regem o uso e acesso do site em onyxcentersource.com e quaisquer p\u00e1ginas relacionadas (o \u201cSite\u201d). Estes Termos formam um acordo vinculativo e legalmente aplic\u00e1vel entre voc\u00ea (juntamente com a organiza\u00e7\u00e3o em nome da qual voc\u00ea est\u00e1 visitando este site,...","og_url":"https:\/\/onyxcentersource.com\/pt-br\/termos-e-condicoes\/","og_site_name":"Onyx CenterSource\u2122","article_modified_time":"2025-12-04T20:27:14+00:00","twitter_card":"summary_large_image","twitter_misc":{"Est. tempo de leitura":"8 minutos"},"schema":{"@context":"https:\/\/schema.org","@graph":[{"@type":"WebPage","@id":"https:\/\/onyxcentersource.com\/pt-br\/termos-e-condicoes\/","url":"https:\/\/onyxcentersource.com\/pt-br\/termos-e-condicoes\/","name":"Termos e Condi\u00e7\u00f5es - Onyx CenterSource\u2122","isPartOf":{"@id":"https:\/\/onyxcentersource.com\/pt-br\/#website"},"datePublished":"2025-11-20T20:18:37+00:00","dateModified":"2025-12-04T20:27:14+00:00","breadcrumb":{"@id":"https:\/\/onyxcentersource.com\/pt-br\/termos-e-condicoes\/#breadcrumb"},"inLanguage":"pt-BR","potentialAction":[{"@type":"ReadAction","target":["https:\/\/onyxcentersource.com\/pt-br\/termos-e-condicoes\/"]}]},{"@type":"BreadcrumbList","@id":"https:\/\/onyxcentersource.com\/pt-br\/termos-e-condicoes\/#breadcrumb","itemListElement":[{"@type":"ListItem","position":1,"name":"Home","item":"https:\/\/onyxcentersource.com\/pt-br\/inicio\/"},{"@type":"ListItem","position":2,"name":"Termos e Condi\u00e7\u00f5es"}]},{"@type":"WebSite","@id":"https:\/\/onyxcentersource.com\/pt-br\/#website","url":"https:\/\/onyxcentersource.com\/pt-br\/","name":"Onyx CenterSource\u2122","description":"","publisher":{"@id":"https:\/\/onyxcentersource.com\/pt-br\/#organization"},"potentialAction":[{"@type":"SearchAction","target":{"@type":"EntryPoint","urlTemplate":"https:\/\/onyxcentersource.com\/pt-br\/?s={search_term_string}"},"query-input":{"@type":"PropertyValueSpecification","valueRequired":true,"valueName":"search_term_string"}}],"inLanguage":"pt-BR"},{"@type":"Organization","@id":"https:\/\/onyxcentersource.com\/pt-br\/#organization","name":"Onyx CenterSource\u2122","url":"https:\/\/onyxcentersource.com\/pt-br\/","logo":{"@type":"ImageObject","inLanguage":"pt-BR","@id":"https:\/\/onyxcentersource.com\/pt-br\/#\/schema\/logo\/image\/","url":"https:\/\/onyxcentersource.com\/wp-content\/uploads\/2025\/12\/Onyx-Logo-Horizontal-scaled-e1765564060227.png","contentUrl":"https:\/\/onyxcentersource.com\/wp-content\/uploads\/2025\/12\/Onyx-Logo-Horizontal-scaled-e1765564060227.png","width":370,"height":115,"caption":"Onyx CenterSource\u2122"},"image":{"@id":"https:\/\/onyxcentersource.com\/pt-br\/#\/schema\/logo\/image\/"}}]}},"featured_image_src":null,"featured_image_src_square":null,"_links":{"self":[{"href":"https:\/\/onyxcentersource.com\/pt-br\/wp-json\/wp\/v2\/pages\/988822","targetHints":{"allow":["GET"]}}],"collection":[{"href":"https:\/\/onyxcentersource.com\/pt-br\/wp-json\/wp\/v2\/pages"}],"about":[{"href":"https:\/\/onyxcentersource.com\/pt-br\/wp-json\/wp\/v2\/types\/page"}],"author":[{"embeddable":true,"href":"https:\/\/onyxcentersource.com\/pt-br\/wp-json\/wp\/v2\/users\/2"}],"replies":[{"embeddable":true,"href":"https:\/\/onyxcentersource.com\/pt-br\/wp-json\/wp\/v2\/comments?post=988822"}],"version-history":[{"count":0,"href":"https:\/\/onyxcentersource.com\/pt-br\/wp-json\/wp\/v2\/pages\/988822\/revisions"}],"wp:attachment":[{"href":"https:\/\/onyxcentersource.com\/pt-br\/wp-json\/wp\/v2\/media?parent=988822"}],"curies":[{"name":"wp","href":"https:\/\/api.w.org\/{rel}","templated":true}]}}