{"id":988826,"date":"2025-11-20T20:18:18","date_gmt":"2025-11-20T20:18:18","guid":{"rendered":"https:\/\/onyxcenterdev.wpenginepowered.com\/politica-de-cookies\/"},"modified":"2025-12-04T20:27:14","modified_gmt":"2025-12-04T20:27:14","slug":"politica-de-cookies","status":"publish","type":"page","link":"https:\/\/onyxcentersource.com\/pt-br\/politica-de-cookies\/","title":{"rendered":"Pol\u00edtica de Cookies"},"content":{"rendered":"\t\t<div data-elementor-type=\"wp-page\" data-elementor-id=\"988826\" class=\"elementor elementor-988826 elementor-988117\" data-elementor-post-type=\"page\">\n\t\t\t\t<div class=\"elementor-element elementor-element-1d9a684 e-flex e-con-boxed e-con e-parent\" data-id=\"1d9a684\" data-element_type=\"container\">\n\t\t\t\t\t<div class=\"e-con-inner\">\n\t\t<div class=\"elementor-element elementor-element-89eb5db e-flex e-con-boxed e-con e-child\" data-id=\"89eb5db\" data-element_type=\"container\" data-settings=\"{&quot;background_background&quot;:&quot;gradient&quot;}\">\n\t\t\t\t\t<div class=\"e-con-inner\">\n\t\t<div class=\"elementor-element elementor-element-2dc0cf7 e-flex e-con-boxed e-con e-child\" data-id=\"2dc0cf7\" data-element_type=\"container\">\n\t\t\t\t\t<div class=\"e-con-inner\">\n\t\t<div class=\"elementor-element elementor-element-d02b08e e-con-full e-flex e-con e-child\" data-id=\"d02b08e\" data-element_type=\"container\">\n\t\t\t\t<div class=\"elementor-element elementor-element-df28f64 elementor-widget elementor-widget-heading\" data-id=\"df28f64\" data-element_type=\"widget\" data-widget_type=\"heading.default\">\n\t\t\t\t<div class=\"elementor-widget-container\">\n\t\t\t\t\t<span class=\"elementor-heading-title elementor-size-default\">Pol\u00edtica de Cookies<\/span>\t\t\t\t<\/div>\n\t\t\t\t<\/div>\n\t\t\t\t<div class=\"elementor-element elementor-element-05ac261 elementor-widget elementor-widget-heading\" data-id=\"05ac261\" data-element_type=\"widget\" data-widget_type=\"heading.default\">\n\t\t\t\t<div class=\"elementor-widget-container\">\n\t\t\t\t\t<h1 class=\"elementor-heading-title elementor-size-default\">Pol\u00edtica de Cookies<\/h1>\t\t\t\t<\/div>\n\t\t\t\t<\/div>\n\t\t\t\t<\/div>\n\t\t<div class=\"elementor-element elementor-element-ec7541a e-flex e-con-boxed e-con e-child\" data-id=\"ec7541a\" data-element_type=\"container\">\n\t\t\t\t\t<div class=\"e-con-inner\">\n\t\t\t\t<div class=\"elementor-element elementor-element-9aca551 elementor-widget elementor-widget-text-editor\" data-id=\"9aca551\" data-element_type=\"widget\" data-widget_type=\"text-editor.default\">\n\t\t\t\t<div class=\"elementor-widget-container\">\n\t\t\t\t\t\t\t\t\t<p><strong><em>\u00daltima atualiza\u00e7\u00e3o: 05 de fevereiro de 2025<\/em><\/strong><\/p><p class=\"p1\"><span class=\"s1\">Esta pol\u00edtica descreve como e por que a Pegasus Business Intelligence, LP d\/b\/a Onyx CenterSource, e suas afiliadas, incluindo, entre outras, Onyx CenterSource Spain, S.A., Onyx CenterSource (UK) Limited e Onyx CenterSource AS (em conjunto, \u201cOnyx\u201d, \u201cn\u00f3s\u201d ou \u201cnosso\u201d) usam cookies neste site: <a href=\"https:\/\/www.onyxcentersource.com\/\"><span class=\"s2\"><b>https:\/\/www.onyxcentersource.com\/<\/b><\/span><\/a>.<\/span><\/p><p><strong>O que s\u00e3o cookies<\/strong><\/p><p class=\"p1\"><span class=\"s1\">Um cookie \u00e9 um pequeno fragmento de dados (arquivo de texto) que um site ou aplicativo \u2013 quando visitado por um usu\u00e1rio \u2013 solicita que seu navegador armazene em seu dispositivo para lembrar informa\u00e7\u00f5es sobre voc\u00ea, como sua prefer\u00eancia de idioma ou sua \u00faltima visita ao nosso site. Esses cookies s\u00e3o definidos por n\u00f3s e s\u00e3o chamados de cookies prim\u00e1rios. <\/span><\/p><p class=\"p1\"><span class=\"s1\">Tamb\u00e9m usamos cookies de terceiros \u2013 estes s\u00e3o cookies definidos por um dom\u00ednio diferente do dom\u00ednio do site que voc\u00ea est\u00e1 visitando ou um dom\u00ednio que n\u00e3o estamos operando \u2013 por exemplo, para analisar o tr\u00e1fego para nosso site ou para<\/span><span class=\"s2\"> nossos esfor\u00e7os de publicidade e marketing<\/span><span class=\"s1\">.<\/span><\/p><p><strong>Como usamos os cookies<\/strong><\/p><p class=\"p1\"><span class=\"s1\">Nosso site usa dois tipos de cookies: cookies persistentes e de sess\u00e3o. Cookies <b>persistentes<\/b> s\u00e3o cookies que permanecem em seu dispositivo por um determinado per\u00edodo de tempo (conforme indicado na tabela abaixo) ou at\u00e9 que voc\u00ea os exclua manualmente ou se oponha a eles. Cookies de <b>sess\u00e3o<\/b> s\u00e3o cookies que expiram no final da sess\u00e3o do navegador (por exemplo, quando voc\u00ea sai do nosso site e fecha o navegador).<\/span><\/p><p class=\"p1\"><span class=\"s1\">Usamos cookies <b>estritamente necess\u00e1rios<\/b> para (i) reconhec\u00ea-lo como um usu\u00e1rio recorrente em nosso site, (ii) proteger nosso site, aplicativo e servi\u00e7o e (ii) registrar suas prefer\u00eancias de cookies para que voc\u00ea n\u00e3o veja nosso banner v\u00e1rias vezes.   <\/span><\/p><p class=\"p1\"><span class=\"s1\">Usamos cookies <b>n\u00e3o essenciais (n\u00e3o estritamente necess\u00e1rios)<\/b> para observar e analisar os n\u00edveis de tr\u00e1fego e outras m\u00e9tricas relacionadas ao seu uso das comunidades em nosso site, o que nos ajuda a melhorar nosso site e servi\u00e7os, bem como sua experi\u00eancia geral do usu\u00e1rio. Usamos cookies n\u00e3o essenciais apenas onde temos seu consentimento (veja abaixo). <\/span><\/p><p class=\"p1\"><span class=\"s1\">Conforme explicado acima, os cookies podem ser <b>prim\u00e1rios<\/b> ou <b>de terceiros<\/b>, o que significa que s\u00e3o operados por n\u00f3s (prim\u00e1rios) ou por outra parte (terceiros). Observe que as intera\u00e7\u00f5es com os cookies de terceiros em nosso site s\u00e3o regidas pelas pol\u00edticas de privacidade e cookies de terceiros. Para obter mais informa\u00e7\u00f5es sobre os terceiros que usam cookies em nosso site, consulte a <a href=\"https:\/\/www.onyxcentersource.com\/cookie-policy\/#table_list2\"><span class=\"s2\"><b>[Lista]<\/b><\/span><\/a> abaixo.  <\/span><\/p><p class=\"p1\"><span class=\"s1\">Mais informa\u00e7\u00f5es sobre os tipos de cookies que usamos est\u00e3o descritas abaixo.<\/span><\/p><p><strong>Gerenciamento de cookies<\/strong><\/p><p class=\"p1\"><span class=\"s1\">Na sua primeira visita aos nossos sites, na p\u00e1gina inicial, voc\u00ea ver\u00e1 um banner de cookies informando por que os cookies s\u00e3o usados e solicitando que voc\u00ea consinta com cada cookie n\u00e3o essencial, caso concorde com o uso deles.<\/span><\/p><p class=\"p1\"><span class=\"s1\">Voc\u00ea pode alterar suas prefer\u00eancias de cookies por meio do banner de cookies, onde tem a op\u00e7\u00e3o de aceitar ou recusar o uso de cookies n\u00e3o essenciais em seu dispositivo. No entanto, voc\u00ea tamb\u00e9m pode atualizar suas prefer\u00eancias de cookies a qualquer momento clicando no bot\u00e3o abaixo: <br><\/span><\/p><p><button id=\"ot-sdk-btn\" class=\"ot-sdk-show-settings\">Configura\u00e7\u00f5es de cookies<\/button><\/p><p class=\"p1\"><span class=\"s1\">Observe que voc\u00ea n\u00e3o pode desativar os cookies estritamente necess\u00e1rios, pois eles afetam a funcionalidade do nosso site e sua capacidade de usar determinados recursos e funcionalidades.<\/span><\/p><p class=\"p1\"><span class=\"s1\">Voc\u00ea tamb\u00e9m pode ajustar ou bloquear cookies por meio das configura\u00e7\u00f5es do seu navegador, o que permite rejeitar a instala\u00e7\u00e3o de todos ou parte dos cookies ao navegar na Internet. A maioria dos navegadores permite a possibilidade de informar a exist\u00eancia de cookies ou rejeit\u00e1-los automaticamente. Para obter mais informa\u00e7\u00f5es relacionadas \u00e0 forma de ajustar essas configura\u00e7\u00f5es, visite e leia as informa\u00e7\u00f5es fornecidas por cada navegador.   <\/span><\/p><p><strong id=\"table_list2\">Tipos de cookies usados<\/strong><\/p><p class=\"p1\"><b>Lista de cookies<\/b><\/p><p class=\"p3\">Este site coleta informa\u00e7\u00f5es suas por meio da instala\u00e7\u00e3o dos seguintes cookies em seu dispositivo ou navegador. Mais especificamente, usamos cookies e outras tecnologias de rastreamento para os seguintes fins: <\/p><p class=\"p4\"><b>Cookies de desempenho<\/b><\/p><p class=\"p5\">Esses cookies nos permitem contar visitas e fontes de tr\u00e1fego para que possamos medir e melhorar o desempenho do nosso site. Eles nos ajudam a saber quais p\u00e1ginas s\u00e3o as mais e menos populares e ver como os visitantes se movem pelo site. Todas as informa\u00e7\u00f5es que esses cookies coletam s\u00e3o agregadas e, portanto, an\u00f4nimas. Se voc\u00ea n\u00e3o permitir esses cookies, n\u00e3o saberemos quando voc\u00ea visitou nosso site e n\u00e3o poderemos monitorar seu desempenho.   <\/p><p><img decoding=\"async\" class=\"aligncenter size-full wp-image-25182\" src=\"https:\/\/www.onyxcentersource.com\/wp-content\/uploads\/2025\/02\/1.png\"><\/p><p><span style=\"font-size: medium;\"><b>Cookies funcionais<\/b><\/span><\/p><p>Esses cookies permitem que o site forne\u00e7a funcionalidade e personaliza\u00e7\u00e3o aprimoradas. Eles podem ser definidos por n\u00f3s ou por provedores terceirizados cujos servi\u00e7os adicionamos \u00e0s nossas p\u00e1ginas. Se voc\u00ea n\u00e3o permitir esses cookies, alguns ou todos esses servi\u00e7os podem n\u00e3o funcionar corretamente.  <\/p><p><img decoding=\"async\" class=\"aligncenter size-full wp-image-25191 lazyloaded\" style=\"--smush-placeholder-width: 930px; --smush-placeholder-aspect-ratio: 930\/746;\" src=\"https:\/\/www.onyxcentersource.com\/wp-content\/uploads\/2025\/02\/2.png\"><\/p><p><span style=\"font-size: medium;\"><b>Cookies de segmenta\u00e7\u00e3o<\/b><\/span><\/p><p>Esses cookies podem ser definidos por meio do nosso site por nossos parceiros de publicidade. Eles podem ser usados por essas empresas para construir um perfil de seus interesses e mostrar an\u00fancios relevantes em outros sites. Eles n\u00e3o armazenam informa\u00e7\u00f5es pessoais diretamente, mas s\u00e3o baseados na identifica\u00e7\u00e3o exclusiva do seu navegador e dispositivo de internet. Se voc\u00ea n\u00e3o permitir esses cookies, ter\u00e1 menos publicidade direcionada.   <\/p><p><img fetchpriority=\"high\" decoding=\"async\" class=\"aligncenter size-full wp-image-25200 lazyload\" style=\"--smush-placeholder-width: 932px; --smush-placeholder-aspect-ratio: 932\/446;\" src=\"https:\/\/www.onyxcentersource.com\/wp-content\/uploads\/2025\/02\/3.png\" alt=\"\" width=\"932\" height=\"446\"><\/p><p><span style=\"font-size: medium;\"><b>Cookies estritamente necess\u00e1rios<\/b><\/span><\/p><p>Esses cookies s\u00e3o necess\u00e1rios para que o site funcione e n\u00e3o podem ser desativados em nossos sistemas. Eles geralmente s\u00e3o definidos apenas em resposta a a\u00e7\u00f5es feitas por voc\u00ea que equivalem a uma solicita\u00e7\u00e3o de servi\u00e7os, como definir suas prefer\u00eancias de privacidade, fazer login ou preencher formul\u00e1rios. Voc\u00ea pode configurar seu navegador para bloquear ou alert\u00e1-lo sobre esses cookies, mas algumas partes do site n\u00e3o funcionar\u00e3o. Esses cookies n\u00e3o armazenam nenhuma informa\u00e7\u00e3o de identifica\u00e7\u00e3o pessoal.   <\/p><p><img decoding=\"async\" class=\"aligncenter size-full wp-image-25209 lazyload\" style=\"--smush-placeholder-width: 929px; --smush-placeholder-aspect-ratio: 929\/271;\" src=\"https:\/\/www.onyxcentersource.com\/wp-content\/uploads\/2025\/02\/4.png\" alt=\"\" width=\"929\" height=\"271\"><\/p><p><span style=\"font-size: medium;\"><b>Atualiza\u00e7\u00e3o da pol\u00edtica de cookies<\/b><\/span><\/p><p><span style=\"font-size: medium;\">A Onyx reserva-se o direito, a seu exclusivo crit\u00e9rio, de modificar ou substituir esta Pol\u00edtica de Cookies. Os usu\u00e1rios s\u00e3o aconselhados a revisar periodicamente esta Pol\u00edtica de Cookies para que possam ser devidamente informados sobre os cookies usados no site, sua finalidade e per\u00edodo. <\/span><\/p><p><span style=\"font-size: medium;\"><b>Prote\u00e7\u00e3o de dados pessoais<\/b><\/span><\/p><p><a name=\"OpenAt\"><\/a> <span style=\"font-size: medium;\">Ao obter automaticamente informa\u00e7\u00f5es do site por meio de cookies, a Onyx pode coletar dados pessoais seus relacionados ao seu dispositivo de computador, uso do site ou seu comportamento de navega\u00e7\u00e3o no site. Essas informa\u00e7\u00f5es podem incluir dados relativos ao idioma, palavras-chave, data, hora, quanto tempo voc\u00ea gasta em determinados tipos de p\u00e1ginas, endere\u00e7o IP, identificador de publicidade, qual se\u00e7\u00e3o da p\u00e1gina voc\u00ea visitou e informa\u00e7\u00f5es semelhantes relativas ao uso do site. Podemos coletar tais informa\u00e7\u00f5es usando cookies, conforme detalhado nesta Pol\u00edtica de Cookies.  <\/span><\/p><p><span style=\"font-size: medium;\">Nesse sentido, no que diz respeito \u00e0s informa\u00e7\u00f5es que identificam ou tornam os usu\u00e1rios identific\u00e1veis, as disposi\u00e7\u00f5es da Pol\u00edtica de Privacidade devem ser aplicadas. Para obter mais informa\u00e7\u00f5es sobre como processamos dados pessoais por meio do uso de cookies, visite nosso [<\/span><a href=\"https:\/\/www.onyxcentersource.com\/privacy-policy\/\"><span style=\"font-size: medium;\"><u><b>Aviso de privacidade<\/b><\/u><\/span><\/a><span style=\"font-size: medium;\">].<\/span><\/p><p><span style=\"font-size: medium;\"><b>Fale conosco<\/b><\/span><\/p><p><span style=\"font-size: medium;\">Se voc\u00ea tiver alguma d\u00favida ou coment\u00e1rio sobre nossa Pol\u00edtica de Cookies ou gostaria de exercer os direitos do titular dos dados, sinta-se \u00e0 vontade para entrar em contato conosco em <\/span><a href=\"mailto:privacy@onyxcentersource.com\"><span style=\"font-size: medium;\"><u><b>privacy@onyxcentersource.com<\/b><\/u><\/span><\/a><span style=\"font-size: medium;\">.<\/span> <\/p>\t\t\t\t\t\t\t\t<\/div>\n\t\t\t\t<\/div>\n\t\t\t\t\t<\/div>\n\t\t\t\t<\/div>\n\t\t\t\t\t<\/div>\n\t\t\t\t<\/div>\n\t\t\t\t\t<\/div>\n\t\t\t\t<\/div>\n\t\t\t\t\t<\/div>\n\t\t\t\t<\/div>\n\t\t\t\t<\/div>\n\t\t","protected":false},"excerpt":{"rendered":"<p>Pol\u00edtica de Cookies Pol\u00edtica de Cookies \u00daltima atualiza\u00e7\u00e3o: 05 de fevereiro de 2025 Esta pol\u00edtica descreve como e por que a Pegasus Business Intelligence, LP d\/b\/a Onyx CenterSource, e suas afiliadas, incluindo, entre outras, Onyx CenterSource Spain, S.A., Onyx CenterSource (UK) Limited e Onyx CenterSource AS (em conjunto, \u201cOnyx\u201d, \u201cn\u00f3s\u201d ou \u201cnosso\u201d) usam cookies neste&#8230;<\/p>\n","protected":false},"author":2,"featured_media":0,"parent":0,"menu_order":0,"comment_status":"closed","ping_status":"closed","template":"","meta":{"_acf_changed":false,"footnotes":""},"class_list":["post-988826","page","type-page","status-publish","hentry"],"acf":[],"yoast_head":"<!-- This site is optimized with the Yoast SEO Premium plugin v26.5 (Yoast SEO v27.0) - https:\/\/yoast.com\/product\/yoast-seo-premium-wordpress\/ -->\n<title>Pol\u00edtica de Cookies - Onyx CenterSource\u2122<\/title>\n<meta name=\"robots\" content=\"index, follow, max-snippet:-1, max-image-preview:large, max-video-preview:-1\" \/>\n<link rel=\"canonical\" href=\"https:\/\/onyxcentersource.com\/pt-br\/politica-de-cookies\/\" \/>\n<meta property=\"og:locale\" content=\"pt_BR\" \/>\n<meta property=\"og:type\" content=\"article\" \/>\n<meta property=\"og:title\" content=\"Pol\u00edtica de Cookies\" \/>\n<meta property=\"og:description\" content=\"Pol\u00edtica de Cookies Pol\u00edtica de Cookies \u00daltima atualiza\u00e7\u00e3o: 05 de fevereiro de 2025 Esta pol\u00edtica descreve como e por que a Pegasus Business Intelligence, LP d\/b\/a Onyx CenterSource, e suas afiliadas, incluindo, entre outras, Onyx CenterSource Spain, S.A., Onyx CenterSource (UK) Limited e Onyx CenterSource AS (em conjunto, \u201cOnyx\u201d, \u201cn\u00f3s\u201d ou \u201cnosso\u201d) usam cookies neste...\" \/>\n<meta property=\"og:url\" content=\"https:\/\/onyxcentersource.com\/pt-br\/politica-de-cookies\/\" \/>\n<meta property=\"og:site_name\" content=\"Onyx CenterSource\u2122\" \/>\n<meta property=\"article:modified_time\" content=\"2025-12-04T20:27:14+00:00\" \/>\n<meta name=\"twitter:card\" content=\"summary_large_image\" \/>\n<meta name=\"twitter:label1\" content=\"Est. tempo de leitura\" \/>\n\t<meta name=\"twitter:data1\" content=\"6 minutos\" \/>\n<script type=\"application\/ld+json\" class=\"yoast-schema-graph\">{\"@context\":\"https:\/\/schema.org\",\"@graph\":[{\"@type\":\"WebPage\",\"@id\":\"https:\/\/onyxcentersource.com\/pt-br\/politica-de-cookies\/\",\"url\":\"https:\/\/onyxcentersource.com\/pt-br\/politica-de-cookies\/\",\"name\":\"Pol\u00edtica de Cookies - Onyx CenterSource\u2122\",\"isPartOf\":{\"@id\":\"https:\/\/onyxcentersource.com\/pt-br\/#website\"},\"primaryImageOfPage\":{\"@id\":\"https:\/\/onyxcentersource.com\/pt-br\/politica-de-cookies\/#primaryimage\"},\"image\":{\"@id\":\"https:\/\/onyxcentersource.com\/pt-br\/politica-de-cookies\/#primaryimage\"},\"thumbnailUrl\":\"https:\/\/www.onyxcentersource.com\/wp-content\/uploads\/2025\/02\/1.png\",\"datePublished\":\"2025-11-20T20:18:18+00:00\",\"dateModified\":\"2025-12-04T20:27:14+00:00\",\"breadcrumb\":{\"@id\":\"https:\/\/onyxcentersource.com\/pt-br\/politica-de-cookies\/#breadcrumb\"},\"inLanguage\":\"pt-BR\",\"potentialAction\":[{\"@type\":\"ReadAction\",\"target\":[\"https:\/\/onyxcentersource.com\/pt-br\/politica-de-cookies\/\"]}]},{\"@type\":\"ImageObject\",\"inLanguage\":\"pt-BR\",\"@id\":\"https:\/\/onyxcentersource.com\/pt-br\/politica-de-cookies\/#primaryimage\",\"url\":\"https:\/\/www.onyxcentersource.com\/wp-content\/uploads\/2025\/02\/1.png\",\"contentUrl\":\"https:\/\/www.onyxcentersource.com\/wp-content\/uploads\/2025\/02\/1.png\"},{\"@type\":\"BreadcrumbList\",\"@id\":\"https:\/\/onyxcentersource.com\/pt-br\/politica-de-cookies\/#breadcrumb\",\"itemListElement\":[{\"@type\":\"ListItem\",\"position\":1,\"name\":\"Home\",\"item\":\"https:\/\/onyxcentersource.com\/pt-br\/inicio\/\"},{\"@type\":\"ListItem\",\"position\":2,\"name\":\"Pol\u00edtica de Cookies\"}]},{\"@type\":\"WebSite\",\"@id\":\"https:\/\/onyxcentersource.com\/pt-br\/#website\",\"url\":\"https:\/\/onyxcentersource.com\/pt-br\/\",\"name\":\"Onyx CenterSource\u2122\",\"description\":\"\",\"publisher\":{\"@id\":\"https:\/\/onyxcentersource.com\/pt-br\/#organization\"},\"potentialAction\":[{\"@type\":\"SearchAction\",\"target\":{\"@type\":\"EntryPoint\",\"urlTemplate\":\"https:\/\/onyxcentersource.com\/pt-br\/?s={search_term_string}\"},\"query-input\":{\"@type\":\"PropertyValueSpecification\",\"valueRequired\":true,\"valueName\":\"search_term_string\"}}],\"inLanguage\":\"pt-BR\"},{\"@type\":\"Organization\",\"@id\":\"https:\/\/onyxcentersource.com\/pt-br\/#organization\",\"name\":\"Onyx CenterSource\u2122\",\"url\":\"https:\/\/onyxcentersource.com\/pt-br\/\",\"logo\":{\"@type\":\"ImageObject\",\"inLanguage\":\"pt-BR\",\"@id\":\"https:\/\/onyxcentersource.com\/pt-br\/#\/schema\/logo\/image\/\",\"url\":\"https:\/\/onyxcentersource.com\/wp-content\/uploads\/2025\/12\/Onyx-Logo-Horizontal-scaled-e1765564060227.png\",\"contentUrl\":\"https:\/\/onyxcentersource.com\/wp-content\/uploads\/2025\/12\/Onyx-Logo-Horizontal-scaled-e1765564060227.png\",\"width\":370,\"height\":115,\"caption\":\"Onyx CenterSource\u2122\"},\"image\":{\"@id\":\"https:\/\/onyxcentersource.com\/pt-br\/#\/schema\/logo\/image\/\"}}]}<\/script>\n<!-- \/ Yoast SEO Premium plugin. -->","yoast_head_json":{"title":"Pol\u00edtica de Cookies - Onyx CenterSource\u2122","robots":{"index":"index","follow":"follow","max-snippet":"max-snippet:-1","max-image-preview":"max-image-preview:large","max-video-preview":"max-video-preview:-1"},"canonical":"https:\/\/onyxcentersource.com\/pt-br\/politica-de-cookies\/","og_locale":"pt_BR","og_type":"article","og_title":"Pol\u00edtica de Cookies","og_description":"Pol\u00edtica de Cookies Pol\u00edtica de Cookies \u00daltima atualiza\u00e7\u00e3o: 05 de fevereiro de 2025 Esta pol\u00edtica descreve como e por que a Pegasus Business Intelligence, LP d\/b\/a Onyx CenterSource, e suas afiliadas, incluindo, entre outras, Onyx CenterSource Spain, S.A., Onyx CenterSource (UK) Limited e Onyx CenterSource AS (em conjunto, \u201cOnyx\u201d, \u201cn\u00f3s\u201d ou \u201cnosso\u201d) usam cookies neste...","og_url":"https:\/\/onyxcentersource.com\/pt-br\/politica-de-cookies\/","og_site_name":"Onyx CenterSource\u2122","article_modified_time":"2025-12-04T20:27:14+00:00","twitter_card":"summary_large_image","twitter_misc":{"Est. tempo de leitura":"6 minutos"},"schema":{"@context":"https:\/\/schema.org","@graph":[{"@type":"WebPage","@id":"https:\/\/onyxcentersource.com\/pt-br\/politica-de-cookies\/","url":"https:\/\/onyxcentersource.com\/pt-br\/politica-de-cookies\/","name":"Pol\u00edtica de Cookies - Onyx CenterSource\u2122","isPartOf":{"@id":"https:\/\/onyxcentersource.com\/pt-br\/#website"},"primaryImageOfPage":{"@id":"https:\/\/onyxcentersource.com\/pt-br\/politica-de-cookies\/#primaryimage"},"image":{"@id":"https:\/\/onyxcentersource.com\/pt-br\/politica-de-cookies\/#primaryimage"},"thumbnailUrl":"https:\/\/www.onyxcentersource.com\/wp-content\/uploads\/2025\/02\/1.png","datePublished":"2025-11-20T20:18:18+00:00","dateModified":"2025-12-04T20:27:14+00:00","breadcrumb":{"@id":"https:\/\/onyxcentersource.com\/pt-br\/politica-de-cookies\/#breadcrumb"},"inLanguage":"pt-BR","potentialAction":[{"@type":"ReadAction","target":["https:\/\/onyxcentersource.com\/pt-br\/politica-de-cookies\/"]}]},{"@type":"ImageObject","inLanguage":"pt-BR","@id":"https:\/\/onyxcentersource.com\/pt-br\/politica-de-cookies\/#primaryimage","url":"https:\/\/www.onyxcentersource.com\/wp-content\/uploads\/2025\/02\/1.png","contentUrl":"https:\/\/www.onyxcentersource.com\/wp-content\/uploads\/2025\/02\/1.png"},{"@type":"BreadcrumbList","@id":"https:\/\/onyxcentersource.com\/pt-br\/politica-de-cookies\/#breadcrumb","itemListElement":[{"@type":"ListItem","position":1,"name":"Home","item":"https:\/\/onyxcentersource.com\/pt-br\/inicio\/"},{"@type":"ListItem","position":2,"name":"Pol\u00edtica de Cookies"}]},{"@type":"WebSite","@id":"https:\/\/onyxcentersource.com\/pt-br\/#website","url":"https:\/\/onyxcentersource.com\/pt-br\/","name":"Onyx CenterSource\u2122","description":"","publisher":{"@id":"https:\/\/onyxcentersource.com\/pt-br\/#organization"},"potentialAction":[{"@type":"SearchAction","target":{"@type":"EntryPoint","urlTemplate":"https:\/\/onyxcentersource.com\/pt-br\/?s={search_term_string}"},"query-input":{"@type":"PropertyValueSpecification","valueRequired":true,"valueName":"search_term_string"}}],"inLanguage":"pt-BR"},{"@type":"Organization","@id":"https:\/\/onyxcentersource.com\/pt-br\/#organization","name":"Onyx CenterSource\u2122","url":"https:\/\/onyxcentersource.com\/pt-br\/","logo":{"@type":"ImageObject","inLanguage":"pt-BR","@id":"https:\/\/onyxcentersource.com\/pt-br\/#\/schema\/logo\/image\/","url":"https:\/\/onyxcentersource.com\/wp-content\/uploads\/2025\/12\/Onyx-Logo-Horizontal-scaled-e1765564060227.png","contentUrl":"https:\/\/onyxcentersource.com\/wp-content\/uploads\/2025\/12\/Onyx-Logo-Horizontal-scaled-e1765564060227.png","width":370,"height":115,"caption":"Onyx CenterSource\u2122"},"image":{"@id":"https:\/\/onyxcentersource.com\/pt-br\/#\/schema\/logo\/image\/"}}]}},"featured_image_src":null,"featured_image_src_square":null,"_links":{"self":[{"href":"https:\/\/onyxcentersource.com\/pt-br\/wp-json\/wp\/v2\/pages\/988826","targetHints":{"allow":["GET"]}}],"collection":[{"href":"https:\/\/onyxcentersource.com\/pt-br\/wp-json\/wp\/v2\/pages"}],"about":[{"href":"https:\/\/onyxcentersource.com\/pt-br\/wp-json\/wp\/v2\/types\/page"}],"author":[{"embeddable":true,"href":"https:\/\/onyxcentersource.com\/pt-br\/wp-json\/wp\/v2\/users\/2"}],"replies":[{"embeddable":true,"href":"https:\/\/onyxcentersource.com\/pt-br\/wp-json\/wp\/v2\/comments?post=988826"}],"version-history":[{"count":0,"href":"https:\/\/onyxcentersource.com\/pt-br\/wp-json\/wp\/v2\/pages\/988826\/revisions"}],"wp:attachment":[{"href":"https:\/\/onyxcentersource.com\/pt-br\/wp-json\/wp\/v2\/media?parent=988826"}],"curies":[{"name":"wp","href":"https:\/\/api.w.org\/{rel}","templated":true}]}}