{"id":993108,"date":"2025-11-19T20:16:22","date_gmt":"2025-11-19T20:16:22","guid":{"rendered":"https:\/\/onyxcenterdev.wpenginepowered.com\/aviso-legal\/"},"modified":"2025-12-09T22:08:49","modified_gmt":"2025-12-09T22:08:49","slug":"aviso-legal","status":"publish","type":"page","link":"https:\/\/onyxcentersource.com\/pt-br\/aviso-legal\/","title":{"rendered":"Aviso Legal"},"content":{"rendered":"\t\t<div data-elementor-type=\"wp-page\" data-elementor-id=\"993108\" class=\"elementor elementor-993108 elementor-988116\" data-elementor-post-type=\"page\">\n\t\t\t\t<div class=\"elementor-element elementor-element-1d9a684 e-flex e-con-boxed e-con e-parent\" data-id=\"1d9a684\" data-element_type=\"container\">\n\t\t\t\t\t<div class=\"e-con-inner\">\n\t\t<div class=\"elementor-element elementor-element-89eb5db e-flex e-con-boxed e-con e-child\" data-id=\"89eb5db\" data-element_type=\"container\" data-settings=\"{&quot;background_background&quot;:&quot;gradient&quot;}\">\n\t\t\t\t\t<div class=\"e-con-inner\">\n\t\t<div class=\"elementor-element elementor-element-2dc0cf7 e-flex e-con-boxed e-con e-child\" data-id=\"2dc0cf7\" data-element_type=\"container\">\n\t\t\t\t\t<div class=\"e-con-inner\">\n\t\t<div class=\"elementor-element elementor-element-d02b08e e-con-full e-flex e-con e-child\" data-id=\"d02b08e\" data-element_type=\"container\">\n\t\t\t\t<div class=\"elementor-element elementor-element-df28f64 elementor-widget elementor-widget-heading\" data-id=\"df28f64\" data-element_type=\"widget\" data-widget_type=\"heading.default\">\n\t\t\t\t<div class=\"elementor-widget-container\">\n\t\t\t\t\t<span class=\"elementor-heading-title elementor-size-default\">Aviso Legal<\/span>\t\t\t\t<\/div>\n\t\t\t\t<\/div>\n\t\t\t\t<div class=\"elementor-element elementor-element-05ac261 elementor-widget elementor-widget-heading\" data-id=\"05ac261\" data-element_type=\"widget\" data-widget_type=\"heading.default\">\n\t\t\t\t<div class=\"elementor-widget-container\">\n\t\t\t\t\t<h1 class=\"elementor-heading-title elementor-size-default\">Aviso Legal<\/h1>\t\t\t\t<\/div>\n\t\t\t\t<\/div>\n\t\t\t\t<\/div>\n\t\t<div class=\"elementor-element elementor-element-ec7541a e-flex e-con-boxed e-con e-child\" data-id=\"ec7541a\" data-element_type=\"container\">\n\t\t\t\t\t<div class=\"e-con-inner\">\n\t\t\t\t<div class=\"elementor-element elementor-element-4ce2cc4 elementor-widget elementor-widget-heading\" data-id=\"4ce2cc4\" data-element_type=\"widget\" data-widget_type=\"heading.default\">\n\t\t\t\t<div class=\"elementor-widget-container\">\n\t\t\t\t\t<h2 class=\"elementor-heading-title elementor-size-default\">1.-Identifica\u00e7\u00e3o Legal e Informa\u00e7\u00f5es de Contato<\/h2>\t\t\t\t<\/div>\n\t\t\t\t<\/div>\n\t\t\t\t<div class=\"elementor-element elementor-element-9aca551 elementor-widget elementor-widget-text-editor\" data-id=\"9aca551\" data-element_type=\"widget\" data-widget_type=\"text-editor.default\">\n\t\t\t\t<div class=\"elementor-widget-container\">\n\t\t\t\t\t\t\t\t\t<p><strong>PEGASUS BUSINESS INTELLIGENCE, LP.<\/strong><br>Two Lincoln Centre, 5420 LBJ Freeway<br>Suite 900, Dallas, TX 75240 Estados Unidos<br>Telefone de contato: (+1) (214) 396 3280<br>Empresa registrada sob o Estado de Delaware, Estados Unidos.<br>N\u00famero de Identifica\u00e7\u00e3o Fiscal: 75-2738581<\/p><p><strong>ONYX CENTERSOURCE SPAIN, S.A.<\/strong><br>INSUR Bldg. Diego Mart\u00ednez Barrio 10, 5\u00ba andar<br>41013 Sevilha, Espanha<br>Telefone de contato: (+34) 955 031 400<br>Empresa registrada no Registro Comercial de Sevilha, Espanha.<br>N\u00famero de Identifica\u00e7\u00e3o Fiscal: A-41996679 <\/p><p><strong>ONYX CENTERSOURCE AS<\/strong><br>Tr\u00e6leborgodden 6,<br>3112 T\u00f8nsberg, Noruega<br>Telefone de contato: (+47) 33 34 96 00<br>Empresa registrada no Registro de Empresas da Noruega.<br>N\u00famero de Identifica\u00e7\u00e3o Fiscal: 883-430-972<\/p><p><strong>ONYX CENTERSOURCE (UK) LIMITED<\/strong><br>4 More London Riverside,<br>SE1 2AU Londres, Inglaterra<br>Empresa registrada na Companies House no Reino Unido.<br>N\u00famero de Identifica\u00e7\u00e3o Fiscal: 172211837<\/p><p>Endere\u00e7o da Web: <a href=\"\/\" target=\"_blank\" rel=\"noopener\">https:\/\/www.onyxcentersource.com\/<\/a><br>Precisa de ajuda: <a style=\"font-family: inherit; font-size: inherit; font-style: inherit; font-variant-ligatures: inherit; font-variant-caps: inherit; font-weight: inherit;\" href=\"https:\/\/onyxcentersource.com\/pt-br\/entre-em-contato\/\" target=\"_blank\" rel=\"noopener\">https:\/\/www.onyxcentersource.com\/contact-us\/<\/a><\/p>\t\t\t\t\t\t\t\t<\/div>\n\t\t\t\t<\/div>\n\t\t\t\t<div class=\"elementor-element elementor-element-852a467 elementor-widget elementor-widget-heading\" data-id=\"852a467\" data-element_type=\"widget\" data-widget_type=\"heading.default\">\n\t\t\t\t<div class=\"elementor-widget-container\">\n\t\t\t\t\t<h2 class=\"elementor-heading-title elementor-size-default\">2.- Finalidade do Aviso Legal<\/h2>\t\t\t\t<\/div>\n\t\t\t\t<\/div>\n\t\t\t\t<div class=\"elementor-element elementor-element-fd8bd18 elementor-widget elementor-widget-text-editor\" data-id=\"fd8bd18\" data-element_type=\"widget\" data-widget_type=\"text-editor.default\">\n\t\t\t\t<div class=\"elementor-widget-container\">\n\t\t\t\t\t\t\t\t\t<p>O objetivo deste site \u00e9 coletar informa\u00e7\u00f5es do usu\u00e1rio e consentimento para fins de distribui\u00e7\u00e3o de um eBook gratuito sobre tend\u00eancias cr\u00edticas no setor de hotelaria oferecido pela Pegasus Business Intelligence LP e suas afiliadas (\u201cOnyx\u201d).<\/p><p>Leia este Aviso Legal atentamente antes de come\u00e7ar a usar o site. Ao usar nosso site, voc\u00ea indica que aceita as condi\u00e7\u00f5es gerais inclu\u00eddas no site e que concorda em cumpri-las. Se voc\u00ea n\u00e3o concordar com elas, por favor, abstenha-se de usar este site. Considere tamb\u00e9m que o site, os servi\u00e7os e estas condi\u00e7\u00f5es gerais podem ser modificados, por isso, recomenda-se l\u00ea-los periodicamente. Quaisquer modifica\u00e7\u00f5es ser\u00e3o publicadas neste site, onde entrar\u00e3o em vigor e ser\u00e3o aplicadas imediatamente.    <\/p>\t\t\t\t\t\t\t\t<\/div>\n\t\t\t\t<\/div>\n\t\t\t\t\t<\/div>\n\t\t\t\t<\/div>\n\t\t\t\t\t<\/div>\n\t\t\t\t<\/div>\n\t\t\t\t\t<\/div>\n\t\t\t\t<\/div>\n\t\t\t\t\t<\/div>\n\t\t\t\t<\/div>\n\t\t\t\t<\/div>\n\t\t","protected":false},"excerpt":{"rendered":"<p>Aviso Legal Aviso Legal 1.-Identifica\u00e7\u00e3o Legal e Informa\u00e7\u00f5es de Contato PEGASUS BUSINESS INTELLIGENCE, LP.Two Lincoln Centre, 5420 LBJ FreewaySuite 900, Dallas, TX 75240 Estados UnidosTelefone de contato: (+1) (214) 396 3280Empresa registrada sob o Estado de Delaware, Estados Unidos.N\u00famero de Identifica\u00e7\u00e3o Fiscal: 75-2738581 ONYX CENTERSOURCE SPAIN, S.A.INSUR Bldg. Diego Mart\u00ednez Barrio 10, 5\u00ba andar41013 Sevilha,&#8230;<\/p>\n","protected":false},"author":2,"featured_media":0,"parent":0,"menu_order":0,"comment_status":"closed","ping_status":"closed","template":"","meta":{"_acf_changed":false,"footnotes":""},"class_list":["post-993108","page","type-page","status-publish","hentry"],"acf":[],"yoast_head":"<!-- This site is optimized with the Yoast SEO Premium plugin v26.5 (Yoast SEO v27.0) - https:\/\/yoast.com\/product\/yoast-seo-premium-wordpress\/ -->\n<title>Aviso Legal - Onyx CenterSource\u2122<\/title>\n<meta name=\"robots\" content=\"index, follow, max-snippet:-1, max-image-preview:large, max-video-preview:-1\" \/>\n<link rel=\"canonical\" href=\"https:\/\/onyxcentersource.com\/pt-br\/aviso-legal\/\" \/>\n<meta property=\"og:locale\" content=\"pt_BR\" \/>\n<meta property=\"og:type\" content=\"article\" \/>\n<meta property=\"og:title\" content=\"Aviso Legal\" \/>\n<meta property=\"og:description\" content=\"Aviso Legal Aviso Legal 1.-Identifica\u00e7\u00e3o Legal e Informa\u00e7\u00f5es de Contato PEGASUS BUSINESS INTELLIGENCE, LP.Two Lincoln Centre, 5420 LBJ FreewaySuite 900, Dallas, TX 75240 Estados UnidosTelefone de contato: (+1) (214) 396 3280Empresa registrada sob o Estado de Delaware, Estados Unidos.N\u00famero de Identifica\u00e7\u00e3o Fiscal: 75-2738581 ONYX CENTERSOURCE SPAIN, S.A.INSUR Bldg. Diego Mart\u00ednez Barrio 10, 5\u00ba andar41013 Sevilha,...\" \/>\n<meta property=\"og:url\" content=\"https:\/\/onyxcentersource.com\/pt-br\/aviso-legal\/\" \/>\n<meta property=\"og:site_name\" content=\"Onyx CenterSource\u2122\" \/>\n<meta property=\"article:modified_time\" content=\"2025-12-09T22:08:49+00:00\" \/>\n<meta name=\"twitter:card\" content=\"summary_large_image\" \/>\n<meta name=\"twitter:label1\" content=\"Est. tempo de leitura\" \/>\n\t<meta name=\"twitter:data1\" content=\"1 minuto\" \/>\n<script type=\"application\/ld+json\" class=\"yoast-schema-graph\">{\"@context\":\"https:\/\/schema.org\",\"@graph\":[{\"@type\":\"WebPage\",\"@id\":\"https:\/\/onyxcentersource.com\/pt-br\/aviso-legal\/\",\"url\":\"https:\/\/onyxcentersource.com\/pt-br\/aviso-legal\/\",\"name\":\"Aviso Legal - Onyx CenterSource\u2122\",\"isPartOf\":{\"@id\":\"https:\/\/onyxcentersource.com\/pt-br\/#website\"},\"datePublished\":\"2025-11-19T20:16:22+00:00\",\"dateModified\":\"2025-12-09T22:08:49+00:00\",\"breadcrumb\":{\"@id\":\"https:\/\/onyxcentersource.com\/pt-br\/aviso-legal\/#breadcrumb\"},\"inLanguage\":\"pt-BR\",\"potentialAction\":[{\"@type\":\"ReadAction\",\"target\":[\"https:\/\/onyxcentersource.com\/pt-br\/aviso-legal\/\"]}]},{\"@type\":\"BreadcrumbList\",\"@id\":\"https:\/\/onyxcentersource.com\/pt-br\/aviso-legal\/#breadcrumb\",\"itemListElement\":[{\"@type\":\"ListItem\",\"position\":1,\"name\":\"Home\",\"item\":\"https:\/\/onyxcentersource.com\/pt-br\/inicio\/\"},{\"@type\":\"ListItem\",\"position\":2,\"name\":\"Aviso Legal\"}]},{\"@type\":\"WebSite\",\"@id\":\"https:\/\/onyxcentersource.com\/pt-br\/#website\",\"url\":\"https:\/\/onyxcentersource.com\/pt-br\/\",\"name\":\"Onyx CenterSource\u2122\",\"description\":\"\",\"publisher\":{\"@id\":\"https:\/\/onyxcentersource.com\/pt-br\/#organization\"},\"potentialAction\":[{\"@type\":\"SearchAction\",\"target\":{\"@type\":\"EntryPoint\",\"urlTemplate\":\"https:\/\/onyxcentersource.com\/pt-br\/?s={search_term_string}\"},\"query-input\":{\"@type\":\"PropertyValueSpecification\",\"valueRequired\":true,\"valueName\":\"search_term_string\"}}],\"inLanguage\":\"pt-BR\"},{\"@type\":\"Organization\",\"@id\":\"https:\/\/onyxcentersource.com\/pt-br\/#organization\",\"name\":\"Onyx CenterSource\u2122\",\"url\":\"https:\/\/onyxcentersource.com\/pt-br\/\",\"logo\":{\"@type\":\"ImageObject\",\"inLanguage\":\"pt-BR\",\"@id\":\"https:\/\/onyxcentersource.com\/pt-br\/#\/schema\/logo\/image\/\",\"url\":\"https:\/\/onyxcentersource.com\/wp-content\/uploads\/2025\/12\/Onyx-Logo-Horizontal-scaled-e1765564060227.png\",\"contentUrl\":\"https:\/\/onyxcentersource.com\/wp-content\/uploads\/2025\/12\/Onyx-Logo-Horizontal-scaled-e1765564060227.png\",\"width\":370,\"height\":115,\"caption\":\"Onyx CenterSource\u2122\"},\"image\":{\"@id\":\"https:\/\/onyxcentersource.com\/pt-br\/#\/schema\/logo\/image\/\"}}]}<\/script>\n<!-- \/ Yoast SEO Premium plugin. -->","yoast_head_json":{"title":"Aviso Legal - Onyx CenterSource\u2122","robots":{"index":"index","follow":"follow","max-snippet":"max-snippet:-1","max-image-preview":"max-image-preview:large","max-video-preview":"max-video-preview:-1"},"canonical":"https:\/\/onyxcentersource.com\/pt-br\/aviso-legal\/","og_locale":"pt_BR","og_type":"article","og_title":"Aviso Legal","og_description":"Aviso Legal Aviso Legal 1.-Identifica\u00e7\u00e3o Legal e Informa\u00e7\u00f5es de Contato PEGASUS BUSINESS INTELLIGENCE, LP.Two Lincoln Centre, 5420 LBJ FreewaySuite 900, Dallas, TX 75240 Estados UnidosTelefone de contato: (+1) (214) 396 3280Empresa registrada sob o Estado de Delaware, Estados Unidos.N\u00famero de Identifica\u00e7\u00e3o Fiscal: 75-2738581 ONYX CENTERSOURCE SPAIN, S.A.INSUR Bldg. Diego Mart\u00ednez Barrio 10, 5\u00ba andar41013 Sevilha,...","og_url":"https:\/\/onyxcentersource.com\/pt-br\/aviso-legal\/","og_site_name":"Onyx CenterSource\u2122","article_modified_time":"2025-12-09T22:08:49+00:00","twitter_card":"summary_large_image","twitter_misc":{"Est. tempo de leitura":"1 minuto"},"schema":{"@context":"https:\/\/schema.org","@graph":[{"@type":"WebPage","@id":"https:\/\/onyxcentersource.com\/pt-br\/aviso-legal\/","url":"https:\/\/onyxcentersource.com\/pt-br\/aviso-legal\/","name":"Aviso Legal - Onyx CenterSource\u2122","isPartOf":{"@id":"https:\/\/onyxcentersource.com\/pt-br\/#website"},"datePublished":"2025-11-19T20:16:22+00:00","dateModified":"2025-12-09T22:08:49+00:00","breadcrumb":{"@id":"https:\/\/onyxcentersource.com\/pt-br\/aviso-legal\/#breadcrumb"},"inLanguage":"pt-BR","potentialAction":[{"@type":"ReadAction","target":["https:\/\/onyxcentersource.com\/pt-br\/aviso-legal\/"]}]},{"@type":"BreadcrumbList","@id":"https:\/\/onyxcentersource.com\/pt-br\/aviso-legal\/#breadcrumb","itemListElement":[{"@type":"ListItem","position":1,"name":"Home","item":"https:\/\/onyxcentersource.com\/pt-br\/inicio\/"},{"@type":"ListItem","position":2,"name":"Aviso Legal"}]},{"@type":"WebSite","@id":"https:\/\/onyxcentersource.com\/pt-br\/#website","url":"https:\/\/onyxcentersource.com\/pt-br\/","name":"Onyx CenterSource\u2122","description":"","publisher":{"@id":"https:\/\/onyxcentersource.com\/pt-br\/#organization"},"potentialAction":[{"@type":"SearchAction","target":{"@type":"EntryPoint","urlTemplate":"https:\/\/onyxcentersource.com\/pt-br\/?s={search_term_string}"},"query-input":{"@type":"PropertyValueSpecification","valueRequired":true,"valueName":"search_term_string"}}],"inLanguage":"pt-BR"},{"@type":"Organization","@id":"https:\/\/onyxcentersource.com\/pt-br\/#organization","name":"Onyx CenterSource\u2122","url":"https:\/\/onyxcentersource.com\/pt-br\/","logo":{"@type":"ImageObject","inLanguage":"pt-BR","@id":"https:\/\/onyxcentersource.com\/pt-br\/#\/schema\/logo\/image\/","url":"https:\/\/onyxcentersource.com\/wp-content\/uploads\/2025\/12\/Onyx-Logo-Horizontal-scaled-e1765564060227.png","contentUrl":"https:\/\/onyxcentersource.com\/wp-content\/uploads\/2025\/12\/Onyx-Logo-Horizontal-scaled-e1765564060227.png","width":370,"height":115,"caption":"Onyx CenterSource\u2122"},"image":{"@id":"https:\/\/onyxcentersource.com\/pt-br\/#\/schema\/logo\/image\/"}}]}},"featured_image_src":null,"featured_image_src_square":null,"_links":{"self":[{"href":"https:\/\/onyxcentersource.com\/pt-br\/wp-json\/wp\/v2\/pages\/993108","targetHints":{"allow":["GET"]}}],"collection":[{"href":"https:\/\/onyxcentersource.com\/pt-br\/wp-json\/wp\/v2\/pages"}],"about":[{"href":"https:\/\/onyxcentersource.com\/pt-br\/wp-json\/wp\/v2\/types\/page"}],"author":[{"embeddable":true,"href":"https:\/\/onyxcentersource.com\/pt-br\/wp-json\/wp\/v2\/users\/2"}],"replies":[{"embeddable":true,"href":"https:\/\/onyxcentersource.com\/pt-br\/wp-json\/wp\/v2\/comments?post=993108"}],"version-history":[{"count":0,"href":"https:\/\/onyxcentersource.com\/pt-br\/wp-json\/wp\/v2\/pages\/993108\/revisions"}],"wp:attachment":[{"href":"https:\/\/onyxcentersource.com\/pt-br\/wp-json\/wp\/v2\/media?parent=993108"}],"curies":[{"name":"wp","href":"https:\/\/api.w.org\/{rel}","templated":true}]}}